{"id":5151,"date":"2019-05-22T08:17:43","date_gmt":"2019-05-22T06:17:43","guid":{"rendered":"http:\/\/cvrcak-daruvar.com.hr\/?page_id=5151"},"modified":"2019-05-22T08:17:43","modified_gmt":"2019-05-22T06:17:43","slug":"kradljivica-knjiga-markus-zusak","status":"publish","type":"page","link":"http:\/\/cvrcak-daruvar.com.hr\/?page_id=5151","title":{"rendered":"Kradljivica knjiga \u2013 Markus Zusak"},"content":{"rendered":"\n<p>Mo\u017eete li si zamisliti \u017eivot za vrijeme Drugog svjetskog\nrata? Kako su \u017eivjeli svakida\u0161nji ljudi, ljudi daleko od politi\u010dkih mo\u0107nika,\nkako je rat utjecao na tijek njihovih \u017eivota? Liesel Meminger dolazi u ku\u0107u\nsvojih udomitelja u Molching, Ulicu Himmel 33, ispra\u0107ena od svoje majke i\npotresena smr\u0107u svojega mla\u0111ega brata na putu do Molchinga. U novom gradi\u0107u\nsuo\u010dava se s novom \u0161kolom, novom djecom, i ne\u010dime \u0161to nikada prije nije radila:\n-\u010ditanjem. Knjiga za knjigom, svaka je dolazila u Lieselin \u017eivot na svoj\njedinstven na\u010din, a ona nije ni slutila da \u0107e joj jednoga dana spasiti \u017eivot. <em>Kradljivica knjiga <\/em>Markusa Zusaka je\npovijesni roman za mlade, iako bih ja osobno knjigu preporu\u010dila svima starijima\nod 12 godina koji se ne boje velikih knjiga.<\/p>\n\n\n\n<p>Ova knjiga ne samo da mi se svidjela, obo\u017eavam ju. Pro\u010ditala\nsam i drugu knjigu ovog autora prevedenu na hrvatski jezik, <em>Ja sam glasnik, <\/em>koja je tako\u0111er visoko\nna mojoj rang-listi najboljih knjiga koje sam pro\u010ditala. Mislim da jedan od\nnajve\u0107ih utjecaja u ovoj knjizi ima pi\u0161\u010dev stil pisanja, na\u010din na koji\npripovijeda tako prirodno i zanimljivo da ne mo\u017eete ne voljeti njegova djela.\nLikovi su, naravno, tako\u0111er odigrali veliku ulogu u mojem dojmu cjelokupne\npri\u010de. Opisani su tako \u017eivopisno i blisko da sam imala osje\u0107aj kao da odrastam\nskupa s njima, smijala sam se s njima, plakala s njima, plakala <em>za <\/em>njima. Na\u010din na koji su cijela ova\npri\u010da i svijet u njoj osmi\u0161ljeni mi je predivan, svaki lik upotpunjuje jedno\ndrugoga i zaista se mo\u017eete povezati s njima. <\/p>\n\n\n\n<p>\u017danr ovog romana je povijesni roman za mlade, no, kao \u0161to sam\nve\u0107 ranije spomenula, ja bih ga preporu\u010dila (i preporu\u010dujem ga) skoro pa\nsvakome starijem od 12 godina jer je zaista te\u0161ko ne zavoljeti cijelu tu pri\u010du.\nMislim da je Drugi svjetski rat ne\u0161to \u0161to je utjecalo na \u017eivote svih nas i da\nova knjiga pru\u017ea vrlo jasan uvid u to s \u010dime su se djeca, a i odrasli morali\nnositi tijekom tog te\u0161kog razdoblja.<\/p>\n\n\n\n<p>Glavni likovi ovog romana su Liesel Meminger, djevoj\u010dica koju\nje majka komunistica predala udomiteljima tik prije po\u010detka rata, Hans\nHubermann, <em>tata, <\/em>Lieselin novope\u010deni\no\u010duh srebrnih o\u010diju i zlatnog srca, Rosa Hubermann, <em>mama, <\/em>\u017eena bez dlake na jeziku, naizgled vrlo o\u0161trai neugodna osoba, ali zapravo jako\nbri\u017ena \u017eena (u knjizi opisana kao \u201e\u017eena za krizu\u201c), Rudy Steiner, <em>dje\u010dak kose boje limuna<\/em>, Lieselin\nnajbolji prijatelj i partner u zlo\u010dinu, neopisivo hrabar i odlu\u010dan i najve\u0107i\nfan Jessea Owensa, Max Vandenburg, <em>\u017eidovski\n\u0161aka\u010d, <\/em>mladi\u0107 koji se skrivao u podrumu Hubermannovih i onaj koji je Liesel\npokazao va\u017enost i ulogu rije\u010di, te Ilsa Hermann, gradona\u010delnikova \u017eena, u \u010dijoj\nje knji\u017enici Liesel provela sate i sate, nekada ulaze\u0107i kroz visoka i te\u0161ka\nvrata, a nekad i kroz prozor. Bez nje Liesel ne bi pre\u017eivjela. Zasigurno.<\/p>\n\n\n\n<p>Te\u0161ko mi je odabrati najdra\u017eeg lika u ovoj knjizi, jer su mi\nsvi likovi koje sam upravo navela zapravo i najdra\u017ei. No, kad bih zaista\ntrebala birati, mislim da bi to bio Max Vandenburg. <em>\u017didovski \u0161aka\u010d, <\/em>borac u svakom pogledu, i najpoeti\u010dniji \u0161aka\u010d o\nkojemu sam ikad \u010ditala. Ni\u0161ta sli\u010dno me nije prije dojmilo kao na\u010din na koji se\non uspio povezati s jednom njema\u010dkom djevoj\u010dicom. Proveo je prve ratne godine s\nneprestanim osje\u0107ajem krivnje u sebi, krivnje \u0161to je oti\u0161ao bez pozdrava, bez\nzadnjeg pogleda, i to ga je ubijalo. Do\u0161ao je u ku\u0107u Hubermannovih s tim istim\nosje\u0107ajem krivnje, \u201e\u2026u ranim jutarnjim satima, zgurenih ramena, u promrzloj\njakni. Nosit \u0107e kov\u010deg, knjigu, i dva pitanja. Pri\u010da. Pri\u010da za pri\u010dom. Pri\u010da <em>u <\/em>pri\u010di.\u201c Napisao je dvije knjige za\nLiesel, obje pomno promi\u0161ljene i ispri\u010dane. Svaki dan je i\u0161\u010dekivao novu\nLieselinu vremensku prognozu, koja bi mu rije\u010dima donijela kartonske oblake ili\nsunce koje se cijedi. Sada kada malo bolje razmislim, Max ne bi pre\u017eivio bez\nLiesel, a ne bi ni ona bez njega. Grudali su se u preplitkom podrumu, gradili\nsnjegovi\u0107a, \u010ditali jedno drugome, u\u010dili rije\u010di, i, ono \u0161to je mo\u017eda najve\u0107i\nrazlog njihovoj povezanosti, oboje su imali no\u0107ne more koje su ih proganjale.\nPar dana prije nego \u0161to se Max razbolio i pao u komu, bio je Bo\u017ei\u0107. Maxova\n\u010destitka Liesel za Bo\u017ei\u0107 bila je ovo: \u201e\u010cesto po\u017eelim da se sve okon\u010da, Liesel,\nali onda do\u0111e\u0161 ti i u\u010dini\u0161 ne\u0161to poput ovoga, si\u0111e\u0161 niz podrumske stube sa\nsnjegovi\u0107em u rukama.\u201c Dok je Max bio u komi, Liesel je bila o\u010dajna. Nosila mu\nje darove, sveukupno trinaest (uklju\u010duju\u0107i jedan oblak) i \u010ditala. \u010citala,\n\u010ditala, \u010ditala i \u010ditala bolesnom \u017didovu u svojoj sobi. Jedna od stvari koje je\nMax pro\u017eivljavao bez Liesel (ali ipak s njom u svojim vizijama) bile su borbe s\nHitlerom. U podrumu Hubermannovih. Sve je vidio tako \u017eivo, osjetio svaki\nudarac, pobjedu, ali pora\u017eenu pobjedu. Max je vidio zvijezde, bio je \u010dovjek\nkoji je ukrao nebo. \u010covjek koji je vidio zvijezde te kojemu su one spr\u017eile o\u010di.\nNaime, za vrijeme uzbune od zra\u010dnog napada, Max, koji nije smio izlaziti iz\nsvog preplitkog podruma, oti\u0161ao je u sobu Hubermannovih i vidio nebo, prvi put\nu dvadeset i dva mjeseca. Ono \u0161to se u tom trenutku dogodilo opisala sam u\nprija\u0161njoj re\u010denici. Jedan od trenutaka u knjizi koji mi je najte\u017ee pao bio je\nrastanak Liesel i Maxa u poglavlju naslovljenom <em>Mir<\/em>. Dok sam \u010ditala to poglavlje bila sam okru\u017eena s \u010dlanovima\nobitelji tako da nisam mogla plakati, ali da sam bila sama, sigurna sam da bi\nbilo druga\u010dije. Kao \u0161to je Liesel rekla, mir bez Maxa nije bio ni spokoj, ni\nti\u0161ina, ni ijedna druga definicija koju je mogla&nbsp;&nbsp; prona\u0107i u rje\u010dniku tu\u017ene \u017eene u ogrta\u010du.\nNaprotiv, vi\u0161e su mira imali skrivaju\u0107i \u017didova u nacisti\u010dkoj Njema\u010dkoj, u svom\npreplitkom podrumu, nego kada je podrum najednom ostavljen prazan. Za kraj bih,\nnaravno, trebala spomenuti zavr\u0161etak ove knjige i po\u010detak Liesel i slobodnog\nMaxa. Poglavlje Max mi je jedno od najdra\u017eih poglavlja u cijeloj knjizi, jer\nunato\u010d svojoj kratko\u0107i ostavlja toliki dojam na \u010ditatelja, ne\u0161to poput euforije\nolak\u0161anja desetogodi\u0161njeg djeteta o kojoj je autor govorio prije u knjizi. Ne\nznam kako su zaista zavr\u0161ili Max i Liesel i svjesna sam toga da \u0107e ovo zvu\u010dati\n\u010dudno, ali mislim da bi njih dvoje, kad bi Liesel jo\u0161 malo odrasla, bili predivan\npar. I svjesna sam koliko to neobi\u010dno, mo\u017eda \u010dak i odvratno zvu\u010di nekima. Da,\non je bio gotovo petnaest godina stariji od nje i da, u nekim trenucima zaista\njesu poput brata i sestre. Mo\u017eda je autor zamislio Maxa kao nekoga tko \u0107e\nzapravo zamijeniti Lieselinog preminulog brata, ali ja jo\u0161 uvijek ostajem pri\nsvojoj teoriji. U knjizi je navedeno da je Liesel kasnije imala svoju obitelj,\nali se ne spominje je li Max bio dio te obitelji ili je bio sveprisutan ujak\nMax.<\/p>\n\n\n\n<p>Vrijeme radnje ovog romana je razdoblje II. svjetskog rata,\nod 1939. \u2013 1945. Mjesto radnje ovog romana je Ulica Himmel, Molching, Njema\u010dka.<\/p>\n\n\n\n<p>Jedna od najzanimljivijih stvari vezanih za ovu knjigu jest\nto \u0161to je pripovjeda\u010d sama Smrt. Da, dobro ste \u010duli, Smrt. Vjerovali vi to ili\nne, nije toliko tmurna kao \u0161to se \u010dini. Dapa\u010de, prili\u010dno je bri\u017ena i posve\u0107uje\npa\u017enju detaljima. Kroz njezino pripovijedanje i povremene vlastite dnevni\u010dke\nunose, dobila sam prili\u010dno jasniju viziju o samoj smrti i umiranju. Govorila je\no Auschwitzu, o lako\u0107i du\u0161a odmah nakon smrti, o tome kako ljudi vole umrijeti\ndok su u pravu\u2026Znam da to sve zvu\u010di jako turobno, ali Smrt je sve ispri\u010dala s\ntakvom nekakvom jednostavno\u0161\u0107u i jasno\u0107om, da niste imali \u0161to drugo nego\nshvatiti i nastaviti \u010ditati.<\/p>\n\n\n\n<p>Zavr\u0161etak ove knjige, iako je bio dosta traumatiziraju\u0107 zbog\nrastanka s toliko voljenim likovima, me zadovoljio. Dovoljno je stvaran, nije\npoput zavr\u0161etka bajke u kojoj svi dobri likovi zavr\u0161e dobro, a svi lo\u0161i lo\u0161e.\nNo ipak, na kraju je sve u perspektivi i na\u010dinu na koji se shva\u0107a pri\u010da. Mo\u017eda\nje i dobro \u0161to Hubermanni, dje\u010dak kose boje limuna i toliko puno drugih nisu\npre\u017eivjeli jer je to jednostavno bio njihov kraj. Rekla bih da mi je najte\u017ee\npala Rudyjeva smrt, smrt toliko bri\u017enog i dragog dje\u010daka koji je toliko puta\nspasio Liesel u nevolji i koji je htio biti Jesse Owens, dok nije promijenio\nmi\u0161ljenje korak do svog cilja. <\/p>\n\n\n\n<p>Markus Zusak je ro\u0111en 1975. u Sydneyju i potje\u010de iz\nnjema\u010dko-austrijske obitelji. Na fakultetu je studirao Engleski jezik i\npovijest. Kradljivica knjiga je objavljena 2005. i prevedena je na vi\u0161e od 30\njezika. 2013. godine objavljena je filmska adaptacija ove knjige u re\u017eiji\nBriana Percivala.<\/p>\n\n\n\n<p>Ovu knjigu bih preporu\u010dila i preporu\u010dujem gotovo svakome koga\nsretnem, jer me je nau\u010dila toliko toga o obitelji i prijateljstvima, va\u017enosti\nrije\u010di i njihovoj mo\u0107i, o \u017eivotu i smrti\u202611\/10 preporu\u010dujem.<\/p>\n\n\n\n<p>&nbsp;&nbsp;&nbsp;&nbsp;&nbsp;&nbsp;&nbsp;&nbsp;&nbsp;&nbsp;&nbsp;&nbsp;&nbsp;&nbsp;&nbsp;&nbsp;&nbsp;&nbsp;&nbsp;&nbsp;&nbsp;&nbsp;&nbsp;&nbsp;&nbsp;&nbsp;&nbsp;&nbsp;&nbsp;&nbsp;&nbsp;&nbsp;&nbsp;&nbsp;&nbsp;&nbsp;&nbsp;&nbsp;&nbsp;&nbsp;&nbsp;&nbsp;&nbsp;&nbsp;&nbsp;&nbsp;&nbsp;&nbsp;&nbsp;&nbsp;&nbsp;&nbsp;&nbsp;&nbsp;&nbsp;&nbsp;&nbsp;&nbsp;&nbsp;&nbsp;&nbsp;&nbsp;&nbsp;&nbsp;&nbsp;&nbsp;&nbsp;&nbsp;&nbsp;&nbsp;&nbsp;&nbsp;&nbsp;&nbsp;&nbsp;&nbsp;&nbsp;&nbsp;&nbsp;&nbsp;&nbsp;&nbsp;&nbsp;&nbsp;&nbsp;&nbsp;&nbsp;&nbsp;&nbsp;&nbsp;&nbsp;&nbsp;&nbsp;&nbsp;&nbsp;&nbsp;&nbsp;&nbsp;&nbsp;&nbsp;&nbsp;&nbsp;&nbsp;&nbsp;\nLea Rajkovi\u0107, 8.c<\/p>\n","protected":false},"excerpt":{"rendered":"<p>Mo\u017eete li si zamisliti \u017eivot za vrijeme Drugog svjetskog rata? Kako su \u017eivjeli svakida\u0161nji ljudi, ljudi daleko od politi\u010dkih mo\u0107nika, kako je rat utjecao na tijek njihovih \u017eivota? Liesel Meminger dolazi u ku\u0107u svojih udomitelja u Molching, Ulicu Himmel 33, ispra\u0107ena od svoje majke i potresena smr\u0107u svojega mla\u0111ega brata na putu do Molchinga. U [&hellip;]<\/p>\n","protected":false},"author":2,"featured_media":0,"parent":0,"menu_order":0,"comment_status":"closed","ping_status":"closed","template":"","meta":[],"_links":{"self":[{"href":"http:\/\/cvrcak-daruvar.com.hr\/index.php?rest_route=\/wp\/v2\/pages\/5151"}],"collection":[{"href":"http:\/\/cvrcak-daruvar.com.hr\/index.php?rest_route=\/wp\/v2\/pages"}],"about":[{"href":"http:\/\/cvrcak-daruvar.com.hr\/index.php?rest_route=\/wp\/v2\/types\/page"}],"author":[{"embeddable":true,"href":"http:\/\/cvrcak-daruvar.com.hr\/index.php?rest_route=\/wp\/v2\/users\/2"}],"replies":[{"embeddable":true,"href":"http:\/\/cvrcak-daruvar.com.hr\/index.php?rest_route=%2Fwp%2Fv2%2Fcomments&post=5151"}],"version-history":[{"count":1,"href":"http:\/\/cvrcak-daruvar.com.hr\/index.php?rest_route=\/wp\/v2\/pages\/5151\/revisions"}],"predecessor-version":[{"id":5152,"href":"http:\/\/cvrcak-daruvar.com.hr\/index.php?rest_route=\/wp\/v2\/pages\/5151\/revisions\/5152"}],"wp:attachment":[{"href":"http:\/\/cvrcak-daruvar.com.hr\/index.php?rest_route=%2Fwp%2Fv2%2Fmedia&parent=5151"}],"curies":[{"name":"wp","href":"https:\/\/api.w.org\/{rel}","templated":true}]}}