{"id":513,"date":"2012-06-07T08:10:17","date_gmt":"2012-06-07T06:10:17","guid":{"rendered":"http:\/\/cvrcak-daruvar.com.hr\/?page_id=513"},"modified":"2012-06-07T08:16:21","modified_gmt":"2012-06-07T06:16:21","slug":"ritmicka-skupina","status":"publish","type":"page","link":"http:\/\/cvrcak-daruvar.com.hr\/?page_id=513","title":{"rendered":"Ritmi\u010dka skupina"},"content":{"rendered":"<p><strong>Rad ritmi\u010dke skupine 2011\/2012. \u0161kolske godine<\/strong><\/p>\n<p>Ritmi\u010dku skupinu poha\u0111a 16 u\u010denica. Svakoga \u010detvrtka, 5. \u0161kolski sat, u\u010denice prvog, drugog i tre\u0107eg razreda okupljaju se u pove\u0107oj u\u010dionici radi plesa.<\/p>\n<p><a href=\"http:\/\/cvrcak-daruvar.com.hr\/wp-content\/uploads\/2012\/06\/Ritmicka-1.jpg\" class=\"gallery_colorbox\"><img decoding=\"async\" loading=\"lazy\" class=\"aligncenter size-full wp-image-516\" title=\"SONY DSC\" src=\"http:\/\/cvrcak-daruvar.com.hr\/wp-content\/uploads\/2012\/06\/Ritmicka-1.jpg\"  alt=\"\" width=\"399\" height=\"275\" srcset=\"http:\/\/cvrcak-daruvar.com.hr\/wp-content\/uploads\/2012\/06\/Ritmicka-1.jpg 399w, http:\/\/cvrcak-daruvar.com.hr\/wp-content\/uploads\/2012\/06\/Ritmicka-1-300x206.jpg 300w\" sizes=\"(max-width: 399px) 100vw, 399px\" \/><\/a><\/p>\n<p>Zabavljaju se samostalno, osmi\u0161ljavaju plesnu koreografiju, vje\u017ebe ruku, nogu, razgibavanje tijela, natjecanje plesnih parova, te osmi\u0161ljavanje plesne koreografije za prigodne programe na\u0161e \u0161kole. Svaki na\u0161 sat ispunjen je smijehom, glazbom, kretanjem&#8230;<\/p>\n<p><a href=\"http:\/\/cvrcak-daruvar.com.hr\/wp-content\/uploads\/2012\/06\/Ritmicka-2.jpg\" class=\"gallery_colorbox\"><img decoding=\"async\" loading=\"lazy\" class=\"aligncenter size-full wp-image-517\" title=\"Ritmicka-2\" src=\"http:\/\/cvrcak-daruvar.com.hr\/wp-content\/uploads\/2012\/06\/Ritmicka-2.jpg\"  alt=\"\" width=\"448\" height=\"299\" srcset=\"http:\/\/cvrcak-daruvar.com.hr\/wp-content\/uploads\/2012\/06\/Ritmicka-2.jpg 448w, http:\/\/cvrcak-daruvar.com.hr\/wp-content\/uploads\/2012\/06\/Ritmicka-2-300x200.jpg 300w\" sizes=\"(max-width: 448px) 100vw, 448px\" \/><\/a><\/p>\n<p>Radujemo se svakom nastupu. Jako nas veseli kada \u010dujemo glasan pljesak publike. To nas ohrabruje za daljnje nastupe. Ple\u0161ite s nama! U\u017eivajte u glazbi, smijehu i igri!<\/p>\n<p align=\"right\"><em>U\u010diteljica Inga \u017dupi\u0107<\/em><\/p>\n","protected":false},"excerpt":{"rendered":"<p>Rad ritmi\u010dke skupine 2011\/2012. \u0161kolske godine Ritmi\u010dku skupinu poha\u0111a 16 u\u010denica. Svakoga \u010detvrtka, 5. \u0161kolski sat, u\u010denice prvog, drugog i tre\u0107eg razreda okupljaju se u pove\u0107oj u\u010dionici radi plesa. Zabavljaju se samostalno, osmi\u0161ljavaju plesnu koreografiju, vje\u017ebe ruku, nogu, razgibavanje tijela, natjecanje plesnih parova, te osmi\u0161ljavanje plesne koreografije za prigodne programe na\u0161e \u0161kole. Svaki na\u0161 sat [&hellip;]<\/p>\n","protected":false},"author":1,"featured_media":0,"parent":827,"menu_order":0,"comment_status":"closed","ping_status":"closed","template":"","meta":[],"_links":{"self":[{"href":"http:\/\/cvrcak-daruvar.com.hr\/index.php?rest_route=\/wp\/v2\/pages\/513"}],"collection":[{"href":"http:\/\/cvrcak-daruvar.com.hr\/index.php?rest_route=\/wp\/v2\/pages"}],"about":[{"href":"http:\/\/cvrcak-daruvar.com.hr\/index.php?rest_route=\/wp\/v2\/types\/page"}],"author":[{"embeddable":true,"href":"http:\/\/cvrcak-daruvar.com.hr\/index.php?rest_route=\/wp\/v2\/users\/1"}],"replies":[{"embeddable":true,"href":"http:\/\/cvrcak-daruvar.com.hr\/index.php?rest_route=%2Fwp%2Fv2%2Fcomments&post=513"}],"version-history":[{"count":2,"href":"http:\/\/cvrcak-daruvar.com.hr\/index.php?rest_route=\/wp\/v2\/pages\/513\/revisions"}],"predecessor-version":[{"id":518,"href":"http:\/\/cvrcak-daruvar.com.hr\/index.php?rest_route=\/wp\/v2\/pages\/513\/revisions\/518"}],"up":[{"embeddable":true,"href":"http:\/\/cvrcak-daruvar.com.hr\/index.php?rest_route=\/wp\/v2\/pages\/827"}],"wp:attachment":[{"href":"http:\/\/cvrcak-daruvar.com.hr\/index.php?rest_route=%2Fwp%2Fv2%2Fmedia&parent=513"}],"curies":[{"name":"wp","href":"https:\/\/api.w.org\/{rel}","templated":true}]}}