{"id":5080,"date":"2019-05-05T09:27:57","date_gmt":"2019-05-05T07:27:57","guid":{"rendered":"http:\/\/cvrcak-daruvar.com.hr\/?page_id=5080"},"modified":"2019-05-05T09:27:57","modified_gmt":"2019-05-05T07:27:57","slug":"ususret-proljecu-4","status":"publish","type":"page","link":"http:\/\/cvrcak-daruvar.com.hr\/?page_id=5080","title":{"rendered":"Ususret prolje\u0107u"},"content":{"rendered":"\n<p><\/p>\n\n\n\n<h2 class=\"wp-block-heading\">Samo\u0107a<\/h2>\n\n\n\n<p><br>\nSamo\u0107a je duboka, <br>\npodmukla,tu\u017ena&#8230;<br>\nJe li stalo kome do mene?<\/p>\n\n\n\n<p>U cijelom mom srcu<br>\nSamo\u0107a vlada- do boli!<br>\n\u017divi samo\u0107a u meni i pru\u017ea<br>\nmi mir.<\/p>\n\n\n\n<p style=\"text-align:right\">&nbsp;&nbsp;&nbsp;&nbsp;&nbsp;&nbsp;&nbsp;&nbsp;&nbsp;&nbsp;&nbsp;&nbsp;&nbsp;&nbsp;&nbsp;&nbsp;&nbsp;&nbsp;&nbsp;&nbsp;&nbsp;&nbsp;&nbsp;&nbsp;\nMarta Slivar, 7.b<\/p>\n\n\n\n<p style=\"text-align:right\">\u00a0\u00a0\u00a0\u00a0\u00a0\u00a0\u00a0\u00a0\u00a0\u00a0\u00a0\u00a0\u00a0\u00a0\u00a0\u00a0\u00a0\u00a0\u00a0\u00a0\u00a0\u00a0\u00a0 \u00a0mentorica: Lana Borjan, prof.<\/p>\n\n\n\n<p><\/p>\n\n\n\n<h2 class=\"wp-block-heading\">Kad ljubav zaboli<\/h2>\n\n\n\n<p>Ljubav je slijepa,<\/p>\n\n\n\n<p>u o\u010dima zaljubljenih ona je lijepa.<\/p>\n\n\n\n<p>Svakim korakom ona te prati,<\/p>\n\n\n\n<p>ljubav njegovu ona ti \u017eeli dati.<\/p>\n\n\n\n<p>Zami\u0161lja\u0161 kako u krilu tvom on \u0107e spati.<\/p>\n\n\n\n<p>I ako te ne primje\u0107uje,<\/p>\n\n\n\n<p>njegovu ljubav mo\u017eda upravo tebi\nnavje\u0161\u0107uje.<\/p>\n\n\n\n<p style=\"text-align:right\">&nbsp;&nbsp;&nbsp;&nbsp;&nbsp;&nbsp;&nbsp;&nbsp;&nbsp;&nbsp;&nbsp;&nbsp;&nbsp;&nbsp;&nbsp;&nbsp;&nbsp;&nbsp;&nbsp;&nbsp;&nbsp;&nbsp;&nbsp;&nbsp;&nbsp;&nbsp;&nbsp;&nbsp;&nbsp;&nbsp;&nbsp;&nbsp;&nbsp;&nbsp;&nbsp;&nbsp;&nbsp;&nbsp;&nbsp;&nbsp;&nbsp;&nbsp;&nbsp;&nbsp;&nbsp;&nbsp;&nbsp;&nbsp;&nbsp;&nbsp;&nbsp;&nbsp;&nbsp;&nbsp;&nbsp;&nbsp;&nbsp;&nbsp;&nbsp;\nLana Horvat, 7.c<\/p>\n\n\n\n<p style=\"text-align:right\"> \u00a0\u00a0\u00a0\u00a0\u00a0\u00a0\u00a0\u00a0\u00a0\u00a0\u00a0\u00a0\u00a0\u00a0\u00a0\u00a0\u00a0\u00a0\u00a0\u00a0\u00a0\u00a0\u00a0\u00a0\u00a0\u00a0\u00a0\u00a0\u00a0\u00a0\u00a0\u00a0\u00a0\u00a0\u00a0\u00a0\u00a0\u00a0\u00a0\u00a0\u00a0\u00a0\u00a0\u00a0\u00a0\u00a0\u00a0\u00a0\u00a0\u00a0\u00a0\u00a0\u00a0\u00a0\u00a0\u00a0mentorica: Lana Borjan, prof.<\/p>\n\n\n\n<p><\/p>\n\n\n\n<h2 class=\"wp-block-heading\">&nbsp; Kad ljubav zaboli&nbsp; <\/h2>\n\n\n\n<p>Klizila je niz obraz<\/p>\n\n\n\n<p>I onda je stala.<\/p>\n\n\n\n<p>Bila je tako vrela,<\/p>\n\n\n\n<p>I tako mala.<\/p>\n\n\n\n<p>U njoj se skrivala tuga,<\/p>\n\n\n\n<p>U njoj su stajale boli.<\/p>\n\n\n\n<p>To je bio znak da te moje srce jo\u0161 uvijek voli.<\/p>\n\n\n\n<p>Suze na papiru moje srce pi\u0161e,<\/p>\n\n\n\n<p>Mislim na tebe iako nas nema vi\u0161e.<\/p>\n\n\n\n<p>Kad ljubav zaboli, vjeruj u sebe,<\/p>\n\n\n\n<p>I kad misli\u0161 da nikog nije briga za tebe.<\/p>\n\n\n\n<p>Ti \u0107e\u0161 samo stajati i gledati kako ljubav gori,<\/p>\n\n\n\n<p>Ali to je u redu jer volim kako boli.<\/p>\n\n\n\n<p>Ti \u0107e\u0161 samo stajati i slu\u0161ati kako pla\u010dem,<\/p>\n\n\n\n<p>Ali to je u redu jer volim kako la\u017ee\u0161.<\/p>\n\n\n\n<p>Kad ljubav zaboli, vjeruj u sebe,<\/p>\n\n\n\n<p>Jer samo tako \u0107e nekog biti briga za tebe.<\/p>\n\n\n\n<p>Znam da je ve\u0107 davno nestalo,<\/p>\n\n\n\n<p>I \u010darolija vi\u0161e nije tu.<\/p>\n\n\n\n<p>Ja sam mo\u017eda dobro,<\/p>\n\n\n\n<p>Ali nisam u redu.<\/p>\n\n\n\n<p>Jer ljudi kao ti uvijek \u017eele nazad ljubav koju su odbacili,<\/p>\n\n\n\n<p>A ljudi kao ja su zauvijek oti\u0161li nakon \u0161to su ti dosadili.<\/p>\n\n\n\n<p style=\"text-align:right\">&nbsp;&nbsp;&nbsp;&nbsp;&nbsp;&nbsp;&nbsp;&nbsp;&nbsp;&nbsp;&nbsp;&nbsp;&nbsp;&nbsp;&nbsp;&nbsp;&nbsp;&nbsp;&nbsp;&nbsp;&nbsp;&nbsp;&nbsp;&nbsp;&nbsp;&nbsp;&nbsp;&nbsp;&nbsp;&nbsp;&nbsp;&nbsp;&nbsp;&nbsp;&nbsp;&nbsp;&nbsp;&nbsp;&nbsp;&nbsp;&nbsp;&nbsp;&nbsp;&nbsp;&nbsp;&nbsp;&nbsp;&nbsp;&nbsp;&nbsp;&nbsp;&nbsp;&nbsp;&nbsp;&nbsp;&nbsp;&nbsp;&nbsp;&nbsp;&nbsp;&nbsp;&nbsp;&nbsp;&nbsp;\nSara Tukovi\u0107, 7.b<\/p>\n\n\n\n<p style=\"text-align:right\">\u00a0\u00a0\u00a0\u00a0\u00a0\u00a0\u00a0\u00a0\u00a0\u00a0\u00a0\u00a0\u00a0\u00a0\u00a0\u00a0\u00a0\u00a0\u00a0\u00a0\u00a0\u00a0\u00a0\u00a0\u00a0\u00a0\u00a0\u00a0\u00a0\u00a0\u00a0\u00a0\u00a0\u00a0\u00a0\u00a0\u00a0\u00a0\u00a0\u00a0\u00a0\u00a0\u00a0\u00a0\u00a0\u00a0\u00a0\u00a0\u00a0\u00a0\u00a0\u00a0\u00a0\u00a0\u00a0\u00a0\u00a0\u00a0\u00a0\u00a0\u00a0\u00a0\u00a0\u00a0 mentorica: Lana Borjan, prof.<\/p>\n\n\n\n<p><\/p>\n\n\n\n<h2 class=\"wp-block-heading\">&nbsp;&nbsp;&nbsp;&nbsp;&nbsp;&nbsp;&nbsp;&nbsp;&nbsp;&nbsp;&nbsp;&nbsp;&nbsp;&nbsp;&nbsp;&nbsp;&nbsp;&nbsp;&nbsp;&nbsp;&nbsp;&nbsp;&nbsp;&nbsp;&nbsp;&nbsp;&nbsp;&nbsp;&nbsp;&nbsp;&nbsp;&nbsp;&nbsp;&nbsp;&nbsp;&nbsp;&nbsp;&nbsp;&nbsp;&nbsp;&nbsp;&nbsp;&nbsp;&nbsp;&nbsp;&nbsp;&nbsp;&nbsp;&nbsp;&nbsp;&nbsp;&nbsp;&nbsp;&nbsp;&nbsp;&nbsp;&nbsp;&nbsp;&nbsp;&nbsp;&nbsp;&nbsp;&nbsp;&nbsp;&nbsp;\nMoja Sammy<\/h2>\n\n\n\n<p>Moj je Sammy je kornja\u010da mala<\/p>\n\n\n\n<p>zbog njega mojoj mami ide zahvala.<\/p>\n\n\n\n<p>On ba\u0161 i nije jak,<\/p>\n\n\n\n<p>ali i\u0161ao je i u \u0161kolu \u010dak!<\/p>\n\n\n\n<p>Ima i akvarij u kojem je lampa pa se sun\u010da,<\/p>\n\n\n\n<p>njemu je akvarij kao meni ku\u0107a!<\/p>\n\n\n\n<p>Svi ka\u017eu da su kornja\u010de spore,<\/p>\n\n\n\n<p>a on je brz i baca se u vodu kao ja u more!<\/p>\n\n\n\n<p>Na suhom je isto brz i ide svud`<\/p>\n\n\n\n<p>toliko je brz da niti ne vidim kud`!<\/p>\n\n\n\n<p>Kad je prvi put u\u0161ao u travu<\/p>\n\n\n\n<p>slomio je kosti nekom malom mravu!<\/p>\n\n\n\n<p style=\"text-align:right\"> \u00a0\u00a0\u00a0\u00a0\u00a0\u00a0\u00a0\u00a0\u00a0\u00a0\u00a0\u00a0\u00a0\u00a0\u00a0\u00a0\u00a0\u00a0\u00a0\u00a0\u00a0\u00a0\u00a0\u00a0\u00a0\u00a0\u00a0\u00a0\u00a0\u00a0\u00a0\u00a0\u00a0\u00a0\u00a0\u00a0\u00a0\u00a0\u00a0\u00a0\u00a0\u00a0\u00a0\u00a0\u00a0\u00a0\u00a0\u00a0\u00a0\u00a0\u00a0\u00a0\u00a0\u00a0\u00a0\u00a0\u00a0\u00a0\u00a0\u00a0\u00a0\u00a0\u00a0\u00a0\u00a0\u00a0\u00a0\u00a0\u00a0\u00a0\u00a0\u00a0\u00a0\u00a0\u00a0Lukas Pilizzari, 5.b<\/p>\n\n\n\n<p style=\"text-align:right\"> \u00a0\u00a0\u00a0\u00a0\u00a0\u00a0\u00a0\u00a0\u00a0\u00a0\u00a0\u00a0\u00a0\u00a0\u00a0\u00a0\u00a0\u00a0\u00a0\u00a0\u00a0\u00a0\u00a0\u00a0\u00a0\u00a0\u00a0\u00a0\u00a0\u00a0\u00a0\u00a0\u00a0\u00a0\u00a0\u00a0\u00a0\u00a0\u00a0\u00a0\u00a0\u00a0\u00a0\u00a0\u00a0\u00a0\u00a0\u00a0\u00a0\u00a0\u00a0\u00a0\u00a0\u00a0\u00a0\u00a0\u00a0\u00a0\u00a0\u00a0\u00a0\u00a0\u00a0\u00a0mentorica: Lana Borjan, prof.<\/p>\n","protected":false},"excerpt":{"rendered":"<p>Samo\u0107a Samo\u0107a je duboka, podmukla,tu\u017ena&#8230; Je li stalo kome do mene? U cijelom mom srcu Samo\u0107a vlada- do boli! \u017divi samo\u0107a u meni i pru\u017ea mi mir. &nbsp;&nbsp;&nbsp;&nbsp;&nbsp;&nbsp;&nbsp;&nbsp;&nbsp;&nbsp;&nbsp;&nbsp;&nbsp;&nbsp;&nbsp;&nbsp;&nbsp;&nbsp;&nbsp;&nbsp;&nbsp;&nbsp;&nbsp;&nbsp; Marta Slivar, 7.b \u00a0\u00a0\u00a0\u00a0\u00a0\u00a0\u00a0\u00a0\u00a0\u00a0\u00a0\u00a0\u00a0\u00a0\u00a0\u00a0\u00a0\u00a0\u00a0\u00a0\u00a0\u00a0\u00a0 \u00a0mentorica: Lana Borjan, prof. Kad ljubav zaboli Ljubav je slijepa, u o\u010dima zaljubljenih ona je lijepa. Svakim korakom ona te prati, ljubav njegovu [&hellip;]<\/p>\n","protected":false},"author":2,"featured_media":0,"parent":0,"menu_order":0,"comment_status":"closed","ping_status":"closed","template":"","meta":[],"_links":{"self":[{"href":"http:\/\/cvrcak-daruvar.com.hr\/index.php?rest_route=\/wp\/v2\/pages\/5080"}],"collection":[{"href":"http:\/\/cvrcak-daruvar.com.hr\/index.php?rest_route=\/wp\/v2\/pages"}],"about":[{"href":"http:\/\/cvrcak-daruvar.com.hr\/index.php?rest_route=\/wp\/v2\/types\/page"}],"author":[{"embeddable":true,"href":"http:\/\/cvrcak-daruvar.com.hr\/index.php?rest_route=\/wp\/v2\/users\/2"}],"replies":[{"embeddable":true,"href":"http:\/\/cvrcak-daruvar.com.hr\/index.php?rest_route=%2Fwp%2Fv2%2Fcomments&post=5080"}],"version-history":[{"count":1,"href":"http:\/\/cvrcak-daruvar.com.hr\/index.php?rest_route=\/wp\/v2\/pages\/5080\/revisions"}],"predecessor-version":[{"id":5081,"href":"http:\/\/cvrcak-daruvar.com.hr\/index.php?rest_route=\/wp\/v2\/pages\/5080\/revisions\/5081"}],"wp:attachment":[{"href":"http:\/\/cvrcak-daruvar.com.hr\/index.php?rest_route=%2Fwp%2Fv2%2Fmedia&parent=5080"}],"curies":[{"name":"wp","href":"https:\/\/api.w.org\/{rel}","templated":true}]}}