{"id":5014,"date":"2019-04-07T08:53:51","date_gmt":"2019-04-07T06:53:51","guid":{"rendered":"http:\/\/cvrcak-daruvar.com.hr\/?page_id=5014"},"modified":"2019-04-07T08:53:51","modified_gmt":"2019-04-07T06:53:51","slug":"intervju-bruno-stanic","status":"publish","type":"page","link":"http:\/\/cvrcak-daruvar.com.hr\/?page_id=5014","title":{"rendered":"Intervju BRUNO STANI\u0106"},"content":{"rendered":"\n<p>Bruno Stani\u0107\nje u\u010denik 5.a razreda i bio je na \u017eupanijskoj razini natjecanja iz Matematike\nkoje se odr\u017ealo u \u010ce\u0161koj osnovnoj \u0161koli Josipa Ru\u017ei\u010dke u Kon\u010danici. Razgovarala\nsam s Brunom o tome kako mu je bilo na natjecanju i koliko je zadovoljan svojim\nuspjehom.<\/p>\n\n\n\n<p><strong>Kako ti je bilo na \u017eupanijskom\nnatjecanju iz Matematike?<\/strong><\/p>\n\n\n\n<p>Kada smo\nstigli, dobili smo u\u017einu pa smo krenuli s rje\u0161avanjem zadataka. Nakon toga i\u0161ao\nsam u informati\u010dku u\u010dionicu i s jednim dje\u010dakom sam igrao igrice dok smo \u010dekali\nda se objave rezultati. Objavljeno je da sam osvojio peto mjesto \u010dime ba\u0161 i\nnisam bio zadovoljan. Nakon ru\u010dka krenuli smo ku\u0107i.<\/p>\n\n\n\n<p><strong>Jesi li imao tremu za vrijeme\nnatjecanja?<\/strong><\/p>\n\n\n\n<p>Nisam imao\ntremu, bio sam poprili\u010dno siguran u svoje znanje.<\/p>\n\n\n\n<p><strong>Jesi li razmi\u0161ljao o tome ho\u0107e\u0161 li\nodli\u010dno pro\u0107i ili si se bojao slabijeg uspjeha?<\/strong><\/p>\n\n\n\n<p>Iskreno sam\nmislio da \u0107u biti u prva tri mjesta.<\/p>\n\n\n\n<p><strong>Kako su tvoji prijatelji reagirali na\ntvoj uspjeh?<\/strong><\/p>\n\n\n\n<p>Rekli su mi\nda je ba\u0161 \u0161teta \u0161to nisam bio prvi.<\/p>\n\n\n\n<p><strong>Koliko si se pripremao za natjecanje?<\/strong><\/p>\n\n\n\n<p>Kod ku\u0107e\nvrlo malo, ali s nastavnicom dosta, izostajao sam \u010dak i s nekoliko sati da bih\nvje\u017ebao.&nbsp; <\/p>\n\n\n\n<p><strong>Bi li volio i sljede\u0107e godine i\u0107i na\nnatjecanje iz Matematike?<\/strong><\/p>\n\n\n\n<p>Da, i\u0161ao sam\ndvije godine za redom i bio prvi na \u0161kolskom natjecanju pa se nadam da \u0107u i\nsljede\u0107e godine dogurati do ovog uspjeha.<\/p>\n\n\n\n<p><strong>\u017delim ti puno uspjeha i sljede\u0107e\ngodine, hvala ti na intervjuu!<\/strong><\/p>\n\n\n\n<p>Martina Sikora, 5.a<\/p>\n","protected":false},"excerpt":{"rendered":"<p>Bruno Stani\u0107 je u\u010denik 5.a razreda i bio je na \u017eupanijskoj razini natjecanja iz Matematike koje se odr\u017ealo u \u010ce\u0161koj osnovnoj \u0161koli Josipa Ru\u017ei\u010dke u Kon\u010danici. Razgovarala sam s Brunom o tome kako mu je bilo na natjecanju i koliko je zadovoljan svojim uspjehom. Kako ti je bilo na \u017eupanijskom natjecanju iz Matematike? Kada smo [&hellip;]<\/p>\n","protected":false},"author":2,"featured_media":0,"parent":0,"menu_order":0,"comment_status":"closed","ping_status":"closed","template":"","meta":[],"_links":{"self":[{"href":"http:\/\/cvrcak-daruvar.com.hr\/index.php?rest_route=\/wp\/v2\/pages\/5014"}],"collection":[{"href":"http:\/\/cvrcak-daruvar.com.hr\/index.php?rest_route=\/wp\/v2\/pages"}],"about":[{"href":"http:\/\/cvrcak-daruvar.com.hr\/index.php?rest_route=\/wp\/v2\/types\/page"}],"author":[{"embeddable":true,"href":"http:\/\/cvrcak-daruvar.com.hr\/index.php?rest_route=\/wp\/v2\/users\/2"}],"replies":[{"embeddable":true,"href":"http:\/\/cvrcak-daruvar.com.hr\/index.php?rest_route=%2Fwp%2Fv2%2Fcomments&post=5014"}],"version-history":[{"count":1,"href":"http:\/\/cvrcak-daruvar.com.hr\/index.php?rest_route=\/wp\/v2\/pages\/5014\/revisions"}],"predecessor-version":[{"id":5015,"href":"http:\/\/cvrcak-daruvar.com.hr\/index.php?rest_route=\/wp\/v2\/pages\/5014\/revisions\/5015"}],"wp:attachment":[{"href":"http:\/\/cvrcak-daruvar.com.hr\/index.php?rest_route=%2Fwp%2Fv2%2Fmedia&parent=5014"}],"curies":[{"name":"wp","href":"https:\/\/api.w.org\/{rel}","templated":true}]}}