{"id":5010,"date":"2019-04-07T08:52:07","date_gmt":"2019-04-07T06:52:07","guid":{"rendered":"http:\/\/cvrcak-daruvar.com.hr\/?page_id=5010"},"modified":"2019-04-07T08:52:07","modified_gmt":"2019-04-07T06:52:07","slug":"drzavno-natjecanje-iz-astronomije-2","status":"publish","type":"page","link":"http:\/\/cvrcak-daruvar.com.hr\/?page_id=5010","title":{"rendered":"Dr\u017eavno natjecanje iz astronomije"},"content":{"rendered":"\n<figure class=\"wp-block-image\"><img decoding=\"async\" loading=\"lazy\" width=\"640\" height=\"480\" src=\"http:\/\/cvrcak-daruvar.com.hr\/wp-content\/uploads\/2019\/04\/DSC03208.jpg\" alt=\"\" class=\"wp-image-5011\" srcset=\"http:\/\/cvrcak-daruvar.com.hr\/wp-content\/uploads\/2019\/04\/DSC03208.jpg 640w, http:\/\/cvrcak-daruvar.com.hr\/wp-content\/uploads\/2019\/04\/DSC03208-300x225.jpg 300w\" sizes=\"(max-width: 640px) 100vw, 640px\" \/><\/figure>\n\n\n\n<p>U\u010denik Antonio \u0160antak&nbsp;\nje na Dr\u017eavnom natjecanju iz astronomije odr\u017eanom u Rijeci od 16.-18.\nsvibnja &nbsp;osvojio 7. mjesto.<\/p>\n","protected":false},"excerpt":{"rendered":"<p>U\u010denik Antonio \u0160antak&nbsp; je na Dr\u017eavnom natjecanju iz astronomije odr\u017eanom u Rijeci od 16.-18. svibnja &nbsp;osvojio 7. mjesto.<\/p>\n","protected":false},"author":2,"featured_media":0,"parent":0,"menu_order":0,"comment_status":"closed","ping_status":"closed","template":"","meta":[],"_links":{"self":[{"href":"http:\/\/cvrcak-daruvar.com.hr\/index.php?rest_route=\/wp\/v2\/pages\/5010"}],"collection":[{"href":"http:\/\/cvrcak-daruvar.com.hr\/index.php?rest_route=\/wp\/v2\/pages"}],"about":[{"href":"http:\/\/cvrcak-daruvar.com.hr\/index.php?rest_route=\/wp\/v2\/types\/page"}],"author":[{"embeddable":true,"href":"http:\/\/cvrcak-daruvar.com.hr\/index.php?rest_route=\/wp\/v2\/users\/2"}],"replies":[{"embeddable":true,"href":"http:\/\/cvrcak-daruvar.com.hr\/index.php?rest_route=%2Fwp%2Fv2%2Fcomments&post=5010"}],"version-history":[{"count":1,"href":"http:\/\/cvrcak-daruvar.com.hr\/index.php?rest_route=\/wp\/v2\/pages\/5010\/revisions"}],"predecessor-version":[{"id":5012,"href":"http:\/\/cvrcak-daruvar.com.hr\/index.php?rest_route=\/wp\/v2\/pages\/5010\/revisions\/5012"}],"wp:attachment":[{"href":"http:\/\/cvrcak-daruvar.com.hr\/index.php?rest_route=%2Fwp%2Fv2%2Fmedia&parent=5010"}],"curies":[{"name":"wp","href":"https:\/\/api.w.org\/{rel}","templated":true}]}}