{"id":5005,"date":"2019-04-07T08:48:08","date_gmt":"2019-04-07T06:48:08","guid":{"rendered":"http:\/\/cvrcak-daruvar.com.hr\/?page_id=5005"},"modified":"2019-04-07T08:48:08","modified_gmt":"2019-04-07T06:48:08","slug":"moja-majka","status":"publish","type":"page","link":"http:\/\/cvrcak-daruvar.com.hr\/?page_id=5005","title":{"rendered":"Moja majka"},"content":{"rendered":"\n<p> \u00a0Moja majka<\/p>\n\n\n\n<p style=\"text-align:left\">Moju majku veseli kada ne\u0161to napravim za nju i kada na vrijeme napi\u0161em zada\u0107u.Moja mama je dobra.Brine za mene i seku. Ona je lijepa i poma\u017ee mi u svemu.<br>\u00a0 \u00a0 \u00a0 \u00a0 \u00a0 \u00a0 \u00a0 \u00a0 \u00a0 \u00a0 \u00a0 \u00a0 \u00a0 \u00a0 \u00a0 \u00a0 \u00a0 \u00a0 \u00a0 \u00a0 \u00a0 \u00a0 \u00a0 \u00a0 \u00a0 \u00a0 \u00a0FILIPO CANTONI\u00a0 1.c<\/p>\n\n\n\n<p><\/p>\n\n\n\n<p>\u00a0 \u00a0 \u00a0 Moja majka<\/p>\n\n\n\n<p style=\"text-align:center\">Moja je mama jako dobra.Ona se ponekad i naljuti ali je jo\u0161 uvijek najbolja mama.Kad je nema ja sam tu\u017ena.Volim kad se smije a ne da je tu\u017ena.Ona je vrlo osje\u0107ajna.Najvi\u0161e se s njom volim maziti i \u0161kakljati.\u00a0\u00a0\u00a0 \u00a0 \u00a0 \u00a0 \u00a0 \u00a0 \u00a0 \u00a0 \u00a0 \u00a0 \u00a0 \u00a0 \u00a0 \u00a0 \u00a0 \u00a0 \u00a0 \u00a0 \u00a0 \u00a0 \u00a0 \u00a0 \u00a0 \u00a0LEA PETKOVI\u0106 1. c <\/p>\n","protected":false},"excerpt":{"rendered":"<p>\u00a0Moja majka Moju majku veseli kada ne\u0161to napravim za nju i kada na vrijeme napi\u0161em zada\u0107u.Moja mama je dobra.Brine za mene i seku. Ona je lijepa i poma\u017ee mi u svemu.\u00a0 \u00a0 \u00a0 \u00a0 \u00a0 \u00a0 \u00a0 \u00a0 \u00a0 \u00a0 \u00a0 \u00a0 \u00a0 \u00a0 \u00a0 \u00a0 \u00a0 \u00a0 \u00a0 \u00a0 \u00a0 \u00a0 \u00a0 \u00a0 \u00a0 [&hellip;]<\/p>\n","protected":false},"author":2,"featured_media":0,"parent":0,"menu_order":0,"comment_status":"closed","ping_status":"closed","template":"","meta":[],"_links":{"self":[{"href":"http:\/\/cvrcak-daruvar.com.hr\/index.php?rest_route=\/wp\/v2\/pages\/5005"}],"collection":[{"href":"http:\/\/cvrcak-daruvar.com.hr\/index.php?rest_route=\/wp\/v2\/pages"}],"about":[{"href":"http:\/\/cvrcak-daruvar.com.hr\/index.php?rest_route=\/wp\/v2\/types\/page"}],"author":[{"embeddable":true,"href":"http:\/\/cvrcak-daruvar.com.hr\/index.php?rest_route=\/wp\/v2\/users\/2"}],"replies":[{"embeddable":true,"href":"http:\/\/cvrcak-daruvar.com.hr\/index.php?rest_route=%2Fwp%2Fv2%2Fcomments&post=5005"}],"version-history":[{"count":1,"href":"http:\/\/cvrcak-daruvar.com.hr\/index.php?rest_route=\/wp\/v2\/pages\/5005\/revisions"}],"predecessor-version":[{"id":5006,"href":"http:\/\/cvrcak-daruvar.com.hr\/index.php?rest_route=\/wp\/v2\/pages\/5005\/revisions\/5006"}],"wp:attachment":[{"href":"http:\/\/cvrcak-daruvar.com.hr\/index.php?rest_route=%2Fwp%2Fv2%2Fmedia&parent=5005"}],"curies":[{"name":"wp","href":"https:\/\/api.w.org\/{rel}","templated":true}]}}