{"id":4992,"date":"2019-04-07T08:39:28","date_gmt":"2019-04-07T06:39:28","guid":{"rendered":"http:\/\/cvrcak-daruvar.com.hr\/?page_id=4992"},"modified":"2019-04-07T08:39:28","modified_gmt":"2019-04-07T06:39:28","slug":"intervjui-s-bakama-u-starackom-domu","status":"publish","type":"page","link":"http:\/\/cvrcak-daruvar.com.hr\/?page_id=4992","title":{"rendered":"Intervjui s bakama u stara\u010dkom domu"},"content":{"rendered":"\n<p style=\"text-align:center\"><strong>PRVI INTERVJU<\/strong><\/p>\n\n\n\n<p>1. Jeste li i\u0161li u \u0161kolu?<\/p>\n\n\n\n<p>Jesam. <\/p>\n\n\n\n<p>2. \u0160to ste radili u slobodno vrijeme?<\/p>\n\n\n\n<p>I\u0161li smo u \u0161kolu, imali smo krave, zemlju i s time smo se\nzabavljali .<\/p>\n\n\n\n<p>3. Imate li bra\u0107e ili sestara?<\/p>\n\n\n\n<p>Imam jednu sestru, a ostali su poginuli.<\/p>\n\n\n\n<p>4. Kada ste se prvi put zaljubili?<\/p>\n\n\n\n<p>Bilo je to davno, ali sam zaboravila.<\/p>\n\n\n\n<p>5. Koji ste posao radili?<\/p>\n\n\n\n<p>Bili smo na poljoprivredi, na selu jer nije bilo gradova i\nposlova kao sada.<\/p>\n\n\n\n<p>6. Koliko dugo ste u stara\u010dkom domu?<\/p>\n\n\n\n<p>Sada \u0107e biti tri godine.<\/p>\n\n\n\n<p>7.Posje\u0107uje li Vas rodbina?<\/p>\n\n\n\n<p>Posje\u0107uju me ponekad, ali ne ba\u0161 \u010desto.<\/p>\n\n\n\n<p>8. Dru\u017eite li se s ostalim gospo\u0111ama?<\/p>\n\n\n\n<p>Ve\u0107inom se dru\u017eim se s bakama iz na\u0161e sobe jer smo mi pokretne, a u drugim sobama su nepokretni.<\/p>\n\n\n\n<p><\/p>\n\n\n\n<p style=\"text-align:center\"><strong>DRUGI INTERVJU<\/strong><\/p>\n\n\n\n<p>1. Je li vam lijepo u stara\u010dkom domu?<\/p>\n\n\n\n<p>Jo\u0161 se nisam privikla, jer dugo \u017eivim sama.<\/p>\n\n\n\n<p>2. Kako provodite vrijeme u stara\u010dkom domu?<\/p>\n\n\n\n<p>Najvi\u0161e spavam, \u0161etam po dvori\u0161tu.<\/p>\n\n\n\n<p>3. Za\u0161to ste do\u0161li u stara\u010dki dom?<\/p>\n\n\n\n<p>Do\u0161la sam jer nemam nikog, ni djecu, ni mu\u017ea.<\/p>\n\n\n\n<p>4. Koji ste posao radili?<\/p>\n\n\n\n<p>Radila sam u ra\u010dunovodstvu.<\/p>\n\n\n\n<p>5. Kada ste se prvi put zaljubili?<\/p>\n\n\n\n<p>Bilo je to jako brzo, imala sam 19 godina, moj je mu\u017e\ndoletio i sa mnom odletio.<\/p>\n\n\n\n<p>6. Posje\u0107uje li Vas rodbina?<\/p>\n\n\n\n<p>Posje\u0107uju me, upravo su nedavno bili.<\/p>\n\n\n\n<p>_____________________________________________________________________________<\/p>\n\n\n\n<p><strong>TRE\u0106I INTERVJU<\/strong><\/p>\n\n\n\n<p>1. \u0160to ste radili u slobodno vrijeme, kad ste bili mali?<\/p>\n\n\n\n<p>Igrala sam se loptom, skriva\u010da\u2026 onda nije bilo kao sad.<\/p>\n\n\n\n<p>2. Imate li rodbinu, posje\u0107uju li Vas nekad?<\/p>\n\n\n\n<p>Imam brata, dolazi ponekad, kad stigne.<\/p>\n\n\n\n<p>3. Jeste li imali supruga ili djece?<\/p>\n\n\n\n<p>Imala sam supruga, a djece nisam.<\/p>\n\n\n\n<p>4. Koji vam je bio posao?<\/p>\n\n\n\n<p>Radila sam u firmi u Njema\u010dkoj.<\/p>\n\n\n\n<p>5. Za\u0161to ste do\u0161li u stara\u010dki dom?<\/p>\n\n\n\n<p>Zato \u0161to sam bila bolesna.<\/p>\n\n\n\n<p>6. Kako se zabavljate u stara\u010dkom domu?<\/p>\n\n\n\n<p>Spavam, \u0161etam, \u010dekam na red, sva\u0161ta radim. <\/p>\n\n\n\n<p style=\"text-align:right\">Dina Hre\u0161i\u0107, 7.a<\/p>\n\n\n\n<p style=\"text-align:right\">Hana Ivankovi\u0107, 7.a<\/p>\n","protected":false},"excerpt":{"rendered":"<p>PRVI INTERVJU 1. Jeste li i\u0161li u \u0161kolu? Jesam. 2. \u0160to ste radili u slobodno vrijeme? I\u0161li smo u \u0161kolu, imali smo krave, zemlju i s time smo se zabavljali . 3. Imate li bra\u0107e ili sestara? Imam jednu sestru, a ostali su poginuli. 4. Kada ste se prvi put zaljubili? Bilo je to davno, [&hellip;]<\/p>\n","protected":false},"author":2,"featured_media":0,"parent":0,"menu_order":0,"comment_status":"closed","ping_status":"closed","template":"","meta":[],"_links":{"self":[{"href":"http:\/\/cvrcak-daruvar.com.hr\/index.php?rest_route=\/wp\/v2\/pages\/4992"}],"collection":[{"href":"http:\/\/cvrcak-daruvar.com.hr\/index.php?rest_route=\/wp\/v2\/pages"}],"about":[{"href":"http:\/\/cvrcak-daruvar.com.hr\/index.php?rest_route=\/wp\/v2\/types\/page"}],"author":[{"embeddable":true,"href":"http:\/\/cvrcak-daruvar.com.hr\/index.php?rest_route=\/wp\/v2\/users\/2"}],"replies":[{"embeddable":true,"href":"http:\/\/cvrcak-daruvar.com.hr\/index.php?rest_route=%2Fwp%2Fv2%2Fcomments&post=4992"}],"version-history":[{"count":1,"href":"http:\/\/cvrcak-daruvar.com.hr\/index.php?rest_route=\/wp\/v2\/pages\/4992\/revisions"}],"predecessor-version":[{"id":4993,"href":"http:\/\/cvrcak-daruvar.com.hr\/index.php?rest_route=\/wp\/v2\/pages\/4992\/revisions\/4993"}],"wp:attachment":[{"href":"http:\/\/cvrcak-daruvar.com.hr\/index.php?rest_route=%2Fwp%2Fv2%2Fmedia&parent=4992"}],"curies":[{"name":"wp","href":"https:\/\/api.w.org\/{rel}","templated":true}]}}