{"id":4986,"date":"2019-04-07T08:34:57","date_gmt":"2019-04-07T06:34:57","guid":{"rendered":"http:\/\/cvrcak-daruvar.com.hr\/?page_id=4986"},"modified":"2019-04-07T08:37:31","modified_gmt":"2019-04-07T06:37:31","slug":"intervju-s-odbojkasima","status":"publish","type":"page","link":"http:\/\/cvrcak-daruvar.com.hr\/?page_id=4986","title":{"rendered":"INTERVJU S ODBOJKA\u0160IMA"},"content":{"rendered":"\n<p>Razgovarali &nbsp;smo s\nodbojka\u0161ima koji su osvojili drugo mjesto na dr\u017eavnom natjecanju iz odbojke.<\/p>\n\n\n\n<p>Kapetan ekipe, Jan \u0160tefanac,&nbsp;\nbio je i &nbsp;u posjetu predsjednici\nKolindi Grabar-Kitarovi\u0107. <\/p>\n\n\n\n<p>1 .Gdje ste bili na dr\u017eavnom natjecanju iz odbojke?<\/p>\n\n\n\n<p>U Pore\u010du, u hotelu Delfin.<\/p>\n\n\n\n<p>2.Kako vam je bilo?<\/p>\n\n\n\n<p>Bilo je jako zabavno,nezaboravno.<\/p>\n\n\n\n<p>3.Kako ste provodili slobodno vrijeme?<\/p>\n\n\n\n<p>Dru\u017eili smo se s ostalim ekipama, kupali u bazenu, vozili\nliftom, i\u0161li jedni kod drugih u sobe.<\/p>\n\n\n\n<p>4.Jeste na\u0161li nove prijatelje?<\/p>\n\n\n\n<p>Jesmo, upoznali smo vi\u0161e cura nego de\u010dkiju.<\/p>\n\n\n\n<p>5.Dali vam je bilo naporno?<\/p>\n\n\n\n<p>Sve do finala,a poslije je.<\/p>\n\n\n\n<p>6.\u0160to mislite jeli igra bila pravedna?<\/p>\n\n\n\n<p>Sve do finala je bilo pravedno,a u finalu je bilo jako\nnepravedno.<\/p>\n\n\n\n<p>7.Koju ste nagradu dobili?<\/p>\n\n\n\n<p>Dobili smo medalje&nbsp; i\npehar za drugo mjesto.<\/p>\n\n\n\n<p>8.\u0160to mislite, jeste li trebali biti prvi?<\/p>\n\n\n\n<p>Da, zato \u0161to je sudac nepravedno sudio.&nbsp;&nbsp;&nbsp;&nbsp;&nbsp;&nbsp;&nbsp;&nbsp;&nbsp;&nbsp;&nbsp;&nbsp;&nbsp;&nbsp;&nbsp;&nbsp;&nbsp;&nbsp;&nbsp;&nbsp;&nbsp;&nbsp;&nbsp;&nbsp;&nbsp;&nbsp;&nbsp;&nbsp;&nbsp;&nbsp;&nbsp;&nbsp;&nbsp;&nbsp;&nbsp;&nbsp;&nbsp;&nbsp;&nbsp;&nbsp;&nbsp;&nbsp;&nbsp;&nbsp;&nbsp;&nbsp;&nbsp;&nbsp;&nbsp;&nbsp;&nbsp;&nbsp;&nbsp;\n<\/p>\n\n\n\n<p>\u00a0 Nina Bi\u010dak 8.b\u00a0 i Anja Luki\u0107 8.c<\/p>\n\n\n\n<figure class=\"wp-block-image\"><img decoding=\"async\" loading=\"lazy\" width=\"1024\" height=\"576\" src=\"http:\/\/cvrcak-daruvar.com.hr\/wp-content\/uploads\/2019\/04\/Odb-1024x576.jpg\" alt=\"\" class=\"wp-image-4989\" srcset=\"http:\/\/cvrcak-daruvar.com.hr\/wp-content\/uploads\/2019\/04\/Odb-1024x576.jpg 1024w, http:\/\/cvrcak-daruvar.com.hr\/wp-content\/uploads\/2019\/04\/Odb-300x169.jpg 300w, http:\/\/cvrcak-daruvar.com.hr\/wp-content\/uploads\/2019\/04\/Odb-768x432.jpg 768w, http:\/\/cvrcak-daruvar.com.hr\/wp-content\/uploads\/2019\/04\/Odb.jpg 1548w\" sizes=\"(max-width: 1024px) 100vw, 1024px\" \/><\/figure>\n","protected":false},"excerpt":{"rendered":"<p>Razgovarali &nbsp;smo s odbojka\u0161ima koji su osvojili drugo mjesto na dr\u017eavnom natjecanju iz odbojke. Kapetan ekipe, Jan \u0160tefanac,&nbsp; bio je i &nbsp;u posjetu predsjednici Kolindi Grabar-Kitarovi\u0107. 1 .Gdje ste bili na dr\u017eavnom natjecanju iz odbojke? U Pore\u010du, u hotelu Delfin. 2.Kako vam je bilo? Bilo je jako zabavno,nezaboravno. 3.Kako ste provodili slobodno vrijeme? Dru\u017eili smo [&hellip;]<\/p>\n","protected":false},"author":2,"featured_media":0,"parent":0,"menu_order":0,"comment_status":"closed","ping_status":"closed","template":"","meta":[],"_links":{"self":[{"href":"http:\/\/cvrcak-daruvar.com.hr\/index.php?rest_route=\/wp\/v2\/pages\/4986"}],"collection":[{"href":"http:\/\/cvrcak-daruvar.com.hr\/index.php?rest_route=\/wp\/v2\/pages"}],"about":[{"href":"http:\/\/cvrcak-daruvar.com.hr\/index.php?rest_route=\/wp\/v2\/types\/page"}],"author":[{"embeddable":true,"href":"http:\/\/cvrcak-daruvar.com.hr\/index.php?rest_route=\/wp\/v2\/users\/2"}],"replies":[{"embeddable":true,"href":"http:\/\/cvrcak-daruvar.com.hr\/index.php?rest_route=%2Fwp%2Fv2%2Fcomments&post=4986"}],"version-history":[{"count":3,"href":"http:\/\/cvrcak-daruvar.com.hr\/index.php?rest_route=\/wp\/v2\/pages\/4986\/revisions"}],"predecessor-version":[{"id":4990,"href":"http:\/\/cvrcak-daruvar.com.hr\/index.php?rest_route=\/wp\/v2\/pages\/4986\/revisions\/4990"}],"wp:attachment":[{"href":"http:\/\/cvrcak-daruvar.com.hr\/index.php?rest_route=%2Fwp%2Fv2%2Fmedia&parent=4986"}],"curies":[{"name":"wp","href":"https:\/\/api.w.org\/{rel}","templated":true}]}}