{"id":498,"date":"2012-06-07T07:59:35","date_gmt":"2012-06-07T05:59:35","guid":{"rendered":"http:\/\/cvrcak-daruvar.com.hr\/?page_id=498"},"modified":"2012-06-07T07:59:35","modified_gmt":"2012-06-07T05:59:35","slug":"kapljice","status":"publish","type":"page","link":"http:\/\/cvrcak-daruvar.com.hr\/?page_id=498","title":{"rendered":"Kapljice"},"content":{"rendered":"<p><strong>Putovanje jedne kapljice<\/strong><\/p>\n<p>Kapljici se napokon ostvario san.\u00a0\u00a0\u00a0\u00a0\u00a0\u00a0\u00a0\u00a0\u00a0\u00a0\u00a0\u00a0\u00a0\u00a0\u00a0\u00a0\u00a0\u00a0\u00a0\u00a0\u00a0\u00a0\u00a0\u00a0\u00a0\u00a0\u00a0\u00a0\u00a0\u00a0\u00a0\u00a0\u00a0\u00a0\u00a0\u00a0\u00a0\u00a0\u00a0\u00a0\u00a0\u00a0\u00a0\u00a0\u00a0\u00a0\u00a0\u00a0\u00a0\u00a0\u00a0\u00a0\u00a0\u00a0\u00a0\u00a0\u00a0\u00a0\u00a0\u00a0\u00a0\u00a0\u00a0\u00a0\u00a0\u00a0\u00a0\u00a0\u00a0\u00a0\u00a0\u00a0\u00a0\u00a0\u00a0\u00a0\u00a0\u00a0\u00a0\u00a0\u00a0\u00a0\u00a0\u00a0\u00a0\u00a0\u00a0\u00a0\u00a0\u00a0\u00a0\u00a0\u00a0\u00a0\u00a0\u00a0\u00a0\u00a0\u00a0\u00a0\u00a0\u00a0\u00a0\u00a0\u00a0\u00a0\u00a0\u00a0\u00a0\u00a0\u00a0\u00a0\u00a0\u00a0\u00a0\u00a0\u00a0\u00a0\u00a0\u00a0\u00a0\u00a0\u00a0\u00a0\u00a0 Spustila se s oblaka u zelenu kro\u0161nju drveta.<\/p>\n<p>Lagano je klizila s lista na list i odjednom se na\u0161la<\/p>\n<p>na tlu. Svuda oko nje bile su visibabe . Kapljica je<\/p>\n<p>bila presretna jer nikad nije vidjela ni\u0161ta ljep\u0161e.<\/p>\n<p align=\"center\"><em>Iva Peranovi\u0107, 2.a<\/em><\/p>\n<p>&nbsp;<\/p>\n<p>&nbsp;<\/p>\n<p><strong>\u00a0<\/strong><\/p>\n<p><strong>Kapljica i Kaplji\u0107<\/strong><\/p>\n<p>Kaplji\u0107 je padao, padao, padao\u2026<\/p>\n<p>Pao je u jedan oluk. \u010cinilo mu se da je na<\/p>\n<p>velikom toboganu. Sudario se s nekim.\u00a0\u00a0\u00a0\u00a0\u00a0\u00a0\u00a0\u00a0\u00a0\u00a0\u00a0\u00a0\u00a0\u00a0\u00a0\u00a0\u00a0\u00a0\u00a0\u00a0\u00a0\u00a0\u00a0\u00a0\u00a0\u00a0\u00a0\u00a0\u00a0\u00a0\u00a0\u00a0\u00a0\u00a0\u00a0\u00a0\u00a0\u00a0\u00a0\u00a0\u00a0\u00a0\u00a0\u00a0\u00a0\u00a0\u00a0\u00a0\u00a0\u00a0\u00a0\u00a0\u00a0\u00a0\u00a0\u00a0\u00a0\u00a0\u00a0\u00a0\u00a0\u00a0\u00a0\u00a0\u00a0\u00a0\u00a0\u00a0\u00a0\u00a0\u00a0\u00a0\u00a0\u00a0\u00a0\u00a0\u00a0\u00a0\u00a0\u00a0\u00a0\u00a0\u00a0\u00a0\u00a0\u00a0\u00a0\u00a0\u00a0\u00a0\u00a0\u00a0\u00a0\u00a0\u00a0\u00a0\u00a0\u00a0\u00a0\u00a0\u00a0\u00a0 \u00a0\u00a0\u00a0\u00a0\u00a0\u00a0\u00a0\u00a0\u00a0\u00a0\u00a0\u00a0\u00a0\u00a0\u00a0\u201eAu\u010d&#8230;\u201c, povikao je Kaplji\u0107. Okrenuo se i<\/p>\n<p>ugledao prekrasnu Kapljicu.<\/p>\n<p>\u201eBok!\u201c re\u010de Kaplji\u0107.<\/p>\n<p>\u201eBok!\u201c odgovori Kapljica.\u00a0\u00a0\u00a0\u00a0\u00a0\u00a0\u00a0\u00a0\u00a0\u00a0\u00a0\u00a0\u00a0\u00a0\u00a0\u00a0\u00a0\u00a0\u00a0\u00a0\u00a0\u00a0\u00a0\u00a0\u00a0\u00a0\u00a0\u00a0\u00a0\u00a0\u00a0\u00a0\u00a0\u00a0\u00a0\u00a0\u00a0\u00a0\u00a0\u00a0\u00a0\u00a0\u00a0\u00a0\u00a0\u00a0\u00a0\u00a0\u00a0\u00a0\u00a0\u00a0\u00a0\u00a0\u00a0\u00a0\u00a0\u00a0\u00a0\u00a0\u00a0\u00a0\u00a0\u00a0\u00a0\u00a0\u00a0\u00a0\u00a0\u00a0\u00a0\u00a0\u00a0\u00a0\u00a0\u00a0\u00a0\u00a0\u00a0\u00a0\u00a0\u00a0\u00a0\u00a0\u00a0\u00a0\u00a0\u00a0\u00a0\u00a0\u00a0\u00a0\u00a0\u00a0\u00a0\u00a0\u00a0\u00a0\u00a0\u00a0\u00a0\u00a0\u00a0\u00a0\u00a0\u00a0\u00a0\u00a0\u00a0\u00a0\u00a0\u00a0\u00a0\u00a0\u00a0\u00a0\u00a0\u00a0\u00a0\u00a0\u00a0 \u00a0\u00a0\u00a0\u00a0\u00a0\u00a0\u00a0\u00a0\u00a0\u00a0\u00a0\u00a0\u00a0\u00a0Kaplji\u0107 je slu\u010dajno imao u ruci tratin\u010dicu pa ju<\/p>\n<p>je dao Kapljici. Kapljica je sko\u010dila i poljubila ga.<\/p>\n<p>Oboje su bili sretni.<\/p>\n<p align=\"center\"><em>Leonarda Filipin, 2.a<\/em><\/p>\n<p>&nbsp;<\/p>\n<p>&nbsp;<\/p>\n<p><strong><\/strong><\/p>\n<p><strong>\u00a0\u00a0\u00a0\u00a0\u00a0 <\/strong><\/p>\n<p><strong>\u00a0<\/strong><\/p>\n<p><strong>\u010cudesna kapljica<\/strong><\/p>\n<p>Dovoljno sam zrela da sko\u010dim s oblaka. Ja sam ki\u0161na kap. \u00a0\u201eJuhuuuuuuu\u2026!\u201c sko\u010dila sam. Iz visine vidjela sam \u017eute i zelene kvadrati\u0107e. Bila su to polja. Pala sam blizu rijeke. \u010cula sam ribe i njihovu molbu:\u201c Pomozi nam!\u201c Voda je bila puna sme\u0107a. Cijela je rijeka jecala. Bilo je grozno. Ja sam smi\u0161ljala plan kako da se rije\u0161imo sme\u0107a. Kona\u010dno sam se sjetila. Zamolila sam rijeku da po\u0161alje sa mnom nekoliko kapljica. I\u0161le smo nizvodno do grada. Tamo su nas u kantama zagrabila djeca. Primijetila su da smo prljave. Brzo su pozvali odrasle i zajedno pratili tok rijeke. Bacili su se na posao. \u010cistili su korito rijeke. Rijeka je u\u010das bila \u010dista. Svi su mi zahvalili i postala sam dio rijeke.<\/p>\n<p align=\"right\"><em>Hana Budinja\u0161, 2.a<\/em><\/p>\n","protected":false},"excerpt":{"rendered":"<p>Putovanje jedne kapljice Kapljici se napokon ostvario san.\u00a0\u00a0\u00a0\u00a0\u00a0\u00a0\u00a0\u00a0\u00a0\u00a0\u00a0\u00a0\u00a0\u00a0\u00a0\u00a0\u00a0\u00a0\u00a0\u00a0\u00a0\u00a0\u00a0\u00a0\u00a0\u00a0\u00a0\u00a0\u00a0\u00a0\u00a0\u00a0\u00a0\u00a0\u00a0\u00a0\u00a0\u00a0\u00a0\u00a0\u00a0\u00a0\u00a0\u00a0\u00a0\u00a0\u00a0\u00a0\u00a0\u00a0\u00a0\u00a0\u00a0\u00a0\u00a0\u00a0\u00a0\u00a0\u00a0\u00a0\u00a0\u00a0\u00a0\u00a0\u00a0\u00a0\u00a0\u00a0\u00a0\u00a0\u00a0\u00a0\u00a0\u00a0\u00a0\u00a0\u00a0\u00a0\u00a0\u00a0\u00a0\u00a0\u00a0\u00a0\u00a0\u00a0\u00a0\u00a0\u00a0\u00a0\u00a0\u00a0\u00a0\u00a0\u00a0\u00a0\u00a0\u00a0\u00a0\u00a0\u00a0\u00a0\u00a0\u00a0\u00a0\u00a0\u00a0\u00a0\u00a0\u00a0\u00a0\u00a0\u00a0\u00a0\u00a0\u00a0\u00a0\u00a0\u00a0\u00a0\u00a0\u00a0\u00a0\u00a0\u00a0 Spustila se s oblaka u zelenu kro\u0161nju drveta. Lagano je klizila s lista na list i odjednom se na\u0161la na tlu. Svuda oko nje bile su visibabe . Kapljica je bila presretna jer nikad nije vidjela ni\u0161ta ljep\u0161e. Iva Peranovi\u0107, 2.a &nbsp; &nbsp; \u00a0 Kapljica i Kaplji\u0107 [&hellip;]<\/p>\n","protected":false},"author":1,"featured_media":0,"parent":494,"menu_order":0,"comment_status":"closed","ping_status":"closed","template":"","meta":[],"_links":{"self":[{"href":"http:\/\/cvrcak-daruvar.com.hr\/index.php?rest_route=\/wp\/v2\/pages\/498"}],"collection":[{"href":"http:\/\/cvrcak-daruvar.com.hr\/index.php?rest_route=\/wp\/v2\/pages"}],"about":[{"href":"http:\/\/cvrcak-daruvar.com.hr\/index.php?rest_route=\/wp\/v2\/types\/page"}],"author":[{"embeddable":true,"href":"http:\/\/cvrcak-daruvar.com.hr\/index.php?rest_route=\/wp\/v2\/users\/1"}],"replies":[{"embeddable":true,"href":"http:\/\/cvrcak-daruvar.com.hr\/index.php?rest_route=%2Fwp%2Fv2%2Fcomments&post=498"}],"version-history":[{"count":2,"href":"http:\/\/cvrcak-daruvar.com.hr\/index.php?rest_route=\/wp\/v2\/pages\/498\/revisions"}],"predecessor-version":[{"id":500,"href":"http:\/\/cvrcak-daruvar.com.hr\/index.php?rest_route=\/wp\/v2\/pages\/498\/revisions\/500"}],"up":[{"embeddable":true,"href":"http:\/\/cvrcak-daruvar.com.hr\/index.php?rest_route=\/wp\/v2\/pages\/494"}],"wp:attachment":[{"href":"http:\/\/cvrcak-daruvar.com.hr\/index.php?rest_route=%2Fwp%2Fv2%2Fmedia&parent=498"}],"curies":[{"name":"wp","href":"https:\/\/api.w.org\/{rel}","templated":true}]}}