{"id":4975,"date":"2019-04-07T08:18:51","date_gmt":"2019-04-07T06:18:51","guid":{"rendered":"http:\/\/cvrcak-daruvar.com.hr\/?page_id=4975"},"modified":"2019-04-07T08:18:51","modified_gmt":"2019-04-07T06:18:51","slug":"intervju-sa-ivanom-nehvatalom","status":"publish","type":"page","link":"http:\/\/cvrcak-daruvar.com.hr\/?page_id=4975","title":{"rendered":"Intervju sa Ivanom Nehvatalom"},"content":{"rendered":"\n<p>Radili smo\nintervju s Ivanom Nehvatalom, u\u010denikom tre\u0107eg razreda. On je na dje\u010djem odjelu\nPu\u010dke knji\u017enice i \u010ditaonice ponovo progla\u0161en naj\u010ditateljem.<\/p>\n\n\n\n<p><strong>1.Po koji put si progla\u0161en kao\nnaj\u010ditatelj?<\/strong><\/p>\n\n\n\n<p>Po \u0161esti put\nsam progla\u0161en naj\u010ditateljem.<\/p>\n\n\n\n<p><strong>2.Kako si se osje\u0107ao?<\/strong><\/p>\n\n\n\n<p>Osje\u0107ao sam\nse jako sretno, kada si naj\u010ditatelj to je super. Puno nau\u010dim iz knjiga i onda\njo\u0161 budem naj\u010ditatelj. To me sve jako razveseli.<\/p>\n\n\n\n<p><strong>3.Jesi dobi neku nagradu? Koju?<\/strong><\/p>\n\n\n\n<p>Ina\u010de\ndobijem diplomu, ali za 2017. jo\u0161 nije do\u0161la. Trebala bi ubrzo.<\/p>\n\n\n\n<p><strong>4.Koliko si knjiga pro\u010ditao do sada?<\/strong><\/p>\n\n\n\n<p>Ne znam\nto\u010dno od svih godina ukupno. 2015. sam pro\u010ditao 177 knjiga, 2016. sam pro\u010ditao\n320 knjiga, tako i u 2017.godini. <\/p>\n\n\n\n<p>&nbsp;&nbsp;&nbsp;&nbsp;&nbsp;&nbsp;&nbsp;&nbsp;&nbsp;&nbsp;&nbsp;&nbsp;&nbsp;&nbsp;&nbsp;&nbsp;&nbsp;&nbsp;&nbsp;&nbsp;&nbsp;&nbsp;&nbsp;&nbsp; &nbsp;&nbsp;&nbsp;&nbsp;&nbsp;&nbsp;&nbsp;&nbsp;&nbsp;&nbsp;&nbsp;&nbsp;&nbsp;&nbsp;&nbsp;&nbsp;&nbsp;&nbsp;&nbsp;&nbsp;&nbsp;&nbsp;&nbsp;&nbsp;&nbsp;&nbsp;&nbsp;&nbsp;&nbsp;&nbsp;&nbsp;Anja Luki\u0107, 8.c i Nina Bi\u010dak, 8.b<\/p>\n","protected":false},"excerpt":{"rendered":"<p>Radili smo intervju s Ivanom Nehvatalom, u\u010denikom tre\u0107eg razreda. On je na dje\u010djem odjelu Pu\u010dke knji\u017enice i \u010ditaonice ponovo progla\u0161en naj\u010ditateljem. 1.Po koji put si progla\u0161en kao naj\u010ditatelj? Po \u0161esti put sam progla\u0161en naj\u010ditateljem. 2.Kako si se osje\u0107ao? Osje\u0107ao sam se jako sretno, kada si naj\u010ditatelj to je super. Puno nau\u010dim iz knjiga i onda [&hellip;]<\/p>\n","protected":false},"author":2,"featured_media":0,"parent":0,"menu_order":0,"comment_status":"closed","ping_status":"closed","template":"","meta":[],"_links":{"self":[{"href":"http:\/\/cvrcak-daruvar.com.hr\/index.php?rest_route=\/wp\/v2\/pages\/4975"}],"collection":[{"href":"http:\/\/cvrcak-daruvar.com.hr\/index.php?rest_route=\/wp\/v2\/pages"}],"about":[{"href":"http:\/\/cvrcak-daruvar.com.hr\/index.php?rest_route=\/wp\/v2\/types\/page"}],"author":[{"embeddable":true,"href":"http:\/\/cvrcak-daruvar.com.hr\/index.php?rest_route=\/wp\/v2\/users\/2"}],"replies":[{"embeddable":true,"href":"http:\/\/cvrcak-daruvar.com.hr\/index.php?rest_route=%2Fwp%2Fv2%2Fcomments&post=4975"}],"version-history":[{"count":1,"href":"http:\/\/cvrcak-daruvar.com.hr\/index.php?rest_route=\/wp\/v2\/pages\/4975\/revisions"}],"predecessor-version":[{"id":4976,"href":"http:\/\/cvrcak-daruvar.com.hr\/index.php?rest_route=\/wp\/v2\/pages\/4975\/revisions\/4976"}],"wp:attachment":[{"href":"http:\/\/cvrcak-daruvar.com.hr\/index.php?rest_route=%2Fwp%2Fv2%2Fmedia&parent=4975"}],"curies":[{"name":"wp","href":"https:\/\/api.w.org\/{rel}","templated":true}]}}