{"id":4953,"date":"2019-04-07T08:17:02","date_gmt":"2019-04-07T06:17:02","guid":{"rendered":"http:\/\/cvrcak-daruvar.com.hr\/?page_id=4953"},"modified":"2019-04-07T08:17:02","modified_gmt":"2019-04-07T06:17:02","slug":"zabavna-lektira","status":"publish","type":"page","link":"http:\/\/cvrcak-daruvar.com.hr\/?page_id=4953","title":{"rendered":"Zabavna lektira"},"content":{"rendered":"\n<p>Tko ka\u017ee da\nu\u010denici ne vole \u010ditati?! Ovako mi prezentiramo zabavne knjige koje smo sami\nizabrali i obradili. Knjige po slobodnom izboru preporu\u010dili su nam prijatelji,\nnastavnica, knji\u017eni\u010dari, sami knji\u017eevnici ili smo jednostavno odlu\u010dili dati\n\u0161ansu knjizi koja nas je privukla zanimljivim naslovom, intrigantnom\nnaslovnicom, filmskom adaptacijom ili ne\u010dim drugim \u010dime samo knjige zra\u010de. <\/p>\n\n\n\n<p>Mo\u017eda i vas\npotaknemo na \u010ditanje!<\/p>\n\n\n\n<p>U\u010denici 5.a, 6.a, 8.a i 8.c<\/p>\n\n\n\n<figure class=\"wp-block-image\"><img decoding=\"async\" loading=\"lazy\" width=\"640\" height=\"480\" src=\"http:\/\/cvrcak-daruvar.com.hr\/wp-content\/uploads\/2019\/04\/DSC03096.jpg\" alt=\"\" class=\"wp-image-4954\" srcset=\"http:\/\/cvrcak-daruvar.com.hr\/wp-content\/uploads\/2019\/04\/DSC03096.jpg 640w, http:\/\/cvrcak-daruvar.com.hr\/wp-content\/uploads\/2019\/04\/DSC03096-300x225.jpg 300w\" sizes=\"(max-width: 640px) 100vw, 640px\" \/><\/figure>\n\n\n\n<figure class=\"wp-block-image\"><img decoding=\"async\" loading=\"lazy\" width=\"640\" height=\"480\" src=\"http:\/\/cvrcak-daruvar.com.hr\/wp-content\/uploads\/2019\/04\/DSC03098.jpg\" alt=\"\" class=\"wp-image-4955\" srcset=\"http:\/\/cvrcak-daruvar.com.hr\/wp-content\/uploads\/2019\/04\/DSC03098.jpg 640w, http:\/\/cvrcak-daruvar.com.hr\/wp-content\/uploads\/2019\/04\/DSC03098-300x225.jpg 300w\" sizes=\"(max-width: 640px) 100vw, 640px\" \/><\/figure>\n\n\n\n<figure class=\"wp-block-image\"><img decoding=\"async\" loading=\"lazy\" width=\"640\" height=\"480\" src=\"http:\/\/cvrcak-daruvar.com.hr\/wp-content\/uploads\/2019\/04\/DSC03100.jpg\" alt=\"\" class=\"wp-image-4956\" srcset=\"http:\/\/cvrcak-daruvar.com.hr\/wp-content\/uploads\/2019\/04\/DSC03100.jpg 640w, http:\/\/cvrcak-daruvar.com.hr\/wp-content\/uploads\/2019\/04\/DSC03100-300x225.jpg 300w\" sizes=\"(max-width: 640px) 100vw, 640px\" \/><\/figure>\n\n\n\n<figure class=\"wp-block-image\"><img decoding=\"async\" loading=\"lazy\" width=\"480\" height=\"640\" src=\"http:\/\/cvrcak-daruvar.com.hr\/wp-content\/uploads\/2019\/04\/DSC03103.jpg\" alt=\"\" class=\"wp-image-4957\" srcset=\"http:\/\/cvrcak-daruvar.com.hr\/wp-content\/uploads\/2019\/04\/DSC03103.jpg 480w, http:\/\/cvrcak-daruvar.com.hr\/wp-content\/uploads\/2019\/04\/DSC03103-225x300.jpg 225w\" sizes=\"(max-width: 480px) 100vw, 480px\" \/><\/figure>\n\n\n\n<figure class=\"wp-block-image\"><img decoding=\"async\" loading=\"lazy\" width=\"640\" height=\"480\" src=\"http:\/\/cvrcak-daruvar.com.hr\/wp-content\/uploads\/2019\/04\/DSC03110.jpg\" alt=\"\" class=\"wp-image-4958\" srcset=\"http:\/\/cvrcak-daruvar.com.hr\/wp-content\/uploads\/2019\/04\/DSC03110.jpg 640w, http:\/\/cvrcak-daruvar.com.hr\/wp-content\/uploads\/2019\/04\/DSC03110-300x225.jpg 300w\" sizes=\"(max-width: 640px) 100vw, 640px\" \/><\/figure>\n\n\n\n<figure class=\"wp-block-image\"><img decoding=\"async\" loading=\"lazy\" width=\"640\" height=\"480\" src=\"http:\/\/cvrcak-daruvar.com.hr\/wp-content\/uploads\/2019\/04\/DSC03111.jpg\" alt=\"\" class=\"wp-image-4959\" srcset=\"http:\/\/cvrcak-daruvar.com.hr\/wp-content\/uploads\/2019\/04\/DSC03111.jpg 640w, http:\/\/cvrcak-daruvar.com.hr\/wp-content\/uploads\/2019\/04\/DSC03111-300x225.jpg 300w\" sizes=\"(max-width: 640px) 100vw, 640px\" \/><\/figure>\n\n\n\n<figure class=\"wp-block-image\"><img decoding=\"async\" loading=\"lazy\" width=\"640\" height=\"480\" src=\"http:\/\/cvrcak-daruvar.com.hr\/wp-content\/uploads\/2019\/04\/DSC03117.jpg\" alt=\"\" class=\"wp-image-4960\" srcset=\"http:\/\/cvrcak-daruvar.com.hr\/wp-content\/uploads\/2019\/04\/DSC03117.jpg 640w, http:\/\/cvrcak-daruvar.com.hr\/wp-content\/uploads\/2019\/04\/DSC03117-300x225.jpg 300w\" sizes=\"(max-width: 640px) 100vw, 640px\" \/><\/figure>\n\n\n\n<figure class=\"wp-block-image\"><img decoding=\"async\" loading=\"lazy\" width=\"480\" height=\"640\" src=\"http:\/\/cvrcak-daruvar.com.hr\/wp-content\/uploads\/2019\/04\/DSC03119.jpg\" alt=\"\" class=\"wp-image-4961\" srcset=\"http:\/\/cvrcak-daruvar.com.hr\/wp-content\/uploads\/2019\/04\/DSC03119.jpg 480w, http:\/\/cvrcak-daruvar.com.hr\/wp-content\/uploads\/2019\/04\/DSC03119-225x300.jpg 225w\" sizes=\"(max-width: 480px) 100vw, 480px\" \/><\/figure>\n\n\n\n<figure class=\"wp-block-image\"><img decoding=\"async\" loading=\"lazy\" width=\"640\" height=\"480\" src=\"http:\/\/cvrcak-daruvar.com.hr\/wp-content\/uploads\/2019\/04\/DSC03120.jpg\" alt=\"\" class=\"wp-image-4962\" srcset=\"http:\/\/cvrcak-daruvar.com.hr\/wp-content\/uploads\/2019\/04\/DSC03120.jpg 640w, http:\/\/cvrcak-daruvar.com.hr\/wp-content\/uploads\/2019\/04\/DSC03120-300x225.jpg 300w\" sizes=\"(max-width: 640px) 100vw, 640px\" \/><\/figure>\n\n\n\n<figure class=\"wp-block-image\"><img decoding=\"async\" loading=\"lazy\" width=\"640\" height=\"480\" src=\"http:\/\/cvrcak-daruvar.com.hr\/wp-content\/uploads\/2019\/04\/DSC03122.jpg\" alt=\"\" class=\"wp-image-4963\" srcset=\"http:\/\/cvrcak-daruvar.com.hr\/wp-content\/uploads\/2019\/04\/DSC03122.jpg 640w, http:\/\/cvrcak-daruvar.com.hr\/wp-content\/uploads\/2019\/04\/DSC03122-300x225.jpg 300w\" sizes=\"(max-width: 640px) 100vw, 640px\" \/><\/figure>\n\n\n\n<figure class=\"wp-block-image\"><img decoding=\"async\" loading=\"lazy\" width=\"640\" height=\"480\" src=\"http:\/\/cvrcak-daruvar.com.hr\/wp-content\/uploads\/2019\/04\/DSC03123.jpg\" alt=\"\" class=\"wp-image-4964\" srcset=\"http:\/\/cvrcak-daruvar.com.hr\/wp-content\/uploads\/2019\/04\/DSC03123.jpg 640w, http:\/\/cvrcak-daruvar.com.hr\/wp-content\/uploads\/2019\/04\/DSC03123-300x225.jpg 300w\" sizes=\"(max-width: 640px) 100vw, 640px\" \/><\/figure>\n\n\n\n<figure class=\"wp-block-image\"><img decoding=\"async\" loading=\"lazy\" width=\"640\" height=\"480\" src=\"http:\/\/cvrcak-daruvar.com.hr\/wp-content\/uploads\/2019\/04\/DSC03124.jpg\" alt=\"\" class=\"wp-image-4965\" srcset=\"http:\/\/cvrcak-daruvar.com.hr\/wp-content\/uploads\/2019\/04\/DSC03124.jpg 640w, http:\/\/cvrcak-daruvar.com.hr\/wp-content\/uploads\/2019\/04\/DSC03124-300x225.jpg 300w\" sizes=\"(max-width: 640px) 100vw, 640px\" \/><\/figure>\n\n\n\n<figure class=\"wp-block-image\"><img decoding=\"async\" loading=\"lazy\" width=\"640\" height=\"480\" src=\"http:\/\/cvrcak-daruvar.com.hr\/wp-content\/uploads\/2019\/04\/DSC03127.jpg\" alt=\"\" class=\"wp-image-4966\" srcset=\"http:\/\/cvrcak-daruvar.com.hr\/wp-content\/uploads\/2019\/04\/DSC03127.jpg 640w, http:\/\/cvrcak-daruvar.com.hr\/wp-content\/uploads\/2019\/04\/DSC03127-300x225.jpg 300w\" sizes=\"(max-width: 640px) 100vw, 640px\" \/><\/figure>\n\n\n\n<figure class=\"wp-block-image\"><img decoding=\"async\" loading=\"lazy\" width=\"480\" height=\"640\" src=\"http:\/\/cvrcak-daruvar.com.hr\/wp-content\/uploads\/2019\/04\/DSC03129.jpg\" alt=\"\" class=\"wp-image-4967\" srcset=\"http:\/\/cvrcak-daruvar.com.hr\/wp-content\/uploads\/2019\/04\/DSC03129.jpg 480w, http:\/\/cvrcak-daruvar.com.hr\/wp-content\/uploads\/2019\/04\/DSC03129-225x300.jpg 225w\" sizes=\"(max-width: 480px) 100vw, 480px\" \/><\/figure>\n\n\n\n<figure class=\"wp-block-image\"><img decoding=\"async\" loading=\"lazy\" width=\"640\" height=\"480\" src=\"http:\/\/cvrcak-daruvar.com.hr\/wp-content\/uploads\/2019\/04\/DSC03132.jpg\" alt=\"\" class=\"wp-image-4968\" srcset=\"http:\/\/cvrcak-daruvar.com.hr\/wp-content\/uploads\/2019\/04\/DSC03132.jpg 640w, http:\/\/cvrcak-daruvar.com.hr\/wp-content\/uploads\/2019\/04\/DSC03132-300x225.jpg 300w\" sizes=\"(max-width: 640px) 100vw, 640px\" \/><\/figure>\n\n\n\n<figure class=\"wp-block-image\"><img decoding=\"async\" loading=\"lazy\" width=\"640\" height=\"480\" src=\"http:\/\/cvrcak-daruvar.com.hr\/wp-content\/uploads\/2019\/04\/DSC03133.jpg\" alt=\"\" class=\"wp-image-4969\" srcset=\"http:\/\/cvrcak-daruvar.com.hr\/wp-content\/uploads\/2019\/04\/DSC03133.jpg 640w, http:\/\/cvrcak-daruvar.com.hr\/wp-content\/uploads\/2019\/04\/DSC03133-300x225.jpg 300w\" sizes=\"(max-width: 640px) 100vw, 640px\" \/><\/figure>\n\n\n\n<figure class=\"wp-block-image\"><img decoding=\"async\" loading=\"lazy\" width=\"640\" height=\"480\" src=\"http:\/\/cvrcak-daruvar.com.hr\/wp-content\/uploads\/2019\/04\/DSC03136.jpg\" alt=\"\" class=\"wp-image-4970\" srcset=\"http:\/\/cvrcak-daruvar.com.hr\/wp-content\/uploads\/2019\/04\/DSC03136.jpg 640w, http:\/\/cvrcak-daruvar.com.hr\/wp-content\/uploads\/2019\/04\/DSC03136-300x225.jpg 300w\" sizes=\"(max-width: 640px) 100vw, 640px\" \/><\/figure>\n","protected":false},"excerpt":{"rendered":"<p>Tko ka\u017ee da u\u010denici ne vole \u010ditati?! Ovako mi prezentiramo zabavne knjige koje smo sami izabrali i obradili. Knjige po slobodnom izboru preporu\u010dili su nam prijatelji, nastavnica, knji\u017eni\u010dari, sami knji\u017eevnici ili smo jednostavno odlu\u010dili dati \u0161ansu knjizi koja nas je privukla zanimljivim naslovom, intrigantnom naslovnicom, filmskom adaptacijom ili ne\u010dim drugim \u010dime samo knjige zra\u010de. Mo\u017eda [&hellip;]<\/p>\n","protected":false},"author":2,"featured_media":0,"parent":0,"menu_order":0,"comment_status":"closed","ping_status":"closed","template":"","meta":[],"_links":{"self":[{"href":"http:\/\/cvrcak-daruvar.com.hr\/index.php?rest_route=\/wp\/v2\/pages\/4953"}],"collection":[{"href":"http:\/\/cvrcak-daruvar.com.hr\/index.php?rest_route=\/wp\/v2\/pages"}],"about":[{"href":"http:\/\/cvrcak-daruvar.com.hr\/index.php?rest_route=\/wp\/v2\/types\/page"}],"author":[{"embeddable":true,"href":"http:\/\/cvrcak-daruvar.com.hr\/index.php?rest_route=\/wp\/v2\/users\/2"}],"replies":[{"embeddable":true,"href":"http:\/\/cvrcak-daruvar.com.hr\/index.php?rest_route=%2Fwp%2Fv2%2Fcomments&post=4953"}],"version-history":[{"count":1,"href":"http:\/\/cvrcak-daruvar.com.hr\/index.php?rest_route=\/wp\/v2\/pages\/4953\/revisions"}],"predecessor-version":[{"id":4971,"href":"http:\/\/cvrcak-daruvar.com.hr\/index.php?rest_route=\/wp\/v2\/pages\/4953\/revisions\/4971"}],"wp:attachment":[{"href":"http:\/\/cvrcak-daruvar.com.hr\/index.php?rest_route=%2Fwp%2Fv2%2Fmedia&parent=4953"}],"curies":[{"name":"wp","href":"https:\/\/api.w.org\/{rel}","templated":true}]}}