{"id":4936,"date":"2019-04-07T08:10:20","date_gmt":"2019-04-07T06:10:20","guid":{"rendered":"http:\/\/cvrcak-daruvar.com.hr\/?page_id=4936"},"modified":"2019-04-07T08:10:31","modified_gmt":"2019-04-07T06:10:31","slug":"susret-s-knjizevnicom-vlastom-golub","status":"publish","type":"page","link":"http:\/\/cvrcak-daruvar.com.hr\/?page_id=4936","title":{"rendered":"Susret s knji\u017eevnicom Vlastom Golub"},"content":{"rendered":"\n<p>U\u010denici svih osmih razreda na\u0161e \u0161kole imali su priliku upoznati knji\u017eevnicu <strong>Vlastu Golub<\/strong>. U prostorima Pu\u010dke knji\u017enice i \u010ditaonice, u \u010detvrtak 20.listopada, uprili\u010den je susret s knji\u017eevnicom koja je promovirala svoju nagra\u0111enu knjigu <strong><em>O ljubavi, spletkama i svemu pomalo<\/em>. <\/strong>Tematika knjige vezana je uz probleme tinejd\u017eera o \u010demu je i bilo govora na promociji. Cilj susreta bio je i populariziranje \u010ditanja u mladih. <\/p>\n\n\n\n<figure class=\"wp-block-image\"><img decoding=\"async\" loading=\"lazy\" width=\"1024\" height=\"768\" src=\"http:\/\/cvrcak-daruvar.com.hr\/wp-content\/uploads\/2019\/04\/22642047_917928708360837_2085309962_o-1024x768.jpg\" alt=\"\" class=\"wp-image-4937\" srcset=\"http:\/\/cvrcak-daruvar.com.hr\/wp-content\/uploads\/2019\/04\/22642047_917928708360837_2085309962_o-1024x768.jpg 1024w, http:\/\/cvrcak-daruvar.com.hr\/wp-content\/uploads\/2019\/04\/22642047_917928708360837_2085309962_o-300x225.jpg 300w, http:\/\/cvrcak-daruvar.com.hr\/wp-content\/uploads\/2019\/04\/22642047_917928708360837_2085309962_o-768x576.jpg 768w, http:\/\/cvrcak-daruvar.com.hr\/wp-content\/uploads\/2019\/04\/22642047_917928708360837_2085309962_o.jpg 1536w\" sizes=\"(max-width: 1024px) 100vw, 1024px\" \/><\/figure>\n\n\n\n<p><strong><em>Susret s\nknji\u017eevnicom Vlastom Golub<\/em><\/strong><\/p>\n\n\n\n<p><strong>Karolina<em>:<\/em><\/strong><em> Kakvi ste bili kao dijete?<\/em><\/p>\n\n\n\n<p><strong>Vlasta Golub:<\/strong><em>Kao dijete sam bila vrlo znati\u017eeljna, imala sam\nlijepo djetinjstvo i imala sam velike snove.<\/em><\/p>\n\n\n\n<p><strong>Luna: <\/strong><em>O \u010demu ste sanjali i jesu li vam se snovi ostvarili?<\/em><em><\/em><\/p>\n\n\n\n<p><strong>Vlasta Golub: <\/strong><em>Sanjala sam o tome da \u0107u jednoga dana biti glumica ili spisateljica i\nto mi se ostvarilo.<\/em><\/p>\n\n\n\n<p><strong>Helena:<\/strong><em> \u0160to je te\u017ee: odlu\u010diti se na pisanje knjige ili samo pisanje?<\/em><\/p>\n\n\n\n<p><strong>Vlasta Golub:<\/strong><em> Sigurno je te\u017ee samo pisanje jer kada se odlu\u010di\u0161, to je to. Ka\u017ee\u0161 si &#8220;E sada \u0107u napisati!&#8221;, ali kada treba napisati ili smisliti kako zapo\u010deti, onda je te\u017ee.<\/em><\/p>\n\n\n\n<figure class=\"wp-block-image\"><img decoding=\"async\" loading=\"lazy\" width=\"768\" height=\"1024\" src=\"http:\/\/cvrcak-daruvar.com.hr\/wp-content\/uploads\/2019\/04\/22643277_917928788360829_106017266_o-768x1024.jpg\" alt=\"\" class=\"wp-image-4938\" srcset=\"http:\/\/cvrcak-daruvar.com.hr\/wp-content\/uploads\/2019\/04\/22643277_917928788360829_106017266_o-768x1024.jpg 768w, http:\/\/cvrcak-daruvar.com.hr\/wp-content\/uploads\/2019\/04\/22643277_917928788360829_106017266_o-225x300.jpg 225w, http:\/\/cvrcak-daruvar.com.hr\/wp-content\/uploads\/2019\/04\/22643277_917928788360829_106017266_o.jpg 1152w\" sizes=\"(max-width: 768px) 100vw, 768px\" \/><\/figure>\n\n\n\n<p><strong>Tina:<\/strong><em> Kako ste izabrali ovu tematiku za knjigu?<\/em><\/p>\n\n\n\n<p><strong>Vlasta Golub:<\/strong><em> Ovu tematiku sam izabrala kako bih mo\u017eda pomogla nekoj djeci va\u0161e\ndobi koji mo\u017eda imaju sli\u010dne probleme, a i zbog moje k\u0107eri koja je to pro\u0161la.<\/em><\/p>\n\n\n\n<p><strong>Karolina:<\/strong><em> Ima li u va\u0161oj knjizi autobiografskih elemenata i jeste li pisali\no ne\u010demu \u0161to se zaista dogodilo?<\/em><\/p>\n\n\n\n<p><strong>Vlasta Golub:<\/strong><em> Da, u knjizi ima autobiografskih elemenata. Ima ih najvi\u0161e na po\u010detku\nknjige. Ova knjiga zapravo govori o slu\u010daju moje k\u0107eri i pisma koje je ona\nzaista dobila u osnovnoj \u0161koli. Moja k\u0107er i ja smo se zbilja potrudile prona\u0107i\npismo, ali nismo uspjele pa sam napisala po sje\u0107anju.<\/em><\/p>\n\n\n\n<p><strong>Helena:<\/strong><em> Ho\u0107ete li pisati nastavak pri\u010de o glavnoj junakinji- kako kre\u0107e u\nsrednju \u0161kolu, faks&#8230;?<\/em><\/p>\n\n\n\n<p><strong>Vlasta Golub:<\/strong><em> Da, sigurno \u0107u pisati nastavak i jo\u0161 neke knjige.<\/em><\/p>\n\n\n\n<p><strong>Luna:<\/strong><em> Je li vas iznenadio uspjeh va\u0161e knjige?<\/em><\/p>\n\n\n\n<p><strong>Vlasta Golub:<\/strong><em> Da, naravno da me je iznenadio i jako sam sretna.<\/em><\/p>\n\n\n\n<p><strong>Tina:<\/strong><em> Mo\u017eemo li uskoro o\u010dekivati jo\u0161 neku novu knjigu od vas?<\/em><\/p>\n\n\n\n<figure class=\"wp-block-image\"><img decoding=\"async\" loading=\"lazy\" width=\"1024\" height=\"768\" src=\"http:\/\/cvrcak-daruvar.com.hr\/wp-content\/uploads\/2019\/04\/22664323_917928355027539_1379462325_o-1024x768.jpg\" alt=\"\" class=\"wp-image-4939\" srcset=\"http:\/\/cvrcak-daruvar.com.hr\/wp-content\/uploads\/2019\/04\/22664323_917928355027539_1379462325_o-1024x768.jpg 1024w, http:\/\/cvrcak-daruvar.com.hr\/wp-content\/uploads\/2019\/04\/22664323_917928355027539_1379462325_o-300x225.jpg 300w, http:\/\/cvrcak-daruvar.com.hr\/wp-content\/uploads\/2019\/04\/22664323_917928355027539_1379462325_o-768x576.jpg 768w, http:\/\/cvrcak-daruvar.com.hr\/wp-content\/uploads\/2019\/04\/22664323_917928355027539_1379462325_o.jpg 1536w\" sizes=\"(max-width: 1024px) 100vw, 1024px\" \/><\/figure>\n\n\n\n<p><strong>Vlasta Golub:<\/strong><em> Da, naravno da mo\u017eete. Ve\u0107 sam po\u010dela pisati jo\u0161 jednu novu knjigu.<\/em><\/p>\n\n\n\n<p><strong>Helena:<\/strong><em> Va\u0161 savjet mladim piscima?<\/em><\/p>\n\n\n\n<p><strong>Vlasta Golub:<\/strong><em> Pa, ako netko ima \u017eelju da napi\u0161e ne\u0161to, samo neka krene. Ideje i\nmisli \u0107e dolaziti same od sebe.<\/em><\/p>\n\n\n\n<p><strong>Karolina:<\/strong><em> \u0160to je potrebno da se napi\u0161e knjiga?<\/em><\/p>\n\n\n\n<p><strong>Vlasta Golub:<\/strong><em> Samopovjerenje, ideja o temi i naravno volja za pisanje.<\/em><\/p>\n\n\n\n<p><strong>Anja:<\/strong><em> Koliko vam je dugo trebalo da napi\u0161ete knjigu?<\/em><\/p>\n\n\n\n<p><strong>Vlasta: Golub<\/strong><em> Mislim da oko \u0161est mjeseci, nisam ja to ba\u0161 brojala. Nisam ja to\npisala svaki dan, nego kada sam stigla bih sjela i po\u010dela pisati.<\/em><\/p>\n\n\n\n<p><strong>Nina:<\/strong><em> Za\u0161to ste se odlu\u010dili objaviti knjigu?<\/em><\/p>\n\n\n\n<p><strong>Vlasta Golub:<\/strong><em> Kao \u0161to sam rekla maloprije. Htjela sam pomo\u0107i nekoj djeci koja mo\u017eda\nimaju sli\u010dne ili mo\u017eda i iste probleme.<\/em><\/p>\n\n\n\n<p><strong>Anja:<\/strong><em> Kako je va\u0161a obitelj reagirala na tu knjigu?<\/em><\/p>\n\n\n\n<p><strong>Vlasta Golub:<\/strong><em> Kada sam ju napisala, prvo sam ju pro\u010ditala ja, onda sam dala svojoj k\u0107eri i suprugu. Nakon toga su pro\u010ditali moji prijatelji i svi su mi rekli da je super i bili su odu\u0161evljeni. Govorili su mi da ju objavim, \u0161to sam ih i poslu\u0161ala i postigla ovaj uspjeh. Uglavnom, jako sam sretna i zadovoljna zbog toga.<\/em><\/p>\n\n\n\n<figure class=\"wp-block-image\"><img decoding=\"async\" loading=\"lazy\" width=\"1024\" height=\"768\" src=\"http:\/\/cvrcak-daruvar.com.hr\/wp-content\/uploads\/2019\/04\/22664436_917928761694165_1880723541_o-1024x768.jpg\" alt=\"\" class=\"wp-image-4941\" srcset=\"http:\/\/cvrcak-daruvar.com.hr\/wp-content\/uploads\/2019\/04\/22664436_917928761694165_1880723541_o-1024x768.jpg 1024w, http:\/\/cvrcak-daruvar.com.hr\/wp-content\/uploads\/2019\/04\/22664436_917928761694165_1880723541_o-300x225.jpg 300w, http:\/\/cvrcak-daruvar.com.hr\/wp-content\/uploads\/2019\/04\/22664436_917928761694165_1880723541_o-768x576.jpg 768w, http:\/\/cvrcak-daruvar.com.hr\/wp-content\/uploads\/2019\/04\/22664436_917928761694165_1880723541_o.jpg 1536w\" sizes=\"(max-width: 1024px) 100vw, 1024px\" \/><\/figure>\n\n\n\n<p>Tina \u0160epl, Luna Bili, Helena Markovi\u0107 i Karolina\nPavi\u010di\u0107 8.a <\/p>\n\n\n\n<p>Nina Bi\u010dak, 8.b<\/p>\n\n\n\n<p>Anja Luki\u0107, 8.c<\/p>\n","protected":false},"excerpt":{"rendered":"<p>U\u010denici svih osmih razreda na\u0161e \u0161kole imali su priliku upoznati knji\u017eevnicu Vlastu Golub. U prostorima Pu\u010dke knji\u017enice i \u010ditaonice, u \u010detvrtak 20.listopada, uprili\u010den je susret s knji\u017eevnicom koja je promovirala svoju nagra\u0111enu knjigu O ljubavi, spletkama i svemu pomalo. Tematika knjige vezana je uz probleme tinejd\u017eera o \u010demu je i bilo govora na promociji. Cilj [&hellip;]<\/p>\n","protected":false},"author":2,"featured_media":0,"parent":0,"menu_order":0,"comment_status":"closed","ping_status":"closed","template":"","meta":[],"_links":{"self":[{"href":"http:\/\/cvrcak-daruvar.com.hr\/index.php?rest_route=\/wp\/v2\/pages\/4936"}],"collection":[{"href":"http:\/\/cvrcak-daruvar.com.hr\/index.php?rest_route=\/wp\/v2\/pages"}],"about":[{"href":"http:\/\/cvrcak-daruvar.com.hr\/index.php?rest_route=\/wp\/v2\/types\/page"}],"author":[{"embeddable":true,"href":"http:\/\/cvrcak-daruvar.com.hr\/index.php?rest_route=\/wp\/v2\/users\/2"}],"replies":[{"embeddable":true,"href":"http:\/\/cvrcak-daruvar.com.hr\/index.php?rest_route=%2Fwp%2Fv2%2Fcomments&post=4936"}],"version-history":[{"count":3,"href":"http:\/\/cvrcak-daruvar.com.hr\/index.php?rest_route=\/wp\/v2\/pages\/4936\/revisions"}],"predecessor-version":[{"id":4943,"href":"http:\/\/cvrcak-daruvar.com.hr\/index.php?rest_route=\/wp\/v2\/pages\/4936\/revisions\/4943"}],"wp:attachment":[{"href":"http:\/\/cvrcak-daruvar.com.hr\/index.php?rest_route=%2Fwp%2Fv2%2Fmedia&parent=4936"}],"curies":[{"name":"wp","href":"https:\/\/api.w.org\/{rel}","templated":true}]}}