{"id":490,"date":"2012-06-07T07:55:04","date_gmt":"2012-06-07T05:55:04","guid":{"rendered":"http:\/\/cvrcak-daruvar.com.hr\/?page_id=490"},"modified":"2012-06-07T08:02:31","modified_gmt":"2012-06-07T06:02:31","slug":"dramska-druzina","status":"publish","type":"page","link":"http:\/\/cvrcak-daruvar.com.hr\/?page_id=490","title":{"rendered":"Dramska dru\u017eina"},"content":{"rendered":"<p>Na\u0161a skupina marljivo radi ve\u0107 tre\u0107u \u0161kolsku godinu. Redovito se sastajemo \u010detvrtkom u 11,30. Dru\u017eenja su vrlo zanimljiva jer igramo razli\u010dite dramske igre: pantomime, monologe, izra\u0111ujemo lutke i smi\u0161ljamo uloge za njih.<\/p>\n<p>Redovito nastupamo na svim priredbama \u0161kole. Ove smo se \u0161kolske godine\u00a0 predstavili s dva igrokaza: \u201e Kako se ra\u0111a kruh\u201c i \u201eSveti Nikola i muke na\u0161ega Luke\u201c. Za Dan \u0161kole pripremamo scensku igru, a detalje o njoj saznat \u0107ete ako pogledate \u00a0nastup.<\/p>\n<p><a href=\"http:\/\/cvrcak-daruvar.com.hr\/wp-content\/uploads\/2012\/06\/Dramska.jpg\" class=\"gallery_colorbox\"><img decoding=\"async\" loading=\"lazy\" class=\"aligncenter size-full wp-image-491\" title=\"Dramska\" src=\"http:\/\/cvrcak-daruvar.com.hr\/wp-content\/uploads\/2012\/06\/Dramska.jpg\"  alt=\"\" width=\"448\" height=\"299\" srcset=\"http:\/\/cvrcak-daruvar.com.hr\/wp-content\/uploads\/2012\/06\/Dramska.jpg 448w, http:\/\/cvrcak-daruvar.com.hr\/wp-content\/uploads\/2012\/06\/Dramska-300x200.jpg 300w\" sizes=\"(max-width: 448px) 100vw, 448px\" \/><\/a><\/p>\n<p>Svake godine primamo nove \u010dlanove od 1. do 4. razreda. Ako \u017eelite glumiti, izmi\u0161ljati, stvarati i raditi na malo druga\u010diji na\u010din, do\u0111ite i postanite na\u0161 \u010dlan.<\/p>\n<p>&nbsp;<\/p>\n<p align=\"right\"><em>U\u010denici dramske skupine i u\u010diteljica Andreja \u017duger<\/em><\/p>\n","protected":false},"excerpt":{"rendered":"<p>Na\u0161a skupina marljivo radi ve\u0107 tre\u0107u \u0161kolsku godinu. Redovito se sastajemo \u010detvrtkom u 11,30. Dru\u017eenja su vrlo zanimljiva jer igramo razli\u010dite dramske igre: pantomime, monologe, izra\u0111ujemo lutke i smi\u0161ljamo uloge za njih. Redovito nastupamo na svim priredbama \u0161kole. Ove smo se \u0161kolske godine\u00a0 predstavili s dva igrokaza: \u201e Kako se ra\u0111a kruh\u201c i \u201eSveti Nikola [&hellip;]<\/p>\n","protected":false},"author":1,"featured_media":0,"parent":827,"menu_order":0,"comment_status":"closed","ping_status":"closed","template":"","meta":[],"_links":{"self":[{"href":"http:\/\/cvrcak-daruvar.com.hr\/index.php?rest_route=\/wp\/v2\/pages\/490"}],"collection":[{"href":"http:\/\/cvrcak-daruvar.com.hr\/index.php?rest_route=\/wp\/v2\/pages"}],"about":[{"href":"http:\/\/cvrcak-daruvar.com.hr\/index.php?rest_route=\/wp\/v2\/types\/page"}],"author":[{"embeddable":true,"href":"http:\/\/cvrcak-daruvar.com.hr\/index.php?rest_route=\/wp\/v2\/users\/1"}],"replies":[{"embeddable":true,"href":"http:\/\/cvrcak-daruvar.com.hr\/index.php?rest_route=%2Fwp%2Fv2%2Fcomments&post=490"}],"version-history":[{"count":2,"href":"http:\/\/cvrcak-daruvar.com.hr\/index.php?rest_route=\/wp\/v2\/pages\/490\/revisions"}],"predecessor-version":[{"id":504,"href":"http:\/\/cvrcak-daruvar.com.hr\/index.php?rest_route=\/wp\/v2\/pages\/490\/revisions\/504"}],"up":[{"embeddable":true,"href":"http:\/\/cvrcak-daruvar.com.hr\/index.php?rest_route=\/wp\/v2\/pages\/827"}],"wp:attachment":[{"href":"http:\/\/cvrcak-daruvar.com.hr\/index.php?rest_route=%2Fwp%2Fv2%2Fmedia&parent=490"}],"curies":[{"name":"wp","href":"https:\/\/api.w.org\/{rel}","templated":true}]}}