{"id":4847,"date":"2019-03-24T18:06:07","date_gmt":"2019-03-24T17:06:07","guid":{"rendered":"http:\/\/cvrcak-daruvar.com.hr\/?page_id=4847"},"modified":"2019-03-24T18:06:07","modified_gmt":"2019-03-24T17:06:07","slug":"maskare","status":"publish","type":"page","link":"http:\/\/cvrcak-daruvar.com.hr\/?page_id=4847","title":{"rendered":"Ma\u0161kare"},"content":{"rendered":"\n<figure class=\"wp-block-image\"><img decoding=\"async\" loading=\"lazy\" width=\"640\" height=\"480\" src=\"http:\/\/cvrcak-daruvar.com.hr\/wp-content\/uploads\/2019\/03\/DSC04716.jpg\" alt=\"\" class=\"wp-image-4849\" srcset=\"http:\/\/cvrcak-daruvar.com.hr\/wp-content\/uploads\/2019\/03\/DSC04716.jpg 640w, http:\/\/cvrcak-daruvar.com.hr\/wp-content\/uploads\/2019\/03\/DSC04716-300x225.jpg 300w\" sizes=\"(max-width: 640px) 100vw, 640px\" \/><\/figure>\n\n\n\n<p><strong>MA\u0160KARE<\/strong><\/p>\n\n\n\n<p>&nbsp;&nbsp;&nbsp;&nbsp;&nbsp;&nbsp;&nbsp;&nbsp;&nbsp;&nbsp;&nbsp; U svojoj\n\u0161koli obilje\u017eili smo Ma\u0161kare 5. o\u017eujka 2019. U\u010denici su se maskirali po\nodabranim temama u razredu: u poznate osobe, Pipi Dugu \u010carapu, kosture,\nkauboje, princeze iz bajki, bebe, an\u0111ele\u2026 Bilo je puno lijepih i \u0161aljivih\nmaski. Tog jutra predsjednici svako razreda su u \u0161kolskoj kuhinji preuzeli\nkrafne za svoj razred. Na svoju radost, maskirani u\u010denici barem tog dana bili\nsu po\u0161te\u0111eni usmenog odgovaranja. I na\u0161a novinarska skupina ukra\u0161avanjem panoa\nje doprinijela tom veselom \u0161arenilu koje je vladalo \u0161kolom.<\/p>\n\n\n\n<p style=\"text-align:right\">Dora Hlu\u0161i\u010dka i Ana Vuk, 5.c<\/p>\n\n\n\n<figure class=\"wp-block-image\"><img decoding=\"async\" loading=\"lazy\" width=\"640\" height=\"480\" src=\"http:\/\/cvrcak-daruvar.com.hr\/wp-content\/uploads\/2019\/03\/DSC04721.jpg\" alt=\"\" class=\"wp-image-4848\" srcset=\"http:\/\/cvrcak-daruvar.com.hr\/wp-content\/uploads\/2019\/03\/DSC04721.jpg 640w, http:\/\/cvrcak-daruvar.com.hr\/wp-content\/uploads\/2019\/03\/DSC04721-300x225.jpg 300w\" sizes=\"(max-width: 640px) 100vw, 640px\" \/><\/figure>\n\n\n\n<p><strong>Ma\u0161kare<\/strong><\/p>\n\n\n\n<p>Ma\u0161kare mi nisu va\u017ene i\nne slavim ih, ali sam evo, ove godine i\u0161la s Dramskom skupinom. Pridru\u017eili smo\nse gradskoj povorci koja je kretala od Doma zdravlja, a zavr\u0161ila ispred Gradske\nuprave. Tamo smo dobili, naravno, krafne i vo\u0107ni \u010daj. Nakon \u0161to smo zavr\u0161ili s\nhodanjem, \u017eiri je proglasio najbolje pojedina\u010dne maske i najbolje grupne maske.\nOsnovna \u0161kola Vladimira Nazora je osvojila grupnu nagradu, kao i produ\u017eeni\nboravak Osnovne \u0161kole Vladimira Nazora, tako\u0111er za najbolju grupnu masku. Bilo\nje to jedno lijepo i zabavno iskustvo.&nbsp; &nbsp; &nbsp;<\/p>\n\n\n\n<p>Anja Jaki\u0107, 8.c \u00a0<\/p>\n\n\n\n<figure class=\"wp-block-image\"><img decoding=\"async\" loading=\"lazy\" width=\"480\" height=\"640\" src=\"http:\/\/cvrcak-daruvar.com.hr\/wp-content\/uploads\/2019\/03\/DSC04726.jpg\" alt=\"\" class=\"wp-image-4850\" srcset=\"http:\/\/cvrcak-daruvar.com.hr\/wp-content\/uploads\/2019\/03\/DSC04726.jpg 480w, http:\/\/cvrcak-daruvar.com.hr\/wp-content\/uploads\/2019\/03\/DSC04726-225x300.jpg 225w\" sizes=\"(max-width: 480px) 100vw, 480px\" \/><\/figure>\n\n\n\n<figure class=\"wp-block-image\"><img decoding=\"async\" loading=\"lazy\" width=\"480\" height=\"640\" src=\"http:\/\/cvrcak-daruvar.com.hr\/wp-content\/uploads\/2019\/03\/DSC04714.jpg\" alt=\"\" class=\"wp-image-4851\" srcset=\"http:\/\/cvrcak-daruvar.com.hr\/wp-content\/uploads\/2019\/03\/DSC04714.jpg 480w, http:\/\/cvrcak-daruvar.com.hr\/wp-content\/uploads\/2019\/03\/DSC04714-225x300.jpg 225w\" sizes=\"(max-width: 480px) 100vw, 480px\" \/><\/figure>\n\n\n\n<figure class=\"wp-block-image\"><img decoding=\"async\" loading=\"lazy\" width=\"480\" height=\"640\" src=\"http:\/\/cvrcak-daruvar.com.hr\/wp-content\/uploads\/2019\/03\/DSC04722.jpg\" alt=\"\" class=\"wp-image-4852\" srcset=\"http:\/\/cvrcak-daruvar.com.hr\/wp-content\/uploads\/2019\/03\/DSC04722.jpg 480w, http:\/\/cvrcak-daruvar.com.hr\/wp-content\/uploads\/2019\/03\/DSC04722-225x300.jpg 225w\" sizes=\"(max-width: 480px) 100vw, 480px\" \/><\/figure>\n\n\n\n<figure class=\"wp-block-image\"><img decoding=\"async\" loading=\"lazy\" width=\"480\" height=\"640\" src=\"http:\/\/cvrcak-daruvar.com.hr\/wp-content\/uploads\/2019\/03\/DSC04718.jpg\" alt=\"\" class=\"wp-image-4853\" srcset=\"http:\/\/cvrcak-daruvar.com.hr\/wp-content\/uploads\/2019\/03\/DSC04718.jpg 480w, http:\/\/cvrcak-daruvar.com.hr\/wp-content\/uploads\/2019\/03\/DSC04718-225x300.jpg 225w\" sizes=\"(max-width: 480px) 100vw, 480px\" \/><\/figure>\n","protected":false},"excerpt":{"rendered":"<p>MA\u0160KARE &nbsp;&nbsp;&nbsp;&nbsp;&nbsp;&nbsp;&nbsp;&nbsp;&nbsp;&nbsp;&nbsp; U svojoj \u0161koli obilje\u017eili smo Ma\u0161kare 5. o\u017eujka 2019. U\u010denici su se maskirali po odabranim temama u razredu: u poznate osobe, Pipi Dugu \u010carapu, kosture, kauboje, princeze iz bajki, bebe, an\u0111ele\u2026 Bilo je puno lijepih i \u0161aljivih maski. Tog jutra predsjednici svako razreda su u \u0161kolskoj kuhinji preuzeli krafne za svoj razred. Na [&hellip;]<\/p>\n","protected":false},"author":2,"featured_media":0,"parent":0,"menu_order":0,"comment_status":"closed","ping_status":"closed","template":"","meta":[],"_links":{"self":[{"href":"http:\/\/cvrcak-daruvar.com.hr\/index.php?rest_route=\/wp\/v2\/pages\/4847"}],"collection":[{"href":"http:\/\/cvrcak-daruvar.com.hr\/index.php?rest_route=\/wp\/v2\/pages"}],"about":[{"href":"http:\/\/cvrcak-daruvar.com.hr\/index.php?rest_route=\/wp\/v2\/types\/page"}],"author":[{"embeddable":true,"href":"http:\/\/cvrcak-daruvar.com.hr\/index.php?rest_route=\/wp\/v2\/users\/2"}],"replies":[{"embeddable":true,"href":"http:\/\/cvrcak-daruvar.com.hr\/index.php?rest_route=%2Fwp%2Fv2%2Fcomments&post=4847"}],"version-history":[{"count":1,"href":"http:\/\/cvrcak-daruvar.com.hr\/index.php?rest_route=\/wp\/v2\/pages\/4847\/revisions"}],"predecessor-version":[{"id":4854,"href":"http:\/\/cvrcak-daruvar.com.hr\/index.php?rest_route=\/wp\/v2\/pages\/4847\/revisions\/4854"}],"wp:attachment":[{"href":"http:\/\/cvrcak-daruvar.com.hr\/index.php?rest_route=%2Fwp%2Fv2%2Fmedia&parent=4847"}],"curies":[{"name":"wp","href":"https:\/\/api.w.org\/{rel}","templated":true}]}}