{"id":4826,"date":"2019-03-17T08:43:14","date_gmt":"2019-03-17T07:43:14","guid":{"rendered":"http:\/\/cvrcak-daruvar.com.hr\/?page_id=4826"},"modified":"2019-12-09T18:02:55","modified_gmt":"2019-12-09T17:02:55","slug":"produzeni-boravak","status":"publish","type":"page","link":"http:\/\/cvrcak-daruvar.com.hr\/?page_id=4826","title":{"rendered":"Produ\u017eeni boravak 2018.\/2019."},"content":{"rendered":"\n<h2 class=\"wp-block-heading\"><a href=\"https:\/\/drive.google.com\/file\/d\/17pNTg5OJDrINYc0jFCeS5mbKEH8qk0jy\/view\" target=\"_blank\" rel=\"noreferrer noopener\" aria-label=\"PREZENTACIJA (opens in a new tab)\">PREZENTACIJA<\/a><\/h2>\n\n\n\n<figure class=\"wp-block-image is-resized\"><img decoding=\"async\" loading=\"lazy\" src=\"http:\/\/cvrcak-daruvar.com.hr\/wp-content\/uploads\/2019\/03\/pb.jpg\" alt=\"\" class=\"wp-image-4827\" width=\"695\" height=\"495\" srcset=\"http:\/\/cvrcak-daruvar.com.hr\/wp-content\/uploads\/2019\/03\/pb.jpg 500w, http:\/\/cvrcak-daruvar.com.hr\/wp-content\/uploads\/2019\/03\/pb-300x214.jpg 300w\" sizes=\"(max-width: 695px) 100vw, 695px\" \/><\/figure>\n\n\n\n<h4 class=\"wp-block-heading\">Tijekom drugog polugodi\u0161ta&nbsp; u\u010denici&nbsp; u produ\u017eenom boravku realizirali su brojne aktivnosti koje su se odnosile na pisanje doma\u0107ih zada\u0107a, u\u010denje, kreativne i dramske radionice, igru, sport, boravak na \u0161kolskom igrali\u0161tu, posjete,\u0161etnje i dru\u017eenja.<\/h4>\n\n\n\n<ul class=\"wp-block-gallery columns-1 is-cropped wp-block-gallery-1 is-layout-flex\"><li class=\"blocks-gallery-item\"><figure><img decoding=\"async\" loading=\"lazy\" width=\"1024\" height=\"576\" src=\"http:\/\/cvrcak-daruvar.com.hr\/wp-content\/uploads\/2019\/05\/s1-1-1024x576.jpg\" alt=\"\" data-id=\"5096\" data-link=\"http:\/\/cvrcak-daruvar.com.hr\/?attachment_id=5096\" class=\"wp-image-5096\" srcset=\"http:\/\/cvrcak-daruvar.com.hr\/wp-content\/uploads\/2019\/05\/s1-1-1024x576.jpg 1024w, http:\/\/cvrcak-daruvar.com.hr\/wp-content\/uploads\/2019\/05\/s1-1-300x169.jpg 300w, http:\/\/cvrcak-daruvar.com.hr\/wp-content\/uploads\/2019\/05\/s1-1-768x432.jpg 768w, http:\/\/cvrcak-daruvar.com.hr\/wp-content\/uploads\/2019\/05\/s1-1.jpg 1280w\" sizes=\"(max-width: 1024px) 100vw, 1024px\" \/><\/figure><\/li><li class=\"blocks-gallery-item\"><figure><img decoding=\"async\" loading=\"lazy\" width=\"584\" height=\"575\" src=\"http:\/\/cvrcak-daruvar.com.hr\/wp-content\/uploads\/2019\/05\/s2-1.jpg\" alt=\"\" data-id=\"5097\" data-link=\"http:\/\/cvrcak-daruvar.com.hr\/?attachment_id=5097\" class=\"wp-image-5097\" srcset=\"http:\/\/cvrcak-daruvar.com.hr\/wp-content\/uploads\/2019\/05\/s2-1.jpg 584w, http:\/\/cvrcak-daruvar.com.hr\/wp-content\/uploads\/2019\/05\/s2-1-300x295.jpg 300w\" sizes=\"(max-width: 584px) 100vw, 584px\" \/><\/figure><\/li><li class=\"blocks-gallery-item\"><figure><img decoding=\"async\" loading=\"lazy\" width=\"1024\" height=\"768\" src=\"http:\/\/cvrcak-daruvar.com.hr\/wp-content\/uploads\/2019\/05\/s3-1-1024x768.jpg\" alt=\"\" data-id=\"5098\" data-link=\"http:\/\/cvrcak-daruvar.com.hr\/?attachment_id=5098\" class=\"wp-image-5098\" srcset=\"http:\/\/cvrcak-daruvar.com.hr\/wp-content\/uploads\/2019\/05\/s3-1-1024x768.jpg 1024w, http:\/\/cvrcak-daruvar.com.hr\/wp-content\/uploads\/2019\/05\/s3-1-300x225.jpg 300w, http:\/\/cvrcak-daruvar.com.hr\/wp-content\/uploads\/2019\/05\/s3-1-768x576.jpg 768w, http:\/\/cvrcak-daruvar.com.hr\/wp-content\/uploads\/2019\/05\/s3-1.jpg 1280w\" sizes=\"(max-width: 1024px) 100vw, 1024px\" \/><\/figure><\/li><li class=\"blocks-gallery-item\"><figure><img decoding=\"async\" loading=\"lazy\" width=\"1024\" height=\"768\" src=\"http:\/\/cvrcak-daruvar.com.hr\/wp-content\/uploads\/2019\/05\/s4-1-1024x768.jpg\" alt=\"\" data-id=\"5099\" data-link=\"http:\/\/cvrcak-daruvar.com.hr\/?attachment_id=5099\" class=\"wp-image-5099\" srcset=\"http:\/\/cvrcak-daruvar.com.hr\/wp-content\/uploads\/2019\/05\/s4-1-1024x768.jpg 1024w, http:\/\/cvrcak-daruvar.com.hr\/wp-content\/uploads\/2019\/05\/s4-1-300x225.jpg 300w, http:\/\/cvrcak-daruvar.com.hr\/wp-content\/uploads\/2019\/05\/s4-1-768x576.jpg 768w, http:\/\/cvrcak-daruvar.com.hr\/wp-content\/uploads\/2019\/05\/s4-1.jpg 1280w\" sizes=\"(max-width: 1024px) 100vw, 1024px\" \/><\/figure><\/li><li class=\"blocks-gallery-item\"><figure><img decoding=\"async\" loading=\"lazy\" width=\"504\" height=\"673\" src=\"http:\/\/cvrcak-daruvar.com.hr\/wp-content\/uploads\/2019\/05\/s5-1.jpg\" alt=\"\" data-id=\"5100\" data-link=\"http:\/\/cvrcak-daruvar.com.hr\/?attachment_id=5100\" class=\"wp-image-5100\" srcset=\"http:\/\/cvrcak-daruvar.com.hr\/wp-content\/uploads\/2019\/05\/s5-1.jpg 504w, http:\/\/cvrcak-daruvar.com.hr\/wp-content\/uploads\/2019\/05\/s5-1-225x300.jpg 225w\" sizes=\"(max-width: 504px) 100vw, 504px\" \/><\/figure><\/li><li class=\"blocks-gallery-item\"><figure><img decoding=\"async\" loading=\"lazy\" width=\"832\" height=\"834\" src=\"http:\/\/cvrcak-daruvar.com.hr\/wp-content\/uploads\/2019\/05\/s6-1.jpg\" alt=\"\" data-id=\"5101\" data-link=\"http:\/\/cvrcak-daruvar.com.hr\/?attachment_id=5101\" class=\"wp-image-5101\" srcset=\"http:\/\/cvrcak-daruvar.com.hr\/wp-content\/uploads\/2019\/05\/s6-1.jpg 832w, http:\/\/cvrcak-daruvar.com.hr\/wp-content\/uploads\/2019\/05\/s6-1-150x150.jpg 150w, http:\/\/cvrcak-daruvar.com.hr\/wp-content\/uploads\/2019\/05\/s6-1-300x300.jpg 300w, http:\/\/cvrcak-daruvar.com.hr\/wp-content\/uploads\/2019\/05\/s6-1-768x770.jpg 768w\" sizes=\"(max-width: 832px) 100vw, 832px\" \/><\/figure><\/li><li class=\"blocks-gallery-item\"><figure><img decoding=\"async\" loading=\"lazy\" width=\"968\" height=\"587\" src=\"http:\/\/cvrcak-daruvar.com.hr\/wp-content\/uploads\/2019\/05\/s7-1.jpg\" alt=\"\" data-id=\"5102\" data-link=\"http:\/\/cvrcak-daruvar.com.hr\/?attachment_id=5102\" class=\"wp-image-5102\" srcset=\"http:\/\/cvrcak-daruvar.com.hr\/wp-content\/uploads\/2019\/05\/s7-1.jpg 968w, http:\/\/cvrcak-daruvar.com.hr\/wp-content\/uploads\/2019\/05\/s7-1-300x182.jpg 300w, http:\/\/cvrcak-daruvar.com.hr\/wp-content\/uploads\/2019\/05\/s7-1-768x466.jpg 768w\" sizes=\"(max-width: 968px) 100vw, 968px\" \/><\/figure><\/li><li class=\"blocks-gallery-item\"><figure><img decoding=\"async\" loading=\"lazy\" width=\"710\" height=\"618\" src=\"http:\/\/cvrcak-daruvar.com.hr\/wp-content\/uploads\/2019\/05\/s8-1.jpg\" alt=\"\" data-id=\"5103\" data-link=\"http:\/\/cvrcak-daruvar.com.hr\/?attachment_id=5103\" class=\"wp-image-5103\" srcset=\"http:\/\/cvrcak-daruvar.com.hr\/wp-content\/uploads\/2019\/05\/s8-1.jpg 710w, http:\/\/cvrcak-daruvar.com.hr\/wp-content\/uploads\/2019\/05\/s8-1-300x261.jpg 300w\" sizes=\"(max-width: 710px) 100vw, 710px\" \/><\/figure><\/li><li class=\"blocks-gallery-item\"><figure><img decoding=\"async\" loading=\"lazy\" width=\"598\" height=\"642\" src=\"http:\/\/cvrcak-daruvar.com.hr\/wp-content\/uploads\/2019\/05\/s9-1.jpg\" alt=\"\" data-id=\"5104\" data-link=\"http:\/\/cvrcak-daruvar.com.hr\/?attachment_id=5104\" class=\"wp-image-5104\" srcset=\"http:\/\/cvrcak-daruvar.com.hr\/wp-content\/uploads\/2019\/05\/s9-1.jpg 598w, http:\/\/cvrcak-daruvar.com.hr\/wp-content\/uploads\/2019\/05\/s9-1-279x300.jpg 279w\" sizes=\"(max-width: 598px) 100vw, 598px\" \/><\/figure><\/li><li class=\"blocks-gallery-item\"><figure><img decoding=\"async\" loading=\"lazy\" width=\"600\" height=\"575\" src=\"http:\/\/cvrcak-daruvar.com.hr\/wp-content\/uploads\/2019\/05\/sl1-1.jpg\" alt=\"\" data-id=\"5105\" data-link=\"http:\/\/cvrcak-daruvar.com.hr\/?attachment_id=5105\" class=\"wp-image-5105\" srcset=\"http:\/\/cvrcak-daruvar.com.hr\/wp-content\/uploads\/2019\/05\/sl1-1.jpg 600w, http:\/\/cvrcak-daruvar.com.hr\/wp-content\/uploads\/2019\/05\/sl1-1-300x288.jpg 300w\" sizes=\"(max-width: 600px) 100vw, 600px\" \/><\/figure><\/li><li class=\"blocks-gallery-item\"><figure><img decoding=\"async\" loading=\"lazy\" width=\"598\" height=\"598\" src=\"http:\/\/cvrcak-daruvar.com.hr\/wp-content\/uploads\/2019\/05\/sl2-1.jpg\" alt=\"\" data-id=\"5106\" data-link=\"http:\/\/cvrcak-daruvar.com.hr\/?attachment_id=5106\" class=\"wp-image-5106\" srcset=\"http:\/\/cvrcak-daruvar.com.hr\/wp-content\/uploads\/2019\/05\/sl2-1.jpg 598w, http:\/\/cvrcak-daruvar.com.hr\/wp-content\/uploads\/2019\/05\/sl2-1-150x150.jpg 150w, http:\/\/cvrcak-daruvar.com.hr\/wp-content\/uploads\/2019\/05\/sl2-1-300x300.jpg 300w\" sizes=\"(max-width: 598px) 100vw, 598px\" \/><\/figure><\/li><li class=\"blocks-gallery-item\"><figure><img decoding=\"async\" loading=\"lazy\" width=\"600\" height=\"621\" src=\"http:\/\/cvrcak-daruvar.com.hr\/wp-content\/uploads\/2019\/05\/sl3-1.jpg\" alt=\"\" data-id=\"5107\" data-link=\"http:\/\/cvrcak-daruvar.com.hr\/?attachment_id=5107\" class=\"wp-image-5107\" srcset=\"http:\/\/cvrcak-daruvar.com.hr\/wp-content\/uploads\/2019\/05\/sl3-1.jpg 600w, http:\/\/cvrcak-daruvar.com.hr\/wp-content\/uploads\/2019\/05\/sl3-1-290x300.jpg 290w\" sizes=\"(max-width: 600px) 100vw, 600px\" \/><\/figure><\/li><li class=\"blocks-gallery-item\"><figure><img decoding=\"async\" loading=\"lazy\" width=\"713\" height=\"621\" src=\"http:\/\/cvrcak-daruvar.com.hr\/wp-content\/uploads\/2019\/05\/sl4-1.jpg\" alt=\"\" data-id=\"5108\" data-link=\"http:\/\/cvrcak-daruvar.com.hr\/?attachment_id=5108\" class=\"wp-image-5108\" srcset=\"http:\/\/cvrcak-daruvar.com.hr\/wp-content\/uploads\/2019\/05\/sl4-1.jpg 713w, http:\/\/cvrcak-daruvar.com.hr\/wp-content\/uploads\/2019\/05\/sl4-1-300x261.jpg 300w\" sizes=\"(max-width: 713px) 100vw, 713px\" \/><\/figure><\/li><\/ul>\n\n\n\n<p>U velja\u010di smo sudjelovali u karnevalskoj povoci u organizaciji grada Daruvara, gdje smo kostimima, rekvizitima, pjesmom i plesom predstavljali ronioce i morske pse.<\/p>\n\n\n\n<ul class=\"wp-block-gallery columns-1 is-cropped wp-block-gallery-3 is-layout-flex\"><li class=\"blocks-gallery-item\"><figure><img decoding=\"async\" loading=\"lazy\" width=\"683\" height=\"557\" src=\"http:\/\/cvrcak-daruvar.com.hr\/wp-content\/uploads\/2019\/05\/a1.jpg\" alt=\"\" data-id=\"5111\" data-link=\"http:\/\/cvrcak-daruvar.com.hr\/?attachment_id=5111\" class=\"wp-image-5111\" srcset=\"http:\/\/cvrcak-daruvar.com.hr\/wp-content\/uploads\/2019\/05\/a1.jpg 683w, http:\/\/cvrcak-daruvar.com.hr\/wp-content\/uploads\/2019\/05\/a1-300x245.jpg 300w\" sizes=\"(max-width: 683px) 100vw, 683px\" \/><\/figure><\/li><li class=\"blocks-gallery-item\"><figure><img decoding=\"async\" loading=\"lazy\" width=\"630\" height=\"557\" src=\"http:\/\/cvrcak-daruvar.com.hr\/wp-content\/uploads\/2019\/05\/a2.jpg\" alt=\"\" data-id=\"5112\" data-link=\"http:\/\/cvrcak-daruvar.com.hr\/?attachment_id=5112\" class=\"wp-image-5112\" srcset=\"http:\/\/cvrcak-daruvar.com.hr\/wp-content\/uploads\/2019\/05\/a2.jpg 630w, http:\/\/cvrcak-daruvar.com.hr\/wp-content\/uploads\/2019\/05\/a2-300x265.jpg 300w\" sizes=\"(max-width: 630px) 100vw, 630px\" \/><\/figure><\/li><li class=\"blocks-gallery-item\"><figure><img decoding=\"async\" loading=\"lazy\" width=\"614\" height=\"1024\" src=\"http:\/\/cvrcak-daruvar.com.hr\/wp-content\/uploads\/2019\/05\/a3-614x1024.jpg\" alt=\"\" data-id=\"5113\" data-link=\"http:\/\/cvrcak-daruvar.com.hr\/?attachment_id=5113\" class=\"wp-image-5113\" srcset=\"http:\/\/cvrcak-daruvar.com.hr\/wp-content\/uploads\/2019\/05\/a3-614x1024.jpg 614w, http:\/\/cvrcak-daruvar.com.hr\/wp-content\/uploads\/2019\/05\/a3-180x300.jpg 180w, http:\/\/cvrcak-daruvar.com.hr\/wp-content\/uploads\/2019\/05\/a3.jpg 678w\" sizes=\"(max-width: 614px) 100vw, 614px\" \/><\/figure><\/li><li class=\"blocks-gallery-item\"><figure><img decoding=\"async\" loading=\"lazy\" width=\"1024\" height=\"768\" src=\"http:\/\/cvrcak-daruvar.com.hr\/wp-content\/uploads\/2019\/05\/a4-1024x768.jpg\" alt=\"\" data-id=\"5114\" data-link=\"http:\/\/cvrcak-daruvar.com.hr\/?attachment_id=5114\" class=\"wp-image-5114\" srcset=\"http:\/\/cvrcak-daruvar.com.hr\/wp-content\/uploads\/2019\/05\/a4-1024x768.jpg 1024w, http:\/\/cvrcak-daruvar.com.hr\/wp-content\/uploads\/2019\/05\/a4-300x225.jpg 300w, http:\/\/cvrcak-daruvar.com.hr\/wp-content\/uploads\/2019\/05\/a4-768x576.jpg 768w, http:\/\/cvrcak-daruvar.com.hr\/wp-content\/uploads\/2019\/05\/a4.jpg 1280w\" sizes=\"(max-width: 1024px) 100vw, 1024px\" \/><\/figure><\/li><\/ul>\n\n\n\n<p><\/p>\n\n\n\n<p>Posjetili smo Centar Rudolf Steiner gdje smo se kroz natjecanje i igru na sportskim poligonima i igrali\u0161tu, te likovnim radionicama zabavili i u\u017eivalli u ugodnom i lijepom dru\u017eenju s u\u010denicima i djelatnicima Centra. Vesele nas neka nova dru\u017eenja.<\/p>\n\n\n\n<ul class=\"wp-block-gallery columns-1 is-cropped wp-block-gallery-5 is-layout-flex\"><li class=\"blocks-gallery-item\"><figure><img decoding=\"async\" loading=\"lazy\" width=\"502\" height=\"669\" src=\"http:\/\/cvrcak-daruvar.com.hr\/wp-content\/uploads\/2019\/05\/b1.jpg\" alt=\"\" data-id=\"5117\" data-link=\"http:\/\/cvrcak-daruvar.com.hr\/?attachment_id=5117\" class=\"wp-image-5117\" srcset=\"http:\/\/cvrcak-daruvar.com.hr\/wp-content\/uploads\/2019\/05\/b1.jpg 502w, http:\/\/cvrcak-daruvar.com.hr\/wp-content\/uploads\/2019\/05\/b1-225x300.jpg 225w\" sizes=\"(max-width: 502px) 100vw, 502px\" \/><\/figure><\/li><li class=\"blocks-gallery-item\"><figure><img decoding=\"async\" loading=\"lazy\" width=\"757\" height=\"567\" src=\"http:\/\/cvrcak-daruvar.com.hr\/wp-content\/uploads\/2019\/05\/b2.jpg\" alt=\"\" data-id=\"5118\" data-link=\"http:\/\/cvrcak-daruvar.com.hr\/?attachment_id=5118\" class=\"wp-image-5118\" srcset=\"http:\/\/cvrcak-daruvar.com.hr\/wp-content\/uploads\/2019\/05\/b2.jpg 757w, http:\/\/cvrcak-daruvar.com.hr\/wp-content\/uploads\/2019\/05\/b2-300x225.jpg 300w\" sizes=\"(max-width: 757px) 100vw, 757px\" \/><\/figure><\/li><li class=\"blocks-gallery-item\"><figure><img decoding=\"async\" loading=\"lazy\" width=\"785\" height=\"589\" src=\"http:\/\/cvrcak-daruvar.com.hr\/wp-content\/uploads\/2019\/05\/b3.jpg\" alt=\"\" data-id=\"5119\" data-link=\"http:\/\/cvrcak-daruvar.com.hr\/?attachment_id=5119\" class=\"wp-image-5119\" srcset=\"http:\/\/cvrcak-daruvar.com.hr\/wp-content\/uploads\/2019\/05\/b3.jpg 785w, http:\/\/cvrcak-daruvar.com.hr\/wp-content\/uploads\/2019\/05\/b3-300x225.jpg 300w, http:\/\/cvrcak-daruvar.com.hr\/wp-content\/uploads\/2019\/05\/b3-768x576.jpg 768w\" sizes=\"(max-width: 785px) 100vw, 785px\" \/><\/figure><\/li><\/ul>\n\n\n\n<p>Od Dana o\u010deva, pa sve do Maj\u010dinog dana provodimo projekt&nbsp; \u201eOBITELJ\u201c, tijekom kojega se na razli\u010dite na\u010dine podsje\u0107amo, razmi\u0161ljamo, pripovijedamo i u\u010dimo o na\u0161oj obitelji kao temeljnoj dru\u0161tvenoj zajednici.&nbsp; Anketom smo, na dugovit i zanimljiv na\u010din, predstavili roditeljima na roditeljskom sastanku, kako djeca vide svoje roditelje, odnosno po \u010demu se razlikuju mame i tate i kako \u201egledaju\u201c na svakodnevene&nbsp; \u017eivotne stvari.<\/p>\n\n\n\n<ul class=\"wp-block-gallery columns-2 is-cropped wp-block-gallery-7 is-layout-flex\"><li class=\"blocks-gallery-item\"><figure><img decoding=\"async\" loading=\"lazy\" width=\"690\" height=\"518\" src=\"http:\/\/cvrcak-daruvar.com.hr\/wp-content\/uploads\/2019\/05\/c1.jpg\" alt=\"\" data-id=\"5122\" data-link=\"http:\/\/cvrcak-daruvar.com.hr\/?attachment_id=5122\" class=\"wp-image-5122\" srcset=\"http:\/\/cvrcak-daruvar.com.hr\/wp-content\/uploads\/2019\/05\/c1.jpg 690w, http:\/\/cvrcak-daruvar.com.hr\/wp-content\/uploads\/2019\/05\/c1-300x225.jpg 300w\" sizes=\"(max-width: 690px) 100vw, 690px\" \/><\/figure><\/li><li class=\"blocks-gallery-item\"><figure><img decoding=\"async\" loading=\"lazy\" width=\"627\" height=\"520\" src=\"http:\/\/cvrcak-daruvar.com.hr\/wp-content\/uploads\/2019\/05\/c2.jpg\" alt=\"\" data-id=\"5123\" data-link=\"http:\/\/cvrcak-daruvar.com.hr\/?attachment_id=5123\" class=\"wp-image-5123\" srcset=\"http:\/\/cvrcak-daruvar.com.hr\/wp-content\/uploads\/2019\/05\/c2.jpg 627w, http:\/\/cvrcak-daruvar.com.hr\/wp-content\/uploads\/2019\/05\/c2-300x249.jpg 300w\" sizes=\"(max-width: 627px) 100vw, 627px\" \/><\/figure><\/li><li class=\"blocks-gallery-item\"><figure><img decoding=\"async\" loading=\"lazy\" width=\"619\" height=\"424\" src=\"http:\/\/cvrcak-daruvar.com.hr\/wp-content\/uploads\/2019\/05\/c3.jpg\" alt=\"\" data-id=\"5124\" data-link=\"http:\/\/cvrcak-daruvar.com.hr\/?attachment_id=5124\" class=\"wp-image-5124\" srcset=\"http:\/\/cvrcak-daruvar.com.hr\/wp-content\/uploads\/2019\/05\/c3.jpg 619w, http:\/\/cvrcak-daruvar.com.hr\/wp-content\/uploads\/2019\/05\/c3-300x205.jpg 300w\" sizes=\"(max-width: 619px) 100vw, 619px\" \/><\/figure><\/li><li class=\"blocks-gallery-item\"><figure><img decoding=\"async\" loading=\"lazy\" width=\"685\" height=\"433\" src=\"http:\/\/cvrcak-daruvar.com.hr\/wp-content\/uploads\/2019\/05\/c4.jpg\" alt=\"\" data-id=\"5125\" data-link=\"http:\/\/cvrcak-daruvar.com.hr\/?attachment_id=5125\" class=\"wp-image-5125\" srcset=\"http:\/\/cvrcak-daruvar.com.hr\/wp-content\/uploads\/2019\/05\/c4.jpg 685w, http:\/\/cvrcak-daruvar.com.hr\/wp-content\/uploads\/2019\/05\/c4-300x190.jpg 300w\" sizes=\"(max-width: 685px) 100vw, 685px\" \/><\/figure><\/li><li class=\"blocks-gallery-item\"><figure><img decoding=\"async\" loading=\"lazy\" width=\"622\" height=\"474\" src=\"http:\/\/cvrcak-daruvar.com.hr\/wp-content\/uploads\/2019\/05\/c5.jpg\" alt=\"\" data-id=\"5126\" data-link=\"http:\/\/cvrcak-daruvar.com.hr\/?attachment_id=5126\" class=\"wp-image-5126\" srcset=\"http:\/\/cvrcak-daruvar.com.hr\/wp-content\/uploads\/2019\/05\/c5.jpg 622w, http:\/\/cvrcak-daruvar.com.hr\/wp-content\/uploads\/2019\/05\/c5-300x229.jpg 300w\" sizes=\"(max-width: 622px) 100vw, 622px\" \/><\/figure><\/li><li class=\"blocks-gallery-item\"><figure><img decoding=\"async\" loading=\"lazy\" width=\"688\" height=\"466\" src=\"http:\/\/cvrcak-daruvar.com.hr\/wp-content\/uploads\/2019\/05\/c6.jpg\" alt=\"\" data-id=\"5127\" data-link=\"http:\/\/cvrcak-daruvar.com.hr\/?attachment_id=5127\" class=\"wp-image-5127\" srcset=\"http:\/\/cvrcak-daruvar.com.hr\/wp-content\/uploads\/2019\/05\/c6.jpg 688w, http:\/\/cvrcak-daruvar.com.hr\/wp-content\/uploads\/2019\/05\/c6-300x203.jpg 300w\" sizes=\"(max-width: 688px) 100vw, 688px\" \/><\/figure><\/li><li class=\"blocks-gallery-item\"><figure><img decoding=\"async\" loading=\"lazy\" width=\"672\" height=\"630\" src=\"http:\/\/cvrcak-daruvar.com.hr\/wp-content\/uploads\/2019\/05\/c7.jpg\" alt=\"\" data-id=\"5128\" data-link=\"http:\/\/cvrcak-daruvar.com.hr\/?attachment_id=5128\" class=\"wp-image-5128\" srcset=\"http:\/\/cvrcak-daruvar.com.hr\/wp-content\/uploads\/2019\/05\/c7.jpg 672w, http:\/\/cvrcak-daruvar.com.hr\/wp-content\/uploads\/2019\/05\/c7-300x281.jpg 300w\" sizes=\"(max-width: 672px) 100vw, 672px\" \/><\/figure><\/li><\/ul>\n\n\n\n<p>Roditeljima smo na roditeljskom sastanku pokazali \u0161to smo\nsve u\u010dili i nau\u010dili malom priredbom s tri tematske cjeline: \u0161kola, prolje\u0107e,\nobitelj i Uskrs. <\/p>\n\n\n\n<p>Prezentirali smo svoj rad kroz slike, recitacije, igrokaze, pjesmu i ples, te izlo\u017ebu likovnih i uskrsnih radova<\/p>\n\n\n\n<ul class=\"wp-block-gallery columns-1 is-cropped wp-block-gallery-9 is-layout-flex\"><li class=\"blocks-gallery-item\"><figure><img decoding=\"async\" loading=\"lazy\" width=\"466\" height=\"829\" src=\"http:\/\/cvrcak-daruvar.com.hr\/wp-content\/uploads\/2019\/05\/d1.jpg\" alt=\"\" data-id=\"5131\" data-link=\"http:\/\/cvrcak-daruvar.com.hr\/?attachment_id=5131\" class=\"wp-image-5131\" srcset=\"http:\/\/cvrcak-daruvar.com.hr\/wp-content\/uploads\/2019\/05\/d1.jpg 466w, http:\/\/cvrcak-daruvar.com.hr\/wp-content\/uploads\/2019\/05\/d1-169x300.jpg 169w\" sizes=\"(max-width: 466px) 100vw, 466px\" \/><\/figure><\/li><li class=\"blocks-gallery-item\"><figure><img decoding=\"async\" loading=\"lazy\" width=\"622\" height=\"829\" src=\"http:\/\/cvrcak-daruvar.com.hr\/wp-content\/uploads\/2019\/05\/d2.jpg\" alt=\"\" data-id=\"5132\" data-link=\"http:\/\/cvrcak-daruvar.com.hr\/?attachment_id=5132\" class=\"wp-image-5132\" srcset=\"http:\/\/cvrcak-daruvar.com.hr\/wp-content\/uploads\/2019\/05\/d2.jpg 622w, http:\/\/cvrcak-daruvar.com.hr\/wp-content\/uploads\/2019\/05\/d2-225x300.jpg 225w\" sizes=\"(max-width: 622px) 100vw, 622px\" \/><\/figure><\/li><li class=\"blocks-gallery-item\"><figure><img decoding=\"async\" loading=\"lazy\" width=\"871\" height=\"653\" src=\"http:\/\/cvrcak-daruvar.com.hr\/wp-content\/uploads\/2019\/05\/d3.jpg\" alt=\"\" data-id=\"5133\" data-link=\"http:\/\/cvrcak-daruvar.com.hr\/?attachment_id=5133\" class=\"wp-image-5133\" srcset=\"http:\/\/cvrcak-daruvar.com.hr\/wp-content\/uploads\/2019\/05\/d3.jpg 871w, http:\/\/cvrcak-daruvar.com.hr\/wp-content\/uploads\/2019\/05\/d3-300x225.jpg 300w, http:\/\/cvrcak-daruvar.com.hr\/wp-content\/uploads\/2019\/05\/d3-768x576.jpg 768w\" sizes=\"(max-width: 871px) 100vw, 871px\" \/><\/figure><\/li><\/ul>\n\n\n\n<p>Dana 18. travnja bili smo na kupanju u Termalom vodenom parku.<\/p>\n\n\n\n<ul class=\"wp-block-gallery columns-2 is-cropped wp-block-gallery-11 is-layout-flex\"><li class=\"blocks-gallery-item\"><figure><img decoding=\"async\" loading=\"lazy\" width=\"566\" height=\"424\" src=\"http:\/\/cvrcak-daruvar.com.hr\/wp-content\/uploads\/2019\/05\/e1.jpg\" alt=\"\" data-id=\"5135\" data-link=\"http:\/\/cvrcak-daruvar.com.hr\/?attachment_id=5135\" class=\"wp-image-5135\" srcset=\"http:\/\/cvrcak-daruvar.com.hr\/wp-content\/uploads\/2019\/05\/e1.jpg 566w, http:\/\/cvrcak-daruvar.com.hr\/wp-content\/uploads\/2019\/05\/e1-300x225.jpg 300w\" sizes=\"(max-width: 566px) 100vw, 566px\" \/><\/figure><\/li><li class=\"blocks-gallery-item\"><figure><img decoding=\"async\" loading=\"lazy\" width=\"741\" height=\"421\" src=\"http:\/\/cvrcak-daruvar.com.hr\/wp-content\/uploads\/2019\/05\/e2.jpg\" alt=\"\" data-id=\"5136\" data-link=\"http:\/\/cvrcak-daruvar.com.hr\/?attachment_id=5136\" class=\"wp-image-5136\" srcset=\"http:\/\/cvrcak-daruvar.com.hr\/wp-content\/uploads\/2019\/05\/e2.jpg 741w, http:\/\/cvrcak-daruvar.com.hr\/wp-content\/uploads\/2019\/05\/e2-300x170.jpg 300w\" sizes=\"(max-width: 741px) 100vw, 741px\" \/><\/figure><\/li><li class=\"blocks-gallery-item\"><figure><img decoding=\"async\" loading=\"lazy\" width=\"1024\" height=\"582\" src=\"http:\/\/cvrcak-daruvar.com.hr\/wp-content\/uploads\/2019\/05\/e3-1024x582.jpg\" alt=\"\" data-id=\"5137\" data-link=\"http:\/\/cvrcak-daruvar.com.hr\/?attachment_id=5137\" class=\"wp-image-5137\" srcset=\"http:\/\/cvrcak-daruvar.com.hr\/wp-content\/uploads\/2019\/05\/e3-1024x582.jpg 1024w, http:\/\/cvrcak-daruvar.com.hr\/wp-content\/uploads\/2019\/05\/e3-300x171.jpg 300w, http:\/\/cvrcak-daruvar.com.hr\/wp-content\/uploads\/2019\/05\/e3-768x437.jpg 768w, http:\/\/cvrcak-daruvar.com.hr\/wp-content\/uploads\/2019\/05\/e3.jpg 1280w\" sizes=\"(max-width: 1024px) 100vw, 1024px\" \/><\/figure><\/li><\/ul>\n","protected":false},"excerpt":{"rendered":"<p>PREZENTACIJA Tijekom drugog polugodi\u0161ta&nbsp; u\u010denici&nbsp; u produ\u017eenom boravku realizirali su brojne aktivnosti koje su se odnosile na pisanje doma\u0107ih zada\u0107a, u\u010denje, kreativne i dramske radionice, igru, sport, boravak na \u0161kolskom igrali\u0161tu, posjete,\u0161etnje i dru\u017eenja. U velja\u010di smo sudjelovali u karnevalskoj povoci u organizaciji grada Daruvara, gdje smo kostimima, rekvizitima, pjesmom i plesom predstavljali ronioce i [&hellip;]<\/p>\n","protected":false},"author":2,"featured_media":0,"parent":0,"menu_order":0,"comment_status":"closed","ping_status":"closed","template":"","meta":[],"_links":{"self":[{"href":"http:\/\/cvrcak-daruvar.com.hr\/index.php?rest_route=\/wp\/v2\/pages\/4826"}],"collection":[{"href":"http:\/\/cvrcak-daruvar.com.hr\/index.php?rest_route=\/wp\/v2\/pages"}],"about":[{"href":"http:\/\/cvrcak-daruvar.com.hr\/index.php?rest_route=\/wp\/v2\/types\/page"}],"author":[{"embeddable":true,"href":"http:\/\/cvrcak-daruvar.com.hr\/index.php?rest_route=\/wp\/v2\/users\/2"}],"replies":[{"embeddable":true,"href":"http:\/\/cvrcak-daruvar.com.hr\/index.php?rest_route=%2Fwp%2Fv2%2Fcomments&post=4826"}],"version-history":[{"count":15,"href":"http:\/\/cvrcak-daruvar.com.hr\/index.php?rest_route=\/wp\/v2\/pages\/4826\/revisions"}],"predecessor-version":[{"id":5315,"href":"http:\/\/cvrcak-daruvar.com.hr\/index.php?rest_route=\/wp\/v2\/pages\/4826\/revisions\/5315"}],"wp:attachment":[{"href":"http:\/\/cvrcak-daruvar.com.hr\/index.php?rest_route=%2Fwp%2Fv2%2Fmedia&parent=4826"}],"curies":[{"name":"wp","href":"https:\/\/api.w.org\/{rel}","templated":true}]}}