{"id":479,"date":"2012-06-07T07:46:35","date_gmt":"2012-06-07T05:46:35","guid":{"rendered":"http:\/\/cvrcak-daruvar.com.hr\/?page_id=479"},"modified":"2012-06-07T07:46:35","modified_gmt":"2012-06-07T05:46:35","slug":"uciteljica-moj-uzor","status":"publish","type":"page","link":"http:\/\/cvrcak-daruvar.com.hr\/?page_id=479","title":{"rendered":"U\u010cITELJICA-MOJ UZOR"},"content":{"rendered":"<p>Vi ste u\u010diteljica velikog srca,<\/p>\n<p>svi vide va\u0161 osmijeh lica,<\/p>\n<p>dobra ste u\u010diteljica.<\/p>\n<p>&nbsp;<\/p>\n<p>Lijepi ste kao cvijet,<\/p>\n<p>divi vam se cijeli svijet,<\/p>\n<p>u\u010diteljica ste za pet.<\/p>\n<p>&nbsp;<\/p>\n<p>Odli\u010dno nas u\u010dite<\/p>\n<p>strpljenja puno imate,<\/p>\n<p>i uvijek zadovoljni ste.<\/p>\n<p>&nbsp;<\/p>\n<p>Ugodno se iznenadite<\/p>\n<p>kad vidite sastavak lijep.<\/p>\n<p>Crvenu kemijsku izvadite,<\/p>\n<p>\u201eOdli\u010dno!\u201c,napi\u0161ete<\/p>\n<p>i kva\u010dicu stavite.<\/p>\n<p>&nbsp;<\/p>\n<p>Uvijek nas razveselite,<\/p>\n<p>ponekad se \u0161alite,<\/p>\n<p>svoju dobrotu nam darujete.<\/p>\n<p>&nbsp;<\/p>\n<p>Vi ste u\u010diteljica mila.<\/p>\n<p>ja mislim da ste vila<\/p>\n<p>i da imate \u010daroban \u0161tapi\u0107 i krila.<\/p>\n<p>&nbsp;<\/p>\n<p>Na\u0161im postignu\u0107ima se veselite.<\/p>\n<p>Svaki dan je s vama zabavan,<\/p>\n<p>lijep, ma\u0161tovit i sretan.<\/p>\n<p>&nbsp;<\/p>\n<p>Kad odrastem u\u010diteljica bih bila<\/p>\n<p>kao vi- dobra i mila.<\/p>\n<p>Djecu bih u\u010dila, to sam odlu\u010dila.<\/p>\n<p>&nbsp;<\/p>\n<p>Od vas sam ovo nau\u010dila:<\/p>\n<p>u\u010diteljica mora biti dobra i strpljiva.<\/p>\n<p>Ba\u0161 takva u\u010diteljica bit \u0107u ja!<\/p>\n<p>&nbsp;<\/p>\n<p>Hvala, u\u010diteljice, \u0161to ste me to nau\u010dili.<\/p>\n<p>Zahvalna \u0107u vam biti<\/p>\n<p>i rado vas se sje\u0107ati!<\/p>\n<p>&nbsp;<\/p>\n<p style=\"text-align: center;\"><em>Osnovna \u0161kola Vladimira Nazora, Daruvar<\/em><\/p>\n<p style=\"text-align: center;\"><em>U\u010diteljica: Jasna \u0160\u0107erba<\/em><\/p>\n<p style=\"text-align: center;\"><em>U\u010denica: Ema \u0160epl, 3. B razred<\/em><\/p>\n<p style=\"text-align: center;\"><em>Kategorija: Literarni ostvaraj<\/em><\/p>\n","protected":false},"excerpt":{"rendered":"<p>Vi ste u\u010diteljica velikog srca, svi vide va\u0161 osmijeh lica, dobra ste u\u010diteljica. &nbsp; Lijepi ste kao cvijet, divi vam se cijeli svijet, u\u010diteljica ste za pet. &nbsp; Odli\u010dno nas u\u010dite strpljenja puno imate, i uvijek zadovoljni ste. &nbsp; Ugodno se iznenadite kad vidite sastavak lijep. Crvenu kemijsku izvadite, \u201eOdli\u010dno!\u201c,napi\u0161ete i kva\u010dicu stavite. &nbsp; Uvijek [&hellip;]<\/p>\n","protected":false},"author":1,"featured_media":0,"parent":232,"menu_order":0,"comment_status":"closed","ping_status":"closed","template":"","meta":[],"_links":{"self":[{"href":"http:\/\/cvrcak-daruvar.com.hr\/index.php?rest_route=\/wp\/v2\/pages\/479"}],"collection":[{"href":"http:\/\/cvrcak-daruvar.com.hr\/index.php?rest_route=\/wp\/v2\/pages"}],"about":[{"href":"http:\/\/cvrcak-daruvar.com.hr\/index.php?rest_route=\/wp\/v2\/types\/page"}],"author":[{"embeddable":true,"href":"http:\/\/cvrcak-daruvar.com.hr\/index.php?rest_route=\/wp\/v2\/users\/1"}],"replies":[{"embeddable":true,"href":"http:\/\/cvrcak-daruvar.com.hr\/index.php?rest_route=%2Fwp%2Fv2%2Fcomments&post=479"}],"version-history":[{"count":1,"href":"http:\/\/cvrcak-daruvar.com.hr\/index.php?rest_route=\/wp\/v2\/pages\/479\/revisions"}],"predecessor-version":[{"id":480,"href":"http:\/\/cvrcak-daruvar.com.hr\/index.php?rest_route=\/wp\/v2\/pages\/479\/revisions\/480"}],"up":[{"embeddable":true,"href":"http:\/\/cvrcak-daruvar.com.hr\/index.php?rest_route=\/wp\/v2\/pages\/232"}],"wp:attachment":[{"href":"http:\/\/cvrcak-daruvar.com.hr\/index.php?rest_route=%2Fwp%2Fv2%2Fmedia&parent=479"}],"curies":[{"name":"wp","href":"https:\/\/api.w.org\/{rel}","templated":true}]}}