{"id":4727,"date":"2019-03-10T09:28:32","date_gmt":"2019-03-10T08:28:32","guid":{"rendered":"http:\/\/cvrcak-daruvar.com.hr\/?page_id=4727"},"modified":"2019-03-10T09:28:32","modified_gmt":"2019-03-10T08:28:32","slug":"moj-djed","status":"publish","type":"page","link":"http:\/\/cvrcak-daruvar.com.hr\/?page_id=4727","title":{"rendered":"Moj djed"},"content":{"rendered":"\n<p>Moj najdra\u017ei \u010dlan obitelji je moj djed\nIvan Serti\u0107. On je mojoj majci otac. Ima 74 godine, zna\u010di nije vi\u0161e mlad, nizak\nje, debeo i \u0107elav, ali meni najljep\u0161i. \u017divi na selu kao poljodjelac, ima\n\u017euljevite ruke i pogrbljen je od te\u0161koga rada i ima jako blage o\u010di. <\/p>\n\n\n\n<p>&nbsp;&nbsp;&nbsp;&nbsp;&nbsp;&nbsp;&nbsp;&nbsp;&nbsp;&nbsp;&nbsp;&nbsp; Najdra\u017ei mi je zbog toga \u0161to pri\u010da\nrazne pri\u010de, a ovo je jedna koja mi je najzanimljivija. <\/p>\n\n\n\n<p>Pri\u010da po\u010dinje ovako: moj djed je nakon\ndana u \u0161koli oti\u0161ao sa svojim u\u010diteljem na pecanje riba. Predugo su se zadr\u017eali\npa moj djed nije imao vremena napisati zada\u0107u. Drugi dan u \u0161koli u\u010ditelj (koji\nje ju\u010der i\u0161ao s njim na pecanje) prozvao ga je da mu pro\u010dita zada\u0107u no moj ju\ndjed nije imao napisanu. Djed je, naravno, uzeo bilje\u017enicu i po\u010deo \u010ditati\nnevidljiva slova, u\u010ditelj je proku\u017eio pa je djed dobio \u0161ibom&nbsp; po rukama&#8230; ka\u017ee da je imao jako velike\nrane. Zatim se sje\u0107am da mi je jedanput rekao da nije pisao u bilje\u017enicu nego\nna kamene plo\u010dice, da se boji dubine zbog jednog incidenta u vojsci. . . <\/p>\n\n\n\n<p>&nbsp;&nbsp;&nbsp;&nbsp;&nbsp;&nbsp;&nbsp;&nbsp;&nbsp;&nbsp;&nbsp;&nbsp; Moj djed prekrasno pri\u010da pri\u010de,\nali ima i puno drugih vrlina zbog kojih ga obo\u017eavam i volim. Najsretnija sam\nkada sam kod njega i s njim provodim vrijeme. Nadam se da \u0107u \u010duti jo\u0161 mnogo\nneispri\u010danih pri\u010da od svog djeda i da \u0107e me te \u017euljevite ruke jo\u0161 dugo grliti. <\/p>\n\n\n\n<p>Marta Slivar, 7.B<\/p>\n","protected":false},"excerpt":{"rendered":"<p>Moj najdra\u017ei \u010dlan obitelji je moj djed Ivan Serti\u0107. On je mojoj majci otac. Ima 74 godine, zna\u010di nije vi\u0161e mlad, nizak je, debeo i \u0107elav, ali meni najljep\u0161i. \u017divi na selu kao poljodjelac, ima \u017euljevite ruke i pogrbljen je od te\u0161koga rada i ima jako blage o\u010di. &nbsp;&nbsp;&nbsp;&nbsp;&nbsp;&nbsp;&nbsp;&nbsp;&nbsp;&nbsp;&nbsp;&nbsp; Najdra\u017ei mi je zbog toga \u0161to [&hellip;]<\/p>\n","protected":false},"author":2,"featured_media":0,"parent":0,"menu_order":0,"comment_status":"closed","ping_status":"closed","template":"","meta":[],"_links":{"self":[{"href":"http:\/\/cvrcak-daruvar.com.hr\/index.php?rest_route=\/wp\/v2\/pages\/4727"}],"collection":[{"href":"http:\/\/cvrcak-daruvar.com.hr\/index.php?rest_route=\/wp\/v2\/pages"}],"about":[{"href":"http:\/\/cvrcak-daruvar.com.hr\/index.php?rest_route=\/wp\/v2\/types\/page"}],"author":[{"embeddable":true,"href":"http:\/\/cvrcak-daruvar.com.hr\/index.php?rest_route=\/wp\/v2\/users\/2"}],"replies":[{"embeddable":true,"href":"http:\/\/cvrcak-daruvar.com.hr\/index.php?rest_route=%2Fwp%2Fv2%2Fcomments&post=4727"}],"version-history":[{"count":1,"href":"http:\/\/cvrcak-daruvar.com.hr\/index.php?rest_route=\/wp\/v2\/pages\/4727\/revisions"}],"predecessor-version":[{"id":4728,"href":"http:\/\/cvrcak-daruvar.com.hr\/index.php?rest_route=\/wp\/v2\/pages\/4727\/revisions\/4728"}],"wp:attachment":[{"href":"http:\/\/cvrcak-daruvar.com.hr\/index.php?rest_route=%2Fwp%2Fv2%2Fmedia&parent=4727"}],"curies":[{"name":"wp","href":"https:\/\/api.w.org\/{rel}","templated":true}]}}