{"id":4714,"date":"2019-03-10T09:18:52","date_gmt":"2019-03-10T08:18:52","guid":{"rendered":"http:\/\/cvrcak-daruvar.com.hr\/?page_id=4714"},"modified":"2019-12-09T18:03:28","modified_gmt":"2019-12-09T17:03:28","slug":"ucenici-preporucuju-ucenicima","status":"publish","type":"page","link":"http:\/\/cvrcak-daruvar.com.hr\/?page_id=4714","title":{"rendered":"U\u010denici preporu\u010duju u\u010denicima 2018.\/2019."},"content":{"rendered":"\n<h2 class=\"wp-block-heading\"><a href=\"http:\/\/cvrcak-daruvar.com.hr\/?page_id=5195\" target=\"_blank\" rel=\"noreferrer noopener\" aria-label=\"Plakati zabavne lektire (opens in a new tab)\">Plakati zabavne lektire<\/a><\/h2>\n\n\n\n<h2 class=\"wp-block-heading\"><strong><a href=\"http:\/\/cvrcak-daruvar.com.hr\/?page_id=4953\">Zabavna lektira<\/a><\/strong><\/h2>\n\n\n\n<figure class=\"wp-block-image\"><img decoding=\"async\" loading=\"lazy\" width=\"603\" height=\"132\" src=\"http:\/\/cvrcak-daruvar.com.hr\/wp-content\/uploads\/2019\/03\/image.png\" alt=\"\" class=\"wp-image-4717\" srcset=\"http:\/\/cvrcak-daruvar.com.hr\/wp-content\/uploads\/2019\/03\/image.png 603w, http:\/\/cvrcak-daruvar.com.hr\/wp-content\/uploads\/2019\/03\/image-300x66.png 300w\" sizes=\"(max-width: 603px) 100vw, 603px\" \/><figcaption><br><br><\/figcaption><\/figure>\n\n\n\n<p><strong>Majda Vacka <\/strong><\/p>\n\n\n\n<p><a>Richard Bach, Galeb\nJonathan Livingston<\/a><\/p>\n\n\n\n<p>Roman Galeb Jonathan Livingston\nRicharda Bacha govori o Jonathanovoj ljubavi prema letenju. On misli da bi cilj\ngalebovog \u017eivota trebalo biti usavr\u0161avanje leta, a ne borba za hranom. No\nostali ga galebovi ne podr\u017eavaju i smiju mu se. Jonathan im jedno vrijeme\npoku\u0161ava udovoljiti, ali shva\u0107a da je va\u017enija njegova sre\u0107a. Cijeli \u017eivot\nusavr\u0161ava let te na kraju dolazi na mjesto na kojemu \u017eive njegovi\nistomi\u0161ljenici. Kada nau\u010di putovati umom vra\u0107a se na Zemlju i \u0161iri svoje\nznanje.<\/p>\n\n\n\n<p>Jonathan je svoj cijeli \u017eivot bio uporan i nije dopustio da mu ostali govore \u0161to da radi. Volio je dijeliti svoje znanje i znao ga cijeniti. Ovaj roman nam pokazuje \u0161to je va\u017eno u \u017eivotu. Svi bismo se trebali truditi biti kao galeb Jonathan Livingston.<\/p>\n\n\n\n<p><\/p>\n\n\n\n<p><\/p>\n\n\n\n<p><\/p>\n\n\n\n<p><strong>Latina Ba\u0161\u010devan<\/strong><\/p>\n\n\n\n<p><a>Richard Bach, Galeb Jonathan Livingston<\/a><\/p>\n\n\n\n<p>&nbsp;Roman &#8220;Galeb Jonathan Livingston&#8221; Richarda\nBacha prati uspone i padove mladog galeba. Roman je u prenesenom zna\u010denju i\nsvoje \u010ditatelje u\u010di o utjecaju koji jedna osoba mo\u017ee imati na cijelo dru\u0161tvo. U\u010di\nnas va\u017enosti novih ideja, isticanju i samopouzdanju.<\/p>\n\n\n\n<p>Mladi galeb Jonathan zapo\u010dinje kao\nhrabra ptica prepuna novih i originalnih ideja. Roman prati njegov \u017eivot &#8211; od\nneprihva\u0107enosti od strane jata i sumnja u sebe sve do trenutka u kojemu, nakon\nsvih godina iskustva, postaje u\u010diteljem prezentiraju\u0107i svoje ideje mladim\ngalebovima neiskvarenih umova.<\/p>\n\n\n\n<p>Autor uspore\u0111uje \u017eivot galeba Jonathana Livingstona s na\u0161im, njegove probleme poistovje\u0107uje s problemima dana\u0161njeg ljudskog dru\u0161tva. Roman veliku va\u017enost daje Jonathanovim osje\u0107ajima i porukama nau\u010denima kroz \u017eivot, stoga je ovo savr\u0161ena knjiga za mlade.&nbsp;&nbsp;&nbsp;&nbsp;&nbsp; <\/p>\n\n\n\n<div class=\"wp-block-image\"><figure class=\"aligncenter\"><img decoding=\"async\" loading=\"lazy\" width=\"605\" height=\"454\" src=\"http:\/\/cvrcak-daruvar.com.hr\/wp-content\/uploads\/2019\/03\/image-2.png\" alt=\"\" class=\"wp-image-4720\" srcset=\"http:\/\/cvrcak-daruvar.com.hr\/wp-content\/uploads\/2019\/03\/image-2.png 605w, http:\/\/cvrcak-daruvar.com.hr\/wp-content\/uploads\/2019\/03\/image-2-300x225.png 300w\" sizes=\"(max-width: 605px) 100vw, 605px\" \/><\/figure><\/div>\n\n\n\n<p><\/p>\n\n\n\n<p><\/p>\n\n\n\n<p><\/p>\n\n\n\n<p><strong>Mario Veltruski<\/strong><\/p>\n\n\n\n<p>Richard Bach, Galeb Jonathan Livingston<\/p>\n\n\n\n<p>U djelu Galeb Jonathan Livingston Richarda Bacha radi se o\ngalebu koji je letio bolje od svih ptica. Nije letio samo da uhvati ribu, nego\ni da poka\u017ee svoje vje\u0161tine. Pokazao je da je druk\u010diji i nije se toga bojao.\nImao je ciljeve koje je poku\u0161avao nadma\u0161iti i to ga je \u010dinilo posebnim. Do\nkraja pri\u010de shvatit \u0107ete da se isplati biti druk\u010diji.<\/p>\n\n\n\n<p>Pisac u ovom djelu opisuje galeba kao pravu osobu s osje\u0107ajima i emocijama. Emotivno slika \u017eivot jednog galeba i sliku problema iz stvarnog \u017eivota.<\/p>\n\n\n\n<figure class=\"wp-block-image\"><img decoding=\"async\" loading=\"lazy\" width=\"605\" height=\"454\" src=\"http:\/\/cvrcak-daruvar.com.hr\/wp-content\/uploads\/2019\/03\/image-3.png\" alt=\"\" class=\"wp-image-4721\" srcset=\"http:\/\/cvrcak-daruvar.com.hr\/wp-content\/uploads\/2019\/03\/image-3.png 605w, http:\/\/cvrcak-daruvar.com.hr\/wp-content\/uploads\/2019\/03\/image-3-300x225.png 300w\" sizes=\"(max-width: 605px) 100vw, 605px\" \/><\/figure>\n","protected":false},"excerpt":{"rendered":"<p>Plakati zabavne lektire Zabavna lektira Majda Vacka Richard Bach, Galeb Jonathan Livingston Roman Galeb Jonathan Livingston Richarda Bacha govori o Jonathanovoj ljubavi prema letenju. On misli da bi cilj galebovog \u017eivota trebalo biti usavr\u0161avanje leta, a ne borba za hranom. No ostali ga galebovi ne podr\u017eavaju i smiju mu se. Jonathan im jedno vrijeme poku\u0161ava [&hellip;]<\/p>\n","protected":false},"author":2,"featured_media":0,"parent":0,"menu_order":0,"comment_status":"closed","ping_status":"closed","template":"","meta":[],"_links":{"self":[{"href":"http:\/\/cvrcak-daruvar.com.hr\/index.php?rest_route=\/wp\/v2\/pages\/4714"}],"collection":[{"href":"http:\/\/cvrcak-daruvar.com.hr\/index.php?rest_route=\/wp\/v2\/pages"}],"about":[{"href":"http:\/\/cvrcak-daruvar.com.hr\/index.php?rest_route=\/wp\/v2\/types\/page"}],"author":[{"embeddable":true,"href":"http:\/\/cvrcak-daruvar.com.hr\/index.php?rest_route=\/wp\/v2\/users\/2"}],"replies":[{"embeddable":true,"href":"http:\/\/cvrcak-daruvar.com.hr\/index.php?rest_route=%2Fwp%2Fv2%2Fcomments&post=4714"}],"version-history":[{"count":9,"href":"http:\/\/cvrcak-daruvar.com.hr\/index.php?rest_route=\/wp\/v2\/pages\/4714\/revisions"}],"predecessor-version":[{"id":5316,"href":"http:\/\/cvrcak-daruvar.com.hr\/index.php?rest_route=\/wp\/v2\/pages\/4714\/revisions\/5316"}],"wp:attachment":[{"href":"http:\/\/cvrcak-daruvar.com.hr\/index.php?rest_route=%2Fwp%2Fv2%2Fmedia&parent=4714"}],"curies":[{"name":"wp","href":"https:\/\/api.w.org\/{rel}","templated":true}]}}