{"id":4690,"date":"2019-03-10T08:45:10","date_gmt":"2019-03-10T07:45:10","guid":{"rendered":"http:\/\/cvrcak-daruvar.com.hr\/?page_id=4690"},"modified":"2019-12-09T18:04:38","modified_gmt":"2019-12-09T17:04:38","slug":"literarni-kutak-7","status":"publish","type":"page","link":"http:\/\/cvrcak-daruvar.com.hr\/?page_id=4690","title":{"rendered":"Literarni kutak 2018.\/2019."},"content":{"rendered":"\n<h3 class=\"wp-block-heading\"><a href=\"http:\/\/cvrcak-daruvar.com.hr\/?page_id=5184\" target=\"_blank\" rel=\"noreferrer noopener\" aria-label=\"Refleksije na pjesmu A. B. \u0160imi\u0107a (opens in a new tab)\">Refleksije na pjesmu A. B. \u0160imi\u0107a<\/a><\/h3>\n\n\n\n<h3 class=\"wp-block-heading\"><a href=\"https:\/\/drive.google.com\/file\/d\/1vSH4PVH1x1Mk_StFQMc1WobJM6uvK22R\/view?usp=sharing\" target=\"_blank\" rel=\"noreferrer noopener\" aria-label=\"Pjesme o ki\u0161i (opens in a new tab)\">Pjesme o ki\u0161i<\/a><\/h3>\n\n\n\n<h2 class=\"wp-block-heading\"><a href=\"https:\/\/drive.google.com\/file\/d\/1JaNv1F1zBE6_BrgP1gNxoUMlnJVuVvLt\/view?usp=sharing\" target=\"_blank\" rel=\"noreferrer noopener\" aria-label=\"Pjesme o sre\u0107i (opens in a new tab)\">Pjesme o sre\u0107i<\/a><\/h2>\n\n\n\n<h2 class=\"wp-block-heading\"><a href=\"http:\/\/cvrcak-daruvar.com.hr\/?page_id=5149\" target=\"_blank\" rel=\"noreferrer noopener\" aria-label=\"Osvrt na knjigu i film Kradljivica knjiga  (opens in a new tab)\">Osvrt na knjigu i film Kradljivica knjiga <\/a><\/h2>\n\n\n\n<h2 class=\"wp-block-heading\"><a href=\"http:\/\/cvrcak-daruvar.com.hr\/?page_id=5080\" target=\"_blank\" rel=\"noreferrer noopener\" aria-label=\"Ususret prolje\u0107u (opens in a new tab)\">Ususret prolje\u0107u<\/a><\/h2>\n\n\n\n<h2 class=\"wp-block-heading\"><a href=\"http:\/\/cvrcak-daruvar.com.hr\/?page_id=5033\">Otvorena pisama<\/a><\/h2>\n\n\n\n<h2 class=\"wp-block-heading\"><a href=\"https:\/\/drive.google.com\/open?id=16J1S18nprTEDJLRVNAzxOm-ML-i8_OGa\" target=\"_blank\" rel=\"noreferrer noopener\" aria-label=\"Samo\u0107a (opens in a new tab)\">Samo\u0107a<\/a><\/h2>\n\n\n\n<h2 class=\"wp-block-heading\"><a href=\"https:\/\/drive.google.com\/open?id=1T0sbnhaMfGSkcfnBKj8x0WcVyj7jxRHA\" target=\"_blank\" rel=\"noreferrer noopener\" aria-label=\" (opens in a new tab)\">Kad ljubav zaboli-<\/a><\/h2>\n\n\n\n<h2 class=\"wp-block-heading\" id=\"mce_5\"><a href=\"https:\/\/drive.google.com\/open?id=1NT8evoMtyf8QrtIFCUvhs8Civf5mOftG\" target=\"_blank\" rel=\"noreferrer noopener\" aria-label=\" (opens in a new tab)\">Kad ljubav zaboli&#8211;<\/a><\/h2>\n\n\n\n<h2 class=\"wp-block-heading\" id=\"mce_5\"><a href=\"https:\/\/drive.google.com\/open?id=1eJ8Uo1hLqJU5wiJTQjd1iKZsgyKQtEwr\" target=\"_blank\" rel=\"noreferrer noopener\" aria-label=\"Kad ljubav zaboli--- (opens in a new tab)\">Kad ljubav zaboli&#8212;<\/a><\/h2>\n\n\n\n<h2 class=\"wp-block-heading\"><a href=\"https:\/\/drive.google.com\/open?id=1c4L2uycltzVFFTNBimGtUZci3DxgtoOP\" target=\"_blank\" rel=\"noreferrer noopener\" aria-label=\" Moj Sammy  (opens in a new tab)\"> Moj Sammy <\/a><\/h2>\n\n\n\n<h2 class=\"wp-block-heading\"><a href=\"http:\/\/cvrcak-daruvar.com.hr\/?page_id=4727\" target=\"_blank\" rel=\"noreferrer noopener\" aria-label=\" (opens in a new tab)\">Moj djed<\/a><\/h2>\n\n\n\n<h2 class=\"wp-block-heading\"><a href=\"http:\/\/cvrcak-daruvar.com.hr\/?page_id=4731\">Moj razred<\/a><\/h2>\n\n\n\n<h2 class=\"wp-block-heading\"><a href=\"http:\/\/cvrcak-daruvar.com.hr\/?page_id=4746\" target=\"_blank\" rel=\"noreferrer noopener\" aria-label=\" (opens in a new tab)\">Zmaj<\/a><\/h2>\n\n\n\n<h2 class=\"wp-block-heading\"><a href=\"http:\/\/cvrcak-daruvar.com.hr\/?page_id=4751\">Zvon\u010di\u0107i<\/a><\/h2>\n\n\n\n<h3 class=\"wp-block-heading\"><a href=\"http:\/\/cvrcak-daruvar.com.hr\/?page_id=4832\" target=\"_blank\" rel=\"noreferrer noopener\" aria-label=\" (opens in a new tab)\">Pjesme o jeseni u petostihu (\u010dinkvini) 4.c<\/a><\/h3>\n\n\n\n<p><\/p>\n","protected":false},"excerpt":{"rendered":"<p>Refleksije na pjesmu A. B. \u0160imi\u0107a Pjesme o ki\u0161i Pjesme o sre\u0107i Osvrt na knjigu i film Kradljivica knjiga Ususret prolje\u0107u Otvorena pisama Samo\u0107a Kad ljubav zaboli- Kad ljubav zaboli&#8211; Kad ljubav zaboli&#8212; Moj Sammy Moj djed Moj razred Zmaj Zvon\u010di\u0107i Pjesme o jeseni u petostihu (\u010dinkvini) 4.c<\/p>\n","protected":false},"author":2,"featured_media":0,"parent":0,"menu_order":0,"comment_status":"closed","ping_status":"closed","template":"","meta":[],"_links":{"self":[{"href":"http:\/\/cvrcak-daruvar.com.hr\/index.php?rest_route=\/wp\/v2\/pages\/4690"}],"collection":[{"href":"http:\/\/cvrcak-daruvar.com.hr\/index.php?rest_route=\/wp\/v2\/pages"}],"about":[{"href":"http:\/\/cvrcak-daruvar.com.hr\/index.php?rest_route=\/wp\/v2\/types\/page"}],"author":[{"embeddable":true,"href":"http:\/\/cvrcak-daruvar.com.hr\/index.php?rest_route=\/wp\/v2\/users\/2"}],"replies":[{"embeddable":true,"href":"http:\/\/cvrcak-daruvar.com.hr\/index.php?rest_route=%2Fwp%2Fv2%2Fcomments&post=4690"}],"version-history":[{"count":28,"href":"http:\/\/cvrcak-daruvar.com.hr\/index.php?rest_route=\/wp\/v2\/pages\/4690\/revisions"}],"predecessor-version":[{"id":5319,"href":"http:\/\/cvrcak-daruvar.com.hr\/index.php?rest_route=\/wp\/v2\/pages\/4690\/revisions\/5319"}],"wp:attachment":[{"href":"http:\/\/cvrcak-daruvar.com.hr\/index.php?rest_route=%2Fwp%2Fv2%2Fmedia&parent=4690"}],"curies":[{"name":"wp","href":"https:\/\/api.w.org\/{rel}","templated":true}]}}