{"id":4688,"date":"2019-03-10T08:44:41","date_gmt":"2019-03-10T07:44:41","guid":{"rendered":"http:\/\/cvrcak-daruvar.com.hr\/?page_id=4688"},"modified":"2019-12-09T18:04:04","modified_gmt":"2019-12-09T17:04:04","slug":"novinari-6","status":"publish","type":"page","link":"http:\/\/cvrcak-daruvar.com.hr\/?page_id=4688","title":{"rendered":"Novinari 2018.\/2019."},"content":{"rendered":"\n<h2 class=\"wp-block-heading\"><a href=\"http:\/\/cvrcak-daruvar.com.hr\/?page_id=4847\">Ma\u0161kare<\/a><\/h2>\n\n\n\n<h2 class=\"wp-block-heading\"><a href=\"http:\/\/cvrcak-daruvar.com.hr\/?page_id=4858\">Valentinovo<\/a><\/h2>\n\n\n\n<h2 class=\"wp-block-heading\"><strong><a href=\"http:\/\/cvrcak-daruvar.com.hr\/?page_id=4737\">Posjet knji\u017enici<\/a><\/strong><\/h2>\n\n\n\n<h2 class=\"wp-block-heading\"><a href=\"http:\/\/cvrcak-daruvar.com.hr\/?page_id=4981\">\u0160E\u0106ERNA BOLEST<\/a><\/h2>\n\n\n\n<h2 class=\"wp-block-heading\"><strong><a href=\"http:\/\/cvrcak-daruvar.com.hr\/?page_id=4992\">Intervjui s bakama u stara\u010dkom domu<\/a><\/strong><\/h2>\n\n\n\n<p><\/p>\n","protected":false},"excerpt":{"rendered":"<p>Ma\u0161kare Valentinovo Posjet knji\u017enici \u0160E\u0106ERNA BOLEST Intervjui s bakama u stara\u010dkom domu<\/p>\n","protected":false},"author":2,"featured_media":0,"parent":0,"menu_order":0,"comment_status":"closed","ping_status":"closed","template":"","meta":[],"_links":{"self":[{"href":"http:\/\/cvrcak-daruvar.com.hr\/index.php?rest_route=\/wp\/v2\/pages\/4688"}],"collection":[{"href":"http:\/\/cvrcak-daruvar.com.hr\/index.php?rest_route=\/wp\/v2\/pages"}],"about":[{"href":"http:\/\/cvrcak-daruvar.com.hr\/index.php?rest_route=\/wp\/v2\/types\/page"}],"author":[{"embeddable":true,"href":"http:\/\/cvrcak-daruvar.com.hr\/index.php?rest_route=\/wp\/v2\/users\/2"}],"replies":[{"embeddable":true,"href":"http:\/\/cvrcak-daruvar.com.hr\/index.php?rest_route=%2Fwp%2Fv2%2Fcomments&post=4688"}],"version-history":[{"count":12,"href":"http:\/\/cvrcak-daruvar.com.hr\/index.php?rest_route=\/wp\/v2\/pages\/4688\/revisions"}],"predecessor-version":[{"id":5317,"href":"http:\/\/cvrcak-daruvar.com.hr\/index.php?rest_route=\/wp\/v2\/pages\/4688\/revisions\/5317"}],"wp:attachment":[{"href":"http:\/\/cvrcak-daruvar.com.hr\/index.php?rest_route=%2Fwp%2Fv2%2Fmedia&parent=4688"}],"curies":[{"name":"wp","href":"https:\/\/api.w.org\/{rel}","templated":true}]}}