{"id":4686,"date":"2019-03-10T08:44:17","date_gmt":"2019-03-10T07:44:17","guid":{"rendered":"http:\/\/cvrcak-daruvar.com.hr\/?page_id=4686"},"modified":"2019-12-09T18:01:59","modified_gmt":"2019-12-09T17:01:59","slug":"skolski-kutak-2","status":"publish","type":"page","link":"http:\/\/cvrcak-daruvar.com.hr\/?page_id=4686","title":{"rendered":"\u0160kolski kutak 2018.\/2019."},"content":{"rendered":"\n<p><\/p>\n\n\n\n<h2 class=\"wp-block-heading\"> <a href=\"http:\/\/cvrcak-daruvar.com.hr\/?page_id=5277\" target=\"_blank\" rel=\"noreferrer noopener\" aria-label=\"Deset dana astronomije  (opens in a new tab)\">Deset dana astronomije <\/a><\/h2>\n\n\n\n<h2 class=\"wp-block-heading\"><a href=\"http:\/\/cvrcak-daruvar.com.hr\/?page_id=5242\" target=\"_blank\" rel=\"noreferrer noopener\" aria-label=\"\u0160kola u prirodi (opens in a new tab)\">\u0160kola u prirodi<\/a><\/h2>\n\n\n\n<h3 class=\"wp-block-heading\"><a href=\"http:\/\/cvrcak-daruvar.com.hr\/?page_id=5215\" target=\"_blank\" rel=\"noreferrer noopener\" aria-label=\"Terenska nastava 2.r - posjet Opg Sirane Jare\u0161 u Donjim Sre\u0111anima (opens in a new tab)\">Terenska nastava 2.r &#8211; posjet Opg Sirane Jare\u0161 u Donjim Sre\u0111anima<\/a><\/h3>\n\n\n\n<h2 class=\"wp-block-heading\"><a href=\"http:\/\/cvrcak-daruvar.com.hr\/?page_id=5206\" target=\"_blank\" rel=\"noreferrer noopener\" aria-label=\"Obiteljsko stablo (opens in a new tab)\">Obiteljsko stablo<\/a><\/h2>\n\n\n\n<h2 class=\"wp-block-heading\"><a href=\"http:\/\/cvrcak-daruvar.com.hr\/?page_id=5189\" target=\"_blank\" rel=\"noreferrer noopener\" aria-label=\"Svjetski dan Sunca (opens in a new tab)\">Svjetski dan Sunca<\/a><\/h2>\n\n\n\n<h2 class=\"wp-block-heading\"><strong><a href=\"http:\/\/os-vnazora-daruvar.skole.hr\/?news_hk=1&amp;news_id=4648&amp;mshow=3013#mod_news\">Ususret Uskrsu<\/a><\/strong><\/h2>\n\n\n\n<h2 class=\"wp-block-heading\"><strong><a href=\"http:\/\/os-vnazora-daruvar.skole.hr\/?news_hk=1&amp;news_id=4636&amp;mshow=3013#mod_news\">eTIMSS 2019.<\/a><\/strong><a href=\"http:\/\/os-vnazora-daruvar.skole.hr\/?news_hk=1&amp;news_id=4636&amp;mshow=3013#mod_news\"> <\/a><\/h2>\n\n\n\n<h3 class=\"wp-block-heading\"><strong><a href=\"http:\/\/os-vnazora-daruvar.skole.hr\/?news_hk=1&amp;news_id=4633&amp;mshow=3013#mod_news\">100. dan \u0161kole<\/a><\/strong><\/h3>\n\n\n\n<h3 class=\"wp-block-heading\"> <br><strong><a href=\"http:\/\/os-vnazora-daruvar.skole.hr\/?news_hk=1&amp;news_id=4632&amp;mshow=3013#mod_news\">\u0160kola za roditelje &#8220;Ja to mogu&#8221;<\/a><\/strong><a href=\"http:\/\/os-vnazora-daruvar.skole.hr\/?news_hk=1&amp;news_id=4632&amp;mshow=3013#mod_news\"> <\/a><\/h3>\n\n\n\n<h3 class=\"wp-block-heading\"> <br><strong><a href=\"http:\/\/os-vnazora-daruvar.skole.hr\/?news_hk=1&amp;news_id=4603&amp;mshow=3013#mod_news\">\u0160kolska tvornica zabave<\/a><\/strong><a href=\"http:\/\/os-vnazora-daruvar.skole.hr\/?news_hk=1&amp;news_id=4603&amp;mshow=3013#mod_news\"> <\/a><\/h3>\n\n\n\n<h3 class=\"wp-block-heading\"><a href=\"http:\/\/os-vnazora-daruvar.skole.hr\/?news_hk=1&amp;news_id=4536&amp;mshow=3013#mod_news\">Bo\u017ei\u0107ni program<\/a><\/h3>\n\n\n\n<h3 class=\"wp-block-heading\"><strong><a href=\"http:\/\/os-vnazora-daruvar.skole.hr\/?news_hk=1&amp;news_id=4474&amp;mshow=3013#mod_news\">Galerija grada Daruvara<\/a><\/strong><\/h3>\n\n\n\n<h3 class=\"wp-block-heading\"> <strong><a href=\"http:\/\/os-vnazora-daruvar.skole.hr\/?news_hk=1&amp;news_id=4457&amp;mshow=3013#mod_news\">Festival kreativnosti DA kreativa<\/a><\/strong><a href=\"http:\/\/os-vnazora-daruvar.skole.hr\/?news_hk=1&amp;news_id=4457&amp;mshow=3013#mod_news\"> <\/a><\/h3>\n\n\n\n<h3 class=\"wp-block-heading\"><strong><a href=\"http:\/\/os-vnazora-daruvar.skole.hr\/?news_hk=1&amp;news_id=4505&amp;mshow=3013#mod_news\">POP-UP festival emocija, dje\u010dje dobrobiti i dje\u010djih prava<\/a><\/strong><\/h3>\n\n\n\n<h3 class=\"wp-block-heading\"> <br><strong><a href=\"http:\/\/os-vnazora-daruvar.skole.hr\/?news_hk=1&amp;news_id=4443&amp;mshow=3013#mod_news\">Program osposobljavanja za upravljanje biciklom<\/a><\/strong><a href=\"http:\/\/os-vnazora-daruvar.skole.hr\/?news_hk=1&amp;news_id=4443&amp;mshow=3013#mod_news\"> <\/a><br><\/h3>\n\n\n\n<h3 class=\"wp-block-heading\"><strong><a href=\"http:\/\/os-vnazora-daruvar.skole.hr\/?news_hk=1&amp;news_id=4422&amp;mshow=3013#mod_news\">NATJE\u010cAJ &#8211; LOGO \u0160KOLE<\/a><\/strong><\/h3>\n\n\n\n<h3 class=\"wp-block-heading\"> <br><strong><a href=\"http:\/\/os-vnazora-daruvar.skole.hr\/?news_hk=1&amp;news_id=4403&amp;mshow=3013#mod_news\">Edukacija djece u podru\u010dju za\u0161tite i spa\u0161avanja<\/a><\/strong><a href=\"http:\/\/os-vnazora-daruvar.skole.hr\/?news_hk=1&amp;news_id=4403&amp;mshow=3013#mod_news\"> <\/a><\/h3>\n\n\n\n<h3 class=\"wp-block-heading\"><strong><a href=\"http:\/\/os-vnazora-daruvar.skole.hr\/?news_hk=1&amp;news_id=4393&amp;mshow=3013#mod_news\">Od zlata jabuka<\/a><\/strong><\/h3>\n\n\n\n<h3 class=\"wp-block-heading\"> <br><strong><a href=\"http:\/\/os-vnazora-daruvar.skole.hr\/?news_hk=1&amp;news_id=4382&amp;mshow=3013#mod_news\">CodeWeek EU 2018.<\/a><\/strong><a href=\"http:\/\/os-vnazora-daruvar.skole.hr\/?news_hk=1&amp;news_id=4382&amp;mshow=3013#mod_news\"> <\/a><\/h3>\n\n\n\n<h3 class=\"wp-block-heading\"> <br><strong><a href=\"http:\/\/os-vnazora-daruvar.skole.hr\/?news_hk=1&amp;news_id=4380&amp;mshow=3013#mod_news\">Tjedan tehni\u010dke kulture 2018.<\/a><\/strong><a href=\"http:\/\/os-vnazora-daruvar.skole.hr\/?news_hk=1&amp;news_id=4380&amp;mshow=3013#mod_news\"> <\/a><\/h3>\n\n\n\n<h3 class=\"wp-block-heading\"> <br><strong><a href=\"http:\/\/os-vnazora-daruvar.skole.hr\/?news_hk=1&amp;news_id=4373&amp;mshow=3013#mod_news\">5. listopada &#8211; Svjetski dan u\u010ditelja<\/a><\/strong><a href=\"http:\/\/os-vnazora-daruvar.skole.hr\/?news_hk=1&amp;news_id=4373&amp;mshow=3013#mod_news\"> <\/a><\/h3>\n\n\n\n<h3 class=\"wp-block-heading\"> <br><strong><a href=\"http:\/\/os-vnazora-daruvar.skole.hr\/?news_hk=1&amp;news_id=4362&amp;mshow=3013#mod_news\">21. rujna obilje\u017eili smo Dan Europskih jezika<\/a><\/strong><a href=\"http:\/\/os-vnazora-daruvar.skole.hr\/?news_hk=1&amp;news_id=4362&amp;mshow=3013#mod_news\"> <\/a><\/h3>\n\n\n\n<h3 class=\"wp-block-heading\"> <br><strong><a href=\"http:\/\/os-vnazora-daruvar.skole.hr\/?news_hk=1&amp;news_id=4352&amp;mshow=3013#mod_news\">Europski dan jezika<\/a><\/strong><a href=\"http:\/\/os-vnazora-daruvar.skole.hr\/?news_hk=1&amp;news_id=4352&amp;mshow=3013#mod_news\"> <\/a><\/h3>\n\n\n\n<p><\/p>\n\n\n\n<h2 class=\"wp-block-heading\"><strong>KUTAK U \u0160KOLI KOJI SVATKO VOLI<\/strong><\/h2>\n\n\n\n<p>S po\u010detkom \u0161kolske\ngodine u na\u0161oj \u0161koli je zapo\u010delo i provo\u0111enje projekta &#8220;Kutak u \u0161koli koji\nsvatko voli&#8221;. Cilj ovog projekta je bu\u0111enje ekolo\u0161ke svijesti kroz\nizra\u0111ivanje namje\u0161taja za \u0161kolski kutak recikliraju\u0107i razne materijale.<br>\nPrvi korak projekta bio je napraviti plakate i\nletke o projektu te tako animirati u\u010denike i druge gra\u0111ane. Plakate su izradili\npolaznici novinarske skupine. Zatim je slijedilo prikupljanje materijala\n(plasti\u010dnih boca, starih tkanina i sl.) za izradu namje\u0161taja. Svaki je razred\npod satom razrednika, zajedno sa svojim razrednikom, izradio bazu za tabure od\nplasti\u010dnih boca. Ljepljivom trakom zalijepili smo boce tako da su tvorile\nonakav oblik kakav smo htjeli za na\u0161 tabure. Nakon \u0161to su svi razredi izvr\u0161ili\nsvoj zadatak, slijedi oblaganje taburea \u0161perplo\u010dom i spu\u017evom. Vrijedne gospo\u0111e\niz udruge \u017ddralice skrojile su navlake za taburee od trapera sakupljenog\nakcijom.<\/p>\n\n\n\n<p>Lea Rajkovi\u0107, 8.c<\/p>\n\n\n\n<h2 class=\"wp-block-heading\"><strong>OSLIKAVANJE\nTABUREA<\/strong><\/h2>\n\n\n\n<p>&nbsp;&nbsp;&nbsp;&nbsp;&nbsp;&nbsp;&nbsp;&nbsp;&nbsp;&nbsp;&nbsp; Zavr\u0161na faza izrade taburea bila je oslikavanje i\nukra\u0161avanje taburea. U Osnovnoj \u0161koli Vladimira Nazora odr\u017eale su se radionice.\nBilo je raznih tehnika ukra\u0161avanja. Najvi\u0161e se radilo tkaninama te bojama za\ntekstil. Koristili smo markere za tekstil, glitere i izrezivali smo razne\noblike po \u0161ablonama. Ljepilom za tkaninu lijepili smo ukrase na taburee. <\/p>\n\n\n\n<p>&nbsp;&nbsp;&nbsp;&nbsp;&nbsp;&nbsp;&nbsp;&nbsp;&nbsp;&nbsp;&nbsp; Tako\u0111er je odr\u017eana i jedna radionica ukra\u0161avanja u udruzi\nKorak dalje. Na\u0161a \u0161kola donirala je nekoliko taburea udruzi i zajedno smo ih\nukrasili. Bila je to lijepa suradnja u\u010denika, pedagoginje i dragim ljudima iz\nudruge. <\/p>\n\n\n\n<p>Dora Hlu\u0161i\u010dka, 5.c<\/p>\n\n\n\n<figure class=\"wp-block-image\"><img decoding=\"async\" src=\"http:\/\/os-vnazora-daruvar.skole.hr\/upload\/os-vnazora-daruvar\/images\/newsimg\/4550\/Image\/20181217_072955.jpg\" alt=\"\"\/><figcaption><br>P\u0160 Frankopanska 80<br><br><\/figcaption><\/figure>\n\n\n\n<figure class=\"wp-block-image\"><img decoding=\"async\" src=\"http:\/\/os-vnazora-daruvar.skole.hr\/upload\/os-vnazora-daruvar\/images\/newsimg\/4550\/Image\/20181219_083239.jpg\" alt=\"\"\/><figcaption>O\u0160 Vladimira Nazora<br>Gajeva 24, Daruvar<\/figcaption><\/figure>\n\n\n\n<p><\/p>\n","protected":false},"excerpt":{"rendered":"<p>Deset dana astronomije \u0160kola u prirodi Terenska nastava 2.r &#8211; posjet Opg Sirane Jare\u0161 u Donjim Sre\u0111anima Obiteljsko stablo Svjetski dan Sunca Ususret Uskrsu eTIMSS 2019. 100. dan \u0161kole \u0160kola za roditelje &#8220;Ja to mogu&#8221; \u0160kolska tvornica zabave Bo\u017ei\u0107ni program Galerija grada Daruvara Festival kreativnosti DA kreativa POP-UP festival emocija, dje\u010dje dobrobiti i dje\u010djih prava [&hellip;]<\/p>\n","protected":false},"author":2,"featured_media":0,"parent":0,"menu_order":0,"comment_status":"closed","ping_status":"closed","template":"","meta":[],"_links":{"self":[{"href":"http:\/\/cvrcak-daruvar.com.hr\/index.php?rest_route=\/wp\/v2\/pages\/4686"}],"collection":[{"href":"http:\/\/cvrcak-daruvar.com.hr\/index.php?rest_route=\/wp\/v2\/pages"}],"about":[{"href":"http:\/\/cvrcak-daruvar.com.hr\/index.php?rest_route=\/wp\/v2\/types\/page"}],"author":[{"embeddable":true,"href":"http:\/\/cvrcak-daruvar.com.hr\/index.php?rest_route=\/wp\/v2\/users\/2"}],"replies":[{"embeddable":true,"href":"http:\/\/cvrcak-daruvar.com.hr\/index.php?rest_route=%2Fwp%2Fv2%2Fcomments&post=4686"}],"version-history":[{"count":32,"href":"http:\/\/cvrcak-daruvar.com.hr\/index.php?rest_route=\/wp\/v2\/pages\/4686\/revisions"}],"predecessor-version":[{"id":5314,"href":"http:\/\/cvrcak-daruvar.com.hr\/index.php?rest_route=\/wp\/v2\/pages\/4686\/revisions\/5314"}],"wp:attachment":[{"href":"http:\/\/cvrcak-daruvar.com.hr\/index.php?rest_route=%2Fwp%2Fv2%2Fmedia&parent=4686"}],"curies":[{"name":"wp","href":"https:\/\/api.w.org\/{rel}","templated":true}]}}