{"id":4684,"date":"2019-03-10T08:42:57","date_gmt":"2019-03-10T07:42:57","guid":{"rendered":"http:\/\/cvrcak-daruvar.com.hr\/?page_id=4684"},"modified":"2019-12-09T18:01:31","modified_gmt":"2019-12-09T17:01:31","slug":"impresum-5","status":"publish","type":"page","link":"http:\/\/cvrcak-daruvar.com.hr\/?page_id=4684","title":{"rendered":"Impresum 2018.\/2019."},"content":{"rendered":"\n<h4 class=\"wp-block-heading\"><\/h4>\n\n\n\n<p><\/p>\n\n\n\n<p><strong>Digitalni \u0161kolski list \u201cCVR\u010cAK\u201d<\/strong><\/p>\n\n\n\n<h4 class=\"wp-block-heading\"><strong>Adresa izdava\u010da:<\/strong><\/h4>\n\n\n\n<h4 class=\"wp-block-heading\">Osnovna \u0161kola Vladimira Nazora<\/h4>\n\n\n\n<h4 class=\"wp-block-heading\">Ljudevita Gaja 24<\/h4>\n\n\n\n<h4 class=\"wp-block-heading\">43500 Daruvar<\/h4>\n\n\n\n<h4 class=\"wp-block-heading\"><strong>Tel.:&nbsp;<\/strong>043 333 123<\/h4>\n\n\n\n<h4 class=\"wp-block-heading\"><strong>Fax.:<\/strong>&nbsp;043 331 147<\/h4>\n\n\n\n<h4 class=\"wp-block-heading\"><strong>E-mail:<\/strong>&nbsp;os-daruvar-001@os-vnazora-daruvar.skole.hr<\/h4>\n\n\n\n<h4 class=\"wp-block-heading\"><strong>Web stranica:<\/strong>&nbsp;<a href=\"http:\/\/os-vnazora-daruvar.skole.hr\/\" target=\"_blank\" rel=\"noreferrer noopener\">http:\/\/os-vnazora-daruvar.skole.hr\/<\/a><\/h4>\n\n\n\n<h4 class=\"wp-block-heading\"><strong>Za \u0161kolu:&nbsp;<\/strong>ravnateljica&nbsp;Kornelija \u010castek,&nbsp;dipl. def. \u2013 soc. ped.<\/h4>\n\n\n\n<h4 class=\"wp-block-heading\"><strong>Glavna i odgovorna urednica:<\/strong>&nbsp;Marina Singer<\/h4>\n\n\n\n<h4 class=\"wp-block-heading\"><strong>Ra\u010dunalna obrada:<\/strong>&nbsp;Alenka Njegovac<\/h4>\n\n\n\n<h4 class=\"wp-block-heading\"><strong>Uredni\u0161tvo:&nbsp;<\/strong><\/h4>\n\n\n\n<p><strong>Uredni\u0161tvo \u2013 u\u010denici:<\/strong><\/p>\n\n\n\n<p>Novinari<\/p>\n\n\n\n<p>Informati\u010dari<\/p>\n\n\n\n<p><\/p>\n\n\n\n<h4 class=\"wp-block-heading\">U\u010ditelji: Alenka Njegovac, Jasminka Kuzle, Iva Kri\u017e, Marina Singer<\/h4>\n\n\n\n<h4 class=\"wp-block-heading\"><strong>Logo:<\/strong>&nbsp;Valentin Baron, Ivan Molnar<\/h4>\n","protected":false},"excerpt":{"rendered":"<p>Digitalni \u0161kolski list \u201cCVR\u010cAK\u201d Adresa izdava\u010da: Osnovna \u0161kola Vladimira Nazora Ljudevita Gaja 24 43500 Daruvar Tel.:&nbsp;043 333 123 Fax.:&nbsp;043 331 147 E-mail:&nbsp;os-daruvar-001@os-vnazora-daruvar.skole.hr Web stranica:&nbsp;http:\/\/os-vnazora-daruvar.skole.hr\/ Za \u0161kolu:&nbsp;ravnateljica&nbsp;Kornelija \u010castek,&nbsp;dipl. def. \u2013 soc. ped. Glavna i odgovorna urednica:&nbsp;Marina Singer Ra\u010dunalna obrada:&nbsp;Alenka Njegovac Uredni\u0161tvo:&nbsp; Uredni\u0161tvo \u2013 u\u010denici: Novinari Informati\u010dari U\u010ditelji: Alenka Njegovac, Jasminka Kuzle, Iva Kri\u017e, Marina Singer Logo:&nbsp;Valentin [&hellip;]<\/p>\n","protected":false},"author":2,"featured_media":0,"parent":0,"menu_order":0,"comment_status":"closed","ping_status":"closed","template":"","meta":[],"_links":{"self":[{"href":"http:\/\/cvrcak-daruvar.com.hr\/index.php?rest_route=\/wp\/v2\/pages\/4684"}],"collection":[{"href":"http:\/\/cvrcak-daruvar.com.hr\/index.php?rest_route=\/wp\/v2\/pages"}],"about":[{"href":"http:\/\/cvrcak-daruvar.com.hr\/index.php?rest_route=\/wp\/v2\/types\/page"}],"author":[{"embeddable":true,"href":"http:\/\/cvrcak-daruvar.com.hr\/index.php?rest_route=\/wp\/v2\/users\/2"}],"replies":[{"embeddable":true,"href":"http:\/\/cvrcak-daruvar.com.hr\/index.php?rest_route=%2Fwp%2Fv2%2Fcomments&post=4684"}],"version-history":[{"count":3,"href":"http:\/\/cvrcak-daruvar.com.hr\/index.php?rest_route=\/wp\/v2\/pages\/4684\/revisions"}],"predecessor-version":[{"id":5313,"href":"http:\/\/cvrcak-daruvar.com.hr\/index.php?rest_route=\/wp\/v2\/pages\/4684\/revisions\/5313"}],"wp:attachment":[{"href":"http:\/\/cvrcak-daruvar.com.hr\/index.php?rest_route=%2Fwp%2Fv2%2Fmedia&parent=4684"}],"curies":[{"name":"wp","href":"https:\/\/api.w.org\/{rel}","templated":true}]}}