{"id":465,"date":"2012-06-07T07:33:54","date_gmt":"2012-06-07T05:33:54","guid":{"rendered":"http:\/\/cvrcak-daruvar.com.hr\/?page_id=465"},"modified":"2012-06-07T07:35:14","modified_gmt":"2012-06-07T05:35:14","slug":"cinkvine","status":"publish","type":"page","link":"http:\/\/cvrcak-daruvar.com.hr\/?page_id=465","title":{"rendered":"\u010cinkvine"},"content":{"rendered":"<p><strong>Potok<\/strong><\/p>\n<p>Bistar, brz.<\/p>\n<p>\u017dubori, preska\u010de, te\u010de.<\/p>\n<p>On je biser \u0161ume.<\/p>\n<p>Voda.<\/p>\n<p style=\"text-align: center;\"><em>Skupina Lavovi, 2.a<\/em><\/p>\n<p>&nbsp;<\/p>\n<p><strong>Livada<\/strong><\/p>\n<p>\u0160arena, cvjetna.<\/p>\n<p>Zuji, miri\u0161e, cvrku\u0107e.<\/p>\n<p>Lijepo je po njoj tr\u010dati.<\/p>\n<p>Trava.<\/p>\n<p style=\"text-align: center;\"><em>Skupina Zmajevi, 2.a<\/em><\/p>\n<p style=\"text-align: left;\"><strong>Leptir<\/strong><\/p>\n<p>\u0160aren, nemiran.<\/p>\n<p>Leti, opra\u0161uje, ukra\u0161ava.<\/p>\n<p>On je veliki putnik.<\/p>\n<p>Gusjenica.<\/p>\n<p style=\"text-align: center;\">\u00a0\u00a0\u00a0\u00a0\u00a0<em>\u00a0\u00a0\u00a0 Skupina Hrastovi, 2.a<\/em><\/p>\n<p>&nbsp;<\/p>\n<p>&nbsp;<\/p>\n<p><strong>\u0160uma<\/strong><\/p>\n<p>Zelena, mirisna.<\/p>\n<p>Pupa, raste, pjeva.<\/p>\n<p>Divljina je koju treba \u010duvati.<\/p>\n<p>Zelengrad.<\/p>\n<p style=\"text-align: center;\">\u00a0\u00a0\u00a0\u00a0\u00a0\u00a0\u00a0\u00a0\u00a0\u00a0<em>\u00a0 Skupina Bijeli jelen, 2.a<\/em><\/p>\n","protected":false},"excerpt":{"rendered":"<p>Potok Bistar, brz. \u017dubori, preska\u010de, te\u010de. On je biser \u0161ume. Voda. Skupina Lavovi, 2.a &nbsp; Livada \u0160arena, cvjetna. Zuji, miri\u0161e, cvrku\u0107e. Lijepo je po njoj tr\u010dati. Trava. Skupina Zmajevi, 2.a Leptir \u0160aren, nemiran. Leti, opra\u0161uje, ukra\u0161ava. On je veliki putnik. Gusjenica. \u00a0\u00a0\u00a0\u00a0\u00a0\u00a0\u00a0\u00a0 Skupina Hrastovi, 2.a &nbsp; &nbsp; \u0160uma Zelena, mirisna. Pupa, raste, pjeva. Divljina je [&hellip;]<\/p>\n","protected":false},"author":1,"featured_media":0,"parent":827,"menu_order":0,"comment_status":"closed","ping_status":"closed","template":"","meta":[],"_links":{"self":[{"href":"http:\/\/cvrcak-daruvar.com.hr\/index.php?rest_route=\/wp\/v2\/pages\/465"}],"collection":[{"href":"http:\/\/cvrcak-daruvar.com.hr\/index.php?rest_route=\/wp\/v2\/pages"}],"about":[{"href":"http:\/\/cvrcak-daruvar.com.hr\/index.php?rest_route=\/wp\/v2\/types\/page"}],"author":[{"embeddable":true,"href":"http:\/\/cvrcak-daruvar.com.hr\/index.php?rest_route=\/wp\/v2\/users\/1"}],"replies":[{"embeddable":true,"href":"http:\/\/cvrcak-daruvar.com.hr\/index.php?rest_route=%2Fwp%2Fv2%2Fcomments&post=465"}],"version-history":[{"count":4,"href":"http:\/\/cvrcak-daruvar.com.hr\/index.php?rest_route=\/wp\/v2\/pages\/465\/revisions"}],"predecessor-version":[{"id":470,"href":"http:\/\/cvrcak-daruvar.com.hr\/index.php?rest_route=\/wp\/v2\/pages\/465\/revisions\/470"}],"up":[{"embeddable":true,"href":"http:\/\/cvrcak-daruvar.com.hr\/index.php?rest_route=\/wp\/v2\/pages\/827"}],"wp:attachment":[{"href":"http:\/\/cvrcak-daruvar.com.hr\/index.php?rest_route=%2Fwp%2Fv2%2Fmedia&parent=465"}],"curies":[{"name":"wp","href":"https:\/\/api.w.org\/{rel}","templated":true}]}}