{"id":4572,"date":"2018-07-11T09:28:26","date_gmt":"2018-07-11T07:28:26","guid":{"rendered":"http:\/\/cvrcak-daruvar.com.hr\/?page_id=4572"},"modified":"2018-07-11T09:43:06","modified_gmt":"2018-07-11T07:43:06","slug":"razlaganje-otpada","status":"publish","type":"page","link":"http:\/\/cvrcak-daruvar.com.hr\/?page_id=4572","title":{"rendered":"Razlaganje otpada"},"content":{"rendered":"<p>Ekolo\u0161ka skupina ni\u017eih razreda, Frankopanska 80 i u\u010diteljica Inga \u017dupi\u0107 proveli su jedno zajedni\u010dko istra\u017eivanje. Dobili smo zadatak da iskopamo kod ku\u0107e \u010detiri rupe u zemlji.<\/p>\n<p><a href=\"http:\/\/cvrcak-daruvar.com.hr\/wp-content\/uploads\/2018\/07\/Matko-2.jpg\" class=\"gallery_colorbox\" rel=\"attachment wp-att-4578\"><img decoding=\"async\" loading=\"lazy\" class=\"alignleft size-full wp-image-4578\" src=\"http:\/\/cvrcak-daruvar.com.hr\/wp-content\/uploads\/2018\/07\/Matko-2.jpg\"  alt=\"Matko 2\" width=\"500\" height=\"375\" srcset=\"http:\/\/cvrcak-daruvar.com.hr\/wp-content\/uploads\/2018\/07\/Matko-2.jpg 500w, http:\/\/cvrcak-daruvar.com.hr\/wp-content\/uploads\/2018\/07\/Matko-2-300x225.jpg 300w\" sizes=\"(max-width: 500px) 100vw, 500px\" \/><\/a> <a href=\"http:\/\/cvrcak-daruvar.com.hr\/wp-content\/uploads\/2018\/07\/Matko-1.jpg\" class=\"gallery_colorbox\" rel=\"attachment wp-att-4577\"><img decoding=\"async\" loading=\"lazy\" class=\"alignnone size-full wp-image-4577\" src=\"http:\/\/cvrcak-daruvar.com.hr\/wp-content\/uploads\/2018\/07\/Matko-1.jpg\"  alt=\"Matko 1\" width=\"375\" height=\"500\" srcset=\"http:\/\/cvrcak-daruvar.com.hr\/wp-content\/uploads\/2018\/07\/Matko-1.jpg 375w, http:\/\/cvrcak-daruvar.com.hr\/wp-content\/uploads\/2018\/07\/Matko-1-225x300.jpg 225w\" sizes=\"(max-width: 375px) 100vw, 375px\" \/><\/a><\/p>\n<p>7. travnja 2018. moja mama i ja iskopali smo \u010detiri rupe u maminom cvjetnjaku uz ogradu. U prvu sam stavio ogrizak od jabuke, u drugu limenku, u tre\u0107u plasti\u010dnu vre\u0107icu a u \u010detvrtu rupu list zelene salate. Pomo\u0107u male lopatice zatrpao sam rupe i \u010dekao oko mjesec i pol dana da vidim \u0161to \u0107e se dogoditi.<\/p>\n<p>24. svibnja, nakon nastave, otkopao sam rupe i primijetio da je nestao ogrizak od jabuke i list salate. Zaklju\u010dio sam da se biootpad razla\u017ee a limenka i vre\u0107ica ne.<\/p>\n<p><a href=\"http:\/\/cvrcak-daruvar.com.hr\/wp-content\/uploads\/2018\/07\/IMG_0577.jpg\" class=\"gallery_colorbox\" rel=\"attachment wp-att-4576\"><img decoding=\"async\" loading=\"lazy\" class=\"alignnone size-full wp-image-4576\" src=\"http:\/\/cvrcak-daruvar.com.hr\/wp-content\/uploads\/2018\/07\/IMG_0577.jpg\"  alt=\"IMG_0577\" width=\"500\" height=\"375\" srcset=\"http:\/\/cvrcak-daruvar.com.hr\/wp-content\/uploads\/2018\/07\/IMG_0577.jpg 500w, http:\/\/cvrcak-daruvar.com.hr\/wp-content\/uploads\/2018\/07\/IMG_0577-300x225.jpg 300w\" sizes=\"(max-width: 500px) 100vw, 500px\" \/><\/a> <a href=\"http:\/\/cvrcak-daruvar.com.hr\/wp-content\/uploads\/2018\/07\/IMG_0574.jpg\" class=\"gallery_colorbox\" rel=\"attachment wp-att-4575\"><img decoding=\"async\" loading=\"lazy\" class=\"alignnone size-full wp-image-4575\" src=\"http:\/\/cvrcak-daruvar.com.hr\/wp-content\/uploads\/2018\/07\/IMG_0574.jpg\"  alt=\"IMG_0574\" width=\"375\" height=\"500\" srcset=\"http:\/\/cvrcak-daruvar.com.hr\/wp-content\/uploads\/2018\/07\/IMG_0574.jpg 375w, http:\/\/cvrcak-daruvar.com.hr\/wp-content\/uploads\/2018\/07\/IMG_0574-225x300.jpg 225w\" sizes=\"(max-width: 375px) 100vw, 375px\" \/><\/a><\/p>\n<p>Poru\u010dio bih svim u\u010denicima i njihovim roditeljima da ne bacaju sme\u0107e u prirodu.<\/p>\n<p>&nbsp;<\/p>\n<p>&nbsp;<\/p>\n<p style=\"text-align: right;\"><em>U\u010denik Matko Delonga , 1.c razred<\/em><\/p>\n","protected":false},"excerpt":{"rendered":"<p>Ekolo\u0161ka skupina ni\u017eih razreda, Frankopanska 80 i u\u010diteljica Inga \u017dupi\u0107 proveli su jedno zajedni\u010dko istra\u017eivanje. Dobili smo zadatak da iskopamo kod ku\u0107e \u010detiri rupe u zemlji. 7. travnja 2018. moja mama i ja iskopali smo \u010detiri rupe u maminom cvjetnjaku uz ogradu. U prvu sam stavio ogrizak od jabuke, u drugu limenku, u tre\u0107u plasti\u010dnu [&hellip;]<\/p>\n","protected":false},"author":2,"featured_media":0,"parent":0,"menu_order":0,"comment_status":"closed","ping_status":"closed","template":"","meta":[],"_links":{"self":[{"href":"http:\/\/cvrcak-daruvar.com.hr\/index.php?rest_route=\/wp\/v2\/pages\/4572"}],"collection":[{"href":"http:\/\/cvrcak-daruvar.com.hr\/index.php?rest_route=\/wp\/v2\/pages"}],"about":[{"href":"http:\/\/cvrcak-daruvar.com.hr\/index.php?rest_route=\/wp\/v2\/types\/page"}],"author":[{"embeddable":true,"href":"http:\/\/cvrcak-daruvar.com.hr\/index.php?rest_route=\/wp\/v2\/users\/2"}],"replies":[{"embeddable":true,"href":"http:\/\/cvrcak-daruvar.com.hr\/index.php?rest_route=%2Fwp%2Fv2%2Fcomments&post=4572"}],"version-history":[{"count":3,"href":"http:\/\/cvrcak-daruvar.com.hr\/index.php?rest_route=\/wp\/v2\/pages\/4572\/revisions"}],"predecessor-version":[{"id":4574,"href":"http:\/\/cvrcak-daruvar.com.hr\/index.php?rest_route=\/wp\/v2\/pages\/4572\/revisions\/4574"}],"wp:attachment":[{"href":"http:\/\/cvrcak-daruvar.com.hr\/index.php?rest_route=%2Fwp%2Fv2%2Fmedia&parent=4572"}],"curies":[{"name":"wp","href":"https:\/\/api.w.org\/{rel}","templated":true}]}}