{"id":4541,"date":"2018-03-19T13:38:09","date_gmt":"2018-03-19T12:38:09","guid":{"rendered":"http:\/\/cvrcak-daruvar.com.hr\/?page_id=4541"},"modified":"2018-03-19T13:38:09","modified_gmt":"2018-03-19T12:38:09","slug":"moj-ucitelj","status":"publish","type":"page","link":"http:\/\/cvrcak-daruvar.com.hr\/?page_id=4541","title":{"rendered":"Moj u\u010ditelj"},"content":{"rendered":"<p><strong>Moj u\u010ditelj<\/strong><\/p>\n<p>Moj u\u010ditelj je kralj,<\/p>\n<p>kod njega vam je raj.<\/p>\n<p>On je pametan,<\/p>\n<p>ali nije nametan.<\/p>\n<p>&nbsp;<\/p>\n<p>Ponekad je strog,<\/p>\n<p>mislim si: izrast \u0107e mu rog.<\/p>\n<p>On dobro u\u010di,<\/p>\n<p>to mu poru\u010di.<\/p>\n<p><em>\u00a0 Kristijana Popovi\u0107, 6.e<\/em><\/p>\n<p>&nbsp;<\/p>\n<p>&nbsp;<\/p>\n<p><strong>Moj u\u010ditelj<\/strong><\/p>\n<p>\u010cekamo svoga u\u010ditelja,<\/p>\n<p>umjesto dnevnika, osmijeh nam nosi,<\/p>\n<p>iskrenog, starog prijatelja,<\/p>\n<p>svakoga dana, takne me po kosi.<\/p>\n<p>&nbsp;<\/p>\n<p>U\u010ditelj je tu da te tje\u0161i,<\/p>\n<p>da probleme zajedno s tobom rije\u0161i.<\/p>\n<p>Svaki dan nova briga,<\/p>\n<p>na stolu olovka, gumica i knjiga.<\/p>\n<p><em>\u00a0\u00a0 Vita Bi\u010dek, 6.e<\/em><\/p>\n<p>&nbsp;<\/p>\n<p><strong>Moja u\u010diteljica<\/strong><\/p>\n<p>Moja u\u010diteljica<\/p>\n<p>na\u0161a je prijateljica.<\/p>\n<p>Blistava joj kosa<\/p>\n<p>k&#8217;o jutarnja rosa.<\/p>\n<p>&nbsp;<\/p>\n<p>Voli se \u0161aliti<\/p>\n<p>i zada\u0107u nam davati.<\/p>\n<p>Iz lektire sam dobila peticu<\/p>\n<p>i zato volim svoju u\u010diteljicu.<\/p>\n<p><em>\u00a0\u00a0\u00a0\u00a0\u00a0\u00a0 Ena Halupa, 6.e<\/em><\/p>\n<p>&nbsp;<\/p>\n<p><strong>Moja u\u010diteljica<\/strong><\/p>\n<p>U\u010diteljica ta,<\/p>\n<p>o\u0161tra, ali pravedna<\/p>\n<p>svima dijeli petice<\/p>\n<p>i ponekad jedinice.<\/p>\n<p>&nbsp;<\/p>\n<p>Svoje u\u010denike ona pazi,<\/p>\n<p>ponekad po glavi mazi.<\/p>\n<p><em>Ema Barto\u0161, 6.e<\/em><\/p>\n<p>&nbsp;<\/p>\n<p><strong>Moja u\u010diteljica<\/strong><\/p>\n<p>Moja u\u010diteljica Marina,<\/p>\n<p>jako je dobra i fina.<\/p>\n<p>&nbsp;<\/p>\n<p>Rado poma\u017ee meni<\/p>\n<p>i drugim \u0111acima.<\/p>\n<p>&nbsp;<\/p>\n<p>Ona veliko srce ima,<\/p>\n<p>zato je draga svima.<\/p>\n<p><em>Laura Jakop\u010devi\u0107, 6.e<\/em><\/p>\n<p>&nbsp;<\/p>\n<p><strong>U\u010ditelju<\/strong><\/p>\n<p>U\u010ditelju, u\u010ditelju, jako mi je \u017eao<\/p>\n<p>\u0161to se nismo du\u017ee dru\u017eili.<\/p>\n<p>Zahvaljujemo vam na igri<\/p>\n<p>koju ste nam pru\u017eili.<\/p>\n<p>Zajedno smo \u010ditali i u\u010dili,<\/p>\n<p>malo smo vas ponekad i mu\u010dili.<\/p>\n<p><em>\u00a0\u00a0 Luka Alavanja, 6.e<\/em><\/p>\n<p><strong>\u00a0<\/strong><\/p>\n<p><strong>Moja u\u010diteljica<\/strong><\/p>\n<p>Nije joj bilo lako,<\/p>\n<p>nau\u010diti me gradivo svako.<\/p>\n<p>Zato joj puno hvala<\/p>\n<p>\u0161to mi je mnogo znanja dala.<\/p>\n<p>&nbsp;<\/p>\n<p>Kada se toga vremena sjetim,<\/p>\n<p>rado ju u njenoj u\u010dionici posjetim.<\/p>\n<p>&nbsp;<\/p>\n<p>I zato, draga u\u010diteljice,<\/p>\n<p>neka vam cvije\u0107e bude ukras u vazi,<\/p>\n<p>jer Vi ste bili to cvije\u0107e<\/p>\n<p>na mojoj \u017eivotnoj stazi.<\/p>\n<p><em>\u00a0Jan Du\u0161ek, 6.e<\/em><\/p>\n<p>&nbsp;<\/p>\n<p><strong>\u00a0\u00a0\u00a0\u00a0\u00a0\u00a0\u00a0\u00a0\u00a0\u00a0\u00a0 Moj u\u010ditelj<\/strong><\/p>\n<p><strong><u>\u017d<\/u><\/strong>elim vam re\u0107i ne\u0161to va\u017eno,<\/p>\n<p><strong><u>e<\/u><\/strong>, to stvarno nije la\u017eno,<\/p>\n<p><strong><u>lj<\/u><\/strong>ubav prema u\u010denju i radu,<\/p>\n<p>&#8216;<strong><u>k<\/u><\/strong>o nam je dao,<\/p>\n<p><strong><u>o<\/u><\/strong>n nam je dao.<\/p>\n<p>&nbsp;<\/p>\n<p><strong><u>H<\/u><\/strong>rabro je stao ipred nas,<\/p>\n<p><strong><u>r<\/u><\/strong>ije\u010di blage, dubok glas,<\/p>\n<p><strong><u>s<\/u><\/strong>ada ve\u0107 znate tko je on,<\/p>\n<p><strong><u>a<\/u><\/strong>ko niste shvatili,<\/p>\n<p><strong><u>n<\/u><\/strong>a\u0161 u\u010ditelj-to je on.<\/p>\n<p><em>Elena Ivan\u010di\u0107, 6.e<\/em><\/p>\n<p>&nbsp;<\/p>\n<p><strong>Moj u\u010ditelj<\/strong><\/p>\n<p>U\u010ditelj \u017deljko nije bio strog,<\/p>\n<p>voljela sam ga k&#8217;o da je Bog.<\/p>\n<p>\u010cesto se svoga u\u010ditelja sjetim<\/p>\n<p>i rado po uspomenama proletim.<\/p>\n<p>U\u010ditelja svoga zaboraviti ne\u0107u,<\/p>\n<p>\u017eelim mu zdravlje i sre\u0107u.<\/p>\n<p><em>\u00a0\u00a0\u00a0 Ana Vuji\u0107, 6.e<\/em><\/p>\n<p>&nbsp;<\/p>\n<p><strong>Moj u\u010ditelj<\/strong><\/p>\n<p>Moj se u\u010ditelj zvao \u017deljko,<\/p>\n<p>iako nije bio neki veseljko<\/p>\n<p>uvijek me podu\u010davao<\/p>\n<p>i puno mi toga davao.<\/p>\n<p>&nbsp;<\/p>\n<p>Kada sam odgovarao,<\/p>\n<p>uvijek bi me hvalio,<\/p>\n<p>a u sebi si mislio:<\/p>\n<p>\u201eSamo si mi ti jo\u0161 falio.\u201c<\/p>\n<p>&nbsp;<\/p>\n<p>Nekada zbog njega nisam ni spavao,<\/p>\n<p>ali sam uvijek sve od sebe davao.<\/p>\n<p><em>Ivan Brleti\u0107, 6.e<\/em><\/p>\n<p>&nbsp;<\/p>\n<p><strong>Moja u\u010diteljica<\/strong><\/p>\n<p>Moja je u\u010diteljica uvijek bila tu,<\/p>\n<p>rekla bih da je najbolja na svijetu.<\/p>\n<p>Za sve ima savjet<\/p>\n<p>i znanja ti otvori svijet.<\/p>\n<p>&nbsp;<\/p>\n<p>U mraku sije svjetlo<\/p>\n<p>kao seljak zrno u tlo.<\/p>\n<p>Poma\u017ee ti u svijetu se oku\u0161ati,<\/p>\n<p>samo mora\u0161 pa\u017eljivo slu\u0161ati.<\/p>\n<p><em>\u00a0\u00a0\u00a0Nikkola Ke\u0161i\u0107, 6.d<\/em><\/p>\n<p>&nbsp;<\/p>\n<p><strong>Moja u\u010diteljica<\/strong><\/p>\n<p>Moja je u\u010diteljica bila jako mudra,<\/p>\n<p>davala je dobre savjete,<\/p>\n<p>nekad je bila smije\u0161na<\/p>\n<p>i pona\u0161ala se kao dijete.<\/p>\n<p>&nbsp;<\/p>\n<p>No nekad je jako ljuta<\/p>\n<p>pa vi\u010de na sve nas,<\/p>\n<p>a nitko se ne usudi<\/p>\n<p>ispustiti ni glas.<\/p>\n<p>&nbsp;<\/p>\n<p>Nau\u010dila nas je kako odrastati<\/p>\n<p>i sada smo spremni u \u017eivot krenuti.<\/p>\n<p><em> Antonela Kuljanac, 6.d<\/em><\/p>\n<p>&nbsp;<\/p>\n<p><strong>Moj u\u010ditelj<\/strong><\/p>\n<p>Moj u\u010ditelj drag,<\/p>\n<p>a ja mali vrag.<\/p>\n<p>Jako je pametan,<\/p>\n<p>nikada nije nametan.<\/p>\n<p>Uvijek se \u0161alio<\/p>\n<p>i sebe hvalio.<\/p>\n<p>Sada za kraj,<\/p>\n<p>peticu mi daj.<\/p>\n<p><em>\u00a0\u00a0 Niko Ambro\u0161, 6.d<\/em><\/p>\n<p><em><strong>\u00a0<\/strong><\/em><\/p>\n","protected":false},"excerpt":{"rendered":"<p>Moj u\u010ditelj Moj u\u010ditelj je kralj, kod njega vam je raj. On je pametan, ali nije nametan. &nbsp; Ponekad je strog, mislim si: izrast \u0107e mu rog. On dobro u\u010di, to mu poru\u010di. \u00a0 Kristijana Popovi\u0107, 6.e &nbsp; &nbsp; Moj u\u010ditelj \u010cekamo svoga u\u010ditelja, umjesto dnevnika, osmijeh nam nosi, iskrenog, starog prijatelja, svakoga dana, takne [&hellip;]<\/p>\n","protected":false},"author":2,"featured_media":0,"parent":0,"menu_order":0,"comment_status":"closed","ping_status":"closed","template":"","meta":[],"_links":{"self":[{"href":"http:\/\/cvrcak-daruvar.com.hr\/index.php?rest_route=\/wp\/v2\/pages\/4541"}],"collection":[{"href":"http:\/\/cvrcak-daruvar.com.hr\/index.php?rest_route=\/wp\/v2\/pages"}],"about":[{"href":"http:\/\/cvrcak-daruvar.com.hr\/index.php?rest_route=\/wp\/v2\/types\/page"}],"author":[{"embeddable":true,"href":"http:\/\/cvrcak-daruvar.com.hr\/index.php?rest_route=\/wp\/v2\/users\/2"}],"replies":[{"embeddable":true,"href":"http:\/\/cvrcak-daruvar.com.hr\/index.php?rest_route=%2Fwp%2Fv2%2Fcomments&post=4541"}],"version-history":[{"count":2,"href":"http:\/\/cvrcak-daruvar.com.hr\/index.php?rest_route=\/wp\/v2\/pages\/4541\/revisions"}],"predecessor-version":[{"id":4543,"href":"http:\/\/cvrcak-daruvar.com.hr\/index.php?rest_route=\/wp\/v2\/pages\/4541\/revisions\/4543"}],"wp:attachment":[{"href":"http:\/\/cvrcak-daruvar.com.hr\/index.php?rest_route=%2Fwp%2Fv2%2Fmedia&parent=4541"}],"curies":[{"name":"wp","href":"https:\/\/api.w.org\/{rel}","templated":true}]}}