{"id":4473,"date":"2018-02-18T20:09:31","date_gmt":"2018-02-18T19:09:31","guid":{"rendered":"http:\/\/cvrcak-daruvar.com.hr\/?page_id=4473"},"modified":"2018-03-12T13:58:20","modified_gmt":"2018-03-12T12:58:20","slug":"moja-baka","status":"publish","type":"page","link":"http:\/\/cvrcak-daruvar.com.hr\/?page_id=4473","title":{"rendered":"Moja baka"},"content":{"rendered":"<p>&nbsp;<\/p>\n<p>&nbsp;<\/p>\n<p>Moja baka<\/p>\n<p>Moja baka zove se An\u0111elka. Radi na selu. \u017divi u Sira\u010du. Lijepog je izgleda. Kosa joj je kratka i sme\u0111a. O\u010di su joj moje omiljene boje-tirkizne. Voli nositi hla\u010de i majicu kratki rukava.<\/p>\n<p>Njezina je najljep\u0161a osobina marljivost. To se vidi kada pe\u010de meni najfinije \u00a0kola\u010de. To sve ima moja baka.<\/p>\n<p>Volim svoju baku, kao \u0161to ona mene voli. Volim s njom pe\u0107i kola\u010de i hraniti \u017eivotinje. Zato je meni moja baka najbolja na svijetu.<\/p>\n<p style=\"text-align: right;\"><em>Nika Juki\u0107, 3.d<\/em><\/p>\n<p>&nbsp;<\/p>\n<p>&nbsp;<\/p>\n<p><strong>Moja baka<\/strong><\/p>\n<p>Moja baka zove se Ivanka. Ona je nastavnica u \u0161koli i predaje \u00a0Prirodu i Biologiju. U slobodno vrijeme je s unukama i voli kuhati. \u017divi u Daruvaru u Ulici Ive Andri\u0107a, ku\u0107ni broj 2. Moja baka ima okruglo lice, crvenu kratku kosu, o\u010di plave boje i niska je rastom. Nakon posla u \u0161koli moja baka najvi\u0161e voli saditi cvije\u0107e i okopavati vrt. Jako volim svoju baku zato \u0161to je dobra, bri\u017ena i voli svoje unuke. Moja baka i ja imamo prijateljski odnos.<\/p>\n<p style=\"text-align: right;\"><em>Dora Husak,3.d<\/em><\/p>\n<p>&nbsp;<\/p>\n<p><strong>Moja baka<\/strong><\/p>\n<p>Moja baka se zove Katica. Prije je radila u \u0161koli, a sada je u mirovini. Iako je u mirovini, svaki dan radi u ku\u0107i, u dvori\u0161tu i u vrtu. Baka \u017eivi zajedno s nama u ku\u0107i.<\/p>\n<p>Moja baka \u010desto ima nasmijano lice. Vesela je kad sam ja veseo, a tu\u017ena je kad sam tu\u017ean. Ima sme\u0111u kosu i plave o\u010di. Srednje je visine.<\/p>\n<p>Moja baka je dobra. Brine se o svima nama u ku\u0107i. Brata i mene svaki dan isprati u \u0161kolu. Kad do\u0111emo ku\u0107i, do\u010deka nas \u010dista ku\u0107a i jelo koje volimo.<\/p>\n<p>Volim svoju baku zbog svega toga i zato \u0161to mi ponekad poma\u017ee u\u00a0 rje\u0161avanju \u0161kolskih problema.<\/p>\n<p style=\"text-align: right;\"><em>Luka \u017dgela,3.d<\/em><\/p>\n<p>&nbsp;<\/p>\n<p><strong>Moja baka<\/strong><\/p>\n<p>Moja baka se zove Ru\u017eica. Ona ima 2 svinje, 3 krave i puno koko\u0161i. Prije mirovine je radila. Moja baka sada ima 61 godinu. \u017divi u selu Velika Maslenja\u010da. To selo je malo, ali je\u00a0 lijepo. Ona se bavi sto\u010darstvom da bi imali mlijeka i sira. Koko\u0161i joj slu\u017ee da bi imali jaja, a svinje za hranu.<\/p>\n<p>Moja baka ima sijedu kosu, o\u010di su joj zelena boje, usta su joj mala, nasmijana i<\/p>\n<p>lijepa. Ona je niska, normalnog stasa. Radi najbolje juhe, uvijek ima finih bonbona za nas<\/p>\n<p>i po tome je ona posebna. U vijek ima ne\u0161to za nas i ja nju zato tako jako volim.Moja baka<\/p>\n<p>je nje\u017ena, vesela, uvijek sretna,uvijek nas do\u010deka s osmijehom na licu kad do\u0111emo kod<\/p>\n<p>nje. Ja volim svoju baku zato \u0161to ona toliko toga radi za mene, tako\u0111er i ona mene<\/p>\n<p>voli Ja njoj poma\u017eem i nikada ne bih mijenjala svoju baku. Ona je<\/p>\n<p>najdra\u017ea baka na svijetu.<\/p>\n<p style=\"text-align: right;\"><em>Noa Car,3.d<\/em><\/p>\n<p>&nbsp;<\/p>\n<p>&nbsp;<\/p>\n<p><strong>MOJA\u00a0\u00a0\u00a0 \u00a0BAKA<\/strong><\/p>\n<p><strong>\u00a0\u00a0\u00a0\u00a0\u00a0\u00a0\u00a0\u00a0\u00a0\u00a0\u00a0\u00a0\u00a0 <\/strong>Moja baka se zove Zdenka. \u017divi u Daruvaru gdje se brine o djedu, ma\u010dku Crnku i par koko\u0161i. \u010cesto ide u Golubinjak gdje ima veliki vrt i brine se o dosta lje\u0161njaka. U slobodno vrijeme gleda TV.<\/p>\n<p>Ima sijedu kosu i sme\u0111e o\u010di. Usta su srednje veli\u010dine, a nos malo pove\u0107i. Lice joj izgleda staro i naborano. Nije previ\u0161e visoka, ali je malo deblja i \u0161epa jer ju boli noga.<\/p>\n<p>Volim svoju baku mada ne idem \u010desto kod nje jer uvijek ka\u017ee da ima puno posla i da nema vremena za mene i moju sestru. Kada ipak na\u0111e malo vremena posveti se meni. Malo kartamo crnog Petra i pri\u010damo \u0161to se de\u0161ava u \u0161koli. Nekad nam napravi ru\u010dak. Baka nije savr\u0161ena, nema puno vremena za mene, ali me\u00a0 voli i ja volim nju.<\/p>\n<p style=\"text-align: right;\"><em>David \u0160eba,3.d<\/em><\/p>\n<p>&nbsp;<\/p>\n<p><strong>MOJA BAKA<\/strong><\/p>\n<p>Moja baka se zvala Savka. Radila je u knjigovodstvu. Obo\u017eavala je brinuti o cvije\u0107u. Jedno vrijeme \u017eivjela je sa mnom.\u00a0 Moja je \u00a0baka imala srcoliko lice, sme\u0111u kosu do ramena, nos je imala mr\u0161av, a pri kraju malo \u0161pi\u010dast. Usta su joj bila predivna. Kad bi stavila ru\u017e usta su joj izgledala kao nekoj poznatoj zvijezdi. Tijelo joj je bilo mr\u0161avo, a ruke su joj bile dosta sna\u017ene.\u00a0 Moja baka je bila niska i zgodna.\u00a0 Jako je voljela nositi traperice i ko\u0161ulje. Bila je posebna po \u0161ivanju i po svojim slasnim tortama. Ja svoju baku volim jer je bila pametna i nje\u017ena.\u00a0 Moj odnos sa bakom je jako povezan.\u00a0 Ja i ona se jako, jako volimo. Ona \u017eivi u mom srcu. Zauvijek.<\/p>\n<p style=\"text-align: right;\"><em>Iris Pavlovi\u0107, III d<\/em><\/p>\n<p>&nbsp;<\/p>\n<p><strong>Moja baka<\/strong><\/p>\n<p>Moja baka se zove Slavica. Bavi se povrtlarstvom i \u017eivi u Ulici Dabrovac. \u00a0Ona ima tamnosme\u0111u kosu, sme\u0111e o\u010di i lijepa usta. Srednje je visine i nije punija. Posebna je po kuhanju. Ona je dobra, nje\u017ena<\/p>\n<p>i vrijedna. To znam jer je dobra i nje\u017ena prema\u00a0 meni, sestri, sestri\u010dni i brati\u0107u, a vrijedna po tome<\/p>\n<p>\u0161to po\u010disti ku\u0107u, kuha i sadi povr\u0107e i vo\u0107e. \u00a0\u00a0Volim je i zato \u0161to se igra\u00a0 sa mnom. Ja sam prema baki dobra jer joj poma\u017eem.<\/p>\n<p style=\"text-align: right;\"><em>Elena Mihatovi\u0107, 3.d<\/em><\/p>\n","protected":false},"excerpt":{"rendered":"<p>&nbsp; &nbsp; Moja baka Moja baka zove se An\u0111elka. Radi na selu. \u017divi u Sira\u010du. Lijepog je izgleda. Kosa joj je kratka i sme\u0111a. O\u010di su joj moje omiljene boje-tirkizne. Voli nositi hla\u010de i majicu kratki rukava. Njezina je najljep\u0161a osobina marljivost. To se vidi kada pe\u010de meni najfinije \u00a0kola\u010de. To sve ima moja baka. [&hellip;]<\/p>\n","protected":false},"author":2,"featured_media":0,"parent":0,"menu_order":0,"comment_status":"closed","ping_status":"closed","template":"","meta":[],"_links":{"self":[{"href":"http:\/\/cvrcak-daruvar.com.hr\/index.php?rest_route=\/wp\/v2\/pages\/4473"}],"collection":[{"href":"http:\/\/cvrcak-daruvar.com.hr\/index.php?rest_route=\/wp\/v2\/pages"}],"about":[{"href":"http:\/\/cvrcak-daruvar.com.hr\/index.php?rest_route=\/wp\/v2\/types\/page"}],"author":[{"embeddable":true,"href":"http:\/\/cvrcak-daruvar.com.hr\/index.php?rest_route=\/wp\/v2\/users\/2"}],"replies":[{"embeddable":true,"href":"http:\/\/cvrcak-daruvar.com.hr\/index.php?rest_route=%2Fwp%2Fv2%2Fcomments&post=4473"}],"version-history":[{"count":6,"href":"http:\/\/cvrcak-daruvar.com.hr\/index.php?rest_route=\/wp\/v2\/pages\/4473\/revisions"}],"predecessor-version":[{"id":4540,"href":"http:\/\/cvrcak-daruvar.com.hr\/index.php?rest_route=\/wp\/v2\/pages\/4473\/revisions\/4540"}],"wp:attachment":[{"href":"http:\/\/cvrcak-daruvar.com.hr\/index.php?rest_route=%2Fwp%2Fv2%2Fmedia&parent=4473"}],"curies":[{"name":"wp","href":"https:\/\/api.w.org\/{rel}","templated":true}]}}