{"id":4436,"date":"2018-02-12T18:37:12","date_gmt":"2018-02-12T17:37:12","guid":{"rendered":"http:\/\/cvrcak-daruvar.com.hr\/?page_id=4436"},"modified":"2018-02-12T18:39:14","modified_gmt":"2018-02-12T17:39:14","slug":"nasilje-medu-mladima","status":"publish","type":"page","link":"http:\/\/cvrcak-daruvar.com.hr\/?page_id=4436","title":{"rendered":"Nasilje me\u0111u mladima"},"content":{"rendered":"<p>&nbsp;<\/p>\n<p>&nbsp;<\/p>\n<p><a href=\"https:\/\/drive.google.com\/file\/d\/1WhBYNg36Q1OXE4V2StpZTwY7GleRSSdf\/view?usp=sharing\">Nasilje me\u0111u mladima, Antonio Hlavsa<\/a><\/p>\n<p><a href=\"https:\/\/drive.google.com\/file\/d\/1bohhd7XjSFP6K8gJOEvX0c_4gPEgbpkk\/view?usp=sharing\">Nasilje me\u0111u mladima, Laura Pia de Filippo<\/a><\/p>\n<p><a href=\"https:\/\/drive.google.com\/file\/d\/1SLuclMcttdUE-vvdtIghIAw95EwDqim-\/view?usp=sharing\">Nasilje me\u0111u mladima, Toni Nokta<\/a><\/p>\n<p><a href=\"https:\/\/drive.google.com\/file\/d\/1vP7iq90Ej4wx70WSPi65J_O3iBzbYYAW\/view?usp=sharing\">Nasilje u \u0161kolskim klupama, Silvio Pokorni<\/a><\/p>\n","protected":false},"excerpt":{"rendered":"<p>&nbsp; &nbsp; Nasilje me\u0111u mladima, Antonio Hlavsa Nasilje me\u0111u mladima, Laura Pia de Filippo Nasilje me\u0111u mladima, Toni Nokta Nasilje u \u0161kolskim klupama, Silvio Pokorni<\/p>\n","protected":false},"author":2,"featured_media":0,"parent":0,"menu_order":0,"comment_status":"closed","ping_status":"closed","template":"","meta":[],"_links":{"self":[{"href":"http:\/\/cvrcak-daruvar.com.hr\/index.php?rest_route=\/wp\/v2\/pages\/4436"}],"collection":[{"href":"http:\/\/cvrcak-daruvar.com.hr\/index.php?rest_route=\/wp\/v2\/pages"}],"about":[{"href":"http:\/\/cvrcak-daruvar.com.hr\/index.php?rest_route=\/wp\/v2\/types\/page"}],"author":[{"embeddable":true,"href":"http:\/\/cvrcak-daruvar.com.hr\/index.php?rest_route=\/wp\/v2\/users\/2"}],"replies":[{"embeddable":true,"href":"http:\/\/cvrcak-daruvar.com.hr\/index.php?rest_route=%2Fwp%2Fv2%2Fcomments&post=4436"}],"version-history":[{"count":4,"href":"http:\/\/cvrcak-daruvar.com.hr\/index.php?rest_route=\/wp\/v2\/pages\/4436\/revisions"}],"predecessor-version":[{"id":4439,"href":"http:\/\/cvrcak-daruvar.com.hr\/index.php?rest_route=\/wp\/v2\/pages\/4436\/revisions\/4439"}],"wp:attachment":[{"href":"http:\/\/cvrcak-daruvar.com.hr\/index.php?rest_route=%2Fwp%2Fv2%2Fmedia&parent=4436"}],"curies":[{"name":"wp","href":"https:\/\/api.w.org\/{rel}","templated":true}]}}