{"id":443,"date":"2012-06-01T05:08:20","date_gmt":"2012-06-01T05:08:20","guid":{"rendered":"http:\/\/cvrcak-daruvar.com.hr\/?page_id=443"},"modified":"2012-06-01T05:08:20","modified_gmt":"2012-06-01T05:08:20","slug":"radionica-folklora-%e2%80%9eposkoci","status":"publish","type":"page","link":"http:\/\/cvrcak-daruvar.com.hr\/?page_id=443","title":{"rendered":"Radionica folklora \u201ePosko\u010di\u201c"},"content":{"rendered":"<p>Radionica folklora \u201ePosko\u010di\u201c<\/p>\n<p>&nbsp;<\/p>\n<p>U\u010diteljica Bo\u017eenka Mik je u\u010denike pou\u010davala kroz igru raznim koracima iz narodnih plesova.<\/p>\n<p><a href=\"http:\/\/cvrcak-daruvar.com.hr\/wp-content\/uploads\/2012\/06\/Posko\u010di-folklor.jpg\" class=\"gallery_colorbox\"><img decoding=\"async\" loading=\"lazy\" class=\"aligncenter size-full wp-image-444\" title=\"OLYMPUS DIGITAL CAMERA\" src=\"http:\/\/cvrcak-daruvar.com.hr\/wp-content\/uploads\/2012\/06\/Posko\u010di-folklor.jpg\"  alt=\"\" width=\"448\" height=\"336\" srcset=\"http:\/\/cvrcak-daruvar.com.hr\/wp-content\/uploads\/2012\/06\/Posko\u010di-folklor.jpg 448w, http:\/\/cvrcak-daruvar.com.hr\/wp-content\/uploads\/2012\/06\/Posko\u010di-folklor-300x224.jpg 300w\" sizes=\"(max-width: 448px) 100vw, 448px\" \/><\/a><\/p>\n","protected":false},"excerpt":{"rendered":"<p>Radionica folklora \u201ePosko\u010di\u201c &nbsp; U\u010diteljica Bo\u017eenka Mik je u\u010denike pou\u010davala kroz igru raznim koracima iz narodnih plesova.<\/p>\n","protected":false},"author":1,"featured_media":0,"parent":413,"menu_order":0,"comment_status":"closed","ping_status":"closed","template":"","meta":[],"_links":{"self":[{"href":"http:\/\/cvrcak-daruvar.com.hr\/index.php?rest_route=\/wp\/v2\/pages\/443"}],"collection":[{"href":"http:\/\/cvrcak-daruvar.com.hr\/index.php?rest_route=\/wp\/v2\/pages"}],"about":[{"href":"http:\/\/cvrcak-daruvar.com.hr\/index.php?rest_route=\/wp\/v2\/types\/page"}],"author":[{"embeddable":true,"href":"http:\/\/cvrcak-daruvar.com.hr\/index.php?rest_route=\/wp\/v2\/users\/1"}],"replies":[{"embeddable":true,"href":"http:\/\/cvrcak-daruvar.com.hr\/index.php?rest_route=%2Fwp%2Fv2%2Fcomments&post=443"}],"version-history":[{"count":2,"href":"http:\/\/cvrcak-daruvar.com.hr\/index.php?rest_route=\/wp\/v2\/pages\/443\/revisions"}],"predecessor-version":[{"id":446,"href":"http:\/\/cvrcak-daruvar.com.hr\/index.php?rest_route=\/wp\/v2\/pages\/443\/revisions\/446"}],"up":[{"embeddable":true,"href":"http:\/\/cvrcak-daruvar.com.hr\/index.php?rest_route=\/wp\/v2\/pages\/413"}],"wp:attachment":[{"href":"http:\/\/cvrcak-daruvar.com.hr\/index.php?rest_route=%2Fwp%2Fv2%2Fmedia&parent=443"}],"curies":[{"name":"wp","href":"https:\/\/api.w.org\/{rel}","templated":true}]}}