{"id":4309,"date":"2017-12-02T22:04:26","date_gmt":"2017-12-02T21:04:26","guid":{"rendered":"http:\/\/cvrcak-daruvar.com.hr\/?page_id=4309"},"modified":"2017-12-02T22:21:23","modified_gmt":"2017-12-02T21:21:23","slug":"izvjesce-s-knjizevnog-susreta-s-vlastom-golub","status":"publish","type":"page","link":"http:\/\/cvrcak-daruvar.com.hr\/?page_id=4309","title":{"rendered":"Izvje\u0161\u0107e s knji\u017eevnog susreta s Vlastom Golub"},"content":{"rendered":"<p><a href=\"http:\/\/cvrcak-daruvar.com.hr\/wp-content\/uploads\/2017\/12\/DSCN1645.jpg\" class=\"gallery_colorbox\" rel=\"attachment wp-att-4312\"><img decoding=\"async\" loading=\"lazy\" class=\"aligncenter size-large wp-image-4312\" src=\"http:\/\/cvrcak-daruvar.com.hr\/wp-content\/uploads\/2017\/12\/DSCN1645-768x1024.jpg\"  alt=\"DSCN1645\" width=\"500\" height=\"667\" srcset=\"http:\/\/cvrcak-daruvar.com.hr\/wp-content\/uploads\/2017\/12\/DSCN1645-768x1024.jpg 768w, http:\/\/cvrcak-daruvar.com.hr\/wp-content\/uploads\/2017\/12\/DSCN1645-225x300.jpg 225w, http:\/\/cvrcak-daruvar.com.hr\/wp-content\/uploads\/2017\/12\/DSCN1645.jpg 1195w\" sizes=\"(max-width: 500px) 100vw, 500px\" \/><\/a><\/p>\n<p><strong>19. listopada odr\u017eao se u Pu\u010dkoj knji\u017enici i \u010ditaonici Daruvar knji\u017eevni susret s glumicom i knji\u017eevnicom Vlastom Golub, autoricom romana \u201eO ljubavi, spletkama i svemu pomalo.\u201c <\/strong>Ovaj roman, namijenjen tinejd\u017eerima, osvojio je nagradu za najbolji neobjavljeni roman Hrvatskog dru\u0161tva knji\u017eevnika za djecu i mlade \u2013 Klub prvih pisaca. Roman Vlaste Golub odabran je zbog kvalitetne razrade tinejd\u017eerskih tema poput ljubavi, prijateljstva, ali i vr\u0161nja\u010dkog nasilja.<\/p>\n<p>Susretu su prisustvovali u\u010denici svih osmih razreda na\u0161e \u0161kole. Nekima od njihovo ovo je bio prvi takav susret i sude\u0107i prema reakcijama, jako im se svidio. Na samom smo po\u010detku od knji\u017eevnice saznali da je roman nastao na temelju stvarnog doga\u0111aja te je s u\u010denicima porazgovarala o njihovim iskustvima vezanim uz takve ili sli\u010dne situacije. \u010citaju\u0107i dijelove romana, ukazala im je na stil pisanja i zainteresirala ih za \u010ditanje knjige. U\u010denice novinarske skupine iz Gajeve intervjuirale su knji\u017eevnicu pa u nastavku mo\u017eete pro\u010ditati \u0161to su saznale. Osim toga, pro\u010ditajte i dojmove u\u010denika s ovog ugodnog susreta.<\/p>\n<p>&nbsp;<\/p>\n<p><em>Svidjeli su mi se dijelovi u kojima je knji\u017eevnica \u010ditala knjigu jer knjiga djeluje jako zanimljivo. Svidjelo mi se i to \u0161to je knjiga nastala prema istinitom doga\u0111aju i zato \u0161to je o tinejd\u017eerima jer se svatko od nas mo\u017ee u njoj prona\u0107i. \u017dao mi je \u0161to je taj susret s knji\u017eevnicom kratko trajao.<\/em><\/p>\n<p><em>\u00a0\u00a0\u00a0\u00a0\u00a0\u00a0\u00a0\u00a0\u00a0\u00a0\u00a0\u00a0\u00a0\u00a0\u00a0\u00a0\u00a0\u00a0\u00a0\u00a0\u00a0\u00a0\u00a0\u00a0\u00a0\u00a0\u00a0\u00a0\u00a0\u00a0\u00a0\u00a0\u00a0\u00a0\u00a0\u00a0\u00a0\u00a0\u00a0\u00a0\u00a0\u00a0\u00a0\u00a0\u00a0\u00a0\u00a0\u00a0\u00a0\u00a0\u00a0\u00a0\u00a0\u00a0\u00a0\u00a0\u00a0\u00a0\u00a0\u00a0\u00a0\u00a0\u00a0\u00a0\u00a0\u00a0\u00a0\u00a0\u00a0\u00a0\u00a0\u00a0\u00a0\u00a0\u00a0\u00a0\u00a0\u00a0\u00a0\u00a0\u00a0\u00a0\u00a0\u00a0\u00a0\u00a0\u00a0\u00a0\u00a0\u00a0\u00a0\u00a0\u00a0\u00a0 \u00a0\u00a0\u00a0\u00a0\u00a0\u00a0\u00a0Lara, 8.e<\/em><\/p>\n<p><em>Knji\u017eevnica je pogodila kako se neki tinejd\u017eeri pona\u0161aju. Zanimljivo je \u0161to je inspiracija za knjigu do\u017eivljaj iz njezinog \u017eivota. Knjiga bi bila dobra lektira.<\/em><\/p>\n<p><em>\u00a0\u00a0\u00a0\u00a0\u00a0\u00a0\u00a0\u00a0\u00a0\u00a0\u00a0\u00a0\u00a0\u00a0\u00a0\u00a0\u00a0\u00a0\u00a0\u00a0\u00a0\u00a0\u00a0\u00a0\u00a0\u00a0\u00a0\u00a0\u00a0\u00a0\u00a0\u00a0\u00a0\u00a0\u00a0\u00a0\u00a0\u00a0\u00a0\u00a0\u00a0\u00a0\u00a0\u00a0\u00a0\u00a0\u00a0\u00a0\u00a0\u00a0\u00a0\u00a0\u00a0\u00a0\u00a0\u00a0\u00a0\u00a0\u00a0\u00a0\u00a0\u00a0\u00a0\u00a0\u00a0\u00a0\u00a0\u00a0\u00a0\u00a0\u00a0\u00a0\u00a0\u00a0\u00a0\u00a0\u00a0\u00a0\u00a0\u00a0\u00a0\u00a0\u00a0\u00a0 \u00a0\u00a0\u00a0\u00a0\u00a0\u00a0\u00a0\u00a0\u00a0\u00a0\u00a0\u00a0\u00a0\u00a0\u00a0\u00a0Michael, 8.e<\/em><\/p>\n<p><em>\u00a0<\/em><\/p>\n<p><em>Svidjelo mi se to \u0161to je spisateljica pisala u prvoj osobi. Prona\u0161la sam se u nekoliko stvari. I ja nekad ujutro zaspim pa skoro zakasnim u \u0161kolu. Spisateljica mi se \u010dinila kao jako draga osoba. Knjiga mi se svidjela i mislim da \u0107u ju pro\u010ditati. Zanima me kako se zove glavni lik i tko joj je poslao prijete\u0107e pismo.<\/em><\/p>\n<p><em>\u00a0\u00a0\u00a0\u00a0\u00a0\u00a0\u00a0\u00a0\u00a0\u00a0\u00a0\u00a0\u00a0\u00a0\u00a0\u00a0\u00a0\u00a0\u00a0\u00a0\u00a0\u00a0\u00a0\u00a0\u00a0\u00a0\u00a0\u00a0\u00a0\u00a0\u00a0\u00a0\u00a0\u00a0\u00a0\u00a0\u00a0\u00a0\u00a0\u00a0\u00a0\u00a0\u00a0\u00a0\u00a0\u00a0\u00a0\u00a0\u00a0\u00a0\u00a0\u00a0\u00a0\u00a0\u00a0\u00a0\u00a0\u00a0\u00a0\u00a0\u00a0\u00a0\u00a0\u00a0\u00a0\u00a0\u00a0\u00a0\u00a0\u00a0\u00a0\u00a0\u00a0\u00a0\u00a0\u00a0\u00a0\u00a0\u00a0\u00a0\u00a0\u00a0\u00a0\u00a0\u00a0\u00a0\u00a0\u00a0\u00a0\u00a0\u00a0\u00a0\u00a0\u00a0\u00a0\u00a0\u00a0 Nevena, 8. b<\/em><\/p>\n<p><em>Svi\u0111a mi se spisatelji\u010din pristup nama, kao da je na\u0161ih godina. I knjigu je napisala kao da je jedna od nas i kao da nas razumije u potpunosti. Tema knjige je jako zanimljiva. Vjerujem da \u0107u ju pro\u010ditati jer me jako zainteresirala.<\/em><\/p>\n<p><em>\u00a0\u00a0\u00a0\u00a0\u00a0\u00a0\u00a0\u00a0\u00a0\u00a0\u00a0\u00a0\u00a0\u00a0\u00a0\u00a0\u00a0\u00a0\u00a0\u00a0\u00a0\u00a0\u00a0\u00a0\u00a0\u00a0\u00a0\u00a0\u00a0\u00a0\u00a0\u00a0\u00a0\u00a0\u00a0\u00a0\u00a0\u00a0\u00a0\u00a0\u00a0\u00a0\u00a0\u00a0\u00a0\u00a0\u00a0\u00a0\u00a0\u00a0\u00a0\u00a0\u00a0\u00a0\u00a0\u00a0\u00a0\u00a0\u00a0\u00a0\u00a0\u00a0\u00a0\u00a0\u00a0\u00a0\u00a0\u00a0\u00a0\u00a0\u00a0\u00a0\u00a0\u00a0\u00a0\u00a0\u00a0 \u00a0\u00a0\u00a0\u00a0\u00a0\u00a0\u00a0\u00a0\u00a0\u00a0\u00a0\u00a0\u00a0\u00a0\u00a0\u00a0\u00a0Nika, 8.d<\/em><\/p>\n<p><em><a href=\"http:\/\/cvrcak-daruvar.com.hr\/wp-content\/uploads\/2017\/12\/22643277_917928788360829_106017266_o.jpg\" class=\"gallery_colorbox\" rel=\"attachment wp-att-4315\"><img decoding=\"async\" loading=\"lazy\" class=\"size-large wp-image-4315 aligncenter\" src=\"http:\/\/cvrcak-daruvar.com.hr\/wp-content\/uploads\/2017\/12\/22643277_917928788360829_106017266_o-768x1024.jpg\"  alt=\"22643277_917928788360829_106017266_o\" width=\"500\" height=\"667\" srcset=\"http:\/\/cvrcak-daruvar.com.hr\/wp-content\/uploads\/2017\/12\/22643277_917928788360829_106017266_o-768x1024.jpg 768w, http:\/\/cvrcak-daruvar.com.hr\/wp-content\/uploads\/2017\/12\/22643277_917928788360829_106017266_o-225x300.jpg 225w, http:\/\/cvrcak-daruvar.com.hr\/wp-content\/uploads\/2017\/12\/22643277_917928788360829_106017266_o.jpg 1152w\" sizes=\"(max-width: 500px) 100vw, 500px\" \/><\/a>Knjiga mi se svidjela jer se pronalazim u glavnom liku. Autorica mi se \u010dini simpati\u010dna i puna razumijevanja. Ulomak iz knjige mi se jako svidio i htjela bih pro\u010ditati cijelu knjigu. Zanimam me i kako se djevoj\u010dica zove. Bilo bi odli\u010dno da ovakve knjige imamo za lektiru.<\/em><\/p>\n<p style=\"text-align: center;\"><em>\u00a0\u00a0\u00a0\u00a0\u00a0\u00a0\u00a0\u00a0\u00a0\u00a0\u00a0\u00a0\u00a0\u00a0\u00a0\u00a0\u00a0\u00a0\u00a0 \u00a0\u00a0\u00a0\u00a0\u00a0\u00a0\u00a0\u00a0\u00a0\u00a0\u00a0\u00a0\u00a0\u00a0\u00a0\u00a0\u00a0\u00a0\u00a0\u00a0\u00a0\u00a0\u00a0\u00a0\u00a0\u00a0\u00a0\u00a0\u00a0\u00a0\u00a0\u00a0\u00a0\u00a0\u00a0\u00a0\u00a0\u00a0\u00a0\u00a0\u00a0\u00a0\u00a0\u00a0\u00a0\u00a0\u00a0\u00a0\u00a0\u00a0\u00a0\u00a0\u00a0\u00a0\u00a0\u00a0\u00a0\u00a0\u00a0\u00a0\u00a0\u00a0\u00a0\u00a0\u00a0\u00a0\u00a0\u00a0\u00a0\u00a0\u00a0\u00a0Silvija, 8. b<\/em><\/p>\n<p style=\"text-align: center;\"><em>Jako mi se svidio na\u010din prezentiranja knjige. Zanimljivo je \u0161to je knjiga nastala prema stvarnom doga\u0111aju i \u0161to knji\u017eevnica nije odala najva\u017enije dijelove knjige. <\/em><\/p>\n<p style=\"text-align: center;\"><em>\u00a0\u00a0\u00a0\u00a0\u00a0 \u00a0\u00a0\u00a0\u00a0\u00a0\u00a0\u00a0\u00a0\u00a0\u00a0\u00a0\u00a0\u00a0\u00a0\u00a0\u00a0\u00a0\u00a0\u00a0\u00a0\u00a0\u00a0\u00a0\u00a0\u00a0\u00a0\u00a0\u00a0\u00a0\u00a0\u00a0\u00a0\u00a0\u00a0\u00a0\u00a0\u00a0\u00a0\u00a0\u00a0\u00a0\u00a0\u00a0\u00a0\u00a0\u00a0\u00a0\u00a0\u00a0\u00a0\u00a0\u00a0\u00a0\u00a0\u00a0\u00a0\u00a0\u00a0\u00a0\u00a0\u00a0\u00a0\u00a0\u00a0\u00a0\u00a0\u00a0\u00a0\u00a0\u00a0\u00a0\u00a0\u00a0\u00a0\u00a0\u00a0\u00a0\u00a0\u00a0\u00a0\u00a0\u00a0\u00a0\u00a0\u00a0\u00a0Josip-Benjamin, 8.e<\/em><\/p>\n<p style=\"text-align: center;\"><em>\u00a0<\/em><\/p>\n<p><em>Svidjelo mi se kako nam se autorica obra\u0107ala, zanimalo ju je na\u0161e mi\u0161ljenje. Tako\u0111er mi se svidjelo \u0161to ju je zanimalo na\u0161e iskustvo i to \u0161to ju zanimaju na\u0161i problemi. <\/em><\/p>\n<p><em>\u00a0\u00a0\u00a0\u00a0\u00a0\u00a0\u00a0\u00a0\u00a0\u00a0\u00a0\u00a0\u00a0\u00a0\u00a0\u00a0\u00a0\u00a0\u00a0\u00a0\u00a0\u00a0\u00a0\u00a0\u00a0\u00a0\u00a0\u00a0\u00a0\u00a0\u00a0\u00a0\u00a0\u00a0\u00a0\u00a0\u00a0\u00a0\u00a0\u00a0\u00a0\u00a0\u00a0\u00a0\u00a0\u00a0\u00a0\u00a0\u00a0\u00a0\u00a0\u00a0\u00a0\u00a0\u00a0\u00a0\u00a0\u00a0\u00a0\u00a0\u00a0\u00a0\u00a0\u00a0\u00a0\u00a0\u00a0\u00a0\u00a0\u00a0\u00a0\u00a0\u00a0\u00a0\u00a0\u00a0\u00a0\u00a0\u00a0\u00a0\u00a0\u00a0\u00a0\u00a0\u00a0\u00a0\u00a0\u00a0\u00a0\u00a0\u00a0\u00a0\u00a0 Laura, 8.e<\/em><\/p>\n<p><em>\u00a0<\/em><\/p>\n<p><em>Meni se knjiga jako dopala jer se radi o problemima jedne tinejd\u017eerke i \u0161to se ve\u0107ina djevojaka mo\u017ee s njom poistovjetiti. Fora mi je \u0161to se slu\u017ei slengom koji mi tinejd\u017eeri koristimo. Kod knji\u017eevnice mi se svidjelo \u0161to je zabavna i zna s djecom. Svidjela mi se na prvi pogled. Planiram posuditi knjigu i pro\u010ditati je od korica do korica. <\/em><\/p>\n<p><em>\u00a0\u00a0\u00a0\u00a0\u00a0\u00a0\u00a0\u00a0\u00a0\u00a0\u00a0\u00a0\u00a0\u00a0\u00a0\u00a0\u00a0\u00a0\u00a0\u00a0\u00a0\u00a0\u00a0\u00a0\u00a0\u00a0\u00a0\u00a0\u00a0\u00a0\u00a0\u00a0\u00a0\u00a0\u00a0\u00a0\u00a0\u00a0\u00a0\u00a0\u00a0\u00a0\u00a0\u00a0 \u00a0\u00a0\u00a0\u00a0\u00a0\u00a0\u00a0\u00a0\u00a0\u00a0\u00a0\u00a0\u00a0\u00a0\u00a0\u00a0\u00a0\u00a0\u00a0\u00a0\u00a0\u00a0\u00a0\u00a0\u00a0\u00a0\u00a0\u00a0\u00a0\u00a0\u00a0\u00a0\u00a0\u00a0\u00a0\u00a0\u00a0\u00a0\u00a0\u00a0\u00a0\u00a0\u00a0\u00a0\u00a0\u00a0\u00a0Leonarda, 8. b<\/em><\/p>\n<p><a href=\"http:\/\/cvrcak-daruvar.com.hr\/wp-content\/uploads\/2017\/12\/22664436_917928761694165_1880723541_o.jpg\" class=\"gallery_colorbox\" rel=\"attachment wp-att-4317\"><img decoding=\"async\" loading=\"lazy\" class=\"aligncenter size-large wp-image-4317\" src=\"http:\/\/cvrcak-daruvar.com.hr\/wp-content\/uploads\/2017\/12\/22664436_917928761694165_1880723541_o-1024x768.jpg\"  alt=\"22664436_917928761694165_1880723541_o\" width=\"500\" height=\"375\" srcset=\"http:\/\/cvrcak-daruvar.com.hr\/wp-content\/uploads\/2017\/12\/22664436_917928761694165_1880723541_o-1024x768.jpg 1024w, http:\/\/cvrcak-daruvar.com.hr\/wp-content\/uploads\/2017\/12\/22664436_917928761694165_1880723541_o-300x225.jpg 300w, http:\/\/cvrcak-daruvar.com.hr\/wp-content\/uploads\/2017\/12\/22664436_917928761694165_1880723541_o-768x576.jpg 768w, http:\/\/cvrcak-daruvar.com.hr\/wp-content\/uploads\/2017\/12\/22664436_917928761694165_1880723541_o.jpg 1536w\" sizes=\"(max-width: 500px) 100vw, 500px\" \/><\/a><\/p>\n<p><em>Knjiga mi se jako svidjela, mislim da \u0107u ju pro\u010ditati. Najvi\u0161e me nakon predstavljanja knjige zanimalo ime djevoj\u010dice. Predstavljanje mi se jako svidjelo. Mislim da se mnogi tinejd\u017eeri mogu poistovjetiti s glavnom junakinjom. Svi\u0111a mi se i stil pisanja knjige. <\/em><\/p>\n<p><em>\u00a0\u00a0\u00a0\u00a0\u00a0\u00a0\u00a0\u00a0\u00a0\u00a0\u00a0\u00a0\u00a0\u00a0\u00a0\u00a0\u00a0\u00a0\u00a0\u00a0\u00a0\u00a0\u00a0\u00a0\u00a0\u00a0\u00a0\u00a0\u00a0\u00a0\u00a0\u00a0\u00a0\u00a0\u00a0\u00a0\u00a0\u00a0\u00a0\u00a0\u00a0\u00a0\u00a0\u00a0\u00a0\u00a0\u00a0\u00a0\u00a0\u00a0\u00a0\u00a0\u00a0\u00a0\u00a0\u00a0\u00a0\u00a0\u00a0\u00a0\u00a0\u00a0\u00a0\u00a0\u00a0\u00a0\u00a0\u00a0\u00a0\u00a0\u00a0\u00a0\u00a0\u00a0\u00a0\u00a0\u00a0\u00a0\u00a0\u00a0\u00a0\u00a0\u00a0\u00a0\u00a0\u00a0\u00a0\u00a0\u00a0\u00a0\u00a0\u00a0\u00a0 Laura Pia, 8.d<\/em><\/p>\n<p><em>Svidjelo mi se \u0161to je glavna junakinja knjige na\u0161e dobi i \u0161to spisateljica shva\u0107a na\u0161e probleme ozbiljno, a ne kao \u201edje\u010dja posla\u201c. Mislim da se svi mo\u017eemo prona\u0107i u bar jednoj situaciji iz pro\u010ditanog ulomka. Mislim da je spisateljica odli\u010dno prezentirala knjigu jer u knji\u017enici bila ti\u0161ina, \u0161to zna\u010di da smo ju svi slu\u0161ali. Smatram da bi se o problemima puberteta trebalo vi\u0161e raspravljati. <\/em><\/p>\n<p><em>\u00a0\u00a0\u00a0\u00a0\u00a0\u00a0\u00a0\u00a0\u00a0\u00a0\u00a0\u00a0\u00a0\u00a0\u00a0\u00a0\u00a0\u00a0\u00a0\u00a0\u00a0\u00a0\u00a0\u00a0\u00a0\u00a0\u00a0\u00a0\u00a0\u00a0\u00a0\u00a0\u00a0\u00a0\u00a0\u00a0\u00a0\u00a0\u00a0\u00a0\u00a0\u00a0\u00a0\u00a0\u00a0\u00a0\u00a0\u00a0\u00a0\u00a0\u00a0\u00a0\u00a0\u00a0\u00a0\u00a0\u00a0\u00a0\u00a0\u00a0\u00a0\u00a0\u00a0\u00a0\u00a0\u00a0\u00a0\u00a0\u00a0\u00a0\u00a0\u00a0\u00a0\u00a0\u00a0\u00a0\u00a0\u00a0\u00a0\u00a0\u00a0\u00a0\u00a0\u00a0\u00a0\u00a0\u00a0\u00a0\u00a0\u00a0\u00a0\u00a0\u00a0 Hana, 8.b<\/em><\/p>\n<p><em>\u00a0<a href=\"http:\/\/cvrcak-daruvar.com.hr\/wp-content\/uploads\/2017\/12\/22664323_917928355027539_1379462325_o.jpg\" class=\"gallery_colorbox\" rel=\"attachment wp-att-4316\"><img decoding=\"async\" loading=\"lazy\" class=\"aligncenter size-large wp-image-4316\" src=\"http:\/\/cvrcak-daruvar.com.hr\/wp-content\/uploads\/2017\/12\/22664323_917928355027539_1379462325_o-1024x768.jpg\"  alt=\"22664323_917928355027539_1379462325_o\" width=\"500\" height=\"375\" srcset=\"http:\/\/cvrcak-daruvar.com.hr\/wp-content\/uploads\/2017\/12\/22664323_917928355027539_1379462325_o-1024x768.jpg 1024w, http:\/\/cvrcak-daruvar.com.hr\/wp-content\/uploads\/2017\/12\/22664323_917928355027539_1379462325_o-300x225.jpg 300w, http:\/\/cvrcak-daruvar.com.hr\/wp-content\/uploads\/2017\/12\/22664323_917928355027539_1379462325_o-768x576.jpg 768w, http:\/\/cvrcak-daruvar.com.hr\/wp-content\/uploads\/2017\/12\/22664323_917928355027539_1379462325_o.jpg 1536w\" sizes=\"(max-width: 500px) 100vw, 500px\" \/><\/a><\/em><\/p>\n<p><em>Bilo je zanimljivo jer je knji\u017eevnica \u010ditala dijelove knjige i jer je htjela da i mi sudjelujemo. Svidjelo mi se \u0161to je knjiga napisana posebno za tinejd\u017eere i jer suosje\u0107a s nama.\u00a0 <\/em><\/p>\n<p><em>\u00a0\u00a0\u00a0\u00a0\u00a0\u00a0\u00a0\u00a0\u00a0\u00a0\u00a0\u00a0\u00a0\u00a0\u00a0\u00a0\u00a0\u00a0\u00a0\u00a0\u00a0\u00a0\u00a0\u00a0\u00a0\u00a0\u00a0\u00a0\u00a0\u00a0\u00a0\u00a0\u00a0\u00a0\u00a0\u00a0\u00a0\u00a0\u00a0\u00a0\u00a0\u00a0\u00a0\u00a0\u00a0\u00a0\u00a0\u00a0\u00a0\u00a0\u00a0\u00a0\u00a0\u00a0\u00a0\u00a0\u00a0\u00a0\u00a0\u00a0\u00a0\u00a0\u00a0\u00a0\u00a0\u00a0\u00a0\u00a0\u00a0\u00a0\u00a0\u00a0\u00a0\u00a0\u00a0\u00a0\u00a0\u00a0\u00a0\u00a0\u00a0\u00a0\u00a0\u00a0\u00a0\u00a0\u00a0\u00a0\u00a0\u00a0\u00a0\u00a0\u00a0\u00a0\u00a0 Ena, 8.e<\/em><\/p>\n<p><em>Autorica ima dobar pristup djeci, zna kako s njima. Ulomak iz knjige mi se svidio i knjiga mi se \u010dini zanimljiva. <\/em><\/p>\n<p><em>\u00a0\u00a0\u00a0\u00a0\u00a0\u00a0\u00a0\u00a0\u00a0\u00a0\u00a0\u00a0\u00a0\u00a0\u00a0\u00a0\u00a0\u00a0\u00a0\u00a0\u00a0\u00a0\u00a0\u00a0\u00a0\u00a0\u00a0\u00a0\u00a0\u00a0\u00a0\u00a0\u00a0\u00a0\u00a0\u00a0\u00a0\u00a0\u00a0\u00a0\u00a0\u00a0\u00a0\u00a0\u00a0\u00a0\u00a0\u00a0\u00a0\u00a0\u00a0\u00a0\u00a0\u00a0\u00a0\u00a0\u00a0\u00a0\u00a0\u00a0\u00a0\u00a0\u00a0\u00a0\u00a0\u00a0\u00a0\u00a0\u00a0\u00a0\u00a0\u00a0\u00a0\u00a0\u00a0\u00a0\u00a0\u00a0\u00a0\u00a0\u00a0\u00a0\u00a0\u00a0\u00a0\u00a0\u00a0\u00a0\u00a0\u00a0\u00a0\u00a0\u00a0\u00a0 Toni, 8.d<\/em><\/p>\n<p><a href=\"http:\/\/cvrcak-daruvar.com.hr\/wp-content\/uploads\/2017\/12\/22642047_917928708360837_2085309962_o.jpg\" class=\"gallery_colorbox\" rel=\"attachment wp-att-4314\"><img decoding=\"async\" loading=\"lazy\" class=\"aligncenter size-large wp-image-4314\" src=\"http:\/\/cvrcak-daruvar.com.hr\/wp-content\/uploads\/2017\/12\/22642047_917928708360837_2085309962_o-1024x768.jpg\"  alt=\"22642047_917928708360837_2085309962_o\" width=\"500\" height=\"375\" srcset=\"http:\/\/cvrcak-daruvar.com.hr\/wp-content\/uploads\/2017\/12\/22642047_917928708360837_2085309962_o-1024x768.jpg 1024w, http:\/\/cvrcak-daruvar.com.hr\/wp-content\/uploads\/2017\/12\/22642047_917928708360837_2085309962_o-300x225.jpg 300w, http:\/\/cvrcak-daruvar.com.hr\/wp-content\/uploads\/2017\/12\/22642047_917928708360837_2085309962_o-768x576.jpg 768w, http:\/\/cvrcak-daruvar.com.hr\/wp-content\/uploads\/2017\/12\/22642047_917928708360837_2085309962_o.jpg 1536w\" sizes=\"(max-width: 500px) 100vw, 500px\" \/><\/a><\/p>\n","protected":false},"excerpt":{"rendered":"<p>19. listopada odr\u017eao se u Pu\u010dkoj knji\u017enici i \u010ditaonici Daruvar knji\u017eevni susret s glumicom i knji\u017eevnicom Vlastom Golub, autoricom romana \u201eO ljubavi, spletkama i svemu pomalo.\u201c Ovaj roman, namijenjen tinejd\u017eerima, osvojio je nagradu za najbolji neobjavljeni roman Hrvatskog dru\u0161tva knji\u017eevnika za djecu i mlade \u2013 Klub prvih pisaca. Roman Vlaste Golub odabran je zbog kvalitetne [&hellip;]<\/p>\n","protected":false},"author":2,"featured_media":0,"parent":0,"menu_order":0,"comment_status":"closed","ping_status":"closed","template":"","meta":[],"_links":{"self":[{"href":"http:\/\/cvrcak-daruvar.com.hr\/index.php?rest_route=\/wp\/v2\/pages\/4309"}],"collection":[{"href":"http:\/\/cvrcak-daruvar.com.hr\/index.php?rest_route=\/wp\/v2\/pages"}],"about":[{"href":"http:\/\/cvrcak-daruvar.com.hr\/index.php?rest_route=\/wp\/v2\/types\/page"}],"author":[{"embeddable":true,"href":"http:\/\/cvrcak-daruvar.com.hr\/index.php?rest_route=\/wp\/v2\/users\/2"}],"replies":[{"embeddable":true,"href":"http:\/\/cvrcak-daruvar.com.hr\/index.php?rest_route=%2Fwp%2Fv2%2Fcomments&post=4309"}],"version-history":[{"count":6,"href":"http:\/\/cvrcak-daruvar.com.hr\/index.php?rest_route=\/wp\/v2\/pages\/4309\/revisions"}],"predecessor-version":[{"id":4323,"href":"http:\/\/cvrcak-daruvar.com.hr\/index.php?rest_route=\/wp\/v2\/pages\/4309\/revisions\/4323"}],"wp:attachment":[{"href":"http:\/\/cvrcak-daruvar.com.hr\/index.php?rest_route=%2Fwp%2Fv2%2Fmedia&parent=4309"}],"curies":[{"name":"wp","href":"https:\/\/api.w.org\/{rel}","templated":true}]}}