{"id":430,"date":"2012-06-01T05:04:12","date_gmt":"2012-06-01T05:04:12","guid":{"rendered":"http:\/\/cvrcak-daruvar.com.hr\/?page_id=430"},"modified":"2012-06-09T09:18:58","modified_gmt":"2012-06-09T07:18:58","slug":"engleska-radionica","status":"publish","type":"page","link":"http:\/\/cvrcak-daruvar.com.hr\/?page_id=430","title":{"rendered":"Engleska radionica"},"content":{"rendered":"<p><strong>Prvi dio:<\/strong><\/p>\n<p>TPR (Total Physical Response) aktivnosti<\/p>\n<p>U\u010denje i izvo\u0111enje razli\u010ditih pokreta: clap your hands, snap your fingers, wave your arms, stamp your feet, touch your toes, shake, dance, freeze, jump etc.<\/p>\n<p>Ponavljanje nau\u010denih pokreta uz igru \u201eSimon says\u201c<\/p>\n<p>U\u010denje i pjevanje pjesme \u201eIf you&#8217;re happy and you know it\u201c (Kad si sretan)<\/p>\n<p><a href=\"http:\/\/cvrcak-daruvar.com.hr\/wp-content\/uploads\/2012\/06\/Engleska-grupa-Dan-otvorenih-vrata.jpg\" class=\"gallery_colorbox\"><img decoding=\"async\" loading=\"lazy\" class=\"aligncenter size-full wp-image-431\" title=\"OLYMPUS DIGITAL CAMERA\" src=\"http:\/\/cvrcak-daruvar.com.hr\/wp-content\/uploads\/2012\/06\/Engleska-grupa-Dan-otvorenih-vrata.jpg\"  alt=\"\" width=\"448\" height=\"336\" srcset=\"http:\/\/cvrcak-daruvar.com.hr\/wp-content\/uploads\/2012\/06\/Engleska-grupa-Dan-otvorenih-vrata.jpg 448w, http:\/\/cvrcak-daruvar.com.hr\/wp-content\/uploads\/2012\/06\/Engleska-grupa-Dan-otvorenih-vrata-300x224.jpg 300w\" sizes=\"(max-width: 448px) 100vw, 448px\" \/><\/a><\/p>\n<p><strong>Drugi dio:<\/strong><\/p>\n<p>Motivacijsko gledanje uvoda iz filma \u201eToy Story 3\u201c.<\/p>\n<p>Nakon uvoda, ovisno o uzrastu u\u010denika obra\u0111ivanje vokabulara vezanog za igra\u010dke (toys) te rje\u0161avanje odgovaraju\u0107ih listi\u0107a.<\/p>\n<p align=\"right\"><em>u\u010ditelj <strong>Vedran Voborski<\/strong><\/em><\/p>\n","protected":false},"excerpt":{"rendered":"<p>Prvi dio: TPR (Total Physical Response) aktivnosti U\u010denje i izvo\u0111enje razli\u010ditih pokreta: clap your hands, snap your fingers, wave your arms, stamp your feet, touch your toes, shake, dance, freeze, jump etc. Ponavljanje nau\u010denih pokreta uz igru \u201eSimon says\u201c U\u010denje i pjevanje pjesme \u201eIf you&#8217;re happy and you know it\u201c (Kad si sretan) Drugi dio: [&hellip;]<\/p>\n","protected":false},"author":1,"featured_media":0,"parent":413,"menu_order":0,"comment_status":"closed","ping_status":"closed","template":"","meta":[],"_links":{"self":[{"href":"http:\/\/cvrcak-daruvar.com.hr\/index.php?rest_route=\/wp\/v2\/pages\/430"}],"collection":[{"href":"http:\/\/cvrcak-daruvar.com.hr\/index.php?rest_route=\/wp\/v2\/pages"}],"about":[{"href":"http:\/\/cvrcak-daruvar.com.hr\/index.php?rest_route=\/wp\/v2\/types\/page"}],"author":[{"embeddable":true,"href":"http:\/\/cvrcak-daruvar.com.hr\/index.php?rest_route=\/wp\/v2\/users\/1"}],"replies":[{"embeddable":true,"href":"http:\/\/cvrcak-daruvar.com.hr\/index.php?rest_route=%2Fwp%2Fv2%2Fcomments&post=430"}],"version-history":[{"count":3,"href":"http:\/\/cvrcak-daruvar.com.hr\/index.php?rest_route=\/wp\/v2\/pages\/430\/revisions"}],"predecessor-version":[{"id":643,"href":"http:\/\/cvrcak-daruvar.com.hr\/index.php?rest_route=\/wp\/v2\/pages\/430\/revisions\/643"}],"up":[{"embeddable":true,"href":"http:\/\/cvrcak-daruvar.com.hr\/index.php?rest_route=\/wp\/v2\/pages\/413"}],"wp:attachment":[{"href":"http:\/\/cvrcak-daruvar.com.hr\/index.php?rest_route=%2Fwp%2Fv2%2Fmedia&parent=430"}],"curies":[{"name":"wp","href":"https:\/\/api.w.org\/{rel}","templated":true}]}}