{"id":4287,"date":"2017-12-02T20:33:41","date_gmt":"2017-12-02T19:33:41","guid":{"rendered":"http:\/\/cvrcak-daruvar.com.hr\/?page_id=4287"},"modified":"2019-03-10T08:16:43","modified_gmt":"2019-03-10T07:16:43","slug":"fotografije-3","status":"publish","type":"page","link":"http:\/\/cvrcak-daruvar.com.hr\/?page_id=4287","title":{"rendered":"Fotografije 2017.2018."},"content":{"rendered":"<p>Fotografije u\u010denika Temeljem Zakona o za\u0161titi osobnih podataka (NN 103\/2003)&nbsp; roditelji su potpisali suglasnost da njihovo dijete mo\u017ee biti fotografirano&nbsp;tijekom \u0161kolskih aktivnosti te da slike mogu biti objavljene na web stranici \u0161kole, i u digitalnom \u0161kolskom listu Cvr\u010dak. \u0160kolska godina 2011.\/2012. \u0160kolska godina 2012,\/2013, \u0160kolska godina 2013.\/2014. \u0160kolska godina 2014.\/2015.&nbsp;\u0160kolska godina 2015.\/2016. \u0160kolska godina 2015.\/2016.&nbsp;\u0160kolska godina 2016.\/2017.&nbsp;\u0160kolska godina 2017.\/2018.<\/p>\n<p>&nbsp;<\/p>\n<div id=\"attachment_4562\" style=\"width: 510px\" class=\"wp-caption alignleft\"><a href=\"http:\/\/cvrcak-daruvar.com.hr\/wp-content\/uploads\/2017\/12\/8A-1.jpg\" class=\"gallery_colorbox\" rel=\"attachment wp-att-4562\"><img aria-describedby=\"caption-attachment-4562\" decoding=\"async\" loading=\"lazy\" class=\"size-full wp-image-4562\" src=\"http:\/\/cvrcak-daruvar.com.hr\/wp-content\/uploads\/2017\/12\/8A-1.jpg\"  alt=\"8.a\" width=\"500\" height=\"350\" srcset=\"http:\/\/cvrcak-daruvar.com.hr\/wp-content\/uploads\/2017\/12\/8A-1.jpg 500w, http:\/\/cvrcak-daruvar.com.hr\/wp-content\/uploads\/2017\/12\/8A-1-300x210.jpg 300w\" sizes=\"(max-width: 500px) 100vw, 500px\" \/><\/a><p id=\"caption-attachment-4562\" class=\"wp-caption-text\">8.a<\/p><\/div>\n<div id=\"attachment_4563\" style=\"width: 510px\" class=\"wp-caption alignleft\"><a href=\"http:\/\/cvrcak-daruvar.com.hr\/wp-content\/uploads\/2017\/12\/8B-2.jpg\" class=\"gallery_colorbox\" rel=\"attachment wp-att-4563\"><img aria-describedby=\"caption-attachment-4563\" decoding=\"async\" loading=\"lazy\" class=\"size-full wp-image-4563\" src=\"http:\/\/cvrcak-daruvar.com.hr\/wp-content\/uploads\/2017\/12\/8B-2.jpg\"  alt=\"8.b\" width=\"500\" height=\"375\" srcset=\"http:\/\/cvrcak-daruvar.com.hr\/wp-content\/uploads\/2017\/12\/8B-2.jpg 500w, http:\/\/cvrcak-daruvar.com.hr\/wp-content\/uploads\/2017\/12\/8B-2-300x225.jpg 300w\" sizes=\"(max-width: 500px) 100vw, 500px\" \/><\/a><p id=\"caption-attachment-4563\" class=\"wp-caption-text\">8.b<\/p><\/div>\n<div id=\"attachment_4564\" style=\"width: 510px\" class=\"wp-caption alignleft\"><a href=\"http:\/\/cvrcak-daruvar.com.hr\/wp-content\/uploads\/2017\/12\/8C-9.jpg\" class=\"gallery_colorbox\" rel=\"attachment wp-att-4564\"><img aria-describedby=\"caption-attachment-4564\" decoding=\"async\" loading=\"lazy\" class=\"size-full wp-image-4564\" src=\"http:\/\/cvrcak-daruvar.com.hr\/wp-content\/uploads\/2017\/12\/8C-9.jpg\"  alt=\"8.c\" width=\"500\" height=\"371\" srcset=\"http:\/\/cvrcak-daruvar.com.hr\/wp-content\/uploads\/2017\/12\/8C-9.jpg 500w, http:\/\/cvrcak-daruvar.com.hr\/wp-content\/uploads\/2017\/12\/8C-9-300x223.jpg 300w\" sizes=\"(max-width: 500px) 100vw, 500px\" \/><\/a><p id=\"caption-attachment-4564\" class=\"wp-caption-text\">8.c<\/p><\/div>\n<div id=\"attachment_4565\" style=\"width: 510px\" class=\"wp-caption alignleft\"><a href=\"http:\/\/cvrcak-daruvar.com.hr\/wp-content\/uploads\/2017\/12\/8D-4.jpg\" class=\"gallery_colorbox\" rel=\"attachment wp-att-4565\"><img aria-describedby=\"caption-attachment-4565\" decoding=\"async\" loading=\"lazy\" class=\"size-full wp-image-4565\" src=\"http:\/\/cvrcak-daruvar.com.hr\/wp-content\/uploads\/2017\/12\/8D-4.jpg\"  alt=\"8.d\" width=\"500\" height=\"375\" srcset=\"http:\/\/cvrcak-daruvar.com.hr\/wp-content\/uploads\/2017\/12\/8D-4.jpg 500w, http:\/\/cvrcak-daruvar.com.hr\/wp-content\/uploads\/2017\/12\/8D-4-300x225.jpg 300w\" sizes=\"(max-width: 500px) 100vw, 500px\" \/><\/a><p id=\"caption-attachment-4565\" class=\"wp-caption-text\">8.d<\/p><\/div>\n<div id=\"attachment_4566\" style=\"width: 510px\" class=\"wp-caption alignleft\"><a href=\"http:\/\/cvrcak-daruvar.com.hr\/wp-content\/uploads\/2017\/12\/8E-2.jpg\" class=\"gallery_colorbox\" rel=\"attachment wp-att-4566\"><img aria-describedby=\"caption-attachment-4566\" decoding=\"async\" loading=\"lazy\" class=\"size-full wp-image-4566\" src=\"http:\/\/cvrcak-daruvar.com.hr\/wp-content\/uploads\/2017\/12\/8E-2.jpg\"  alt=\"8.e\" width=\"500\" height=\"331\" srcset=\"http:\/\/cvrcak-daruvar.com.hr\/wp-content\/uploads\/2017\/12\/8E-2.jpg 500w, http:\/\/cvrcak-daruvar.com.hr\/wp-content\/uploads\/2017\/12\/8E-2-300x199.jpg 300w\" sizes=\"(max-width: 500px) 100vw, 500px\" \/><\/a><p id=\"caption-attachment-4566\" class=\"wp-caption-text\">8.e<\/p><\/div>\n","protected":false},"excerpt":{"rendered":"<p>Fotografije u\u010denika Temeljem Zakona o za\u0161titi osobnih podataka (NN 103\/2003)&nbsp; roditelji su potpisali suglasnost da njihovo dijete mo\u017ee biti fotografirano&nbsp;tijekom \u0161kolskih aktivnosti te da slike mogu biti objavljene na web stranici \u0161kole, i u digitalnom \u0161kolskom listu Cvr\u010dak. \u0160kolska godina 2011.\/2012. \u0160kolska godina 2012,\/2013, \u0160kolska godina 2013.\/2014. \u0160kolska godina 2014.\/2015.&nbsp;\u0160kolska godina 2015.\/2016. \u0160kolska godina 2015.\/2016.&nbsp;\u0160kolska [&hellip;]<\/p>\n","protected":false},"author":2,"featured_media":0,"parent":0,"menu_order":0,"comment_status":"closed","ping_status":"closed","template":"","meta":[],"_links":{"self":[{"href":"http:\/\/cvrcak-daruvar.com.hr\/index.php?rest_route=\/wp\/v2\/pages\/4287"}],"collection":[{"href":"http:\/\/cvrcak-daruvar.com.hr\/index.php?rest_route=\/wp\/v2\/pages"}],"about":[{"href":"http:\/\/cvrcak-daruvar.com.hr\/index.php?rest_route=\/wp\/v2\/types\/page"}],"author":[{"embeddable":true,"href":"http:\/\/cvrcak-daruvar.com.hr\/index.php?rest_route=\/wp\/v2\/users\/2"}],"replies":[{"embeddable":true,"href":"http:\/\/cvrcak-daruvar.com.hr\/index.php?rest_route=%2Fwp%2Fv2%2Fcomments&post=4287"}],"version-history":[{"count":4,"href":"http:\/\/cvrcak-daruvar.com.hr\/index.php?rest_route=\/wp\/v2\/pages\/4287\/revisions"}],"predecessor-version":[{"id":4665,"href":"http:\/\/cvrcak-daruvar.com.hr\/index.php?rest_route=\/wp\/v2\/pages\/4287\/revisions\/4665"}],"wp:attachment":[{"href":"http:\/\/cvrcak-daruvar.com.hr\/index.php?rest_route=%2Fwp%2Fv2%2Fmedia&parent=4287"}],"curies":[{"name":"wp","href":"https:\/\/api.w.org\/{rel}","templated":true}]}}