{"id":4277,"date":"2017-12-02T20:32:39","date_gmt":"2017-12-02T19:32:39","guid":{"rendered":"http:\/\/cvrcak-daruvar.com.hr\/?page_id=4277"},"modified":"2019-04-07T08:48:46","modified_gmt":"2019-04-07T06:48:46","slug":"literarni-kutak-6","status":"publish","type":"page","link":"http:\/\/cvrcak-daruvar.com.hr\/?page_id=4277","title":{"rendered":"Literarni kutak 2017.2018."},"content":{"rendered":"<h3><a href=\"http:\/\/cvrcak-daruvar.com.hr\/?page_id=5005\">Moja majka<\/a><\/h3>\n<h3><a href=\"https:\/\/drive.google.com\/file\/d\/1U4qp5uyF7jDM7OKy3_f5tgrsL19jx0R_\/view?usp=sharing\">Sunce<\/a><\/h3>\n<h3><a href=\"http:\/\/cvrcak-daruvar.com.hr\/?page_id=4541\">Moj u\u010ditelj\u00a0<\/a><\/h3>\n<h3><a href=\"https:\/\/drive.google.com\/file\/d\/1BnG2w7orrRs2I7EDWWpSaqnGREMG515g\/view?usp=sharing\">Moje ruke<\/a><\/h3>\n<h3><a href=\"http:\/\/cvrcak-daruvar.com.hr\/?page_id=4473\">Moja baka<\/a><\/h3>\n<h3><a href=\"https:\/\/drive.google.com\/file\/d\/1tZH83j0inXH8PGp-e-JVR0BF-qX4cv-H\/view?usp=sharing\">Ma\u0161kare<\/a><\/h3>\n<h3><a href=\"https:\/\/drive.google.com\/file\/d\/1WXbmCLYS_hZXvz4RxdpeIF2Z_VQkmjfT\/view?usp=sharing\">Ljubavno pismo<\/a><\/h3>\n<h3><a href=\"https:\/\/drive.google.com\/file\/d\/1jjtvW6hdaowHsV1I2ZTBuFDx4_54QW1b\/view?usp=sharing\">Slobodno vrijeme<\/a><\/h3>\n<h3><a href=\"http:\/\/cvrcak-daruvar.com.hr\/?page_id=4436\">Nasilje me\u0111u mladima<\/a><\/h3>\n<h3><a href=\"https:\/\/drive.google.com\/file\/d\/1iIKMeNjYwpt53awMPMp_6ppati8sCv-_\/view?usp=sharing\">Glasujmo svi<\/a><\/h3>\n<h3><a href=\"https:\/\/drive.google.com\/file\/d\/1YtE5QV9DBQlE3g9qDATbsm1IQBdOO3nM\/view?usp=sharing\">Putovanje jedne kaplice<\/a><\/h3>\n<h3><a href=\"https:\/\/drive.google.com\/file\/d\/1DKHH-dDmD3ip2y7-J5goHBOlBzpw0BH7\/view?usp=sharing\">Monolog jednog drveta<\/a><\/h3>\n<h3><a href=\"https:\/\/drive.google.com\/file\/d\/1B3LXXpZHyU5izeapmXMAvQkijXIDCXd_\/view?usp=sharing\">Ljubav<\/a><\/h3>\n<h3><a href=\"https:\/\/drive.google.com\/file\/d\/1dbaLWhiTWY0vFgRf9_24506OH7iNoMu3\/view?usp=sharing\">Ah, taj crni pas<\/a><\/h3>\n<h3><a href=\"https:\/\/drive.google.com\/file\/d\/1LdiRgwpIozuiapc0pYxrYvduKjceNiiX\/view?usp=sharing\">Donna<\/a><\/h3>\n<h3><a href=\"https:\/\/drive.google.com\/file\/d\/18b4zsuDsdeKD20adxg1h5B2qI_a5ifsp\/view?usp=sharing\">Ptica<\/a><\/h3>\n<h3><a href=\"https:\/\/drive.google.com\/file\/d\/1-vaX9Lo30CeCQV1ATKfNyoDfLidMV2e6\/view?usp=sharing\">Moj zami\u0161ljeni ljubimac<\/a><\/h3>\n<h3><a href=\"https:\/\/drive.google.com\/file\/d\/1Oz-2sQpQuD7iq9LRhDnzhRokj2i6dWxh\/view?usp=sharing\">Ma\u010dka Keki<\/a><\/h3>\n<h3><a href=\"https:\/\/drive.google.com\/file\/d\/1-VSjJTBN2j2Mf_Mq4VA7zhneAPkAbALq\/view?usp=sharing\">Monolog ma\u010dke Keki<\/a><\/h3>\n<h3><a href=\"https:\/\/drive.google.com\/file\/d\/1ZAKeUgI_JtK91il4tWvqtPrxukI-e3cG\/view?usp=sharing\">Osvrt na knji\u017eevno djelo<\/a><\/h3>\n<h3><a href=\"https:\/\/drive.google.com\/file\/d\/1swIzdTOm5RxUfQQDH-HAVJHae-kGNmfd\/view?usp=sharing\">Sloboda<\/a><\/h3>\n<h3><a href=\"https:\/\/drive.google.com\/file\/d\/1cvuujjHdoqxHCBgzLiOhh_Gm754FEdEl\/view?usp=sharing\">Domovina<\/a><\/h3>\n<h3><a href=\"https:\/\/drive.google.com\/file\/d\/1qk0ycbKgJozeL9ii_PQTUT-eW3WtXxAQ\/view?usp=sharing\">Moja domovina 1<\/a><\/h3>\n<h3><a href=\"https:\/\/drive.google.com\/file\/d\/1Zx7cF-BaCXzFT0QDQPV377EwCLRHRg07\/view?usp=sharing\">Moja domovina 2<\/a><\/h3>\n<h3><a href=\"https:\/\/drive.google.com\/file\/d\/1WQAx-TaJ9LGDVudDdnmwOaGATWyURANj\/view?usp=sharing\">Crvena ru\u017ea<\/a><\/h3>\n<h3><a href=\"https:\/\/drive.google.com\/file\/d\/1G4ox1RfJvi8JQv-80BjJeX9O5WdvnYu2\/view?usp=sharing\">Kad bih bila<\/a><\/h3>\n<h3><a href=\"https:\/\/drive.google.com\/file\/d\/1sp9c0BgK8AY8uJpByqPMpZ1tqDcELRh_\/view?usp=sharing\">Tenis<\/a><\/h3>\n<h3><a href=\"https:\/\/drive.google.com\/file\/d\/1K77mpq0Py4KY-JFIQFdw-4ItWh06YvvF\/view?usp=sharing\">Livada<\/a><\/h3>\n<h3><a href=\"https:\/\/drive.google.com\/file\/d\/1yZNMafIUUyu68lyO9tw38IUN23I8tRsA\/view?usp=sharing\">Ususret prolje\u0107u<\/a><\/h3>\n<h3><a href=\"https:\/\/drive.google.com\/file\/d\/1olmcDFkdeICXE-dVpdXMOVcJTqhjkfjM\/view?usp=sharing\">Prolje\u0107e 1<\/a><\/h3>\n<h3><a href=\"https:\/\/drive.google.com\/file\/d\/1JxcwUXT1V1xj-yaPW6OmqBbPTbKM6qcb\/view?usp=sharing\">Prolje\u0107e 2<\/a><\/h3>\n<h3><a href=\"https:\/\/drive.google.com\/file\/d\/1q01teMt1l33yKm9jA4TjAqEMIYwSCLv0\/view?usp=sharing\">U i\u0161\u010dekivanju ljeta<\/a><\/h3>\n<h3><a href=\"https:\/\/drive.google.com\/file\/d\/1UUwWJ0jWboyjvdED7U9b--W2NJj6KjfE\/view?usp=sharing\">Ki\u0161obran<\/a><\/h3>\n<h3><a href=\"https:\/\/drive.google.com\/file\/d\/1flu4wG6neaXjTkdAKwo1R_nTjB99rbmH\/view?usp=sharing\">Jesen\u00a01<\/a><\/h3>\n<h3><a href=\"https:\/\/drive.google.com\/file\/d\/1lVW225NhnH64yOs1o-9Y132thFToingY\/view?usp=sharing\">Jesen\u00a02<\/a><\/h3>\n<h3><a href=\"https:\/\/drive.google.com\/file\/d\/1MZpPZxPvtBkgkaEWzgV2stQTjkp5PY88\/view?usp=sharing\">Jesen 3<\/a><\/h3>\n<h3><a href=\"https:\/\/drive.google.com\/file\/d\/1KT-Z2rgBal3fSyBE-fxkOfM_w4X1luXq\/view?usp=sharing\">I\u0161\u010dekivanje jeseni<\/a><\/h3>\n<h3><a href=\"https:\/\/drive.google.com\/file\/d\/1oZkqeiwWBgVXvMGp4wCATFE0Ni4COP9H\/view?usp=sharing\">Jesen sti\u017ee<\/a><\/h3>\n<h3><a href=\"https:\/\/drive.google.com\/file\/d\/1CgaHvFqDV5cLUAQmKv0-KuEx6LHLdr0n\/view?usp=sharing\">Priroda nas zove<\/a><\/h3>\n<h3><a href=\"https:\/\/drive.google.com\/file\/d\/1H1BUA5WQ9x6brh6paiUW_ovkw3Afzgs6\/view?usp=sharing\">Vjetar<\/a><\/h3>\n<h3><a href=\"https:\/\/drive.google.com\/file\/d\/1Y-0-b6iVZ5kHLETFbJCIqqZOpvSi9GVj\/view?usp=sharing\">Kruh<\/a><\/h3>\n<h3><a href=\"https:\/\/drive.google.com\/file\/d\/1xOagDfskzU_7UO5i2aCxOvsN1IE7EcJA\/view?usp=sharing\">Najdra\u017ei nastavnik<\/a><\/h3>\n<h3><a href=\"https:\/\/drive.google.com\/file\/d\/1tnij1pxZaoIJLxIQTaN2kH1ZzEnFqjZ0\/view?usp=sharing\">\u0160kola 1<\/a><\/h3>\n<h3><a href=\"https:\/\/drive.google.com\/file\/d\/1zhw5aoJbeQSYNPXsZy8tOTJMJ7DmRya4\/view?usp=sharing\">\u0160kola 2<\/a><\/h3>\n","protected":false},"excerpt":{"rendered":"<p>Moja majka Sunce Moj u\u010ditelj\u00a0 Moje ruke Moja baka Ma\u0161kare Ljubavno pismo Slobodno vrijeme Nasilje me\u0111u mladima Glasujmo svi Putovanje jedne kaplice Monolog jednog drveta Ljubav Ah, taj crni pas Donna Ptica Moj zami\u0161ljeni ljubimac Ma\u010dka Keki Monolog ma\u010dke Keki Osvrt na knji\u017eevno djelo Sloboda Domovina Moja domovina 1 Moja domovina 2 Crvena ru\u017ea Kad [&hellip;]<\/p>\n","protected":false},"author":2,"featured_media":0,"parent":0,"menu_order":0,"comment_status":"closed","ping_status":"closed","template":"","meta":[],"_links":{"self":[{"href":"http:\/\/cvrcak-daruvar.com.hr\/index.php?rest_route=\/wp\/v2\/pages\/4277"}],"collection":[{"href":"http:\/\/cvrcak-daruvar.com.hr\/index.php?rest_route=\/wp\/v2\/pages"}],"about":[{"href":"http:\/\/cvrcak-daruvar.com.hr\/index.php?rest_route=\/wp\/v2\/types\/page"}],"author":[{"embeddable":true,"href":"http:\/\/cvrcak-daruvar.com.hr\/index.php?rest_route=\/wp\/v2\/users\/2"}],"replies":[{"embeddable":true,"href":"http:\/\/cvrcak-daruvar.com.hr\/index.php?rest_route=%2Fwp%2Fv2%2Fcomments&post=4277"}],"version-history":[{"count":51,"href":"http:\/\/cvrcak-daruvar.com.hr\/index.php?rest_route=\/wp\/v2\/pages\/4277\/revisions"}],"predecessor-version":[{"id":5007,"href":"http:\/\/cvrcak-daruvar.com.hr\/index.php?rest_route=\/wp\/v2\/pages\/4277\/revisions\/5007"}],"wp:attachment":[{"href":"http:\/\/cvrcak-daruvar.com.hr\/index.php?rest_route=%2Fwp%2Fv2%2Fmedia&parent=4277"}],"curies":[{"name":"wp","href":"https:\/\/api.w.org\/{rel}","templated":true}]}}