{"id":4273,"date":"2017-12-02T20:32:14","date_gmt":"2017-12-02T19:32:14","guid":{"rendered":"http:\/\/cvrcak-daruvar.com.hr\/?page_id=4273"},"modified":"2019-05-05T09:14:22","modified_gmt":"2019-05-05T07:14:22","slug":"skolski-kutak","status":"publish","type":"page","link":"http:\/\/cvrcak-daruvar.com.hr\/?page_id=4273","title":{"rendered":"\u0160kolski kutak 2017.2018."},"content":{"rendered":"<h3><a href=\"http:\/\/cvrcak-daruvar.com.hr\/?page_id=4333\">Izlet u Vukovar<\/a><\/h3>\n<h3><a href=\"http:\/\/os-vnazora-daruvar.skole.hr\/?news_hk=1&amp;news_id=3877&amp;mshow=3013#mod_news\">Bo\u017ei\u0107<\/a><\/h3>\n<h3><a href=\"http:\/\/os-vnazora-daruvar.skole.hr\/?news_hk=1&amp;news_id=3848&amp;mshow=3013#mod_news\">POP &#8211; UP Festival emocija<\/a><\/h3>\n<h3><a href=\"http:\/\/cvrcak-daruvar.com.hr\/?page_id=4572\">Razlaganje otpada<\/a><\/h3>\n<h3><a href=\"http:\/\/os-vnazora-daruvar.skole.hr\/?news_hk=1&amp;news_id=4295&amp;mshow=3013#mod_news\">Izlet Salzburg<\/a><\/h3>\n<h3><a href=\"http:\/\/os-vnazora-daruvar.skole.hr\/?news_hk=1&amp;news_id=4277&amp;mshow=3013#mod_news\">\u0160kolska shema<\/a><\/h3>\n<h3><a href=\"http:\/\/os-vnazora-daruvar.skole.hr\/?news_hk=1&amp;news_id=4270&amp;mshow=3013#mod_news\">DAN \u0160KOLE<\/a><\/h3>\n<h3><a href=\"http:\/\/os-vnazora-daruvar.skole.hr\/?news_hk=1&amp;news_id=4269&amp;mshow=3013#mod_news\">Biciklisti\u010dki ispit<\/a><\/h3>\n<h3><a href=\"http:\/\/os-vnazora-daruvar.skole.hr\/?news_hk=1&amp;news_id=4256&amp;mshow=3013#mod_news\">Priznanja Grada Daruvara<\/a><\/h3>\n<h2><a href=\"http:\/\/os-vnazora-daruvar.skole.hr\/?news_hk=1&amp;news_id=4065&amp;mshow=3013#mod_news\" target=\"_blank\" rel=\"noopener noreferrer\">Ma\u0161kare<\/a><\/h2>\n","protected":false},"excerpt":{"rendered":"<p>Izlet u Vukovar Bo\u017ei\u0107 POP &#8211; UP Festival emocija Razlaganje otpada Izlet Salzburg \u0160kolska shema DAN \u0160KOLE Biciklisti\u010dki ispit Priznanja Grada Daruvara Ma\u0161kare<\/p>\n","protected":false},"author":2,"featured_media":0,"parent":0,"menu_order":0,"comment_status":"closed","ping_status":"closed","template":"","meta":[],"_links":{"self":[{"href":"http:\/\/cvrcak-daruvar.com.hr\/index.php?rest_route=\/wp\/v2\/pages\/4273"}],"collection":[{"href":"http:\/\/cvrcak-daruvar.com.hr\/index.php?rest_route=\/wp\/v2\/pages"}],"about":[{"href":"http:\/\/cvrcak-daruvar.com.hr\/index.php?rest_route=\/wp\/v2\/types\/page"}],"author":[{"embeddable":true,"href":"http:\/\/cvrcak-daruvar.com.hr\/index.php?rest_route=\/wp\/v2\/users\/2"}],"replies":[{"embeddable":true,"href":"http:\/\/cvrcak-daruvar.com.hr\/index.php?rest_route=%2Fwp%2Fv2%2Fcomments&post=4273"}],"version-history":[{"count":42,"href":"http:\/\/cvrcak-daruvar.com.hr\/index.php?rest_route=\/wp\/v2\/pages\/4273\/revisions"}],"predecessor-version":[{"id":5074,"href":"http:\/\/cvrcak-daruvar.com.hr\/index.php?rest_route=\/wp\/v2\/pages\/4273\/revisions\/5074"}],"wp:attachment":[{"href":"http:\/\/cvrcak-daruvar.com.hr\/index.php?rest_route=%2Fwp%2Fv2%2Fmedia&parent=4273"}],"curies":[{"name":"wp","href":"https:\/\/api.w.org\/{rel}","templated":true}]}}