{"id":4266,"date":"2017-12-02T20:28:34","date_gmt":"2017-12-02T19:28:34","guid":{"rendered":"http:\/\/cvrcak-daruvar.com.hr\/?page_id=4266"},"modified":"2020-06-07T09:51:27","modified_gmt":"2020-06-07T07:51:27","slug":"impresum-4","status":"publish","type":"page","link":"http:\/\/cvrcak-daruvar.com.hr\/?page_id=4266","title":{"rendered":"Impresum 2017.\/2018."},"content":{"rendered":"<h4><strong>Digitalni \u0161kolski list \u201cCVR\u010cAK\u201d<\/strong><\/h4>\n<h4><\/h4>\n<h4><strong>Adresa izdava\u010da:<\/strong><\/h4>\n<h4>Osnovna \u0161kola Vladimira Nazora<\/h4>\n<h4>Ljudevita Gaja 24<\/h4>\n<h4>43500 Daruvar<\/h4>\n<h4><strong>Tel.:\u00a0<\/strong>043 333 123<\/h4>\n<h4><strong>Fax.:<\/strong>\u00a0043 331 147<\/h4>\n<h4><strong>E-mail:<\/strong>\u00a0os-daruvar-001@os-vnazora-daruvar.skole.hr<\/h4>\n<h4><strong>Web stranica:<\/strong>\u00a0<a title=\"Osnovna \u0161kola Vladimira Nazora Daruvar\" href=\"http:\/\/os-vnazora-daruvar.skole.hr\/\" target=\"_blank\" rel=\"noopener noreferrer\">http:\/\/os-vnazora-daruvar.skole.hr\/<\/a><\/h4>\n<h4><strong>Za \u0161kolu:\u00a0<\/strong>ravnateljica\u00a0Kornelija \u010castek,\u00a0dipl. def. \u2013 soc. ped.<\/h4>\n<h4><strong>Glavna i odgovorna urednica:<\/strong>\u00a0Marina Singer<\/h4>\n<h4><strong>Ra\u010dunalna obrada:<\/strong>\u00a0Alenka Njegovac<\/h4>\n<h4><strong>Uredni\u0161tvo:\u00a0<\/strong><\/h4>\n<p><strong>Uredni\u0161tvo \u2013 u\u010denici:<\/strong><\/p>\n<p>Hana Ivankovi\u0107, 6.a<\/p>\n<p>Lorna Luki\u0107, 6.a<\/p>\n<p>Luna Bili, 8.a<\/p>\n<p>Karolina Pavi\u010di\u0107, 8.a<\/p>\n<p>Tina \u0160epl, 8.a<\/p>\n<p>Anja Luki\u0107, 8.c<\/p>\n<p>Lucija Peternel, 8.c<\/p>\n<h4>U\u010cENICI INFORMATI\u010cARI:<\/h4>\n<p><em>Paola Brandeis, 7.d<\/em><\/p>\n<p><em>Ida Ivan\u010di\u0107, 7.d<\/em><\/p>\n<p><em>Dorian Houf, 7.d<\/em><\/p>\n<h4><\/h4>\n<h4>U\u010ditelji: Alenka Njegovac, Jasminka Kuzle, Marina Toma\u0161ek, Marina Singer<\/h4>\n<h4><\/h4>\n<h4><strong>Logo:<\/strong>\u00a0Valentin Baron, Ivan Molnar<\/h4>\n","protected":false},"excerpt":{"rendered":"<p>Digitalni \u0161kolski list \u201cCVR\u010cAK\u201d Adresa izdava\u010da: Osnovna \u0161kola Vladimira Nazora Ljudevita Gaja 24 43500 Daruvar Tel.:\u00a0043 333 123 Fax.:\u00a0043 331 147 E-mail:\u00a0os-daruvar-001@os-vnazora-daruvar.skole.hr Web stranica:\u00a0http:\/\/os-vnazora-daruvar.skole.hr\/ Za \u0161kolu:\u00a0ravnateljica\u00a0Kornelija \u010castek,\u00a0dipl. def. \u2013 soc. ped. Glavna i odgovorna urednica:\u00a0Marina Singer Ra\u010dunalna obrada:\u00a0Alenka Njegovac Uredni\u0161tvo:\u00a0 Uredni\u0161tvo \u2013 u\u010denici: Hana Ivankovi\u0107, 6.a Lorna Luki\u0107, 6.a Luna Bili, 8.a Karolina Pavi\u010di\u0107, 8.a [&hellip;]<\/p>\n","protected":false},"author":2,"featured_media":0,"parent":0,"menu_order":0,"comment_status":"closed","ping_status":"closed","template":"","meta":[],"_links":{"self":[{"href":"http:\/\/cvrcak-daruvar.com.hr\/index.php?rest_route=\/wp\/v2\/pages\/4266"}],"collection":[{"href":"http:\/\/cvrcak-daruvar.com.hr\/index.php?rest_route=\/wp\/v2\/pages"}],"about":[{"href":"http:\/\/cvrcak-daruvar.com.hr\/index.php?rest_route=\/wp\/v2\/types\/page"}],"author":[{"embeddable":true,"href":"http:\/\/cvrcak-daruvar.com.hr\/index.php?rest_route=\/wp\/v2\/users\/2"}],"replies":[{"embeddable":true,"href":"http:\/\/cvrcak-daruvar.com.hr\/index.php?rest_route=%2Fwp%2Fv2%2Fcomments&post=4266"}],"version-history":[{"count":4,"href":"http:\/\/cvrcak-daruvar.com.hr\/index.php?rest_route=\/wp\/v2\/pages\/4266\/revisions"}],"predecessor-version":[{"id":5722,"href":"http:\/\/cvrcak-daruvar.com.hr\/index.php?rest_route=\/wp\/v2\/pages\/4266\/revisions\/5722"}],"wp:attachment":[{"href":"http:\/\/cvrcak-daruvar.com.hr\/index.php?rest_route=%2Fwp%2Fv2%2Fmedia&parent=4266"}],"curies":[{"name":"wp","href":"https:\/\/api.w.org\/{rel}","templated":true}]}}