{"id":4201,"date":"2017-11-04T10:02:48","date_gmt":"2017-11-04T09:02:48","guid":{"rendered":"http:\/\/cvrcak-daruvar.com.hr\/?page_id=4201"},"modified":"2017-11-04T10:04:59","modified_gmt":"2017-11-04T09:04:59","slug":"lidrano-2017","status":"publish","type":"page","link":"http:\/\/cvrcak-daruvar.com.hr\/?page_id=4201","title":{"rendered":"LiDraNo 2017."},"content":{"rendered":"<p>&nbsp;<\/p>\n<p><a href=\"http:\/\/www.os-vnazora-daruvar.skole.hr\/?news_id=3606#mod_news\">Dramska skupina O\u0160 V. Nazora predlo\u017eena za dr\u017eavnu razinu smotre LiDraNo 2017.<\/a><\/p>\n<p><a href=\"http:\/\/www.os-vnazora-daruvar.skole.hr\/?news_id=3653#mod_news\">Literarna skupina na\u0161e \u0161kole na \u017dupanijskoj smotri LiDraNo 2017.<\/a><\/p>\n","protected":false},"excerpt":{"rendered":"<p>&nbsp; Dramska skupina O\u0160 V. Nazora predlo\u017eena za dr\u017eavnu razinu smotre LiDraNo 2017. Literarna skupina na\u0161e \u0161kole na \u017dupanijskoj smotri LiDraNo 2017.<\/p>\n","protected":false},"author":2,"featured_media":0,"parent":0,"menu_order":0,"comment_status":"closed","ping_status":"closed","template":"","meta":[],"_links":{"self":[{"href":"http:\/\/cvrcak-daruvar.com.hr\/index.php?rest_route=\/wp\/v2\/pages\/4201"}],"collection":[{"href":"http:\/\/cvrcak-daruvar.com.hr\/index.php?rest_route=\/wp\/v2\/pages"}],"about":[{"href":"http:\/\/cvrcak-daruvar.com.hr\/index.php?rest_route=\/wp\/v2\/types\/page"}],"author":[{"embeddable":true,"href":"http:\/\/cvrcak-daruvar.com.hr\/index.php?rest_route=\/wp\/v2\/users\/2"}],"replies":[{"embeddable":true,"href":"http:\/\/cvrcak-daruvar.com.hr\/index.php?rest_route=%2Fwp%2Fv2%2Fcomments&post=4201"}],"version-history":[{"count":4,"href":"http:\/\/cvrcak-daruvar.com.hr\/index.php?rest_route=\/wp\/v2\/pages\/4201\/revisions"}],"predecessor-version":[{"id":4204,"href":"http:\/\/cvrcak-daruvar.com.hr\/index.php?rest_route=\/wp\/v2\/pages\/4201\/revisions\/4204"}],"wp:attachment":[{"href":"http:\/\/cvrcak-daruvar.com.hr\/index.php?rest_route=%2Fwp%2Fv2%2Fmedia&parent=4201"}],"curies":[{"name":"wp","href":"https:\/\/api.w.org\/{rel}","templated":true}]}}