{"id":4192,"date":"2017-11-04T09:57:35","date_gmt":"2017-11-04T08:57:35","guid":{"rendered":"http:\/\/cvrcak-daruvar.com.hr\/?page_id=4192"},"modified":"2017-11-04T10:00:49","modified_gmt":"2017-11-04T09:00:49","slug":"vjeronaucna-olimpijada-2017","status":"publish","type":"page","link":"http:\/\/cvrcak-daruvar.com.hr\/?page_id=4192","title":{"rendered":"Vjeronau\u010dna olimpijada 2017."},"content":{"rendered":"<p>&nbsp;<\/p>\n<p><a href=\"http:\/\/www.os-vnazora-daruvar.skole.hr\/?news_id=3604#mod_news\">Vjeronau\u010dna olimpijada 2017. &#8211; me\u0111u\u0161kolsko natjecanje iz vjeronauka<\/a><\/p>\n<p><a href=\"http:\/\/www.os-vnazora-daruvar.skole.hr\/?news_id=3640#mod_news\">Vjeronau\u010dna olimpijada pozvana na dr\u017eavno natjecanje<\/a><\/p>\n<p><a href=\"http:\/\/www.os-vnazora-daruvar.skole.hr\/?news_id=3677#mod_news\">Vjeronau\u010dna olimpijada &#8211; dr\u017eavno natjecanje<\/a><\/p>\n","protected":false},"excerpt":{"rendered":"<p>&nbsp; Vjeronau\u010dna olimpijada 2017. &#8211; me\u0111u\u0161kolsko natjecanje iz vjeronauka Vjeronau\u010dna olimpijada pozvana na dr\u017eavno natjecanje Vjeronau\u010dna olimpijada &#8211; dr\u017eavno natjecanje<\/p>\n","protected":false},"author":2,"featured_media":0,"parent":0,"menu_order":0,"comment_status":"closed","ping_status":"closed","template":"","meta":[],"_links":{"self":[{"href":"http:\/\/cvrcak-daruvar.com.hr\/index.php?rest_route=\/wp\/v2\/pages\/4192"}],"collection":[{"href":"http:\/\/cvrcak-daruvar.com.hr\/index.php?rest_route=\/wp\/v2\/pages"}],"about":[{"href":"http:\/\/cvrcak-daruvar.com.hr\/index.php?rest_route=\/wp\/v2\/types\/page"}],"author":[{"embeddable":true,"href":"http:\/\/cvrcak-daruvar.com.hr\/index.php?rest_route=\/wp\/v2\/users\/2"}],"replies":[{"embeddable":true,"href":"http:\/\/cvrcak-daruvar.com.hr\/index.php?rest_route=%2Fwp%2Fv2%2Fcomments&post=4192"}],"version-history":[{"count":5,"href":"http:\/\/cvrcak-daruvar.com.hr\/index.php?rest_route=\/wp\/v2\/pages\/4192\/revisions"}],"predecessor-version":[{"id":4198,"href":"http:\/\/cvrcak-daruvar.com.hr\/index.php?rest_route=\/wp\/v2\/pages\/4192\/revisions\/4198"}],"wp:attachment":[{"href":"http:\/\/cvrcak-daruvar.com.hr\/index.php?rest_route=%2Fwp%2Fv2%2Fmedia&parent=4192"}],"curies":[{"name":"wp","href":"https:\/\/api.w.org\/{rel}","templated":true}]}}