{"id":4171,"date":"2017-11-04T09:43:56","date_gmt":"2017-11-04T08:43:56","guid":{"rendered":"http:\/\/cvrcak-daruvar.com.hr\/?page_id=4171"},"modified":"2017-11-04T09:43:56","modified_gmt":"2017-11-04T08:43:56","slug":"cm-liga","status":"publish","type":"page","link":"http:\/\/cvrcak-daruvar.com.hr\/?page_id=4171","title":{"rendered":"CM Liga"},"content":{"rendered":"<p><a href=\"http:\/\/croatianmakers.hr\/hr\/naslovnica\/\" target=\"_blank\">#Croatian Makers liga<\/a>\u00a0je dio projekta Croatian Makers koji je 2014. godine pokrenuo Institut za razvoj i inovativnost mladih (IRIM).<br \/>\nCilj Lige je omogu\u0107iti \u0161iroko uklju\u010divanje robotike, automatike i programiranja u edukaciju u osnovno\u0161kolskom uzrastu. Svi sudionici dobit \u0107e potrebne robote na posudbu, odnosno u trajno vlasni\u0161tvo.<\/p>\n<p>&nbsp;<\/p>\n","protected":false},"excerpt":{"rendered":"<p>#Croatian Makers liga\u00a0je dio projekta Croatian Makers koji je 2014. godine pokrenuo Institut za razvoj i inovativnost mladih (IRIM). Cilj Lige je omogu\u0107iti \u0161iroko uklju\u010divanje robotike, automatike i programiranja u edukaciju u osnovno\u0161kolskom uzrastu. Svi sudionici dobit \u0107e potrebne robote na posudbu, odnosno u trajno vlasni\u0161tvo. &nbsp;<\/p>\n","protected":false},"author":2,"featured_media":0,"parent":0,"menu_order":0,"comment_status":"closed","ping_status":"closed","template":"","meta":[],"_links":{"self":[{"href":"http:\/\/cvrcak-daruvar.com.hr\/index.php?rest_route=\/wp\/v2\/pages\/4171"}],"collection":[{"href":"http:\/\/cvrcak-daruvar.com.hr\/index.php?rest_route=\/wp\/v2\/pages"}],"about":[{"href":"http:\/\/cvrcak-daruvar.com.hr\/index.php?rest_route=\/wp\/v2\/types\/page"}],"author":[{"embeddable":true,"href":"http:\/\/cvrcak-daruvar.com.hr\/index.php?rest_route=\/wp\/v2\/users\/2"}],"replies":[{"embeddable":true,"href":"http:\/\/cvrcak-daruvar.com.hr\/index.php?rest_route=%2Fwp%2Fv2%2Fcomments&post=4171"}],"version-history":[{"count":1,"href":"http:\/\/cvrcak-daruvar.com.hr\/index.php?rest_route=\/wp\/v2\/pages\/4171\/revisions"}],"predecessor-version":[{"id":4178,"href":"http:\/\/cvrcak-daruvar.com.hr\/index.php?rest_route=\/wp\/v2\/pages\/4171\/revisions\/4178"}],"wp:attachment":[{"href":"http:\/\/cvrcak-daruvar.com.hr\/index.php?rest_route=%2Fwp%2Fv2%2Fmedia&parent=4171"}],"curies":[{"name":"wp","href":"https:\/\/api.w.org\/{rel}","templated":true}]}}