{"id":4157,"date":"2017-11-04T08:55:47","date_gmt":"2017-11-04T07:55:47","guid":{"rendered":"http:\/\/cvrcak-daruvar.com.hr\/?page_id=4157"},"modified":"2017-11-04T08:55:47","modified_gmt":"2017-11-04T07:55:47","slug":"vjezba-nazor-zove-upomoc","status":"publish","type":"page","link":"http:\/\/cvrcak-daruvar.com.hr\/?page_id=4157","title":{"rendered":"Vje\u017eba: \u201eNazor zove upomo\u0107\u201c"},"content":{"rendered":"<h1>VJE\u017dBA EVAKUACIJE I SPA\u0160AVANJA<\/h1>\n<h1>U OSNOVNOJ \u0160KOLI VLADIMIRA NAZORA DARUVAR<\/h1>\n<h2>Vje\u017eba\u00a0je odr\u017eana<\/h2>\n<h2><strong>\u00a0u srijedu 12.10 2016.(Gajeva 24)<\/strong>, i<\/h2>\n<h2><strong>u \u010detvrtak 13.10.2016. (Frankopanska 80)<\/strong><\/h2>\n<h2>sa po\u010detkom u 11,00 sati. Vje\u017eba se odvijala u realnom vremenu.<\/h2>\n<p>Cilj vje\u017ebe je prakti\u010dna provjera Plana evakuacije i spa\u0161avanja \u00a0Osnovne \u0161kole Vladimira Nazora Daruvar, kao \u0161to je i predvi\u0111eno u \u00a0navedenom Planu. Osim osposobljenosti djelatnika i polaznika \u0161kole za postupanje u slu\u010daju izvanrednih situacija i valjanosti predvi\u0111enih pravaca evakuacije, promatrat \u0107e se i brzina intervencije \u017eurnih slu\u017ebi, te potrebu mijenjanja Plana evakuacije kako bi postao jo\u0161 operativniji.<\/p>\n<p>&nbsp;<\/p>\n<p>&nbsp;<\/p>\n","protected":false},"excerpt":{"rendered":"<p>VJE\u017dBA EVAKUACIJE I SPA\u0160AVANJA U OSNOVNOJ \u0160KOLI VLADIMIRA NAZORA DARUVAR Vje\u017eba\u00a0je odr\u017eana \u00a0u srijedu 12.10 2016.(Gajeva 24), i u \u010detvrtak 13.10.2016. (Frankopanska 80) sa po\u010detkom u 11,00 sati. Vje\u017eba se odvijala u realnom vremenu. Cilj vje\u017ebe je prakti\u010dna provjera Plana evakuacije i spa\u0161avanja \u00a0Osnovne \u0161kole Vladimira Nazora Daruvar, kao \u0161to je i predvi\u0111eno u \u00a0navedenom [&hellip;]<\/p>\n","protected":false},"author":2,"featured_media":0,"parent":0,"menu_order":0,"comment_status":"closed","ping_status":"closed","template":"","meta":[],"_links":{"self":[{"href":"http:\/\/cvrcak-daruvar.com.hr\/index.php?rest_route=\/wp\/v2\/pages\/4157"}],"collection":[{"href":"http:\/\/cvrcak-daruvar.com.hr\/index.php?rest_route=\/wp\/v2\/pages"}],"about":[{"href":"http:\/\/cvrcak-daruvar.com.hr\/index.php?rest_route=\/wp\/v2\/types\/page"}],"author":[{"embeddable":true,"href":"http:\/\/cvrcak-daruvar.com.hr\/index.php?rest_route=\/wp\/v2\/users\/2"}],"replies":[{"embeddable":true,"href":"http:\/\/cvrcak-daruvar.com.hr\/index.php?rest_route=%2Fwp%2Fv2%2Fcomments&post=4157"}],"version-history":[{"count":1,"href":"http:\/\/cvrcak-daruvar.com.hr\/index.php?rest_route=\/wp\/v2\/pages\/4157\/revisions"}],"predecessor-version":[{"id":4158,"href":"http:\/\/cvrcak-daruvar.com.hr\/index.php?rest_route=\/wp\/v2\/pages\/4157\/revisions\/4158"}],"wp:attachment":[{"href":"http:\/\/cvrcak-daruvar.com.hr\/index.php?rest_route=%2Fwp%2Fv2%2Fmedia&parent=4157"}],"curies":[{"name":"wp","href":"https:\/\/api.w.org\/{rel}","templated":true}]}}