{"id":4150,"date":"2017-11-04T08:51:39","date_gmt":"2017-11-04T07:51:39","guid":{"rendered":"http:\/\/cvrcak-daruvar.com.hr\/?page_id=4150"},"modified":"2017-11-04T08:51:39","modified_gmt":"2017-11-04T07:51:39","slug":"projekt-moze-li-nas-starac-ginko-spavati","status":"publish","type":"page","link":"http:\/\/cvrcak-daruvar.com.hr\/?page_id=4150","title":{"rendered":"Projekt &#8211; \u201eMo\u017ee li na\u0161 starac Ginko spavati?\u201c"},"content":{"rendered":"<p>U\u010denici 5. c razreda prijavili su se na natje\u010daj udruge za promicanje biologije i srodnih znanosti Bioteka.\u00a0 Projektom pod nazivom\u00a0<strong>\u201eMo\u017ee li na\u0161 starac Ginko spavati?\u201c<\/strong>\u00a0istra\u017eujemo utjecaj svjetlosti na znamenitost na\u0161eg grada i spomenik prirodne ba\u0161tine \u2013 drvo Ginko biloba.<\/p>\n<p><a href=\"http:\/\/cvrcak-daruvar.com.hr\/wp-content\/uploads\/2017\/11\/majice-2.jpg\" class=\"gallery_colorbox\" rel=\"attachment wp-att-4151\"><img decoding=\"async\" loading=\"lazy\" class=\"aligncenter size-full wp-image-4151\" src=\"http:\/\/cvrcak-daruvar.com.hr\/wp-content\/uploads\/2017\/11\/majice-2.jpg\"  alt=\"majice 2\" width=\"1024\" height=\"768\" srcset=\"http:\/\/cvrcak-daruvar.com.hr\/wp-content\/uploads\/2017\/11\/majice-2.jpg 1024w, http:\/\/cvrcak-daruvar.com.hr\/wp-content\/uploads\/2017\/11\/majice-2-300x225.jpg 300w, http:\/\/cvrcak-daruvar.com.hr\/wp-content\/uploads\/2017\/11\/majice-2-768x576.jpg 768w\" sizes=\"(max-width: 1024px) 100vw, 1024px\" \/><\/a> <a href=\"http:\/\/cvrcak-daruvar.com.hr\/wp-content\/uploads\/2017\/11\/majice1.jpg\" class=\"gallery_colorbox\" rel=\"attachment wp-att-4152\"><img decoding=\"async\" loading=\"lazy\" class=\"aligncenter size-full wp-image-4152\" src=\"http:\/\/cvrcak-daruvar.com.hr\/wp-content\/uploads\/2017\/11\/majice1.jpg\"  alt=\"majice1\" width=\"1024\" height=\"768\" srcset=\"http:\/\/cvrcak-daruvar.com.hr\/wp-content\/uploads\/2017\/11\/majice1.jpg 1024w, http:\/\/cvrcak-daruvar.com.hr\/wp-content\/uploads\/2017\/11\/majice1-300x225.jpg 300w, http:\/\/cvrcak-daruvar.com.hr\/wp-content\/uploads\/2017\/11\/majice1-768x576.jpg 768w\" sizes=\"(max-width: 1024px) 100vw, 1024px\" \/><\/a><\/p>\n<p>Pro\u0161li smo u drugi krug natje\u010daja i kao nagradu za sudjelovanje, ali i poticaj za daljnje provo\u0111enje projekta dobili smo majice.<\/p>\n<p>Projekt \u0107emo provoditi tijekom travnja i svibnja.<\/p>\n<p>&nbsp;<\/p>\n<p style=\"text-align: right;\">Razrednica: Tihana Petkovi\u0107<\/p>\n<p>&nbsp;<\/p>\n","protected":false},"excerpt":{"rendered":"<p>U\u010denici 5. c razreda prijavili su se na natje\u010daj udruge za promicanje biologije i srodnih znanosti Bioteka.\u00a0 Projektom pod nazivom\u00a0\u201eMo\u017ee li na\u0161 starac Ginko spavati?\u201c\u00a0istra\u017eujemo utjecaj svjetlosti na znamenitost na\u0161eg grada i spomenik prirodne ba\u0161tine \u2013 drvo Ginko biloba. Pro\u0161li smo u drugi krug natje\u010daja i kao nagradu za sudjelovanje, ali i poticaj za daljnje [&hellip;]<\/p>\n","protected":false},"author":2,"featured_media":0,"parent":0,"menu_order":0,"comment_status":"closed","ping_status":"closed","template":"","meta":[],"_links":{"self":[{"href":"http:\/\/cvrcak-daruvar.com.hr\/index.php?rest_route=\/wp\/v2\/pages\/4150"}],"collection":[{"href":"http:\/\/cvrcak-daruvar.com.hr\/index.php?rest_route=\/wp\/v2\/pages"}],"about":[{"href":"http:\/\/cvrcak-daruvar.com.hr\/index.php?rest_route=\/wp\/v2\/types\/page"}],"author":[{"embeddable":true,"href":"http:\/\/cvrcak-daruvar.com.hr\/index.php?rest_route=\/wp\/v2\/users\/2"}],"replies":[{"embeddable":true,"href":"http:\/\/cvrcak-daruvar.com.hr\/index.php?rest_route=%2Fwp%2Fv2%2Fcomments&post=4150"}],"version-history":[{"count":1,"href":"http:\/\/cvrcak-daruvar.com.hr\/index.php?rest_route=\/wp\/v2\/pages\/4150\/revisions"}],"predecessor-version":[{"id":4153,"href":"http:\/\/cvrcak-daruvar.com.hr\/index.php?rest_route=\/wp\/v2\/pages\/4150\/revisions\/4153"}],"wp:attachment":[{"href":"http:\/\/cvrcak-daruvar.com.hr\/index.php?rest_route=%2Fwp%2Fv2%2Fmedia&parent=4150"}],"curies":[{"name":"wp","href":"https:\/\/api.w.org\/{rel}","templated":true}]}}