{"id":4137,"date":"2017-11-04T08:09:31","date_gmt":"2017-11-04T07:09:31","guid":{"rendered":"http:\/\/cvrcak-daruvar.com.hr\/?page_id=4137"},"modified":"2017-11-04T08:09:31","modified_gmt":"2017-11-04T07:09:31","slug":"vijece-ucenika-bjelovarsko-bilogorske-zupanije","status":"publish","type":"page","link":"http:\/\/cvrcak-daruvar.com.hr\/?page_id=4137","title":{"rendered":"Vije\u0107e u\u010denika Bjelovarsko-bilogorske \u017eupanije"},"content":{"rendered":"<div class=\"mhl\"><a href=\"https:\/\/www.facebook.com\/Vije%C4%87e-u%C4%8Denika-Bjelovarsko-bilogorske-%C5%BEupanije-618842044796279\/\">Vije\u0107e u\u010denika Bjelovarsko-bilogorske \u017eupanije<\/a> sastoji se od 41 \u010dlana. U vije\u0107u u\u010denika BB\u017d predstavnici su predsjednici \u0161kolskih vije\u0107a u svojim osnovnim i srednjim \u0161kolama. Zada\u0107a ovog vije\u0107a je briga o pravima u\u010denika itd..<\/div>\n<div class=\"mhl\">\n<div class=\"mvm uiP fsm\"><span class=\"fwb\">Op\u0107e informacije<\/span><\/div>\n<p>Predsjednik vije\u0107a u\u010denika Bjelovarsko-bilogorske \u017eupanije je Karlo Horvat<\/p><\/div>\n<p><a href=\"http:\/\/cvrcak-daruvar.com.hr\/wp-content\/uploads\/2017\/11\/526479_618859404794543_964384038_n.jpg\" class=\"gallery_colorbox\" rel=\"attachment wp-att-4138\"><img decoding=\"async\" loading=\"lazy\" class=\"aligncenter size-full wp-image-4138\" src=\"http:\/\/cvrcak-daruvar.com.hr\/wp-content\/uploads\/2017\/11\/526479_618859404794543_964384038_n.jpg\"  alt=\"526479_618859404794543_964384038_n\" width=\"790\" height=\"296\" srcset=\"http:\/\/cvrcak-daruvar.com.hr\/wp-content\/uploads\/2017\/11\/526479_618859404794543_964384038_n.jpg 790w, http:\/\/cvrcak-daruvar.com.hr\/wp-content\/uploads\/2017\/11\/526479_618859404794543_964384038_n-300x112.jpg 300w, http:\/\/cvrcak-daruvar.com.hr\/wp-content\/uploads\/2017\/11\/526479_618859404794543_964384038_n-768x288.jpg 768w\" sizes=\"(max-width: 790px) 100vw, 790px\" \/><\/a><\/p>\n","protected":false},"excerpt":{"rendered":"<p>Vije\u0107e u\u010denika Bjelovarsko-bilogorske \u017eupanije sastoji se od 41 \u010dlana. U vije\u0107u u\u010denika BB\u017d predstavnici su predsjednici \u0161kolskih vije\u0107a u svojim osnovnim i srednjim \u0161kolama. Zada\u0107a ovog vije\u0107a je briga o pravima u\u010denika itd.. Op\u0107e informacije Predsjednik vije\u0107a u\u010denika Bjelovarsko-bilogorske \u017eupanije je Karlo Horvat<\/p>\n","protected":false},"author":2,"featured_media":0,"parent":0,"menu_order":0,"comment_status":"closed","ping_status":"closed","template":"","meta":[],"_links":{"self":[{"href":"http:\/\/cvrcak-daruvar.com.hr\/index.php?rest_route=\/wp\/v2\/pages\/4137"}],"collection":[{"href":"http:\/\/cvrcak-daruvar.com.hr\/index.php?rest_route=\/wp\/v2\/pages"}],"about":[{"href":"http:\/\/cvrcak-daruvar.com.hr\/index.php?rest_route=\/wp\/v2\/types\/page"}],"author":[{"embeddable":true,"href":"http:\/\/cvrcak-daruvar.com.hr\/index.php?rest_route=\/wp\/v2\/users\/2"}],"replies":[{"embeddable":true,"href":"http:\/\/cvrcak-daruvar.com.hr\/index.php?rest_route=%2Fwp%2Fv2%2Fcomments&post=4137"}],"version-history":[{"count":2,"href":"http:\/\/cvrcak-daruvar.com.hr\/index.php?rest_route=\/wp\/v2\/pages\/4137\/revisions"}],"predecessor-version":[{"id":4140,"href":"http:\/\/cvrcak-daruvar.com.hr\/index.php?rest_route=\/wp\/v2\/pages\/4137\/revisions\/4140"}],"wp:attachment":[{"href":"http:\/\/cvrcak-daruvar.com.hr\/index.php?rest_route=%2Fwp%2Fv2%2Fmedia&parent=4137"}],"curies":[{"name":"wp","href":"https:\/\/api.w.org\/{rel}","templated":true}]}}