{"id":4097,"date":"2017-10-15T20:54:49","date_gmt":"2017-10-15T18:54:49","guid":{"rendered":"http:\/\/cvrcak-daruvar.com.hr\/?page_id=4097"},"modified":"2017-10-15T21:01:44","modified_gmt":"2017-10-15T19:01:44","slug":"saljive-price","status":"publish","type":"page","link":"http:\/\/cvrcak-daruvar.com.hr\/?page_id=4097","title":{"rendered":"\u0160aljive pri\u010de"},"content":{"rendered":"<p><a href=\"http:\/\/cvrcak-daruvar.com.hr\/wp-content\/uploads\/2017\/10\/DSC01197.jpg\" class=\"gallery_colorbox\" rel=\"attachment wp-att-4102\"><img decoding=\"async\" loading=\"lazy\" class=\"aligncenter size-full wp-image-4102\" src=\"http:\/\/cvrcak-daruvar.com.hr\/wp-content\/uploads\/2017\/10\/DSC01197.jpg\"  alt=\"DSC01197\" width=\"480\" height=\"640\" srcset=\"http:\/\/cvrcak-daruvar.com.hr\/wp-content\/uploads\/2017\/10\/DSC01197.jpg 480w, http:\/\/cvrcak-daruvar.com.hr\/wp-content\/uploads\/2017\/10\/DSC01197-225x300.jpg 225w\" sizes=\"(max-width: 480px) 100vw, 480px\" \/><\/a><\/p>\n<p>&nbsp;<\/p>\n<p><strong>\u0160aljive narodne pri\u010de<\/strong><\/p>\n<p>Imali smo za lektiru \u0160aljive narodne pri\u010de i na satu smo dobili zadatak da svatko napi\u0161e \u0161aljivu pri\u010du iz vlastitog \u017eivota. Svi smo napisali odli\u010dne pri\u010de pa smo odlu\u010dili napisati i zimske \u0161aljive pri\u010de jer je bilo puno smije\u0161nih zgoda sa sanjkanja koje smo htjeli podijeliti s drugima. Nastavnica Marina Singer do\u0161la na ideju da napravimo svoju \u201eknjigu\u201c \u0161aljivih pri\u010da. U jedan fascikl slo\u017eili smo svoje radove koje smo dodatno ilustrirali kako bi na\u0161a \u201eknjiga\u201c bila jo\u0161 ljep\u0161a. \u201eKnjiga\u201c je odli\u010dna, jako smo ponosni na nju i mislim da bi svatko volio pro\u010ditati na\u0161e \u0161aljive pri\u010de.<\/p>\n<p>&nbsp;<\/p>\n<p style=\"text-align: right;\"><em>Dina Hre\u0161i\u0107, 5.a<\/em><\/p>\n<p>&nbsp;<\/p>\n<p><a href=\"http:\/\/cvrcak-daruvar.com.hr\/wp-content\/uploads\/2017\/10\/DSC01203.jpg\" class=\"gallery_colorbox\" rel=\"attachment wp-att-4104\"><img decoding=\"async\" loading=\"lazy\" class=\"aligncenter size-full wp-image-4104\" src=\"http:\/\/cvrcak-daruvar.com.hr\/wp-content\/uploads\/2017\/10\/DSC01203.jpg\"  alt=\"DSC01203\" width=\"640\" height=\"480\" srcset=\"http:\/\/cvrcak-daruvar.com.hr\/wp-content\/uploads\/2017\/10\/DSC01203.jpg 640w, http:\/\/cvrcak-daruvar.com.hr\/wp-content\/uploads\/2017\/10\/DSC01203-300x225.jpg 300w\" sizes=\"(max-width: 640px) 100vw, 640px\" \/><\/a><\/p>\n<p><strong>Moja \u0161aljiva pri\u010da<\/strong><\/p>\n<p>Imam psa Donnu koja je njema\u010dka ov\u010darka.<\/p>\n<p>Donna ina\u010de boravi u na\u0161em velikom ogra\u0111enom dvori\u0161tu. Jednoga dana smo ju pustili u ku\u0107u jer je vani bilo jako hladno. Le\u017eala je na tepihu u hodniku. Ali u jednom trenutku mi smo pustili video o psima. Donna je za\u010dula lave\u017e tih pasa, pri\u0161uljala se i sjela je ispred TV-a. Kada ih je ugledala, po\u010dela je re\u017eati na njih. To je bilo jako smije\u0161no, ali tu pri\u010di nije kraj. Drugog dana smo opet gledali video o psima. Kada su psi po\u010deli ispu\u0161tati \u010dudne zvukove, Donna se ponovo pri\u0161uljala TV-u. Pas u videu je iz vlasnikove ruke po\u010deo lizati sladoled. Moja Donna , kada je to vidjela, htjela je taj sladoled pa je po\u010dela lizati ekran.<\/p>\n<p>\u010cesto nas razveseli i nasmije, ali ovaj put je nadma\u0161ila samu sebe.<\/p>\n<p style=\"text-align: right;\"><em>Maja Novakovi\u0107, 5.a<\/em><\/p>\n<p>&nbsp;<\/p>\n<p><strong>Moja ma\u010dka<\/strong><\/p>\n<p><strong>\u00a0<\/strong><\/p>\n<p><strong>\u00a0\u00a0\u00a0\u00a0\u00a0\u00a0\u00a0\u00a0\u00a0\u00a0\u00a0 <\/strong>Toga dana sam otvorio vrata terase i oti\u0161ao u svoju sobu. Moja ma\u010dka je iza\u0161la van i igrala se. Par minuta kasnije dovela je u ku\u0107u jo\u0161 dvije ma\u010dke prijateljice. Sjele su na kau\u010d i gledale TV. Poslije sam do\u0161ao u dnevnu sobu i zatekao ih tako pa sam ih istjerao van. Ba\u0161 sam se nasmijao!<\/p>\n<p style=\"text-align: right;\"><em>Mateo Uskokovi\u0107, 5.a<\/em><\/p>\n<p>&nbsp;<\/p>\n<p><strong>Moja \u0161aljiva morska pri\u010da<\/strong><\/p>\n<p><strong>\u00a0<\/strong><\/p>\n<p><strong>\u00a0\u00a0\u00a0\u00a0\u00a0\u00a0\u00a0\u00a0\u00a0\u00a0\u00a0 <\/strong>Pod ljetnim praznicima i\u0161li smo na more: mama, baka, na\u0161 voza\u010d tata i ja. Nakon smje\u0161taja odlu\u010dili smo prona\u0107i pla\u017eu na kojoj \u0107emo se kupati svih pet dana odmora. Na\u0161li mi savr\u0161enu pla\u017eu te se oti\u0161li okupati. U\u0111emo u vodu, ja baki provalim neku \u0161alu, a ona prasne u smijeh i proteza joj ispadne u more. Svi smo joj se smijali, ali ona je mislila da je izgubila zubalo sve dok neki turist nije stao na protezu i od bola pao u vodu. Mene baka potjera da joj prona\u0111em zubalo. Zaronio sam, na\u0161ao zubalo te joj ga vratio i nastavio se smijati zajedno sa svojom obitelji i onim jadnim turistom. Baka se nadurila i cijeli se odmor nije htjela kupati ni slu\u0161ati moje \u0161ale.<\/p>\n<p style=\"text-align: right;\"><em>Ivan Zeba, 5.a<\/em><\/p>\n<p><a href=\"http:\/\/cvrcak-daruvar.com.hr\/wp-content\/uploads\/2017\/10\/DSC01208.jpg\" class=\"gallery_colorbox\" rel=\"attachment wp-att-4106\"><img decoding=\"async\" loading=\"lazy\" class=\"aligncenter size-full wp-image-4106\" src=\"http:\/\/cvrcak-daruvar.com.hr\/wp-content\/uploads\/2017\/10\/DSC01208.jpg\"  alt=\"DSC01208\" width=\"640\" height=\"480\" srcset=\"http:\/\/cvrcak-daruvar.com.hr\/wp-content\/uploads\/2017\/10\/DSC01208.jpg 640w, http:\/\/cvrcak-daruvar.com.hr\/wp-content\/uploads\/2017\/10\/DSC01208-300x225.jpg 300w\" sizes=\"(max-width: 640px) 100vw, 640px\" \/><\/a><\/p>\n<p><strong>\u0160aljiva zimska pri\u010da<\/strong><\/p>\n<p>Prvi snijeg ove godine! Jo\u0161 traju zimski praznici \u2013 mo\u017ee li biti bolje?! Dogovorila sam se s prijateljicama za sanjkanje kod dvorca. Nabacale smo na sebe kape, \u0161alove, rukavice i skafandere te krenule do dvorca. Ali tamo ba\u0161 i nije bilo puno snijega pa sam se po\u017eeljela vratiti, ali prijateljica je bila uporna i rekla: \u201eJa sam do\u0161la ovamo na sanjkanje pa \u0107u se i sanjkati, barem na travi i blatu!\u201c<\/p>\n<p>I tako sam se ja morala prva spustiti jer sam bila najhrabrija. Prvi spust nije najbolje pro\u0161ao jer sam se zabila u li\u0161\u0107e, niti drugi jer sam tad udarila u stablo i pala sa sanjki. Ni prijateljicama nije i\u0161lo glatko, a jedna si je \u010dak poderala skafander. Tre\u0107i spust je bio tako dobar da sam \u010dak izletila na cestu. \u0160to smo se vi\u0161e spu\u0161tale, to je staza bila blatnija i bolja. Sve tri smo bile prljave i blatnjave, ali smo se sjajno zabavile!<\/p>\n<p style=\"text-align: right;\"><em>Dina Hre\u0161i\u0107, 5.a<\/em><\/p>\n<p>&nbsp;<\/p>\n<p>&nbsp;<\/p>\n<p>&nbsp;<\/p>\n<p><a href=\"http:\/\/cvrcak-daruvar.com.hr\/wp-content\/uploads\/2017\/10\/DSC01206.jpg\" class=\"gallery_colorbox\" rel=\"attachment wp-att-4105\"><img decoding=\"async\" loading=\"lazy\" class=\"aligncenter size-full wp-image-4105\" src=\"http:\/\/cvrcak-daruvar.com.hr\/wp-content\/uploads\/2017\/10\/DSC01206.jpg\"  alt=\"DSC01206\" width=\"480\" height=\"640\" srcset=\"http:\/\/cvrcak-daruvar.com.hr\/wp-content\/uploads\/2017\/10\/DSC01206.jpg 480w, http:\/\/cvrcak-daruvar.com.hr\/wp-content\/uploads\/2017\/10\/DSC01206-225x300.jpg 225w\" sizes=\"(max-width: 480px) 100vw, 480px\" \/><\/a><\/p>\n<p>&nbsp;<\/p>\n<p><a href=\"http:\/\/cvrcak-daruvar.com.hr\/wp-content\/uploads\/2017\/10\/DSC01212.jpg\" class=\"gallery_colorbox\" rel=\"attachment wp-att-4107\"><img decoding=\"async\" loading=\"lazy\" class=\"aligncenter size-full wp-image-4107\" src=\"http:\/\/cvrcak-daruvar.com.hr\/wp-content\/uploads\/2017\/10\/DSC01212.jpg\"  alt=\"DSC01212\" width=\"480\" height=\"640\" srcset=\"http:\/\/cvrcak-daruvar.com.hr\/wp-content\/uploads\/2017\/10\/DSC01212.jpg 480w, http:\/\/cvrcak-daruvar.com.hr\/wp-content\/uploads\/2017\/10\/DSC01212-225x300.jpg 225w\" sizes=\"(max-width: 480px) 100vw, 480px\" \/><\/a><\/p>\n<p>&nbsp;<\/p>\n<p><a href=\"http:\/\/cvrcak-daruvar.com.hr\/wp-content\/uploads\/2017\/10\/DSC01202.jpg\" class=\"gallery_colorbox\" rel=\"attachment wp-att-4103\"><img decoding=\"async\" loading=\"lazy\" class=\"aligncenter size-full wp-image-4103\" src=\"http:\/\/cvrcak-daruvar.com.hr\/wp-content\/uploads\/2017\/10\/DSC01202.jpg\"  alt=\"DSC01202\" width=\"480\" height=\"640\" srcset=\"http:\/\/cvrcak-daruvar.com.hr\/wp-content\/uploads\/2017\/10\/DSC01202.jpg 480w, http:\/\/cvrcak-daruvar.com.hr\/wp-content\/uploads\/2017\/10\/DSC01202-225x300.jpg 225w\" sizes=\"(max-width: 480px) 100vw, 480px\" \/><\/a><\/p>\n<p>&nbsp;<\/p>\n<p style=\"text-align: right;\">\n","protected":false},"excerpt":{"rendered":"<p>&nbsp; \u0160aljive narodne pri\u010de Imali smo za lektiru \u0160aljive narodne pri\u010de i na satu smo dobili zadatak da svatko napi\u0161e \u0161aljivu pri\u010du iz vlastitog \u017eivota. Svi smo napisali odli\u010dne pri\u010de pa smo odlu\u010dili napisati i zimske \u0161aljive pri\u010de jer je bilo puno smije\u0161nih zgoda sa sanjkanja koje smo htjeli podijeliti s drugima. Nastavnica Marina Singer [&hellip;]<\/p>\n","protected":false},"author":2,"featured_media":0,"parent":0,"menu_order":0,"comment_status":"closed","ping_status":"closed","template":"","meta":[],"_links":{"self":[{"href":"http:\/\/cvrcak-daruvar.com.hr\/index.php?rest_route=\/wp\/v2\/pages\/4097"}],"collection":[{"href":"http:\/\/cvrcak-daruvar.com.hr\/index.php?rest_route=\/wp\/v2\/pages"}],"about":[{"href":"http:\/\/cvrcak-daruvar.com.hr\/index.php?rest_route=\/wp\/v2\/types\/page"}],"author":[{"embeddable":true,"href":"http:\/\/cvrcak-daruvar.com.hr\/index.php?rest_route=\/wp\/v2\/users\/2"}],"replies":[{"embeddable":true,"href":"http:\/\/cvrcak-daruvar.com.hr\/index.php?rest_route=%2Fwp%2Fv2%2Fcomments&post=4097"}],"version-history":[{"count":3,"href":"http:\/\/cvrcak-daruvar.com.hr\/index.php?rest_route=\/wp\/v2\/pages\/4097\/revisions"}],"predecessor-version":[{"id":4101,"href":"http:\/\/cvrcak-daruvar.com.hr\/index.php?rest_route=\/wp\/v2\/pages\/4097\/revisions\/4101"}],"wp:attachment":[{"href":"http:\/\/cvrcak-daruvar.com.hr\/index.php?rest_route=%2Fwp%2Fv2%2Fmedia&parent=4097"}],"curies":[{"name":"wp","href":"https:\/\/api.w.org\/{rel}","templated":true}]}}