{"id":399,"date":"2012-06-01T04:41:07","date_gmt":"2012-06-01T04:41:07","guid":{"rendered":"http:\/\/cvrcak-daruvar.com.hr\/?page_id=399"},"modified":"2012-06-01T04:41:07","modified_gmt":"2012-06-01T04:41:07","slug":"origami","status":"publish","type":"page","link":"http:\/\/cvrcak-daruvar.com.hr\/?page_id=399","title":{"rendered":"Origami"},"content":{"rendered":"<p>Origami je vje\u0161tina savijanja papira.<\/p>\n<p><a href=\"http:\/\/cvrcak-daruvar.com.hr\/wp-content\/uploads\/2012\/06\/P1010168.jpg\" class=\"gallery_colorbox\"><img decoding=\"async\" loading=\"lazy\" class=\"aligncenter size-full wp-image-400\" title=\"OLYMPUS DIGITAL CAMERA\" src=\"http:\/\/cvrcak-daruvar.com.hr\/wp-content\/uploads\/2012\/06\/P1010168.jpg\"  alt=\"\" width=\"448\" height=\"336\" srcset=\"http:\/\/cvrcak-daruvar.com.hr\/wp-content\/uploads\/2012\/06\/P1010168.jpg 448w, http:\/\/cvrcak-daruvar.com.hr\/wp-content\/uploads\/2012\/06\/P1010168-300x224.jpg 300w\" sizes=\"(max-width: 448px) 100vw, 448px\" \/><\/a><\/p>\n<p>Zada\u0107a radionice je bila upoznati tisu\u0107ljetnu japansku vje\u0161tinu savijanja papira koja se razvila<\/p>\n<p>na kraljevskim dvorovima. Savijanjem papira izra\u0111uju se \u017eivotinje i razli\u010diti ukrasni predmeti.<\/p>\n<p>Na radionici smo nau\u010dili od papira napraviti pticu, labuda, \u010darobnu kutiju, vjetrenja\u010du i ukrasnu zvijezdu.<\/p>\n<p>U\u010denici su bili vrlo zainteresirani, pa\u017eljivi, ma\u0161toviti i marljivi.<\/p>\n<p>&nbsp;<\/p>\n","protected":false},"excerpt":{"rendered":"<p>Origami je vje\u0161tina savijanja papira. Zada\u0107a radionice je bila upoznati tisu\u0107ljetnu japansku vje\u0161tinu savijanja papira koja se razvila na kraljevskim dvorovima. Savijanjem papira izra\u0111uju se \u017eivotinje i razli\u010diti ukrasni predmeti. Na radionici smo nau\u010dili od papira napraviti pticu, labuda, \u010darobnu kutiju, vjetrenja\u010du i ukrasnu zvijezdu. U\u010denici su bili vrlo zainteresirani, pa\u017eljivi, ma\u0161toviti i marljivi. &nbsp;<\/p>\n","protected":false},"author":1,"featured_media":0,"parent":368,"menu_order":0,"comment_status":"closed","ping_status":"closed","template":"","meta":[],"_links":{"self":[{"href":"http:\/\/cvrcak-daruvar.com.hr\/index.php?rest_route=\/wp\/v2\/pages\/399"}],"collection":[{"href":"http:\/\/cvrcak-daruvar.com.hr\/index.php?rest_route=\/wp\/v2\/pages"}],"about":[{"href":"http:\/\/cvrcak-daruvar.com.hr\/index.php?rest_route=\/wp\/v2\/types\/page"}],"author":[{"embeddable":true,"href":"http:\/\/cvrcak-daruvar.com.hr\/index.php?rest_route=\/wp\/v2\/users\/1"}],"replies":[{"embeddable":true,"href":"http:\/\/cvrcak-daruvar.com.hr\/index.php?rest_route=%2Fwp%2Fv2%2Fcomments&post=399"}],"version-history":[{"count":2,"href":"http:\/\/cvrcak-daruvar.com.hr\/index.php?rest_route=\/wp\/v2\/pages\/399\/revisions"}],"predecessor-version":[{"id":402,"href":"http:\/\/cvrcak-daruvar.com.hr\/index.php?rest_route=\/wp\/v2\/pages\/399\/revisions\/402"}],"up":[{"embeddable":true,"href":"http:\/\/cvrcak-daruvar.com.hr\/index.php?rest_route=\/wp\/v2\/pages\/368"}],"wp:attachment":[{"href":"http:\/\/cvrcak-daruvar.com.hr\/index.php?rest_route=%2Fwp%2Fv2%2Fmedia&parent=399"}],"curies":[{"name":"wp","href":"https:\/\/api.w.org\/{rel}","templated":true}]}}