{"id":394,"date":"2012-06-01T04:39:35","date_gmt":"2012-06-01T04:39:35","guid":{"rendered":"http:\/\/cvrcak-daruvar.com.hr\/?page_id=394"},"modified":"2012-06-01T04:39:43","modified_gmt":"2012-06-01T04:39:43","slug":"dramsko-lutkarska-radionica","status":"publish","type":"page","link":"http:\/\/cvrcak-daruvar.com.hr\/?page_id=394","title":{"rendered":"Dramsko-lutkarska radionica"},"content":{"rendered":"<p><span style=\"text-decoration: underline;\">Dramsko-lutkarska radionica<\/span><\/p>\n<p>Upoznali smo se kroz igru, a zatim poslu\u0161ali tekstove koje smo nakon toga damatizirali. U\u010denici prvih, drugih i tre\u0107ih\u00a0 razreda su uvje\u017ebavali kra\u0107e lutkarske prikaze glume\u0107i lutkama razli\u010ditih vrsta, a \u010detvrtih razreda su glumili\u00a0 u kratkim \u0161aljivim igrokazima. Nakon uvje\u017ebavanja pogledali smo predstave te svaku skupinu nagradili pljeskom i zavr\u0161ili dru\u017eenje igrom i pozdravom: \u201cVidimo se opet!\u201c<\/p>\n<p><a href=\"http:\/\/cvrcak-daruvar.com.hr\/wp-content\/uploads\/2012\/06\/dramska.jpg\" class=\"gallery_colorbox\"><img decoding=\"async\" loading=\"lazy\" class=\"aligncenter size-full wp-image-395\" title=\"dramska\" src=\"http:\/\/cvrcak-daruvar.com.hr\/wp-content\/uploads\/2012\/06\/dramska.jpg\"  alt=\"\" width=\"448\" height=\"299\" srcset=\"http:\/\/cvrcak-daruvar.com.hr\/wp-content\/uploads\/2012\/06\/dramska.jpg 448w, http:\/\/cvrcak-daruvar.com.hr\/wp-content\/uploads\/2012\/06\/dramska-300x200.jpg 300w\" sizes=\"(max-width: 448px) 100vw, 448px\" \/><\/a><\/p>\n","protected":false},"excerpt":{"rendered":"<p>Dramsko-lutkarska radionica Upoznali smo se kroz igru, a zatim poslu\u0161ali tekstove koje smo nakon toga damatizirali. U\u010denici prvih, drugih i tre\u0107ih\u00a0 razreda su uvje\u017ebavali kra\u0107e lutkarske prikaze glume\u0107i lutkama razli\u010ditih vrsta, a \u010detvrtih razreda su glumili\u00a0 u kratkim \u0161aljivim igrokazima. Nakon uvje\u017ebavanja pogledali smo predstave te svaku skupinu nagradili pljeskom i zavr\u0161ili dru\u017eenje igrom i [&hellip;]<\/p>\n","protected":false},"author":1,"featured_media":0,"parent":368,"menu_order":0,"comment_status":"closed","ping_status":"closed","template":"","meta":[],"_links":{"self":[{"href":"http:\/\/cvrcak-daruvar.com.hr\/index.php?rest_route=\/wp\/v2\/pages\/394"}],"collection":[{"href":"http:\/\/cvrcak-daruvar.com.hr\/index.php?rest_route=\/wp\/v2\/pages"}],"about":[{"href":"http:\/\/cvrcak-daruvar.com.hr\/index.php?rest_route=\/wp\/v2\/types\/page"}],"author":[{"embeddable":true,"href":"http:\/\/cvrcak-daruvar.com.hr\/index.php?rest_route=\/wp\/v2\/users\/1"}],"replies":[{"embeddable":true,"href":"http:\/\/cvrcak-daruvar.com.hr\/index.php?rest_route=%2Fwp%2Fv2%2Fcomments&post=394"}],"version-history":[{"count":2,"href":"http:\/\/cvrcak-daruvar.com.hr\/index.php?rest_route=\/wp\/v2\/pages\/394\/revisions"}],"predecessor-version":[{"id":397,"href":"http:\/\/cvrcak-daruvar.com.hr\/index.php?rest_route=\/wp\/v2\/pages\/394\/revisions\/397"}],"up":[{"embeddable":true,"href":"http:\/\/cvrcak-daruvar.com.hr\/index.php?rest_route=\/wp\/v2\/pages\/368"}],"wp:attachment":[{"href":"http:\/\/cvrcak-daruvar.com.hr\/index.php?rest_route=%2Fwp%2Fv2%2Fmedia&parent=394"}],"curies":[{"name":"wp","href":"https:\/\/api.w.org\/{rel}","templated":true}]}}