{"id":3916,"date":"2017-05-29T13:35:14","date_gmt":"2017-05-29T11:35:14","guid":{"rendered":"http:\/\/cvrcak-daruvar.com.hr\/?page_id=3916"},"modified":"2017-05-29T13:58:48","modified_gmt":"2017-05-29T11:58:48","slug":"karlovac-2","status":"publish","type":"page","link":"http:\/\/cvrcak-daruvar.com.hr\/?page_id=3916","title":{"rendered":"Karlovac 2"},"content":{"rendered":"<p><strong>IZLET\u00a0 U\u00a0 KARLOVAC<\/strong><\/p>\n<p style=\"text-align: left;\"><strong>Dana 28. travnja 2017. i\u0161li smo na \u0161kolski \u00a0izlet u Karlovac. Tamo smo posjetili slatkovodni akvarij AQUATIKA koji predstavlja floru i faunu hrvatskih rijeka i jezera. Najvi\u0161e mi se svidjelo kada nam je voditeljica rekla pone\u0161to o nekim vrstama riba i tako smo jo\u0161 ne\u0161to nau\u010dili. Svidjelo mi se kada smo pratili rije\u010dni tok: gornji, srednji i donji tok i zvuk rijeke kako te\u010de te vidjeli puno vrsta riba. Dojmilo me se kako smo prolazili tunelom ispod akvarija.<\/strong><a href=\"http:\/\/cvrcak-daruvar.com.hr\/wp-content\/uploads\/2017\/05\/PUT00001.jpg\" class=\"gallery_colorbox\" rel=\"attachment wp-att-3935\"><img decoding=\"async\" loading=\"lazy\" class=\"aligncenter size-medium wp-image-3935\" src=\"http:\/\/cvrcak-daruvar.com.hr\/wp-content\/uploads\/2017\/05\/PUT00001-300x225.jpg\"  alt=\"PUT00001\" width=\"300\" height=\"225\" srcset=\"http:\/\/cvrcak-daruvar.com.hr\/wp-content\/uploads\/2017\/05\/PUT00001-300x225.jpg 300w, http:\/\/cvrcak-daruvar.com.hr\/wp-content\/uploads\/2017\/05\/PUT00001-768x576.jpg 768w, http:\/\/cvrcak-daruvar.com.hr\/wp-content\/uploads\/2017\/05\/PUT00001-1024x768.jpg 1024w, http:\/\/cvrcak-daruvar.com.hr\/wp-content\/uploads\/2017\/05\/PUT00001.jpg 1238w\" sizes=\"(max-width: 300px) 100vw, 300px\" \/><\/a><a href=\"http:\/\/cvrcak-daruvar.com.hr\/wp-content\/uploads\/2017\/05\/PUT00002.jpg\" class=\"gallery_colorbox\" rel=\"attachment wp-att-3936\"><img decoding=\"async\" loading=\"lazy\" class=\"aligncenter size-medium wp-image-3936\" src=\"http:\/\/cvrcak-daruvar.com.hr\/wp-content\/uploads\/2017\/05\/PUT00002-300x225.jpg\"  alt=\"PUT00002\" width=\"300\" height=\"225\" srcset=\"http:\/\/cvrcak-daruvar.com.hr\/wp-content\/uploads\/2017\/05\/PUT00002-300x225.jpg 300w, http:\/\/cvrcak-daruvar.com.hr\/wp-content\/uploads\/2017\/05\/PUT00002-768x576.jpg 768w, http:\/\/cvrcak-daruvar.com.hr\/wp-content\/uploads\/2017\/05\/PUT00002-1024x768.jpg 1024w, http:\/\/cvrcak-daruvar.com.hr\/wp-content\/uploads\/2017\/05\/PUT00002.jpg 1238w\" sizes=\"(max-width: 300px) 100vw, 300px\" \/><\/a><a href=\"http:\/\/cvrcak-daruvar.com.hr\/wp-content\/uploads\/2017\/05\/PUT00003.jpg\" class=\"gallery_colorbox\" rel=\"attachment wp-att-3937\"><img decoding=\"async\" loading=\"lazy\" class=\"aligncenter size-medium wp-image-3937\" src=\"http:\/\/cvrcak-daruvar.com.hr\/wp-content\/uploads\/2017\/05\/PUT00003-300x225.jpg\"  alt=\"PUT00003\" width=\"300\" height=\"225\" srcset=\"http:\/\/cvrcak-daruvar.com.hr\/wp-content\/uploads\/2017\/05\/PUT00003-300x225.jpg 300w, http:\/\/cvrcak-daruvar.com.hr\/wp-content\/uploads\/2017\/05\/PUT00003-768x576.jpg 768w, http:\/\/cvrcak-daruvar.com.hr\/wp-content\/uploads\/2017\/05\/PUT00003-1024x768.jpg 1024w, http:\/\/cvrcak-daruvar.com.hr\/wp-content\/uploads\/2017\/05\/PUT00003.jpg 1238w\" sizes=\"(max-width: 300px) 100vw, 300px\" \/><\/a><\/p>\n<p><strong>Poslije akvarija i\u0161li smo u Tvr\u0111avu Dubovac. Tu mi se najvi\u0161e svidjelo kada nam je vodi\u010d govorio kako su se tijekom turskih navala branili iz te tvr\u0111ave i jo\u0161 mnogo toga zanimljivoga \u0161to nismo znali. Nau\u010dili smo kako je tvr\u0111ava \u00a0Dubovac dobila ime po dubovoj \u0161umi i da je to najstariji i najsa\u010duvaniji spomenik. Svidjelo mi se kako se s tvr\u0111ave Vidikovac vidi cijeli grad Karlovac. U\u017eivala sam u tom pogledu. Prekrasno!<\/strong><\/p>\n<p><a href=\"http:\/\/cvrcak-daruvar.com.hr\/wp-content\/uploads\/2017\/05\/PUT00004.jpg\" class=\"gallery_colorbox\" rel=\"attachment wp-att-3938\"><img decoding=\"async\" loading=\"lazy\" class=\"aligncenter size-medium wp-image-3938\" src=\"http:\/\/cvrcak-daruvar.com.hr\/wp-content\/uploads\/2017\/05\/PUT00004-300x225.jpg\"  alt=\"PUT00004\" width=\"300\" height=\"225\" srcset=\"http:\/\/cvrcak-daruvar.com.hr\/wp-content\/uploads\/2017\/05\/PUT00004-300x225.jpg 300w, http:\/\/cvrcak-daruvar.com.hr\/wp-content\/uploads\/2017\/05\/PUT00004-768x576.jpg 768w, http:\/\/cvrcak-daruvar.com.hr\/wp-content\/uploads\/2017\/05\/PUT00004-1024x768.jpg 1024w, http:\/\/cvrcak-daruvar.com.hr\/wp-content\/uploads\/2017\/05\/PUT00004.jpg 1142w\" sizes=\"(max-width: 300px) 100vw, 300px\" \/><\/a><\/p>\n<p><a href=\"http:\/\/cvrcak-daruvar.com.hr\/wp-content\/uploads\/2017\/05\/PUT00005.jpg\" class=\"gallery_colorbox\" rel=\"attachment wp-att-3939\"><img decoding=\"async\" loading=\"lazy\" class=\"aligncenter size-medium wp-image-3939\" src=\"http:\/\/cvrcak-daruvar.com.hr\/wp-content\/uploads\/2017\/05\/PUT00005-300x225.jpg\"  alt=\"PUT00005\" width=\"300\" height=\"225\" srcset=\"http:\/\/cvrcak-daruvar.com.hr\/wp-content\/uploads\/2017\/05\/PUT00005-300x225.jpg 300w, http:\/\/cvrcak-daruvar.com.hr\/wp-content\/uploads\/2017\/05\/PUT00005-768x576.jpg 768w, http:\/\/cvrcak-daruvar.com.hr\/wp-content\/uploads\/2017\/05\/PUT00005-1024x768.jpg 1024w, http:\/\/cvrcak-daruvar.com.hr\/wp-content\/uploads\/2017\/05\/PUT00005.jpg 1238w\" sizes=\"(max-width: 300px) 100vw, 300px\" \/><\/a><\/p>\n<p><strong>Zatim slijedi na\u0161 posjet \u00a0gradskom muzeju.\u00a0 Tamo su mi se pri ulasku svidjele plo\u010de koje su bile postavljene na kamenu. Muzej me se jako dojmio jer je lijepo ure\u0111en, velik i jer su izlo\u017eeni starinski predmeti kakvi su nekada postojali, a neki postoje i danas. Ti predmeti su ve\u0107inom bili u staklu. Pozornost mi je zaokupila pe\u0107 koju su ljudi prije lo\u017eili iz druge prostorije. Tako\u0111er mi se svidjelo jo\u0161 mnogo lijepih starina. U muzeju smo mogli saznati pone\u0161to o tim predmetima. Bile su mi zanimljive knjige koje su bile izlo\u017eene i napisane zanimljivim rukopisom kakav jo\u0161 nisam vidjela. Na kraju svega bilo je super \u0161to smo vidjeli te sve starine, bogate i vrijedne predmete.<\/strong><\/p>\n<p><a href=\"http:\/\/cvrcak-daruvar.com.hr\/wp-content\/uploads\/2017\/05\/PUT00008.jpg\" class=\"gallery_colorbox\" rel=\"attachment wp-att-3941\"><img decoding=\"async\" loading=\"lazy\" class=\"aligncenter size-medium wp-image-3941\" src=\"http:\/\/cvrcak-daruvar.com.hr\/wp-content\/uploads\/2017\/05\/PUT00008-300x225.jpg\"  alt=\"PUT00008\" width=\"300\" height=\"225\" srcset=\"http:\/\/cvrcak-daruvar.com.hr\/wp-content\/uploads\/2017\/05\/PUT00008-300x225.jpg 300w, http:\/\/cvrcak-daruvar.com.hr\/wp-content\/uploads\/2017\/05\/PUT00008-768x576.jpg 768w, http:\/\/cvrcak-daruvar.com.hr\/wp-content\/uploads\/2017\/05\/PUT00008-1024x768.jpg 1024w, http:\/\/cvrcak-daruvar.com.hr\/wp-content\/uploads\/2017\/05\/PUT00008.jpg 1238w\" sizes=\"(max-width: 300px) 100vw, 300px\" \/><\/a><\/p>\n<p><a href=\"http:\/\/cvrcak-daruvar.com.hr\/wp-content\/uploads\/2017\/05\/PUT00007.jpg\" class=\"gallery_colorbox\" rel=\"attachment wp-att-3940\"><img decoding=\"async\" loading=\"lazy\" class=\"aligncenter size-medium wp-image-3940\" src=\"http:\/\/cvrcak-daruvar.com.hr\/wp-content\/uploads\/2017\/05\/PUT00007-225x300.jpg\"  alt=\"PUT00007\" width=\"225\" height=\"300\" srcset=\"http:\/\/cvrcak-daruvar.com.hr\/wp-content\/uploads\/2017\/05\/PUT00007-225x300.jpg 225w, http:\/\/cvrcak-daruvar.com.hr\/wp-content\/uploads\/2017\/05\/PUT00007-768x1024.jpg 768w, http:\/\/cvrcak-daruvar.com.hr\/wp-content\/uploads\/2017\/05\/PUT00007.jpg 928w\" sizes=\"(max-width: 225px) 100vw, 225px\" \/><\/a><\/p>\n<p><strong>Poslije muzeja sjeli smo u na\u0161 autobus kojim smo prolazili pokraj muzeja Domovinskog rata. U prolazu smo mogli vidjeti ratne tenkove i avione koji su izlo\u017eeni ispred muzeja. <\/strong><\/p>\n<p><strong>Na\u0161e daljnje stajali\u0161te bila je spilja Lokvarka. U spilji me se dojmila njezina unutra\u0161njost s razli\u010ditim oblicima, a isto tako njezina veli\u010dina. Za oko mi je zapelo kako je na jednom zidu iscrtan oblik mamuta. Impresioniralo me jer smo mogli ne\u0161to saznati o spilji i da smo mogli vidjeti sva njezina \u010detiri dijela. Zanimljivo mi je to \u0161to to nije kraj \u0161pilje, nego ima jo\u0161 prostorija koje treba istra\u017eiti kako bi se moglo i njih posje\u0107ivati. U\u017eivala sam u ovom izletu sa svojim prijateljima i nastavnicima.<\/strong><\/p>\n<p><a href=\"http:\/\/cvrcak-daruvar.com.hr\/wp-content\/uploads\/2017\/05\/PUT00011.jpg\" class=\"gallery_colorbox\" rel=\"attachment wp-att-3944\"><img decoding=\"async\" loading=\"lazy\" class=\"aligncenter size-medium wp-image-3944\" src=\"http:\/\/cvrcak-daruvar.com.hr\/wp-content\/uploads\/2017\/05\/PUT00011-225x300.jpg\"  alt=\"PUT00011\" width=\"225\" height=\"300\" srcset=\"http:\/\/cvrcak-daruvar.com.hr\/wp-content\/uploads\/2017\/05\/PUT00011-225x300.jpg 225w, http:\/\/cvrcak-daruvar.com.hr\/wp-content\/uploads\/2017\/05\/PUT00011-768x1024.jpg 768w, http:\/\/cvrcak-daruvar.com.hr\/wp-content\/uploads\/2017\/05\/PUT00011.jpg 928w\" sizes=\"(max-width: 225px) 100vw, 225px\" \/><\/a><\/p>\n<p><a href=\"http:\/\/cvrcak-daruvar.com.hr\/wp-content\/uploads\/2017\/05\/PUT00010.jpg\" class=\"gallery_colorbox\" rel=\"attachment wp-att-3943\"><img decoding=\"async\" loading=\"lazy\" class=\"aligncenter size-medium wp-image-3943\" src=\"http:\/\/cvrcak-daruvar.com.hr\/wp-content\/uploads\/2017\/05\/PUT00010-300x225.jpg\"  alt=\"PUT00010\" width=\"300\" height=\"225\" srcset=\"http:\/\/cvrcak-daruvar.com.hr\/wp-content\/uploads\/2017\/05\/PUT00010-300x225.jpg 300w, http:\/\/cvrcak-daruvar.com.hr\/wp-content\/uploads\/2017\/05\/PUT00010-768x576.jpg 768w, http:\/\/cvrcak-daruvar.com.hr\/wp-content\/uploads\/2017\/05\/PUT00010-1024x768.jpg 1024w, http:\/\/cvrcak-daruvar.com.hr\/wp-content\/uploads\/2017\/05\/PUT00010.jpg 1238w\" sizes=\"(max-width: 300px) 100vw, 300px\" \/><\/a><\/p>\n<p><a href=\"http:\/\/cvrcak-daruvar.com.hr\/wp-content\/uploads\/2017\/05\/PUT00009.jpg\" class=\"gallery_colorbox\" rel=\"attachment wp-att-3942\"><img decoding=\"async\" loading=\"lazy\" class=\"aligncenter size-medium wp-image-3942\" src=\"http:\/\/cvrcak-daruvar.com.hr\/wp-content\/uploads\/2017\/05\/PUT00009-300x225.jpg\"  alt=\"PUT00009\" width=\"300\" height=\"225\" srcset=\"http:\/\/cvrcak-daruvar.com.hr\/wp-content\/uploads\/2017\/05\/PUT00009-300x225.jpg 300w, http:\/\/cvrcak-daruvar.com.hr\/wp-content\/uploads\/2017\/05\/PUT00009-768x576.jpg 768w, http:\/\/cvrcak-daruvar.com.hr\/wp-content\/uploads\/2017\/05\/PUT00009-1024x768.jpg 1024w, http:\/\/cvrcak-daruvar.com.hr\/wp-content\/uploads\/2017\/05\/PUT00009.jpg 1238w\" sizes=\"(max-width: 300px) 100vw, 300px\" \/><\/a><\/p>\n<p><strong>\u00a0<\/strong><\/p>\n<p><strong>VALENTINA\u00a0\u00a0\u00a0\u00a0\u00a0 HOUF\u00a0\u00a0 7.c<\/strong><\/p>\n<p><strong>\u00a0<\/strong><\/p>\n","protected":false},"excerpt":{"rendered":"<p>IZLET\u00a0 U\u00a0 KARLOVAC Dana 28. travnja 2017. i\u0161li smo na \u0161kolski \u00a0izlet u Karlovac. Tamo smo posjetili slatkovodni akvarij AQUATIKA koji predstavlja floru i faunu hrvatskih rijeka i jezera. Najvi\u0161e mi se svidjelo kada nam je voditeljica rekla pone\u0161to o nekim vrstama riba i tako smo jo\u0161 ne\u0161to nau\u010dili. Svidjelo mi se kada smo pratili [&hellip;]<\/p>\n","protected":false},"author":2,"featured_media":0,"parent":0,"menu_order":0,"comment_status":"closed","ping_status":"closed","template":"","meta":[],"_links":{"self":[{"href":"http:\/\/cvrcak-daruvar.com.hr\/index.php?rest_route=\/wp\/v2\/pages\/3916"}],"collection":[{"href":"http:\/\/cvrcak-daruvar.com.hr\/index.php?rest_route=\/wp\/v2\/pages"}],"about":[{"href":"http:\/\/cvrcak-daruvar.com.hr\/index.php?rest_route=\/wp\/v2\/types\/page"}],"author":[{"embeddable":true,"href":"http:\/\/cvrcak-daruvar.com.hr\/index.php?rest_route=\/wp\/v2\/users\/2"}],"replies":[{"embeddable":true,"href":"http:\/\/cvrcak-daruvar.com.hr\/index.php?rest_route=%2Fwp%2Fv2%2Fcomments&post=3916"}],"version-history":[{"count":3,"href":"http:\/\/cvrcak-daruvar.com.hr\/index.php?rest_route=\/wp\/v2\/pages\/3916\/revisions"}],"predecessor-version":[{"id":3923,"href":"http:\/\/cvrcak-daruvar.com.hr\/index.php?rest_route=\/wp\/v2\/pages\/3916\/revisions\/3923"}],"wp:attachment":[{"href":"http:\/\/cvrcak-daruvar.com.hr\/index.php?rest_route=%2Fwp%2Fv2%2Fmedia&parent=3916"}],"curies":[{"name":"wp","href":"https:\/\/api.w.org\/{rel}","templated":true}]}}