{"id":3914,"date":"2017-05-29T13:34:47","date_gmt":"2017-05-29T11:34:47","guid":{"rendered":"http:\/\/cvrcak-daruvar.com.hr\/?page_id=3914"},"modified":"2017-05-29T13:34:47","modified_gmt":"2017-05-29T11:34:47","slug":"karlovac-1","status":"publish","type":"page","link":"http:\/\/cvrcak-daruvar.com.hr\/?page_id=3914","title":{"rendered":"Karlovac 1"},"content":{"rendered":"<p><strong>Putopis<\/strong><\/p>\n<p>&nbsp;<\/p>\n<p>Autobus je do\u0161ao na parkirali\u0161te \u0161kole odakle smo krenuli u Karlovac. Prvo smo i\u0161li u slatkovodni akvarij \u201eAquatika\u201c. Ondje smo vidjeli mnoge vrste pastrva, \u0161arane, \u0161tuke i mnoge druge ribe. Saznali smo da je akvarij izgra\u0111en u obliku zvijezde. Istog takvoga oblika je bio izgra\u0111en i Karlovac u povijesti. Saznali smo \u010dime se pojedine ribe hrane te koje je njihovo stani\u0161te. Saznali smo i koje su ribe gornjeg, a koje donjeg toka rijeke.<\/p>\n<p>Posjetili smo muzej-tvr\u0111avu koji je nekada slu\u017eio za obranu kralju Karlovca. Do tvr\u0111ave je bilo puno stuba. Tvr\u0111ava je bila gra\u0111ena od kamena \u0161to je bilo rijetko za njeno doba, zato ju je bilo te\u0161ko i uni\u0161titi jer se nije mogla spaliti kao ostale tvr\u0111ave od drveta. Na vrhu tvr\u0111ave se nalazi velika karta kule i svih obli\u017enjih kula. Na karti se jasno vidi kako su sve kule bile gra\u0111ene na velikim brdima. Razlog tomu je bio \u0161to tako napada\u010di nisu mogli primijeniti topove, ali i kako bi kule jedna drugoj mogle slati signale pomo\u0107u dima. Tako su sve kule uvijek bile me\u0111usobno povezane.<\/p>\n<p>Nakon toga smo i\u0161li u muzej. U muzeju smo vidjeli neke primjerke fosila i mamutovih kostiju, starih pe\u0107i, namje\u0161taja, bicikala, no\u0161nji, fotoaparata i oru\u017eja. Vidjeli smo ostatke oru\u017eja od kamena te mnoge ukrasne figurice. Tako\u0111er smo vidjeli stari grb grada Karlovca. Saznali smo kako su \u017eivjele bogate, a kako siroma\u0161ne obitelji.<\/p>\n<p>Voze\u0107i se autobusom, pro\u0161li smo pored muzeja na otvorenom. Vidjeli smo olupine zrakoplova i tenka.<\/p>\n<p>Na kraju smo posjetili spilju \u201eLokvarku.\u201c \u00a0Spustili smo se za 100 metara i prehodali vi\u0161e od jednog kilometra, isto toliko i nazad. Vidjeli smo \u010detiri galerije od kojih mi je najdra\u017ea,a i najve\u0107a, \u201ePlesna dvorana.\u201c U toj se galeriji slavilo otkrivanje spilje prije otprilike 100 godina, to\u010dnije 1911. godine. Spilja je vrlo vla\u017ena, a u njoj je stalna temperatura od +8 stupnjeva. Postoji i donja galerija spilje koja je ujedno i najve\u0107a,ali je vrlo nepristupa\u010dna, stoga u nju idu samo istra\u017eiva\u010di. Spilja ne smije biti previ\u0161e osvijetljena kako u njoj ne bi po\u010dela rasti trava.<\/p>\n<p>&nbsp;<\/p>\n<p>Toni Stranjik, 7.a<\/p>\n","protected":false},"excerpt":{"rendered":"<p>Putopis &nbsp; Autobus je do\u0161ao na parkirali\u0161te \u0161kole odakle smo krenuli u Karlovac. Prvo smo i\u0161li u slatkovodni akvarij \u201eAquatika\u201c. Ondje smo vidjeli mnoge vrste pastrva, \u0161arane, \u0161tuke i mnoge druge ribe. Saznali smo da je akvarij izgra\u0111en u obliku zvijezde. Istog takvoga oblika je bio izgra\u0111en i Karlovac u povijesti. Saznali smo \u010dime se [&hellip;]<\/p>\n","protected":false},"author":2,"featured_media":0,"parent":0,"menu_order":0,"comment_status":"closed","ping_status":"closed","template":"","meta":[],"_links":{"self":[{"href":"http:\/\/cvrcak-daruvar.com.hr\/index.php?rest_route=\/wp\/v2\/pages\/3914"}],"collection":[{"href":"http:\/\/cvrcak-daruvar.com.hr\/index.php?rest_route=\/wp\/v2\/pages"}],"about":[{"href":"http:\/\/cvrcak-daruvar.com.hr\/index.php?rest_route=\/wp\/v2\/types\/page"}],"author":[{"embeddable":true,"href":"http:\/\/cvrcak-daruvar.com.hr\/index.php?rest_route=\/wp\/v2\/users\/2"}],"replies":[{"embeddable":true,"href":"http:\/\/cvrcak-daruvar.com.hr\/index.php?rest_route=%2Fwp%2Fv2%2Fcomments&post=3914"}],"version-history":[{"count":1,"href":"http:\/\/cvrcak-daruvar.com.hr\/index.php?rest_route=\/wp\/v2\/pages\/3914\/revisions"}],"predecessor-version":[{"id":3915,"href":"http:\/\/cvrcak-daruvar.com.hr\/index.php?rest_route=\/wp\/v2\/pages\/3914\/revisions\/3915"}],"wp:attachment":[{"href":"http:\/\/cvrcak-daruvar.com.hr\/index.php?rest_route=%2Fwp%2Fv2%2Fmedia&parent=3914"}],"curies":[{"name":"wp","href":"https:\/\/api.w.org\/{rel}","templated":true}]}}