{"id":3904,"date":"2017-05-26T09:26:18","date_gmt":"2017-05-26T07:26:18","guid":{"rendered":"http:\/\/cvrcak-daruvar.com.hr\/?page_id=3904"},"modified":"2017-06-01T20:04:16","modified_gmt":"2017-06-01T18:04:16","slug":"mali-daruvarski-ekolozi-intervju-sa-6-c","status":"publish","type":"page","link":"http:\/\/cvrcak-daruvar.com.hr\/?page_id=3904","title":{"rendered":"MALI DARUVARSKI EKOLOZI &#8211; INTERVJU SA 6.c"},"content":{"rendered":"<p>Ponos na\u0161e \u0161kole, 6.c i njihova razrednica Tihana Petkovi\u0107, ostvarili su vrhunski uspjeh na natje\u010daju udruge Bioteka Mali ekolozi-velike nagrade. Posjetili smo ih na satu razrednika i zamolili da nam ispri\u010daju o svom projektu. Za temu projekta izabrali su jedan od simbola grada Daruvara \u2013 na\u0161 dobri stari Ginko. Primijetili su da je u blizini stabla Ginka bilobe jak izvor svjetlosti kojom je osvjetljen dvorac te su istra\u017eili \u0161to je svjetlosno one\u010di\u0161\u0107enje i ispitali ja\u010dinu svjetlosti kojom je osvjetljen dvorac i koja dolazi i do Ginka.<\/p>\n<p>Va\u017eno je naglasiti da je Ginko najstarija vrsta drve\u0107a na planeti. U Daruvaru ga je posadio grof Antun Jankovi\u0107 u vrijeme izgradnje dvorca jo\u0161 1777. Najstarije je drvo ginka u Hrvatskoj, a drugo u Europi. U\u010denici 6.c ukazali na to da trebamo \u010duvati na\u0161eg starog diva i educirati ljude o njemu. Evo \u0161to su nam ispri\u010dali.<\/p>\n<p><a href=\"http:\/\/cvrcak-daruvar.com.hr\/wp-content\/uploads\/2017\/05\/DSC3514.jpg\" class=\"gallery_colorbox\" rel=\"attachment wp-att-3949\"><img decoding=\"async\" loading=\"lazy\" class=\"aligncenter wp-image-3949 size-full\" src=\"http:\/\/cvrcak-daruvar.com.hr\/wp-content\/uploads\/2017\/05\/DSC3514.jpg\"  alt=\"_DSC3514\" width=\"960\" height=\"639\" srcset=\"http:\/\/cvrcak-daruvar.com.hr\/wp-content\/uploads\/2017\/05\/DSC3514.jpg 960w, http:\/\/cvrcak-daruvar.com.hr\/wp-content\/uploads\/2017\/05\/DSC3514-300x200.jpg 300w, http:\/\/cvrcak-daruvar.com.hr\/wp-content\/uploads\/2017\/05\/DSC3514-768x511.jpg 768w\" sizes=\"(max-width: 960px) 100vw, 960px\" \/><\/a><\/p>\n<p><strong>Kako ste doznali za taj projekt?<\/strong><\/p>\n<p>Tiborova mama je saznala za natje\u010daj, pa je to predlo\u017eila na\u0161oj razrednici.<\/p>\n<p><strong>Tko je organizator tog projekta?<\/strong><\/p>\n<p>Udruga Bioteka je organizator projekta.<\/p>\n<p><strong>Za\u0161to ste se prijavili na projekt?<\/strong><\/p>\n<p>Prijavili smo se na taj projekt tako da u\u010dinimo ne\u0161to dobro za na\u0161 grad i pro\u0161irimo svoje znanje o Ginku i svjetlosnom one\u010di\u0161\u0107enju.<\/p>\n<p><strong>Kako ste do\u0161li na ideju Ginko?<\/strong><\/p>\n<p>Ginko je znamenitost na\u0161ega grada, a primijetili smo da je dvorac osvjetljen jakim reflektorima, te smo \u017eeljeli istra\u017eiti kako umjetna rasvjeta utje\u010de na \u017eivi svijet.<\/p>\n<p><strong>Gdje ste tra\u017eili podatke?<\/strong><\/p>\n<p>Podatke smo tra\u017eili na internetu, predavanje o svjetlosnom one\u010di\u0161\u0107enju odr\u017eala je inspektorica za\u0161tite okoli\u0161a Miroslava Verasto, a o Ginku kao znamenitosti na\u0161eg grada Lidija Premec iz turisti\u010dke zajednice.<\/p>\n<p><strong>Koliko dugo je trajao projekt?<\/strong><\/p>\n<p>Projekt je trajao vi\u0161e od 3 mjeseca.<\/p>\n<p><strong>Kako ste se pripremali, \u0161to ste sve radili?<\/strong><\/p>\n<p>Prvo smo napravili anketu o tome koliko stanovnici grada Daruvara znaju o Ginku i o svjetlosnom one\u010di\u0161\u0107enju.<\/p>\n<p>Zajedno smo prebrojavali ankete. Ankete su bile podijeljene po cijelome gradu, pa \u010dak i u srednjim \u0161kolama. Ispitivali smo ljude u gradu da li znaju ne\u0161to o Ginku i gdje se to\u010dno nalazi, pa \u010dak i one najmla\u0111e. Kontaktirali smo u\u010denike ove \u0161kole i gra\u0111ane grada Daruvara.<\/p>\n<p>Rezultati te ankete pokazali su nam u kojem smjeru trebamo dalje i\u0107i.<\/p>\n<p>Istra\u017eili smo te teme i napravili plakate koje su u\u010denici jedni drugima predstavili u razredu, a zatim uredili i \u0161kolski pano. Nekoliko smo puta posjetili Ginko i pa\u017eljivo pregledali stablo i okoli\u0161. Uo\u010dili smo puno stvari koje je bilo mogu\u0107e popraviti i pobolj\u0161ati. Na satu razrednika predlo\u017eili smo ta pobolj\u0161anja i o svemu napravili prezentaciju. Svoja zapa\u017eanja i prijedloge predstavili smo gradona\u010delniku.<\/p>\n<p>Napravili smo plakate kojima smo sve informacije o Ginku i svjetlosnom one\u010di\u0161\u0107enju predstavili svim u\u010denicima u svim osnovnim i srednjim \u0161kolama u Daruvaru.<\/p>\n<p>Predlo\u017eili smo i izradu \u201eginkokaza\u201c \u2013 znakova na nogostupu u obliku lista Ginka, \u017eute boje, kako bi svaki posjetitelj mogao s lako\u0107om prona\u0107i gdje se Ginko nalazi. Napravili smo 16 \u201eginkokaza\u201c. Oni vode od svih turisti\u010dkih stupova i turisti\u010dke zajednice prema Ginku. Uo\u010dili smo da nema na svim turisti\u010dkim stupovima znaka koji upu\u0107uje na Ginko, ti su znakovi na na\u0161 poticaj postavljeni. Uo\u010dili smo da je dvorac prejako osvjetljen, tako da su reflektori spu\u0161teni kako bi manje osvjetljavali no\u0107no nebo i samo stablo. Uo\u010dili smo da pogled na Ginko zaklanja grmlje, da se u blizini nalazi stara kanta za sme\u0107e koja isto naru\u0161ava pogled na Ginko, a sme\u0107e privla\u010di i vrane koje se u velikom broju skupljaju na okolnim stablima. Predlo\u017eili smo postavljanje novih kanti s poklopcima i premje\u0161tanje kanti iz neposredne blizine drveta, uklanjanje grmlja, postavljanje novih preglednijih plo\u010da s informacijama. Predstavnici Grada i Turisti\u010dke zajednice prihvatili su i uva\u017eili na\u0161e sugestije i pobolj\u0161ali sve \u0161to smo sugerirali, tako da s ponosom mo\u017eemo re\u0107i da smo utjecali na to da je na\u0161 starac Ginko sada puno bolje istaknut i da okoli\u0161 oko njega izgleda puno ljep\u0161e.<\/p>\n<p><strong>\u0160to je sve napravljeno do sada?<\/strong><\/p>\n<p>Maknut je ko\u0161 za sme\u0107e i postavljeni su novi ko\u0161evi s poklopcima kako sme\u0107e ne bi privla\u010dilo vrane. Ko\u0161evi su odmaknuti od Ginka, postavljene su nove informativne plo\u010de, novi znakovi koji upu\u0107uju na Ginko na informativnim stupovima u gradu. Grmlje oko ginka je ra\u0161\u010di\u0161\u0107eno, tako da se drvo puno bolje vidi. Reflektori su spu\u0161teni prema zemlji tj. postavljeni pravilno tako da se svjetlost vi\u0161e ne raspr\u0161uje nepotrebno u okoli\u0161. Puno je toga napravljeno.<\/p>\n<p><strong>Tko vam je sve pomagao, jeste li imali sponzore?<\/strong><\/p>\n<p>Tra\u017eili smo materijalnu pomo\u0107 koja nam je trebala. Trebala nam je boja koju smo dobili od tvrtke Ceste d.d. iz Bjelovara. Trebali su nam kistovi koje nam je dala Color Tehna iz Daruvara. Izradili smo plakate koje nam je sponzorirao Vacom Daruvar, njih smo podijelili po svim \u0161kolama.<\/p>\n<p><strong>Na koji na\u010din ste to prezentirali gradona\u010delniku?<\/strong><\/p>\n<p>Napravili smo prezentaciju kojom smo gradona\u010delniku predstavili rezultate ankete, sva svoja zapa\u017eanja i mjerenja koja smo prikupili o Ginku i svoje prijedloge. Najavili smo se i zatra\u017eili sastanak s gradona\u010delnikom, on nas je primio i mi smo mu to sve prezentirali. Gradona\u010delniku smo dali mali dar, to je bila majica s crte\u017eom Ginka koji smo sami izradili.<\/p>\n<p><strong>Primijetili smo da imate iste majice, kako ste ih nabavili?<\/strong><\/p>\n<p>Majice smo dobili kao poklon \u0161to smo pro\u0161li u drugi krug projekta.<\/p>\n<p><strong>Na koji je na\u010din va\u0161 rad bio prezentiran organizatoru natje\u010daja?<\/strong><\/p>\n<p>Mi smo na kraju morali sve to opisati. Imali smo jedan obrazac od pet stranica u koji smo morali precizno unijeti sve \u0161to smo napravili. Dakle, po\u010dev\u0161i od na\u0161ih ciljeva koje smo si zadali na po\u010detku pa skroz do svega \u0161to smo u\u010dinili. To smo poslali na natje\u010daj udruge Bioteka.<\/p>\n<p><strong>Koje su bile nagrade za prva 3 mjesta?<\/strong><\/p>\n<p>Za prva 3 mjesta nagrade su bile prijenosna ra\u010dunala.<\/p>\n<p><strong>Kakav je to osje\u0107aj pobijediti?<\/strong><\/p>\n<p>Osje\u0107aj je bio izvanredan, osje\u0107ali smo se super.<\/p>\n<p>&nbsp;<\/p>\n<p>Nekoliko pitanja za kraj smo postavili i nastavnici Tihani Petkovi\u0107, razrednici 6.c.<\/p>\n<p><strong>Jeste li ponosni na svoj razred?<\/strong><\/p>\n<p>Nastavnica Tihana: Jako sam ponosna! Na\u0161 je projekt progla\u0161en najboljim od 258 pristiglih projekata \u0161to je zaista izvrsno postignu\u0107e. Ali osim pobjede i nagrade jo\u0161 je va\u017enije zajedni\u0161tvo i suradnja koju su pokazali svi u\u010denici, ali ne samo oni. Roditelji su nas podr\u017eavali na svakom koraku, spremno dolazili i pru\u017eali pomo\u0107 gdje je god trebalo. Isto tako dobili smo veliku podr\u0161ku Grada i turisti\u010dke zajednice. Do\u017eivjeli smo kako svojim trudom i radom mo\u017eemo utjecati da na\u0161 grad bude ljep\u0161i.<\/p>\n<p><strong>Tko se vi\u0161e trudio, Vi ili razred?<\/strong><\/p>\n<p>Nastavnica Tihana : Svi smo se jako trudili. Nema tu vi\u0161e-manje. Uvjet projekta je bio da svi sudjeluju.<\/p>\n<p>Hvala Vam \u0161to ste odvojili malo vremena za odgovaranje na postavljena pitanja!<\/p>\n<p>&nbsp;<\/p>\n<p>Vrijedni u\u010denici i njihova razrednica zaslu\u017eili su titulu najuspje\u0161nijih i definitivno su zaslu\u017eili laptope koje je svaki u\u010denik dobio kao nagradu. Hvala 6.c na tome \u0161to su podsjetili Daruvar na to kakvo blago imamo \u2013 na\u0161eg dobrog starca Ginka!<\/p>\n<p>&nbsp;<\/p>\n<p>Novinarke:<\/p>\n<p style=\"text-align: right;\"><em>Luna Bili, Helena Markovi\u0107, Karolina Pavi\u010di\u0107,7.a<\/em><\/p>\n<p style=\"text-align: right;\"><em>\u00a0i Lorna Luki\u0107, 5a<\/em><\/p>\n","protected":false},"excerpt":{"rendered":"<p>Ponos na\u0161e \u0161kole, 6.c i njihova razrednica Tihana Petkovi\u0107, ostvarili su vrhunski uspjeh na natje\u010daju udruge Bioteka Mali ekolozi-velike nagrade. Posjetili smo ih na satu razrednika i zamolili da nam ispri\u010daju o svom projektu. Za temu projekta izabrali su jedan od simbola grada Daruvara \u2013 na\u0161 dobri stari Ginko. Primijetili su da je u blizini [&hellip;]<\/p>\n","protected":false},"author":2,"featured_media":0,"parent":0,"menu_order":0,"comment_status":"closed","ping_status":"closed","template":"","meta":[],"_links":{"self":[{"href":"http:\/\/cvrcak-daruvar.com.hr\/index.php?rest_route=\/wp\/v2\/pages\/3904"}],"collection":[{"href":"http:\/\/cvrcak-daruvar.com.hr\/index.php?rest_route=\/wp\/v2\/pages"}],"about":[{"href":"http:\/\/cvrcak-daruvar.com.hr\/index.php?rest_route=\/wp\/v2\/types\/page"}],"author":[{"embeddable":true,"href":"http:\/\/cvrcak-daruvar.com.hr\/index.php?rest_route=\/wp\/v2\/users\/2"}],"replies":[{"embeddable":true,"href":"http:\/\/cvrcak-daruvar.com.hr\/index.php?rest_route=%2Fwp%2Fv2%2Fcomments&post=3904"}],"version-history":[{"count":4,"href":"http:\/\/cvrcak-daruvar.com.hr\/index.php?rest_route=\/wp\/v2\/pages\/3904\/revisions"}],"predecessor-version":[{"id":3947,"href":"http:\/\/cvrcak-daruvar.com.hr\/index.php?rest_route=\/wp\/v2\/pages\/3904\/revisions\/3947"}],"wp:attachment":[{"href":"http:\/\/cvrcak-daruvar.com.hr\/index.php?rest_route=%2Fwp%2Fv2%2Fmedia&parent=3904"}],"curies":[{"name":"wp","href":"https:\/\/api.w.org\/{rel}","templated":true}]}}