{"id":383,"date":"2012-06-01T04:34:02","date_gmt":"2012-06-01T04:34:02","guid":{"rendered":"http:\/\/cvrcak-daruvar.com.hr\/?page_id=383"},"modified":"2012-06-01T04:36:34","modified_gmt":"2012-06-01T04:36:34","slug":"jezicna-igraonica","status":"publish","type":"page","link":"http:\/\/cvrcak-daruvar.com.hr\/?page_id=383","title":{"rendered":"Jezi\u010dna igraonica"},"content":{"rendered":"<p>Cilj <strong>Jezi\u010dne igraonice<\/strong> bio je na zabavan na\u010din spojiti igru s jezikom. Kroz razne igre bogatili smo<\/p>\n<p>hrvatski jezik. Igrali smo: asocijacije na temu Zemlja, poga\u0111anje parova \u2013 rije\u010di istog<\/p>\n<p>zna\u010denja (\u201eMemory\u201c), domino u rimi, slaganje rije\u010di od slogova, igre slu\u0161anja i vizualnog pam\u0107enja,<\/p>\n<p>pokvareni telefon, pro\u010ditaj boju,\u00a0 govornu igru \u201eJa sam kralj\u201c i \u201eHiroviti kralj\u201c\u2026U\u010denici su bili vrlo<\/p>\n<p>zainteresirani, kreativni i suradni\u010dki raspolo\u017eeni.<\/p>\n<p>&nbsp;<\/p>\n<p><a href=\"http:\/\/cvrcak-daruvar.com.hr\/wp-content\/uploads\/2012\/06\/ji11.jpg\" class=\"gallery_colorbox\"><img decoding=\"async\" loading=\"lazy\" class=\"aligncenter size-full wp-image-388\" title=\"ji1\" src=\"http:\/\/cvrcak-daruvar.com.hr\/wp-content\/uploads\/2012\/06\/ji11.jpg\"  alt=\"\" width=\"448\" height=\"336\" srcset=\"http:\/\/cvrcak-daruvar.com.hr\/wp-content\/uploads\/2012\/06\/ji11.jpg 448w, http:\/\/cvrcak-daruvar.com.hr\/wp-content\/uploads\/2012\/06\/ji11-300x224.jpg 300w\" sizes=\"(max-width: 448px) 100vw, 448px\" \/><\/a><\/p>\n<p>&nbsp;<\/p>\n<p><a href=\"http:\/\/cvrcak-daruvar.com.hr\/wp-content\/uploads\/2012\/06\/ji2.jpg\" class=\"gallery_colorbox\"><img decoding=\"async\" loading=\"lazy\" class=\"aligncenter size-full wp-image-385\" title=\"ji2\" src=\"http:\/\/cvrcak-daruvar.com.hr\/wp-content\/uploads\/2012\/06\/ji2.jpg\"  alt=\"\" width=\"622\" height=\"463\" srcset=\"http:\/\/cvrcak-daruvar.com.hr\/wp-content\/uploads\/2012\/06\/ji2.jpg 622w, http:\/\/cvrcak-daruvar.com.hr\/wp-content\/uploads\/2012\/06\/ji2-300x223.jpg 300w\" sizes=\"(max-width: 622px) 100vw, 622px\" \/><\/a><\/p>\n<p>&nbsp;<\/p>\n","protected":false},"excerpt":{"rendered":"<p>Cilj Jezi\u010dne igraonice bio je na zabavan na\u010din spojiti igru s jezikom. Kroz razne igre bogatili smo hrvatski jezik. Igrali smo: asocijacije na temu Zemlja, poga\u0111anje parova \u2013 rije\u010di istog zna\u010denja (\u201eMemory\u201c), domino u rimi, slaganje rije\u010di od slogova, igre slu\u0161anja i vizualnog pam\u0107enja, pokvareni telefon, pro\u010ditaj boju,\u00a0 govornu igru \u201eJa sam kralj\u201c i \u201eHiroviti [&hellip;]<\/p>\n","protected":false},"author":1,"featured_media":0,"parent":368,"menu_order":0,"comment_status":"closed","ping_status":"closed","template":"","meta":[],"_links":{"self":[{"href":"http:\/\/cvrcak-daruvar.com.hr\/index.php?rest_route=\/wp\/v2\/pages\/383"}],"collection":[{"href":"http:\/\/cvrcak-daruvar.com.hr\/index.php?rest_route=\/wp\/v2\/pages"}],"about":[{"href":"http:\/\/cvrcak-daruvar.com.hr\/index.php?rest_route=\/wp\/v2\/types\/page"}],"author":[{"embeddable":true,"href":"http:\/\/cvrcak-daruvar.com.hr\/index.php?rest_route=\/wp\/v2\/users\/1"}],"replies":[{"embeddable":true,"href":"http:\/\/cvrcak-daruvar.com.hr\/index.php?rest_route=%2Fwp%2Fv2%2Fcomments&post=383"}],"version-history":[{"count":4,"href":"http:\/\/cvrcak-daruvar.com.hr\/index.php?rest_route=\/wp\/v2\/pages\/383\/revisions"}],"predecessor-version":[{"id":387,"href":"http:\/\/cvrcak-daruvar.com.hr\/index.php?rest_route=\/wp\/v2\/pages\/383\/revisions\/387"}],"up":[{"embeddable":true,"href":"http:\/\/cvrcak-daruvar.com.hr\/index.php?rest_route=\/wp\/v2\/pages\/368"}],"wp:attachment":[{"href":"http:\/\/cvrcak-daruvar.com.hr\/index.php?rest_route=%2Fwp%2Fv2%2Fmedia&parent=383"}],"curies":[{"name":"wp","href":"https:\/\/api.w.org\/{rel}","templated":true}]}}