{"id":377,"date":"2012-06-01T04:31:01","date_gmt":"2012-06-01T04:31:01","guid":{"rendered":"http:\/\/cvrcak-daruvar.com.hr\/?page_id=377"},"modified":"2012-06-01T04:31:01","modified_gmt":"2012-06-01T04:31:01","slug":"recitatorska-radionica","status":"publish","type":"page","link":"http:\/\/cvrcak-daruvar.com.hr\/?page_id=377","title":{"rendered":"Recitatorska radionica"},"content":{"rendered":"<p><a href=\"http:\/\/cvrcak-daruvar.com.hr\/wp-content\/uploads\/2012\/06\/DSC07586.jpg\" class=\"gallery_colorbox\"><img decoding=\"async\" loading=\"lazy\" class=\"alignright size-medium wp-image-378\" title=\"DSC07586\" src=\"http:\/\/cvrcak-daruvar.com.hr\/wp-content\/uploads\/2012\/06\/DSC07586-300x225.jpg\"  alt=\"\" width=\"300\" height=\"225\" srcset=\"http:\/\/cvrcak-daruvar.com.hr\/wp-content\/uploads\/2012\/06\/DSC07586-300x225.jpg 300w, http:\/\/cvrcak-daruvar.com.hr\/wp-content\/uploads\/2012\/06\/DSC07586.jpg 640w\" sizes=\"(max-width: 300px) 100vw, 300px\" \/><\/a>U prostoru \u0161kolske knji\u017enice, okru\u017eeni knjigama i \u010dasopisima, krasnoslovili su u\u010denici o prolje\u0107u.<\/p>\n<p>Misao vodilja bio je stih: \u201ePROLJE\u0106E JE, SVE SE BUDI,<\/p>\n<p>PROPUPALI \u010cAK I LJUDI\u201c.<\/p>\n<p>Svatko je u\u010dio napamet nekoliko \u201eproljetnih\u201c stihova (kitica-ovisno o uzrastu).<\/p>\n<p>Nakon recitiranja pjesama u cijelosti, slijedila je ilustracija pjesni\u010dkih slika.<\/p>\n<p>Na kraju smo priredili malu izlo\u017ebu radova nastalih na RECITATORSKOJ RADIONICI.<\/p>\n<p><a href=\"http:\/\/cvrcak-daruvar.com.hr\/wp-content\/uploads\/2012\/06\/DSC07605.jpg\" class=\"gallery_colorbox\"><img decoding=\"async\" loading=\"lazy\" class=\"aligncenter size-full wp-image-379\" title=\"DSC07605\" src=\"http:\/\/cvrcak-daruvar.com.hr\/wp-content\/uploads\/2012\/06\/DSC07605.jpg\"  alt=\"\" width=\"448\" height=\"336\" srcset=\"http:\/\/cvrcak-daruvar.com.hr\/wp-content\/uploads\/2012\/06\/DSC07605.jpg 448w, http:\/\/cvrcak-daruvar.com.hr\/wp-content\/uploads\/2012\/06\/DSC07605-300x224.jpg 300w\" sizes=\"(max-width: 448px) 100vw, 448px\" \/><\/a><\/p>\n<p>&nbsp;<\/p>\n<p><a href=\"http:\/\/cvrcak-daruvar.com.hr\/wp-content\/uploads\/2012\/06\/DSC07595.jpg\" class=\"gallery_colorbox\"><img decoding=\"async\" loading=\"lazy\" class=\"aligncenter size-full wp-image-380\" title=\"DSC07595\" src=\"http:\/\/cvrcak-daruvar.com.hr\/wp-content\/uploads\/2012\/06\/DSC07595.jpg\"  alt=\"\" width=\"448\" height=\"336\" srcset=\"http:\/\/cvrcak-daruvar.com.hr\/wp-content\/uploads\/2012\/06\/DSC07595.jpg 448w, http:\/\/cvrcak-daruvar.com.hr\/wp-content\/uploads\/2012\/06\/DSC07595-300x224.jpg 300w\" sizes=\"(max-width: 448px) 100vw, 448px\" \/><\/a><\/p>\n","protected":false},"excerpt":{"rendered":"<p>U prostoru \u0161kolske knji\u017enice, okru\u017eeni knjigama i \u010dasopisima, krasnoslovili su u\u010denici o prolje\u0107u. Misao vodilja bio je stih: \u201ePROLJE\u0106E JE, SVE SE BUDI, PROPUPALI \u010cAK I LJUDI\u201c. Svatko je u\u010dio napamet nekoliko \u201eproljetnih\u201c stihova (kitica-ovisno o uzrastu). Nakon recitiranja pjesama u cijelosti, slijedila je ilustracija pjesni\u010dkih slika. Na kraju smo priredili malu izlo\u017ebu radova nastalih [&hellip;]<\/p>\n","protected":false},"author":1,"featured_media":0,"parent":368,"menu_order":0,"comment_status":"closed","ping_status":"closed","template":"","meta":[],"_links":{"self":[{"href":"http:\/\/cvrcak-daruvar.com.hr\/index.php?rest_route=\/wp\/v2\/pages\/377"}],"collection":[{"href":"http:\/\/cvrcak-daruvar.com.hr\/index.php?rest_route=\/wp\/v2\/pages"}],"about":[{"href":"http:\/\/cvrcak-daruvar.com.hr\/index.php?rest_route=\/wp\/v2\/types\/page"}],"author":[{"embeddable":true,"href":"http:\/\/cvrcak-daruvar.com.hr\/index.php?rest_route=\/wp\/v2\/users\/1"}],"replies":[{"embeddable":true,"href":"http:\/\/cvrcak-daruvar.com.hr\/index.php?rest_route=%2Fwp%2Fv2%2Fcomments&post=377"}],"version-history":[{"count":2,"href":"http:\/\/cvrcak-daruvar.com.hr\/index.php?rest_route=\/wp\/v2\/pages\/377\/revisions"}],"predecessor-version":[{"id":382,"href":"http:\/\/cvrcak-daruvar.com.hr\/index.php?rest_route=\/wp\/v2\/pages\/377\/revisions\/382"}],"up":[{"embeddable":true,"href":"http:\/\/cvrcak-daruvar.com.hr\/index.php?rest_route=\/wp\/v2\/pages\/368"}],"wp:attachment":[{"href":"http:\/\/cvrcak-daruvar.com.hr\/index.php?rest_route=%2Fwp%2Fv2%2Fmedia&parent=377"}],"curies":[{"name":"wp","href":"https:\/\/api.w.org\/{rel}","templated":true}]}}