{"id":371,"date":"2012-06-01T04:26:28","date_gmt":"2012-06-01T04:26:28","guid":{"rendered":"http:\/\/cvrcak-daruvar.com.hr\/?page_id=371"},"modified":"2012-06-01T04:26:28","modified_gmt":"2012-06-01T04:26:28","slug":"stvaralacka-radionica","status":"publish","type":"page","link":"http:\/\/cvrcak-daruvar.com.hr\/?page_id=371","title":{"rendered":"Stvarala\u010dka radionica"},"content":{"rendered":"<p>STVARALA\u010cKA RADIONICA<\/p>\n<p>Cilj stvarala\u010dke radionice bio je na ma\u0161tovit i kreativan na\u010din osmisliti ilustriranje slikovnice, slikopri\u010de i stripa.<\/p>\n<p>U\u010denici prvih i drugih razreda\u00a0 na\u010dinili su na osnovi zadanog teksta\u00a0 slikopri\u010du i slikovnicu, a\u00a0 u\u010denici tre\u0107eg i \u010detvrtog razreda strip\u00a0 u kojem su zadnjom sli\u010dicom izrazili poruku.<\/p>\n<p><a href=\"http:\/\/cvrcak-daruvar.com.hr\/wp-content\/uploads\/2012\/06\/stvaralacka.jpg\" class=\"gallery_colorbox\"><img decoding=\"async\" loading=\"lazy\" class=\"aligncenter size-full wp-image-372\" title=\"stvaralacka\" src=\"http:\/\/cvrcak-daruvar.com.hr\/wp-content\/uploads\/2012\/06\/stvaralacka.jpg\"  alt=\"\" width=\"448\" height=\"336\" srcset=\"http:\/\/cvrcak-daruvar.com.hr\/wp-content\/uploads\/2012\/06\/stvaralacka.jpg 448w, http:\/\/cvrcak-daruvar.com.hr\/wp-content\/uploads\/2012\/06\/stvaralacka-300x224.jpg 300w\" sizes=\"(max-width: 448px) 100vw, 448px\" \/><\/a><\/p>\n","protected":false},"excerpt":{"rendered":"<p>STVARALA\u010cKA RADIONICA Cilj stvarala\u010dke radionice bio je na ma\u0161tovit i kreativan na\u010din osmisliti ilustriranje slikovnice, slikopri\u010de i stripa. U\u010denici prvih i drugih razreda\u00a0 na\u010dinili su na osnovi zadanog teksta\u00a0 slikopri\u010du i slikovnicu, a\u00a0 u\u010denici tre\u0107eg i \u010detvrtog razreda strip\u00a0 u kojem su zadnjom sli\u010dicom izrazili poruku.<\/p>\n","protected":false},"author":1,"featured_media":0,"parent":368,"menu_order":0,"comment_status":"closed","ping_status":"closed","template":"","meta":[],"_links":{"self":[{"href":"http:\/\/cvrcak-daruvar.com.hr\/index.php?rest_route=\/wp\/v2\/pages\/371"}],"collection":[{"href":"http:\/\/cvrcak-daruvar.com.hr\/index.php?rest_route=\/wp\/v2\/pages"}],"about":[{"href":"http:\/\/cvrcak-daruvar.com.hr\/index.php?rest_route=\/wp\/v2\/types\/page"}],"author":[{"embeddable":true,"href":"http:\/\/cvrcak-daruvar.com.hr\/index.php?rest_route=\/wp\/v2\/users\/1"}],"replies":[{"embeddable":true,"href":"http:\/\/cvrcak-daruvar.com.hr\/index.php?rest_route=%2Fwp%2Fv2%2Fcomments&post=371"}],"version-history":[{"count":2,"href":"http:\/\/cvrcak-daruvar.com.hr\/index.php?rest_route=\/wp\/v2\/pages\/371\/revisions"}],"predecessor-version":[{"id":374,"href":"http:\/\/cvrcak-daruvar.com.hr\/index.php?rest_route=\/wp\/v2\/pages\/371\/revisions\/374"}],"up":[{"embeddable":true,"href":"http:\/\/cvrcak-daruvar.com.hr\/index.php?rest_route=\/wp\/v2\/pages\/368"}],"wp:attachment":[{"href":"http:\/\/cvrcak-daruvar.com.hr\/index.php?rest_route=%2Fwp%2Fv2%2Fmedia&parent=371"}],"curies":[{"name":"wp","href":"https:\/\/api.w.org\/{rel}","templated":true}]}}