{"id":3707,"date":"2016-12-20T20:20:32","date_gmt":"2016-12-20T19:20:32","guid":{"rendered":"http:\/\/cvrcak-daruvar.com.hr\/?page_id=3707"},"modified":"2016-12-20T20:23:09","modified_gmt":"2016-12-20T19:23:09","slug":"posjet-domu-za-starije-i-nemocne-vianey","status":"publish","type":"page","link":"http:\/\/cvrcak-daruvar.com.hr\/?page_id=3707","title":{"rendered":"Posjet Domu za starije i nemo\u0107ne Vianey"},"content":{"rendered":"<p>Povodom blagdana sv. Nikole posjetili smo drage bake u Domu za starije i nemo\u0107ne Vianey. Tamo smo rado vi\u0111eni gosti i bake nam se uvijek vesele.<\/p>\n<p><a href=\"http:\/\/cvrcak-daruvar.com.hr\/wp-content\/uploads\/2016\/12\/15271920_639183026254180_7824739163680403067_o.jpg\" class=\"gallery_colorbox\" rel=\"attachment wp-att-3708\"><img decoding=\"async\" loading=\"lazy\" class=\"aligncenter size-large wp-image-3708\" src=\"http:\/\/cvrcak-daruvar.com.hr\/wp-content\/uploads\/2016\/12\/15271920_639183026254180_7824739163680403067_o-1024x614.jpg\"  alt=\"15271920_639183026254180_7824739163680403067_o\" width=\"500\" height=\"300\" srcset=\"http:\/\/cvrcak-daruvar.com.hr\/wp-content\/uploads\/2016\/12\/15271920_639183026254180_7824739163680403067_o-1024x614.jpg 1024w, http:\/\/cvrcak-daruvar.com.hr\/wp-content\/uploads\/2016\/12\/15271920_639183026254180_7824739163680403067_o-300x180.jpg 300w, http:\/\/cvrcak-daruvar.com.hr\/wp-content\/uploads\/2016\/12\/15271920_639183026254180_7824739163680403067_o-768x461.jpg 768w, http:\/\/cvrcak-daruvar.com.hr\/wp-content\/uploads\/2016\/12\/15271920_639183026254180_7824739163680403067_o.jpg 2048w\" sizes=\"(max-width: 500px) 100vw, 500px\" \/><\/a><\/p>\n<p>Svaka baka dobila je naran\u010du, a po\u010dastili smo ih kavom da ugriju tijelo i pjesmom da ugriju du\u0161u. \u010citali smo im pjesme blagdanskog ugo\u0111aja i bake su nas sa zanimanjem slu\u0161ale. Jedna baka se ohrabrila i zapjevala nam je nekoliko pjesama.<\/p>\n<p>&nbsp;<\/p>\n<p>Bilo je lijepo podijeliti veselje blagdana s bakama i pomo\u0107i im da se ne osjete samima, pogotovo u ovo blagdansko vrijeme.<\/p>\n<p>Zaposlenice Doma po\u010dastile su nas sokom i bombonima pa nam je dan postao jo\u0161 sla\u0111i.<\/p>\n<p>Sigurno \u0107emo uskoro opet svratiti do baka, \u010ditati im i pjevati s njima. <strong>\u00a0<\/strong><\/p>\n<p><strong>\u00a0<\/strong><\/p>\n<p style=\"text-align: right;\"><em>U\u010denici 6.c i razrednica Marina Singer<\/em><\/p>\n","protected":false},"excerpt":{"rendered":"<p>Povodom blagdana sv. Nikole posjetili smo drage bake u Domu za starije i nemo\u0107ne Vianey. Tamo smo rado vi\u0111eni gosti i bake nam se uvijek vesele. Svaka baka dobila je naran\u010du, a po\u010dastili smo ih kavom da ugriju tijelo i pjesmom da ugriju du\u0161u. \u010citali smo im pjesme blagdanskog ugo\u0111aja i bake su nas sa [&hellip;]<\/p>\n","protected":false},"author":2,"featured_media":0,"parent":0,"menu_order":0,"comment_status":"closed","ping_status":"closed","template":"","meta":[],"_links":{"self":[{"href":"http:\/\/cvrcak-daruvar.com.hr\/index.php?rest_route=\/wp\/v2\/pages\/3707"}],"collection":[{"href":"http:\/\/cvrcak-daruvar.com.hr\/index.php?rest_route=\/wp\/v2\/pages"}],"about":[{"href":"http:\/\/cvrcak-daruvar.com.hr\/index.php?rest_route=\/wp\/v2\/types\/page"}],"author":[{"embeddable":true,"href":"http:\/\/cvrcak-daruvar.com.hr\/index.php?rest_route=\/wp\/v2\/users\/2"}],"replies":[{"embeddable":true,"href":"http:\/\/cvrcak-daruvar.com.hr\/index.php?rest_route=%2Fwp%2Fv2%2Fcomments&post=3707"}],"version-history":[{"count":3,"href":"http:\/\/cvrcak-daruvar.com.hr\/index.php?rest_route=\/wp\/v2\/pages\/3707\/revisions"}],"predecessor-version":[{"id":3724,"href":"http:\/\/cvrcak-daruvar.com.hr\/index.php?rest_route=\/wp\/v2\/pages\/3707\/revisions\/3724"}],"wp:attachment":[{"href":"http:\/\/cvrcak-daruvar.com.hr\/index.php?rest_route=%2Fwp%2Fv2%2Fmedia&parent=3707"}],"curies":[{"name":"wp","href":"https:\/\/api.w.org\/{rel}","templated":true}]}}